{"id":540,"date":"2023-03-08T16:17:25","date_gmt":"2023-03-08T19:17:25","guid":{"rendered":"https:\/\/www2.uepg.br\/clabmu\/?page_id=540"},"modified":"2026-03-12T07:55:33","modified_gmt":"2026-03-12T10:55:33","slug":"comite-de-usuarios","status":"publish","type":"page","link":"https:\/\/www2.uepg.br\/propesp-clabmu\/comite-de-usuarios\/","title":{"rendered":"Comit\u00ea de Usu\u00e1rios"},"content":{"rendered":"<h2 style=\"text-align: center\">COMISS\u00c3O DE USU\u00c1RIOS DO C-LABMU<\/h2>\n<table style=\"height: 918px\" border=\"0\" width=\"1000\" cellspacing=\"0\">\n<colgroup width=\"268\"><\/colgroup>\n<colgroup width=\"520\"><\/colgroup>\n<tbody>\n<tr>\n<td><b>TITULARES<\/b><\/td>\n<td><b>\u00d3RG\u00c3O DE REPRESENTA\u00c7\u00c3O<\/b><\/td>\n<\/tr>\n<tr>\n<td>Ren\u00ea Francisco Hellman<\/td>\n<td><a href=\"https:\/\/www2.uepg.br\/propesp\/equipe\">PROPESP<\/a><\/td>\n<\/tr>\n<tr>\n<td>Simone de F\u00e1tima Flach<\/td>\n<td><a href=\"https:\/\/www2.uepg.br\/propesp\/pos-graduacao\/\" target=\"_blank\" rel=\"noopener\">Diretoria de P\u00f3s-Gradua\u00e7\u00e3o<\/a><\/td>\n<\/tr>\n<tr>\n<td>Barbara Cel\u00e2nia Fiorin<\/td>\n<td><a href=\"https:\/\/www2.uepg.br\/propesp\/pesquisa\/\" target=\"_blank\" rel=\"noopener\">Diretoria de Pesquisa<\/a><\/td>\n<\/tr>\n<tr>\n<td>Adriel Ferreira da Fonseca<\/td>\n<td><a href=\"https:\/\/www2.uepg.br\/propesp-clabmu\/c-labmu-central-e-cipp\/\" target=\"_blank\" rel=\"noopener\">Coordena\u00e7\u00e3o do C-LABMU<\/a><\/td>\n<\/tr>\n<tr>\n<td>Viviane Nogaroto Vicari<\/td>\n<td><a href=\"https:\/\/www2.uepg.br\/propesp-clabmu\/labmu-cibios\/\" target=\"_blank\" rel=\"noopener\">Coordena\u00e7\u00e3o do LABMU\/CiBioS<\/a><\/td>\n<\/tr>\n<tr>\n<td>Eduardo Augusto Agnellos Barbosa<\/td>\n<td><a href=\"https:\/\/www2.uepg.br\/propesp-clabmu\/ct-agro\/\" target=\"_blank\" rel=\"noopener\">Coordena\u00e7\u00e3o do CT-AGRO<\/a><\/td>\n<\/tr>\n<tr>\n<td>Paulo Eduardo Dias de Mello<\/td>\n<td><a href=\"https:\/\/www2.uepg.br\/propesp-clabmu\/cetep-2\/\" target=\"_blank\" rel=\"noopener\">Coordena\u00e7\u00e3o do CETEP<\/a><\/td>\n<\/tr>\n<tr>\n<td>Jo\u00e3o Irineu de Resende Miranda<\/td>\n<td><a href=\"https:\/\/www2.uepg.br\/propesp-clabmu\/litec-2\/\" target=\"_blank\" rel=\"noopener\">Coordena\u00e7\u00e3o do LITEC<\/a><\/td>\n<\/tr>\n<tr>\n<td>Benjamim de Melo Carvalho<\/td>\n<td><a href=\"https:\/\/www2.uepg.br\/propesp-clabmu\/ceprot\/\" target=\"_blank\" rel=\"noopener\">Coordena\u00e7\u00e3o da CEPROT<\/a><\/td>\n<\/tr>\n<tr>\n<td>Antonio Liccardo<\/td>\n<td><a href=\"https:\/\/www2.uepg.br\/propesp-clabmu\/lanat\/\" target=\"_blank\" rel=\"noopener\">Coordena\u00e7\u00e3o do LANAT<\/a><\/td>\n<\/tr>\n<tr>\n<td>Fabr\u00edcio Bittencourt da Cruz<\/td>\n<td><a href=\"https:\/\/www2.uepg.br\/propesp-clabmu\/ceppodi-lab\/\" target=\"_blank\" rel=\"noopener\">Coordena\u00e7\u00e3o do CEPPODI-LAB<\/a><\/td>\n<\/tr>\n<tr>\n<td>Niltonci Batista Chaves<\/td>\n<td><a href=\"https:\/\/www2.uepg.br\/propesp-clabmu\/lamuhdi\/\" target=\"_blank\" rel=\"noopener\">Coordena\u00e7\u00e3o do LAMUHDI<\/a><\/td>\n<\/tr>\n<tr>\n<td>Edson Armando Silva<\/td>\n<td><a href=\"https:\/\/www2.uepg.br\/propesp-clabmu\/lamuhdi\/\" target=\"_blank\" rel=\"noopener\">Respons\u00e1vel do LAMUHDI<\/a><\/td>\n<\/tr>\n<tr>\n<td>Mariele Katherine Jungles<\/td>\n<td><a href=\"https:\/\/www2.uepg.br\/propesp-clabmu\/lprh\/\" target=\"_blank\" rel=\"noopener\">Coordena\u00e7\u00e3o do LPRH<\/a><\/td>\n<\/tr>\n<tr>\n<td>Carolina Weigert Galv\u00e3o<\/td>\n<td><a href=\"https:\/\/www2.uepg.br\/ppgagro\/\" target=\"_blank\" rel=\"noopener\">Programa de P\u00f3s-Gradua\u00e7\u00e3o em Agronomia<\/a><\/td>\n<\/tr>\n<tr>\n<td>Maria Elena Payret Arr\u00faa<\/td>\n<td><a href=\"https:\/\/www2.uepg.br\/ppgb\/\" target=\"_blank\" rel=\"noopener\">Programa de P\u00f3s-Gradua\u00e7\u00e3o em Bioenergia<\/a><\/td>\n<\/tr>\n<tr>\n<td>Alessandro Nogueira<\/td>\n<td><a href=\"https:\/\/www2.uepg.br\/ppgcta\/\" target=\"_blank\" rel=\"noopener\">Programa de P\u00f3s-Gradua\u00e7\u00e3o em Ci\u00eancia e Tecnologia de Alimentos<\/a><\/td>\n<\/tr>\n<tr>\n<td>S\u00e9rgio Leonardo G\u00f3mez<\/td>\n<td><a href=\"https:\/\/www2.uepg.br\/ppgfisica\/\" target=\"_blank\" rel=\"noopener\">Programa de P\u00f3s-Gradua\u00e7\u00e3o em Ci\u00eancias (F\u00edsica)<\/a><\/td>\n<\/tr>\n<tr>\n<td>Marcos Pileggi<\/td>\n<td><a href=\"https:\/\/www2.uepg.br\/ppgbioevol\/\" target=\"_blank\" rel=\"noopener\">Programa de P\u00f3s-Gradua\u00e7\u00e3o em Ci\u00eancias Biol\u00f3gicas (Biologia Evolutiva)<\/a><\/td>\n<\/tr>\n<tr>\n<td>Carla Cristine Kanunfre<\/td>\n<td><a href=\"https:\/\/www2.uepg.br\/ppgbiomedicas\/\" target=\"_blank\" rel=\"noopener\">Programa de P\u00f3s-Gradua\u00e7\u00e3o em Ci\u00eancias Biom\u00e9dicas<\/a><\/td>\n<\/tr>\n<tr>\n<td>Priscileila Colerato Ferrari<\/td>\n<td><a href=\"https:\/\/www3.unicentro.br\/ppgcf\/\" target=\"_blank\" rel=\"noopener\">Programa de P\u00f3s-Gradua\u00e7\u00e3o em Ci\u00eancias Farmac\u00eauticas<\/a><\/td>\n<\/tr>\n<tr>\n<td>Luis Ant\u00f4nio Pinheiro<\/td>\n<td><a href=\"https:\/\/www2.uepg.br\/ppgcs\/\" target=\"_blank\" rel=\"noopener\">Programa de P\u00f3s-Gradua\u00e7\u00e3o em Ci\u00eancias da Sa\u00fade<\/a><\/td>\n<\/tr>\n<tr>\n<td>Luciano Jos\u00e9 Senger<\/td>\n<td><a href=\"https:\/\/www2.uepg.br\/computacaoaplicada\/\" target=\"_blank\" rel=\"noopener\">Programa de P\u00f3s-Gradua\u00e7\u00e3o em Computa\u00e7\u00e3o Aplicada<\/a><\/td>\n<\/tr>\n<tr>\n<td>Evaldo Toniolo Kubaski<\/td>\n<td><a href=\"https:\/\/www2.uepg.br\/posgradmat\/\" target=\"_blank\" rel=\"noopener\">Programa de P\u00f3s-Gradua\u00e7\u00e3o em Engenharia e Ci\u00eancia de Materiais<\/a><\/td>\n<\/tr>\n<tr>\n<td>Marcos Rog\u00e9rio Szeliga<\/td>\n<td><a href=\"https:\/\/www3.unicentro.br\/ppgesa\/\" target=\"_blank\" rel=\"noopener\">Programa de P\u00f3s-Gradua\u00e7\u00e3o em Engenharia Sanit\u00e1ria e Ambiental<\/a><\/td>\n<\/tr>\n<tr>\n<td>Antonio Liccardo<\/td>\n<td><a href=\"https:\/\/www2.uepg.br\/ppgg\/\" target=\"_blank\" rel=\"noopener\">Programa de P\u00f3s-Gradua\u00e7\u00e3o em Geografia<\/a><\/td>\n<\/tr>\n<tr>\n<td>Karen Wohnrath<\/td>\n<td><a href=\"https:\/\/www2.uepg.br\/ppgquim\/\" target=\"_blank\" rel=\"noopener\">Programa de P\u00f3s-Gradua\u00e7\u00e3o em Qu\u00edmica<\/a><\/td>\n<\/tr>\n<tr>\n<td>Patr\u00edcia Los Weinert<\/td>\n<td><a href=\"https:\/\/www2.uepg.br\/ppgquim\/\" target=\"_blank\" rel=\"noopener\">Programa de P\u00f3s-Gradua\u00e7\u00e3o em Qu\u00edmica<\/a><\/td>\n<\/tr>\n<tr>\n<td>Alessandro Dourado Loguercio<\/td>\n<td><a href=\"https:\/\/www2.uepg.br\/ppgodonto\/\" target=\"_blank\" rel=\"noopener\">Programa de P\u00f3s-Gradua\u00e7\u00e3o em Odontologia<\/a><\/td>\n<\/tr>\n<tr>\n<td>Wilson Massamiu Furuya<\/td>\n<td><a href=\"https:\/\/www2.uepg.br\/ppgz\/\" target=\"_blank\" rel=\"noopener\">Programa de P\u00f3s-Gradua\u00e7\u00e3o em Zootecnia<\/a><\/td>\n<\/tr>\n<tr>\n<td>Lucas Stori<\/td>\n<td><a href=\"https:\/\/www2.uepg.br\/ppgecem\/\" target=\"_blank\" rel=\"noopener\">Programa de P\u00f3s-Gradua\u00e7\u00e3o em Ensino de Ci\u00eancias e Educa\u00e7\u00e3o Matem\u00e1tica<\/a><\/td>\n<\/tr>\n<\/tbody>\n<\/table>\n<h2 style=\"text-align: center\"><\/h2>\n<p>&nbsp;<\/p>\n<p>&nbsp;<\/p>\n<table style=\"height: 258px\" width=\"1004\">\n<tbody>\n<tr>\n<td><b>TITULARES<\/b><\/td>\n<td><b>\u00d3RG\u00c3O DE REPRESENTA\u00c7\u00c3O<\/b><\/td>\n<\/tr>\n<tr>\n<td>Ricardo Antonio Ayub<\/td>\n<td><a href=\"https:\/\/www2.uepg.br\/ppgagro\/\" target=\"_blank\" rel=\"noopener\">Programa de P\u00f3s-Gradua\u00e7\u00e3o em Agronomia<\/a><\/td>\n<\/tr>\n<tr>\n<td>Francisco Carlos Serbena<\/td>\n<td><a href=\"https:\/\/www2.uepg.br\/ppgfisica\/\" target=\"_blank\" rel=\"noopener\">Programa de P\u00f3s-Gradua\u00e7\u00e3o em Ci\u00eancias (F\u00edsica)<\/a><\/td>\n<\/tr>\n<tr>\n<td>Roberto Ferreira Artoni<\/td>\n<td><a href=\"https:\/\/www2.uepg.br\/ppgbioevol\/\" target=\"_blank\" rel=\"noopener\">Programa de P\u00f3s-Gradua\u00e7\u00e3o em Ci\u00eancias Biol\u00f3gicas (Biologia Evolutiva)<\/a><\/td>\n<\/tr>\n<tr>\n<td>Flavio Lu\u00eds Beltrame<\/td>\n<td><a href=\"https:\/\/www3.unicentro.br\/ppgcf\/\" target=\"_blank\" rel=\"noopener\">Programa de P\u00f3s-Gradua\u00e7\u00e3o em Ci\u00eancias Farmac\u00eauticas<\/a><\/td>\n<\/tr>\n<tr>\n<td>Patricia Mathias Doll Boscardin<\/td>\n<td><a href=\"https:\/\/www2.uepg.br\/ppgcs\/\" target=\"_blank\" rel=\"noopener\">Programa de P\u00f3s-Gradua\u00e7\u00e3o em Ci\u00eancias da Sa\u00fade<\/a><\/td>\n<\/tr>\n<tr>\n<td>Giovana K\u00e1tie Wiecheteck<\/td>\n<td><a href=\"https:\/\/www3.unicentro.br\/ppgesa\/\" target=\"_blank\" rel=\"noopener\">Programa de P\u00f3s-Gradua\u00e7\u00e3o em Engenharia Sanit\u00e1ria e Ambiental<\/a><\/td>\n<\/tr>\n<tr>\n<td>Jacqueline Aparecida Marques<\/td>\n<td><a href=\"https:\/\/www2.uepg.br\/ppgquim\/\" target=\"_blank\" rel=\"noopener\">Programa de P\u00f3s-Gradua\u00e7\u00e3o em Qu\u00edmica<\/a><\/td>\n<\/tr>\n<tr>\n<td>Marcelo Carlos Bortoluzzi<\/td>\n<td><a href=\"https:\/\/www2.uepg.br\/ppgodonto\/\" target=\"_blank\" rel=\"noopener\">Programa de P\u00f3s-Gradua\u00e7\u00e3o em Odontologia<\/a><\/td>\n<\/tr>\n<tr>\n<td>Luiz Gustavo Lacerda<\/td>\n<td><a href=\"https:\/\/www2.uepg.br\/ppgcta\/\" target=\"_blank\" rel=\"noopener\">Programa de P\u00f3s-Gradua\u00e7\u00e3o em Ci\u00eancia e Tecnologia de Alimentos<\/a><\/td>\n<\/tr>\n<\/tbody>\n<\/table>\n<p>&nbsp;<\/p>\n<h2><\/h2>\n<p>&nbsp;<\/p>\n<h2><\/h2>\n<h2 style=\"text-align: center\"><a href=\"https:\/\/www2.uepg.br\/propesp-clabmu\/wp-content\/uploads\/sites\/198\/2026\/03\/SEI_UEPG-2978789-Certidao.pdf\" target=\"_blank\" rel=\"noopener\">Comiss\u00e3o C-LABMU (PROPESP &#8211; N\u00b0 01\/2026)<\/a><\/h2>\n","protected":false},"excerpt":{"rendered":"<p>COMISS\u00c3O DE USU\u00c1RIOS DO C-LABMU TITULARES \u00d3RG\u00c3O DE REPRESENTA\u00c7\u00c3O Ren\u00ea Francisco Hellman PROPESP Simone de F\u00e1tima Flach Diretoria de P\u00f3s-Gradua\u00e7\u00e3o Barbara Cel\u00e2nia Fiorin Diretoria de Pesquisa Adriel Ferreira da Fonseca Coordena\u00e7\u00e3o do C-LABMU Viviane Nogaroto Vicari Coordena\u00e7\u00e3o do LABMU\/CiBioS Eduardo Augusto Agnellos Barbosa Coordena\u00e7\u00e3o do CT-AGRO Paulo Eduardo Dias de Mello Coordena\u00e7\u00e3o do CETEP Jo\u00e3o&nbsp;&hellip;<\/p>\n","protected":false},"author":582,"featured_media":0,"parent":0,"menu_order":0,"comment_status":"closed","ping_status":"closed","template":"","meta":[],"_links":{"self":[{"href":"https:\/\/www2.uepg.br\/propesp-clabmu\/wp-json\/wp\/v2\/pages\/540"}],"collection":[{"href":"https:\/\/www2.uepg.br\/propesp-clabmu\/wp-json\/wp\/v2\/pages"}],"about":[{"href":"https:\/\/www2.uepg.br\/propesp-clabmu\/wp-json\/wp\/v2\/types\/page"}],"author":[{"embeddable":true,"href":"https:\/\/www2.uepg.br\/propesp-clabmu\/wp-json\/wp\/v2\/users\/582"}],"replies":[{"embeddable":true,"href":"https:\/\/www2.uepg.br\/propesp-clabmu\/wp-json\/wp\/v2\/comments?post=540"}],"version-history":[{"count":14,"href":"https:\/\/www2.uepg.br\/propesp-clabmu\/wp-json\/wp\/v2\/pages\/540\/revisions"}],"predecessor-version":[{"id":1338,"href":"https:\/\/www2.uepg.br\/propesp-clabmu\/wp-json\/wp\/v2\/pages\/540\/revisions\/1338"}],"wp:attachment":[{"href":"https:\/\/www2.uepg.br\/propesp-clabmu\/wp-json\/wp\/v2\/media?parent=540"}],"curies":[{"name":"wp","href":"https:\/\/api.w.org\/{rel}","templated":true}]}}