{"id":6,"date":"2020-04-20T14:56:52","date_gmt":"2020-04-20T17:56:52","guid":{"rendered":"http:\/\/www2.uepg.br\/propesp-clabmu\/?page_id=6"},"modified":"2023-03-15T14:34:22","modified_gmt":"2023-03-15T17:34:22","slug":"home","status":"publish","type":"page","link":"https:\/\/www2.uepg.br\/propesp-clabmu\/","title":{"rendered":"In\u00edcio"},"content":{"rendered":"<div id=\"pl-6\"  class=\"panel-layout\" ><div id=\"pg-6-0\"  class=\"panel-grid panel-no-style\" ><div id=\"pgc-6-0-0\"  class=\"panel-grid-cell\" ><div id=\"panel-6-0-0-0\" class=\"so-panel widget widget_sow-editor panel-first-child panel-last-child\" data-index=\"0\" ><div\n\t\t\t\n\t\t\tclass=\"so-widget-sow-editor so-widget-sow-editor-base\"\n\t\t\t\n\t\t>\n<div class=\"siteorigin-widget-tinymce textwidget\">\n\t<h4 style=\"text-align: center;\"><strong>\u00daltimas Not\u00edcias<\/strong><\/h4>\n\t\t<div class=\"wppsac-slick-carousel-wrp wppsac-clearfix \">\r\n\t\t\t<div id=\"wppsac-post-carousel-1\" class=\"wppsac-post-slider-init wppsac-post-carousel design-1\">\r\n\t\t\t\t\r\n<div class=\"wppsac-carousel-slides\">\r\n\t\t\t<div class=\"wppsac-post-image-bg\">\r\n\t\t\t<a href=\"https:\/\/www2.uepg.br\/propesp-clabmu\/c-labmu-da-uepg-conta-com-equipamento-de-infravermelho-atualizado-para-uso-em-pesquisas\/\">\r\n\t\t\t\t<img class=\"wppsac-post-image-bg\"  src=\"https:\/\/www2.uepg.br\/propesp-clabmu\/wp-content\/uploads\/sites\/198\/2026\/04\/Equipamento-infravermelho-atualizado-no-Labmu-Cibios-Foto-Jessica-Natal-BAIXA-1.jpg\" alt=\"C-Labmu da UEPG conta com equipamento de infravermelho atualizado para uso em pesquisas\" \/>\r\n\t\t\t<\/a>\r\n\t\t<\/div>\r\n\t\t<div class=\"wppsac-post-content-position\">\r\n\t\t\t\t\t<div class=\"wppsac-post-categories\"><ul class=\"wppsac-post-categories-list\"><li><a href=\"https:\/\/www2.uepg.br\/propesp-clabmu\/category\/noticias\/\" rel=\"category\"> Not\u00edcias <\/a><\/li><\/ul><\/div>\r\n\t\t\t  \t<h2 class=\"wppsac-post-title\">\r\n\t\t\t<a href=\"https:\/\/www2.uepg.br\/propesp-clabmu\/c-labmu-da-uepg-conta-com-equipamento-de-infravermelho-atualizado-para-uso-em-pesquisas\/\">C-Labmu da UEPG conta com equipamento de infravermelho atualizado para uso em pesquisas<\/a>\r\n\t\t<\/h2>\r\n\t\t\t\t\t<div class=\"wppsac-post-date\">\r\n\t\t\t\t10 de abril de 2026\t\t\t<\/div>\r\n\t\t\t\t\t<\/div>\r\n<\/div>\r\n<div class=\"wppsac-carousel-slides\">\r\n\t\t\t<div class=\"wppsac-post-image-bg\">\r\n\t\t\t<a href=\"https:\/\/www2.uepg.br\/propesp-clabmu\/uepg-entrega-equipamentos-para-departamentos-e-orgaos\/\">\r\n\t\t\t\t<img class=\"wppsac-post-image-bg\"  src=\"https:\/\/www2.uepg.br\/propesp-clabmu\/wp-content\/uploads\/sites\/198\/2026\/03\/foto3.jpg\" alt=\"UEPG entrega equipamentos para departamentos e \u00f3rg\u00e3os\" \/>\r\n\t\t\t<\/a>\r\n\t\t<\/div>\r\n\t\t<div class=\"wppsac-post-content-position\">\r\n\t\t\t\t\t<div class=\"wppsac-post-categories\"><ul class=\"wppsac-post-categories-list\"><li><a href=\"https:\/\/www2.uepg.br\/propesp-clabmu\/category\/noticias\/\" rel=\"category\"> Not\u00edcias <\/a><\/li><\/ul><\/div>\r\n\t\t\t  \t<h2 class=\"wppsac-post-title\">\r\n\t\t\t<a href=\"https:\/\/www2.uepg.br\/propesp-clabmu\/uepg-entrega-equipamentos-para-departamentos-e-orgaos\/\">UEPG entrega equipamentos para departamentos e \u00f3rg\u00e3os<\/a>\r\n\t\t<\/h2>\r\n\t\t\t\t\t<div class=\"wppsac-post-date\">\r\n\t\t\t\t13 de fevereiro de 2026\t\t\t<\/div>\r\n\t\t\t\t\t<\/div>\r\n<\/div>\r\n<div class=\"wppsac-carousel-slides\">\r\n\t\t\t<div class=\"wppsac-post-image-bg\">\r\n\t\t\t<a href=\"https:\/\/www2.uepg.br\/propesp-clabmu\/uepg-publica-edital-para-bolsas-de-apoio-tecnico-da-fundacao-araucaria\/\">\r\n\t\t\t\t<img class=\"wppsac-post-image-bg\"  src=\"https:\/\/www2.uepg.br\/propesp-clabmu\/wp-content\/uploads\/sites\/198\/2026\/03\/foto1.jpg\" alt=\"UEPG publica edital para bolsas de apoio t\u00e9cnico da Funda\u00e7\u00e3o Arauc\u00e1ria\" \/>\r\n\t\t\t<\/a>\r\n\t\t<\/div>\r\n\t\t<div class=\"wppsac-post-content-position\">\r\n\t\t\t\t\t<div class=\"wppsac-post-categories\"><ul class=\"wppsac-post-categories-list\"><li><a href=\"https:\/\/www2.uepg.br\/propesp-clabmu\/category\/noticias\/\" rel=\"category\"> Not\u00edcias <\/a><\/li><\/ul><\/div>\r\n\t\t\t  \t<h2 class=\"wppsac-post-title\">\r\n\t\t\t<a href=\"https:\/\/www2.uepg.br\/propesp-clabmu\/uepg-publica-edital-para-bolsas-de-apoio-tecnico-da-fundacao-araucaria\/\">UEPG publica edital para bolsas de apoio t\u00e9cnico da Funda\u00e7\u00e3o Arauc\u00e1ria<\/a>\r\n\t\t<\/h2>\r\n\t\t\t\t\t<div class=\"wppsac-post-date\">\r\n\t\t\t\t27 de outubro de 2025\t\t\t<\/div>\r\n\t\t\t\t\t<\/div>\r\n<\/div>\r\n<div class=\"wppsac-carousel-slides\">\r\n\t\t\t<div class=\"wppsac-post-image-bg\">\r\n\t\t\t<a href=\"https:\/\/www2.uepg.br\/propesp-clabmu\/uepg-aprova-r-840-mil-para-atuacao-de-bolsistas-tecnicos-no-c-labmu\/\">\r\n\t\t\t\t<img class=\"wppsac-post-image-bg\"  src=\"https:\/\/www2.uepg.br\/propesp-clabmu\/wp-content\/uploads\/sites\/198\/2026\/03\/foto2.jpg\" alt=\"UEPG aprova R$ 840 mil para atua\u00e7\u00e3o de bolsistas t\u00e9cnicos no C-Labmu\" \/>\r\n\t\t\t<\/a>\r\n\t\t<\/div>\r\n\t\t<div class=\"wppsac-post-content-position\">\r\n\t\t\t\t\t<div class=\"wppsac-post-categories\"><ul class=\"wppsac-post-categories-list\"><li><a href=\"https:\/\/www2.uepg.br\/propesp-clabmu\/category\/noticias\/\" rel=\"category\"> Not\u00edcias <\/a><\/li><\/ul><\/div>\r\n\t\t\t  \t<h2 class=\"wppsac-post-title\">\r\n\t\t\t<a href=\"https:\/\/www2.uepg.br\/propesp-clabmu\/uepg-aprova-r-840-mil-para-atuacao-de-bolsistas-tecnicos-no-c-labmu\/\">UEPG aprova R$ 840 mil para atua\u00e7\u00e3o de bolsistas t\u00e9cnicos no C-Labmu<\/a>\r\n\t\t<\/h2>\r\n\t\t\t\t\t<div class=\"wppsac-post-date\">\r\n\t\t\t\t3 de setembro de 2025\t\t\t<\/div>\r\n\t\t\t\t\t<\/div>\r\n<\/div>\r\n<div class=\"wppsac-carousel-slides\">\r\n\t\t<div class=\"wppsac-post-content-position\">\r\n\t\t\t\t\t<div class=\"wppsac-post-categories\"><ul class=\"wppsac-post-categories-list\"><li><a href=\"https:\/\/www2.uepg.br\/propesp-clabmu\/category\/noticias\/\" rel=\"category\"> Not\u00edcias <\/a><\/li><\/ul><\/div>\r\n\t\t\t  \t<h2 class=\"wppsac-post-title\">\r\n\t\t\t<a href=\"https:\/\/www2.uepg.br\/propesp-clabmu\/comunicado\/\">COMUNICADO<\/a>\r\n\t\t<\/h2>\r\n\t\t\t\t\t<div class=\"wppsac-post-date\">\r\n\t\t\t\t16 de dezembro de 2024\t\t\t<\/div>\r\n\t\t\t\t\t<\/div>\r\n<\/div>\r\n<div class=\"wppsac-carousel-slides\">\r\n\t\t\t<div class=\"wppsac-post-image-bg\">\r\n\t\t\t<a href=\"https:\/\/www2.uepg.br\/propesp-clabmu\/no-dia-das-mulheres-e-meninas-na-ciencia-a-uepg-conta-historias-de-pesquisadoras\/\">\r\n\t\t\t\t<img class=\"wppsac-post-image-bg\"  src=\"https:\/\/www2.uepg.br\/propesp-clabmu\/wp-content\/uploads\/sites\/198\/2023\/02\/not4.jpg\" alt=\"No Dia das Mulheres e Meninas na Ci\u00eancia, a UEPG conta hist\u00f3rias de pesquisadoras\" \/>\r\n\t\t\t<\/a>\r\n\t\t<\/div>\r\n\t\t<div class=\"wppsac-post-content-position\">\r\n\t\t\t\t\t<div class=\"wppsac-post-categories\"><ul class=\"wppsac-post-categories-list\"><li><a href=\"https:\/\/www2.uepg.br\/propesp-clabmu\/category\/noticias\/\" rel=\"category\"> Not\u00edcias <\/a><\/li><\/ul><\/div>\r\n\t\t\t  \t<h2 class=\"wppsac-post-title\">\r\n\t\t\t<a href=\"https:\/\/www2.uepg.br\/propesp-clabmu\/no-dia-das-mulheres-e-meninas-na-ciencia-a-uepg-conta-historias-de-pesquisadoras\/\">No Dia das Mulheres e Meninas na Ci\u00eancia, a UEPG conta hist\u00f3rias de pesquisadoras<\/a>\r\n\t\t<\/h2>\r\n\t\t\t\t\t<div class=\"wppsac-post-date\">\r\n\t\t\t\t11 de fevereiro de 2023\t\t\t<\/div>\r\n\t\t\t\t\t<\/div>\r\n<\/div>\r\n<div class=\"wppsac-carousel-slides\">\r\n\t\t\t<div class=\"wppsac-post-image-bg\">\r\n\t\t\t<a href=\"https:\/\/www2.uepg.br\/propesp-clabmu\/laboratorios-multiusuarios-da-uepg-disponibilizam-equipamento-para-pesquisas-em-nanotecnologia\/\">\r\n\t\t\t\t<img class=\"wppsac-post-image-bg\"  src=\"https:\/\/www2.uepg.br\/propesp-clabmu\/wp-content\/uploads\/sites\/198\/2021\/09\/not3.jpg\" alt=\"Laborat\u00f3rios Multiusu\u00e1rios da UEPG disponibilizam equipamento para pesquisas em nanotecnologia\" \/>\r\n\t\t\t<\/a>\r\n\t\t<\/div>\r\n\t\t<div class=\"wppsac-post-content-position\">\r\n\t\t\t\t\t<div class=\"wppsac-post-categories\"><ul class=\"wppsac-post-categories-list\"><li><a href=\"https:\/\/www2.uepg.br\/propesp-clabmu\/category\/noticias\/\" rel=\"category\"> Not\u00edcias <\/a><\/li><\/ul><\/div>\r\n\t\t\t  \t<h2 class=\"wppsac-post-title\">\r\n\t\t\t<a href=\"https:\/\/www2.uepg.br\/propesp-clabmu\/laboratorios-multiusuarios-da-uepg-disponibilizam-equipamento-para-pesquisas-em-nanotecnologia\/\">Laborat\u00f3rios Multiusu\u00e1rios da UEPG disponibilizam equipamento para pesquisas em nanotecnologia<\/a>\r\n\t\t<\/h2>\r\n\t\t\t\t\t<div class=\"wppsac-post-date\">\r\n\t\t\t\t13 de setembro de 2021\t\t\t<\/div>\r\n\t\t\t\t\t<\/div>\r\n<\/div>\r\n<div class=\"wppsac-carousel-slides\">\r\n\t\t\t<div class=\"wppsac-post-image-bg\">\r\n\t\t\t<a href=\"https:\/\/www2.uepg.br\/propesp-clabmu\/c-labmu-divulga-resultado-da-selecao-de-bolsistas-tecnicos\/\">\r\n\t\t\t\t<img class=\"wppsac-post-image-bg\"  src=\"https:\/\/www2.uepg.br\/propesp-clabmu\/wp-content\/uploads\/sites\/198\/2021\/08\/not2.jpg\" alt=\"C-Labmu divulga resultado da sele\u00e7\u00e3o de bolsistas t\u00e9cnicos\" \/>\r\n\t\t\t<\/a>\r\n\t\t<\/div>\r\n\t\t<div class=\"wppsac-post-content-position\">\r\n\t\t\t\t\t<div class=\"wppsac-post-categories\"><ul class=\"wppsac-post-categories-list\"><li><a href=\"https:\/\/www2.uepg.br\/propesp-clabmu\/category\/noticias\/\" rel=\"category\"> Not\u00edcias <\/a><\/li><\/ul><\/div>\r\n\t\t\t  \t<h2 class=\"wppsac-post-title\">\r\n\t\t\t<a href=\"https:\/\/www2.uepg.br\/propesp-clabmu\/c-labmu-divulga-resultado-da-selecao-de-bolsistas-tecnicos\/\">C-Labmu divulga resultado da sele\u00e7\u00e3o de bolsistas t\u00e9cnicos<\/a>\r\n\t\t<\/h2>\r\n\t\t\t\t\t<div class=\"wppsac-post-date\">\r\n\t\t\t\t17 de agosto de 2021\t\t\t<\/div>\r\n\t\t\t\t\t<\/div>\r\n<\/div>\r\n<div class=\"wppsac-carousel-slides\">\r\n\t\t\t<div class=\"wppsac-post-image-bg\">\r\n\t\t\t<a href=\"https:\/\/www2.uepg.br\/propesp-clabmu\/c-labmu-retifica-edital-de-selecao-de-estagiarios\/\">\r\n\t\t\t\t<img class=\"wppsac-post-image-bg\"  src=\"https:\/\/www2.uepg.br\/propesp-clabmu\/wp-content\/uploads\/sites\/198\/2021\/08\/not.jpeg\" alt=\"C-Labmu retifica edital de sele\u00e7\u00e3o de estagi\u00e1rios\" \/>\r\n\t\t\t<\/a>\r\n\t\t<\/div>\r\n\t\t<div class=\"wppsac-post-content-position\">\r\n\t\t\t\t\t<div class=\"wppsac-post-categories\"><ul class=\"wppsac-post-categories-list\"><li><a href=\"https:\/\/www2.uepg.br\/propesp-clabmu\/category\/noticias\/\" rel=\"category\"> Not\u00edcias <\/a><\/li><\/ul><\/div>\r\n\t\t\t  \t<h2 class=\"wppsac-post-title\">\r\n\t\t\t<a href=\"https:\/\/www2.uepg.br\/propesp-clabmu\/c-labmu-retifica-edital-de-selecao-de-estagiarios\/\">C-Labmu retifica edital de sele\u00e7\u00e3o de estagi\u00e1rios<\/a>\r\n\t\t<\/h2>\r\n\t\t\t\t\t<div class=\"wppsac-post-date\">\r\n\t\t\t\t4 de agosto de 2021\t\t\t<\/div>\r\n\t\t\t\t\t<\/div>\r\n<\/div>\r\n<div class=\"wppsac-carousel-slides\">\r\n\t\t<div class=\"wppsac-post-content-position\">\r\n\t\t\t\t\t<div class=\"wppsac-post-categories\"><ul class=\"wppsac-post-categories-list\"><li><a href=\"https:\/\/www2.uepg.br\/propesp-clabmu\/category\/noticias\/\" rel=\"category\"> Not\u00edcias <\/a><\/li><\/ul><\/div>\r\n\t\t\t  \t<h2 class=\"wppsac-post-title\">\r\n\t\t\t<a href=\"https:\/\/www2.uepg.br\/propesp-clabmu\/equipamentos-feg-mev\/\">EQUIPAMENTOS FEG\/MEV<\/a>\r\n\t\t<\/h2>\r\n\t\t\t\t\t<div class=\"wppsac-post-date\">\r\n\t\t\t\t3 de julho de 2020\t\t\t<\/div>\r\n\t\t\t\t\t<\/div>\r\n<\/div>\r\n<div class=\"wppsac-carousel-slides\">\r\n\t\t<div class=\"wppsac-post-content-position\">\r\n\t\t\t\t\t<div class=\"wppsac-post-categories\"><ul class=\"wppsac-post-categories-list\"><li><a href=\"https:\/\/www2.uepg.br\/propesp-clabmu\/category\/covid19\/\" rel=\"category\"> covid19 <\/a><\/li><li><a href=\"https:\/\/www2.uepg.br\/propesp-clabmu\/category\/noticias\/\" rel=\"category\"> Not\u00edcias <\/a><\/li><\/ul><\/div>\r\n\t\t\t  \t<h2 class=\"wppsac-post-title\">\r\n\t\t\t<a href=\"https:\/\/www2.uepg.br\/propesp-clabmu\/plantao-covid19\/\">Plant\u00e3o COVID19<\/a>\r\n\t\t<\/h2>\r\n\t\t\t\t\t<div class=\"wppsac-post-date\">\r\n\t\t\t\t3 de junho de 2020\t\t\t<\/div>\r\n\t\t\t\t\t<\/div>\r\n<\/div>\t\t\t<\/div>\r\n\t\t\t<div class=\"wppsac-carousel-conf wppsac-hide\" data-conf=\"{&quot;slides_to_show&quot;:&quot;4&quot;,&quot;slides_to_scroll&quot;:1,&quot;dots&quot;:&quot;false&quot;,&quot;arrows&quot;:&quot;true&quot;,&quot;autoplay&quot;:&quot;true&quot;,&quot;autoplay_interval&quot;:&quot;19500&quot;,&quot;speed&quot;:500,&quot;rtl&quot;:&quot;false&quot;,&quot;lazyload&quot;:&quot;&quot;}\"><\/div>\r\n\t\t<\/div>\r\n\t\n<\/div>\n<\/div><\/div><\/div><\/div><div id=\"pg-6-1\"  class=\"panel-grid panel-no-style\" ><div id=\"pgc-6-1-0\"  class=\"panel-grid-cell\" ><div id=\"panel-6-1-0-0\" class=\"so-panel widget widget_sow-button panel-first-child panel-last-child\" data-index=\"1\" ><div\n\t\t\t\n\t\t\tclass=\"so-widget-sow-button so-widget-sow-button-atom-4a0b7a20ecaf-368\"\n\t\t\t\n\t\t><div class=\"ow-button-base ow-button-align-center\">\n\t<a href=\"https:\/\/www2.uepg.br\/propesp-clabmu\/noticias\/\" class=\"ow-icon-placement-left ow-button-hover\" \t\t>\n\t\t<span>\n\t\t\t\n\t\t\tveja todas as not\u00edcias\t\t<\/span>\n\t<\/a>\n<\/div>\n<\/div><\/div><\/div><\/div><\/div>","protected":false},"excerpt":{"rendered":"<p>\u00daltimas Not\u00edcias<\/p>\n","protected":false},"author":24,"featured_media":0,"parent":0,"menu_order":0,"comment_status":"closed","ping_status":"closed","template":"","meta":[],"_links":{"self":[{"href":"https:\/\/www2.uepg.br\/propesp-clabmu\/wp-json\/wp\/v2\/pages\/6"}],"collection":[{"href":"https:\/\/www2.uepg.br\/propesp-clabmu\/wp-json\/wp\/v2\/pages"}],"about":[{"href":"https:\/\/www2.uepg.br\/propesp-clabmu\/wp-json\/wp\/v2\/types\/page"}],"author":[{"embeddable":true,"href":"https:\/\/www2.uepg.br\/propesp-clabmu\/wp-json\/wp\/v2\/users\/24"}],"replies":[{"embeddable":true,"href":"https:\/\/www2.uepg.br\/propesp-clabmu\/wp-json\/wp\/v2\/comments?post=6"}],"version-history":[{"count":65,"href":"https:\/\/www2.uepg.br\/propesp-clabmu\/wp-json\/wp\/v2\/pages\/6\/revisions"}],"predecessor-version":[{"id":563,"href":"https:\/\/www2.uepg.br\/propesp-clabmu\/wp-json\/wp\/v2\/pages\/6\/revisions\/563"}],"wp:attachment":[{"href":"https:\/\/www2.uepg.br\/propesp-clabmu\/wp-json\/wp\/v2\/media?parent=6"}],"curies":[{"name":"wp","href":"https:\/\/api.w.org\/{rel}","templated":true}]}}