{"id":914,"date":"2025-06-09T16:06:49","date_gmt":"2025-06-09T19:06:49","guid":{"rendered":"https:\/\/www2.uepg.br\/propesp-clabmu\/?page_id=914"},"modified":"2025-11-24T11:42:46","modified_gmt":"2025-11-24T14:42:46","slug":"editais","status":"publish","type":"page","link":"https:\/\/www2.uepg.br\/propesp-clabmu\/editais\/","title":{"rendered":"Editais"},"content":{"rendered":"<p>24\/11\/2025 &#8211; <a href=\"https:\/\/www2.uepg.br\/propesp\/wp-content\/uploads\/sites\/41\/2025\/11\/2025-11-24_Edital-010-2025.pdf\">Edital C-LABMU n\u00ba 010\/2025<\/a> &#8211;\u00a0RESULTADO FINAL DA SELE\u00c7\u00c3O PARA O CADASTRO RESERVA DE\u00a0CANDIDATOS A BOLSAS DO PROJETO &#8220;PROGRAMA BOLSA-T\u00c9CNICO PARA AS\u00a0CENTRAIS MULTIUSU\u00c1RIAS DA UNIVERSIDADE ESTADUAL DE PONTA\u00a0GROSSA&#8221;, SUBMETIDO NO \u00c2MBITO DO PROGRAMA INSTITUCIONAL DESTINADO\u00a0A\u00a0PROFISSIONAIS\u00a0T\u00c9CNICOS\u00a0ESPECIALIZADOS,\u00a0EM\u00a0CONSON\u00c2NCIA COM A CHAMADA P\u00daBLICA N\u00ba 07\/2025 DA FUNDA\u00c7\u00c3O\u00a0ARAUC\u00c1RIA.<\/p>\n<p>18\/11\/2025 &#8211; <a href=\"https:\/\/www2.uepg.br\/propesp\/wp-content\/uploads\/sites\/41\/2025\/11\/2025-11-14_Edital-009-2025.pdf\">Edital C-LABMU n\u00ba 009\/2025<\/a> &#8211; INSCRI\u00c7\u00d5ES DEFERIDAS E INDEFERIDAS REFERENTE AO\u00a0EDITAL PROPESP\/C-LABMU 008\/2025 PARA O CADASTRO RESERVA DE CANDIDATOS A BOLSAS DO PROJETO &#8220;PROGRAMA BOLSA-T\u00c9CNICO PARA AS CENTRAIS MULTIUSU\u00c1RIAS DA UNIVERSIDADE ESTADUAL DE PONTA GROSSA&#8221;, SUBMETIDO NO \u00c2MBITO DO PROGRAMA INSTITUCIONAL DESTINADO A PROFISSIONAIS T\u00c9CNICOS ESPECIALIZADOS, EM CONSON\u00c2NCIA COM A CHAMADA P\u00daBLICA N\u00ba 07\/2025 DA FUNDA\u00c7\u00c3O ARAUC\u00c1RIA.<\/p>\n<p>22\/10\/2025 &#8211; <a href=\"https:\/\/www2.uepg.br\/propesp-clabmu\/wp-content\/uploads\/sites\/198\/2025\/10\/2025-10-21_Edital-008-2025_assinado.pdf\">Edital C-LABMU n\u00ba 008\/2025<\/a> &#8211; INSCRI\u00c7\u00c3O E SELE\u00c7\u00c3O PARA O CADASTRO RESERVA DE CANDIDATOS A BOLSAS DO PROJETO &#8220;PROGRAMA BOLSA-T\u00c9CNICO PARA AS CENTRAIS MULTIUSU\u00c1RIAS DA UNIVERSIDADE ESTADUAL DE PONTA GROSSA&#8221;, SUBMETIDO NO \u00c2MBITO DO PROGRAMA INSTITUCIONAL DESTINADO A PROFISSIONAIS T\u00c9CNICOS ESPECIALIZADOS, EM CONSON\u00c2NCIA COM A CHAMADA P\u00daBLICA N\u00ba 07\/2025 DA FUNDA\u00c7\u00c3O ARAUC\u00c1RIA E COM OS TERMOS A SEGUIR ESTABELECIDOS. <a href=\"https:\/\/www2.uepg.br\/propesp-clabmu\/wp-content\/uploads\/sites\/198\/2025\/10\/Edital-008-2025_ANEXO-II_C-LABMU-Central.docx\">ANEXO II<\/a> &#8211; <a href=\"https:\/\/www2.uepg.br\/propesp-clabmu\/wp-content\/uploads\/sites\/198\/2025\/10\/Edital-008-2025_ANEXO-III_CETEP.docx\">ANEXO III<\/a> &#8211; <a href=\"https:\/\/www2.uepg.br\/propesp-clabmu\/wp-content\/uploads\/sites\/198\/2025\/10\/Edital-008-2025_ANEXO-IV_LITEC.docx\">ANEXO IV<\/a> &#8211; <a href=\"https:\/\/www2.uepg.br\/propesp-clabmu\/wp-content\/uploads\/sites\/198\/2025\/10\/Edital-008-2025_ANEXO-V_CT-AGRO.docx\">ANEXO V<\/a> &#8211; <a href=\"https:\/\/www2.uepg.br\/propesp-clabmu\/wp-content\/uploads\/sites\/198\/2025\/10\/Edital-008-2025_ANEXO-VI_LABMU-CiBioS-1.docx\">ANEXO VI<\/a> &#8211; <a href=\"https:\/\/www2.uepg.br\/propesp-clabmu\/wp-content\/uploads\/sites\/198\/2025\/10\/Edital-008-2025_ANEXO-VII_CEPROT.docx\">ANEXO VII<\/a> &#8211; <a href=\"https:\/\/www2.uepg.br\/propesp-clabmu\/wp-content\/uploads\/sites\/198\/2025\/10\/Edital-008-2025_ANEXO-VIII_Carta-de-Interesse.docx\">ANEXO VIII<\/a> &#8211; <a href=\"https:\/\/www2.uepg.br\/propesp-clabmu\/wp-content\/uploads\/sites\/198\/2025\/10\/Edital-008-2025_ANEXO-X_Modelo_Comprovacao-Experiencia.docx\">ANEXO X<\/a>.<\/p>\n<p>11\/07\/2025 &#8211; <a href=\"https:\/\/www2.uepg.br\/propesp\/wp-content\/uploads\/sites\/41\/2025\/07\/2025-07-11_Edital-007-2025.pdf\">Edital C-LABMU n\u00ba 007\/2025<\/a> &#8211; RESULTADO FINAL DA SELE\u00c7\u00c3O PARA O CADASTRO RESERVA DE CANDIDATOS A BOLSAS DO PROJETO &#8220;PROGRAMA BOLSA-T\u00c9CNICO PARA AS CENTRAIS MULTIUSU\u00c1RIAS DA UNIVERSIDADE ESTADUAL DE PONTA GROSSA&#8221;, SUBMETIDO NO \u00c2MBITO DO PROGRAMA INSTITUCIONAL DESTINADO A PROFISSIONAIS T\u00c9CNICOS ESPECIALIZADOS, EM CONSON\u00c2NCIA COM A CHAMADA P\u00daBLICA N\u00ba 07\/2025 DA FUNDA\u00c7\u00c3O ARAUC\u00c1RIA E COM OS TERMOS A SEGUIR ESTABELECIDOS.<\/p>\n<p>04\/07\/2025 &#8211; <a href=\"https:\/\/www2.uepg.br\/propesp\/wp-content\/uploads\/sites\/41\/2025\/07\/2025-07-04_Edital-006-2025.pdf\">Edital C-LABMU n\u00ba 006\/2025<\/a> &#8211; INSCRI\u00c7\u00d5ES DEFERIDAS E INDEFERIDAS REFERENTE AO EDITAL PROPESP\/C-LABMU 005\/2025 PARA O CADASTRO RESERVA DE CANDIDATOS A BOLSAS DO PROJETO &#8220;PROGRAMA BOLSA-T\u00c9CNICO PARA AS CENTRAIS MULTIUSU\u00c1RIAS DA UNIVERSIDADE ESTADUAL DE PONTA GROSSA&#8221;, SUBMETIDO NO \u00c2MBITO DO PROGRAMA INSTITUCIONAL DESTINADO A PROFISSIONAIS T\u00c9CNICOS ESPECIALIZADOS, EM CONSON\u00c2NCIA COM A CHAMADA P\u00daBLICA N\u00ba 07\/2025 DA FUNDA\u00c7\u00c3O ARAUC\u00c1RIA E COM OS TERMOS A SEGUIR ESTABELECIDOS.<\/p>\n<p>09\/06\/2025 &#8211; <a href=\"https:\/\/www2.uepg.br\/propesp\/wp-content\/uploads\/sites\/41\/2025\/06\/Edital-005-2025_assinado.pdf\">Edital PROPESP\/C-LABMU n\u00ba 005\/2025<\/a> &#8211; INSCRI\u00c7\u00c3O E SELE\u00c7\u00c3O PARA O CADASTRO RESERVA DE CANDIDATOS A BOLSAS DO PROJETO &#8220;PROGRAMA BOLSA-T\u00c9CNICO PARA AS CENTRAIS MULTIUSU\u00c1RIAS DA UNIVERSIDADE ESTADUAL DE PONTA GROSSA&#8221;, SUBMETIDO NO \u00c2MBITO DO PROGRAMA INSTITUCIONAL DESTINADO A PROFISSIONAIS T\u00c9CNICOS ESPECIALIZADOS, EM CONSON\u00c2NCIA COM A CHAMADA P\u00daBLICA N\u00ba 07\/2025 DA FUNDA\u00c7\u00c3O ARAUC\u00c1RIA E COM OS TERMOS A SEGUIR ESTABELECIDOS. <a href=\"https:\/\/www2.uepg.br\/propesp\/wp-content\/uploads\/sites\/41\/2025\/06\/Edital-005-2025_ANEXO-II_C-LABMU-Central.docx\">ANEXO II<\/a> &#8211;\u00a0 <a href=\"https:\/\/www2.uepg.br\/propesp\/wp-content\/uploads\/sites\/41\/2025\/06\/Edital-005-2025_ANEXO-III_CETEP.docx\">ANEXO III<\/a> &#8211; <a href=\"https:\/\/www2.uepg.br\/propesp\/wp-content\/uploads\/sites\/41\/2025\/06\/Edital-005-2025_ANEXO-IV_LITEC.docx\">ANEXO IV<\/a> &#8211; <a href=\"https:\/\/www2.uepg.br\/propesp\/wp-content\/uploads\/sites\/41\/2025\/06\/Edital-005-2025_ANEXO-V_CT-AGRO.docx\">ANEXO V<\/a> &#8211; <a href=\"https:\/\/www2.uepg.br\/propesp\/wp-content\/uploads\/sites\/41\/2025\/06\/Edital-005-2025_ANEXO-VI_LABMU-CiBioS.docx\">ANEXO VI<\/a> &#8211; <a href=\"https:\/\/www2.uepg.br\/propesp\/wp-content\/uploads\/sites\/41\/2025\/06\/Edital-005-2025_ANEXO-VII_CEPROT.docx\">ANEXO VII<\/a> &#8211; <a href=\"https:\/\/www2.uepg.br\/propesp\/wp-content\/uploads\/sites\/41\/2025\/06\/Edital-005-2025_ANEXO-VIII_Carta-de-Interesse.docx\">ANEXO VIII<\/a> &#8211; <a href=\"https:\/\/www2.uepg.br\/propesp\/wp-content\/uploads\/sites\/41\/2025\/06\/Edital-005-2025_ANEXO-X_Modelo_Comprovacao-Experiencia.docx\">ANEXO X<\/a>.<\/p>\n<p>&nbsp;<\/p>\n","protected":false},"excerpt":{"rendered":"<p>24\/11\/2025 &#8211; Edital C-LABMU n\u00ba 010\/2025 &#8211;\u00a0RESULTADO FINAL DA SELE\u00c7\u00c3O PARA O CADASTRO RESERVA DE\u00a0CANDIDATOS A BOLSAS DO PROJETO &#8220;PROGRAMA BOLSA-T\u00c9CNICO PARA AS\u00a0CENTRAIS MULTIUSU\u00c1RIAS DA UNIVERSIDADE ESTADUAL DE PONTA\u00a0GROSSA&#8221;, SUBMETIDO NO \u00c2MBITO DO PROGRAMA INSTITUCIONAL DESTINADO\u00a0A\u00a0PROFISSIONAIS\u00a0T\u00c9CNICOS\u00a0ESPECIALIZADOS,\u00a0EM\u00a0CONSON\u00c2NCIA COM A CHAMADA P\u00daBLICA N\u00ba 07\/2025 DA FUNDA\u00c7\u00c3O\u00a0ARAUC\u00c1RIA. 18\/11\/2025 &#8211; Edital C-LABMU n\u00ba 009\/2025 &#8211; INSCRI\u00c7\u00d5ES DEFERIDAS E INDEFERIDAS&nbsp;&hellip;<\/p>\n","protected":false},"author":378,"featured_media":0,"parent":0,"menu_order":0,"comment_status":"closed","ping_status":"closed","template":"","meta":[],"_links":{"self":[{"href":"https:\/\/www2.uepg.br\/propesp-clabmu\/wp-json\/wp\/v2\/pages\/914"}],"collection":[{"href":"https:\/\/www2.uepg.br\/propesp-clabmu\/wp-json\/wp\/v2\/pages"}],"about":[{"href":"https:\/\/www2.uepg.br\/propesp-clabmu\/wp-json\/wp\/v2\/types\/page"}],"author":[{"embeddable":true,"href":"https:\/\/www2.uepg.br\/propesp-clabmu\/wp-json\/wp\/v2\/users\/378"}],"replies":[{"embeddable":true,"href":"https:\/\/www2.uepg.br\/propesp-clabmu\/wp-json\/wp\/v2\/comments?post=914"}],"version-history":[{"count":8,"href":"https:\/\/www2.uepg.br\/propesp-clabmu\/wp-json\/wp\/v2\/pages\/914\/revisions"}],"predecessor-version":[{"id":1016,"href":"https:\/\/www2.uepg.br\/propesp-clabmu\/wp-json\/wp\/v2\/pages\/914\/revisions\/1016"}],"wp:attachment":[{"href":"https:\/\/www2.uepg.br\/propesp-clabmu\/wp-json\/wp\/v2\/media?parent=914"}],"curies":[{"name":"wp","href":"https:\/\/api.w.org\/{rel}","templated":true}]}}