{"id":934,"date":"2025-06-18T11:01:10","date_gmt":"2025-06-18T14:01:10","guid":{"rendered":"https:\/\/www2.uepg.br\/propesp-clabmu\/?page_id=934"},"modified":"2026-03-11T17:10:01","modified_gmt":"2026-03-11T20:10:01","slug":"ceprot","status":"publish","type":"page","link":"https:\/\/www2.uepg.br\/propesp-clabmu\/ceprot\/","title":{"rendered":"CEPROT"},"content":{"rendered":"<h2 style=\"text-align: center\"><b>Hor\u00e1rio de trabalho da equipe da CEPROT<\/b><\/h2>\n<table dir=\"ltr\" cellspacing=\"0\" cellpadding=\"0\" data-sheets-root=\"1\" data-sheets-baot=\"1\">\n<colgroup>\n<col width=\"265\" \/>\n<col width=\"338\" \/>\n<col width=\"226\" \/>\n<col width=\"243\" \/>\n<col width=\"348\" \/>\n<col width=\"311\" \/><\/colgroup>\n<tbody>\n<tr>\n<td colspan=\"1\" rowspan=\"2\">\n<div><strong>Nome do bolsista(a)<\/strong><\/div>\n<\/td>\n<td colspan=\"5\" rowspan=\"1\"><strong>Hor\u00e1rio de trabalho<\/strong><\/td>\n<\/tr>\n<tr>\n<td><strong>Segunda-feira<\/strong><\/td>\n<td><strong>Ter\u00e7a-feira<\/strong><\/td>\n<td><strong>Quarta-feira<\/strong><\/td>\n<td><strong>Quinta-feira<\/strong><\/td>\n<td><strong>Sexta-feira<\/strong><\/td>\n<\/tr>\n<tr>\n<td>Bruno Alexandro Bewzenko Cordova<\/td>\n<td>das 08h \u00e0s 12h e das 13h \u00e0s 17h<\/td>\n<td>das 08h \u00e0s 12h e das 13h \u00e0s 17h<\/td>\n<td>das 08h \u00e0s 12h e das 13h \u00e0s 17h<\/td>\n<td>das 08h \u00e0s 12h e das 13h \u00e0s 17h<\/td>\n<td>das 08h \u00e0s 12h e das 13h \u00e0s 17h<\/td>\n<\/tr>\n<\/tbody>\n<\/table>\n<h2><\/h2>\n<p>&nbsp;<\/p>\n<p>&nbsp;<\/p>\n<h2 style=\"text-align: center\"><b>Contatos dos respons\u00e1veis pelos equipamentos da CEPROT<\/b><\/h2>\n<table dir=\"ltr\" cellspacing=\"0\" cellpadding=\"0\">\n<colgroup>\n<col width=\"265\" \/>\n<col width=\"338\" \/>\n<col width=\"226\" \/>\n<col width=\"243\" \/>\n<col width=\"348\" \/> <\/colgroup>\n<tbody>\n<tr>\n<td><strong>Nome do bolsista<\/strong><\/td>\n<td><strong>Titula\u00e7\u00e3o<\/strong><\/td>\n<td><strong>Ramal<\/strong><\/td>\n<td><strong>E-mail<\/strong><\/td>\n<td><strong>Equipamentos respons\u00e1veis pela opera\u00e7\u00e3o<\/strong><\/td>\n<\/tr>\n<tr>\n<td>Bruno Alexandro Bewzenko Cordova<\/td>\n<td>Mestre em Engenharia e Ci\u00eancias de Materiais<\/td>\n<td>3293<\/td>\n<td><a href=\"mailto:ceprot@uepg.br\">ceprot@uepg.br<\/a><\/td>\n<td><a href=\"https:\/\/pnipe.mcti.gov.br\/equipment\/54820\">Impressora 3D DLP Raise 3D DF2 Solution<\/a><\/td>\n<\/tr>\n<\/tbody>\n<\/table>\n<h2><\/h2>\n<h2 style=\"text-align: center\"><a href=\"https:\/\/pnipe.mcti.gov.br\/laboratory\/37128\" target=\"_blank\" rel=\"noopener\">Estrutura da CEPROT<\/a><\/h2>\n","protected":false},"excerpt":{"rendered":"<p>Hor\u00e1rio de trabalho da equipe da CEPROT Nome do bolsista(a) Hor\u00e1rio de trabalho Segunda-feira Ter\u00e7a-feira Quarta-feira Quinta-feira Sexta-feira Bruno Alexandro Bewzenko Cordova das 08h \u00e0s 12h e das 13h \u00e0s 17h das 08h \u00e0s 12h e das 13h \u00e0s 17h das 08h \u00e0s 12h e das 13h \u00e0s 17h das 08h \u00e0s 12h e das&nbsp;&hellip;<\/p>\n","protected":false},"author":378,"featured_media":0,"parent":0,"menu_order":0,"comment_status":"closed","ping_status":"closed","template":"","meta":[],"_links":{"self":[{"href":"https:\/\/www2.uepg.br\/propesp-clabmu\/wp-json\/wp\/v2\/pages\/934"}],"collection":[{"href":"https:\/\/www2.uepg.br\/propesp-clabmu\/wp-json\/wp\/v2\/pages"}],"about":[{"href":"https:\/\/www2.uepg.br\/propesp-clabmu\/wp-json\/wp\/v2\/types\/page"}],"author":[{"embeddable":true,"href":"https:\/\/www2.uepg.br\/propesp-clabmu\/wp-json\/wp\/v2\/users\/378"}],"replies":[{"embeddable":true,"href":"https:\/\/www2.uepg.br\/propesp-clabmu\/wp-json\/wp\/v2\/comments?post=934"}],"version-history":[{"count":9,"href":"https:\/\/www2.uepg.br\/propesp-clabmu\/wp-json\/wp\/v2\/pages\/934\/revisions"}],"predecessor-version":[{"id":1328,"href":"https:\/\/www2.uepg.br\/propesp-clabmu\/wp-json\/wp\/v2\/pages\/934\/revisions\/1328"}],"wp:attachment":[{"href":"https:\/\/www2.uepg.br\/propesp-clabmu\/wp-json\/wp\/v2\/media?parent=934"}],"curies":[{"name":"wp","href":"https:\/\/api.w.org\/{rel}","templated":true}]}}