{"id":953,"date":"2025-09-02T11:16:31","date_gmt":"2025-09-02T14:16:31","guid":{"rendered":"https:\/\/www2.uepg.br\/propesp-clabmu\/?page_id=953"},"modified":"2026-04-17T15:49:21","modified_gmt":"2026-04-17T18:49:21","slug":"lamuhdi","status":"publish","type":"page","link":"https:\/\/www2.uepg.br\/propesp-clabmu\/lamuhdi\/","title":{"rendered":"LAMUHDI"},"content":{"rendered":"<h2 style=\"text-align: center\"><b>Hor\u00e1rio de trabalho da equipe do LAMUHDI<\/b><\/h2>\n<table dir=\"ltr\" cellspacing=\"0\" cellpadding=\"0\" data-sheets-root=\"1\" data-sheets-baot=\"1\">\n<colgroup>\n<col width=\"175\" \/>\n<col width=\"225\" \/>\n<col width=\"225\" \/>\n<col width=\"225\" \/>\n<col width=\"339\" \/>\n<col width=\"304\" \/><\/colgroup>\n<tbody>\n<tr>\n<td colspan=\"1\" rowspan=\"2\">\n<div><strong>Nome do bolsista<\/strong><\/div>\n<\/td>\n<td colspan=\"5\" rowspan=\"1\"><strong>Hor\u00e1rio de trabalho<\/strong><\/td>\n<\/tr>\n<tr>\n<td><strong>Segunda-feira<\/strong><\/td>\n<td><strong>Ter\u00e7a-feira<\/strong><\/td>\n<td><strong>Quarta-feira<\/strong><\/td>\n<td><strong>Quinta-feira<\/strong><\/td>\n<td><strong>Sexta-feira<\/strong><\/td>\n<\/tr>\n<tr>\n<td>Julia Graciela Machado<\/td>\n<td>09h \u00e0s 11h45 13h30 \u00e0s 17h00<\/td>\n<td>09h \u00e0s 11h45 13h30 \u00e0s 17h00<\/td>\n<td>09h \u00e0s 11h45 13h30 \u00e0s 17h00<\/td>\n<td>09h \u00e0s 11h45 13h30 \u00e0s 17h00<\/td>\n<td>09h \u00e0s 11h45 13h30 \u00e0s 17h00<\/td>\n<\/tr>\n<tr>\n<td>Cloter Migliorini Filho<\/td>\n<td>09h \u00e0s 11h45 13h30 \u00e0s 17h00<\/td>\n<td>09h \u00e0s 11h45 13h30 \u00e0s 17h00<\/td>\n<td>09h \u00e0s 11h45 13h30 \u00e0s 17h00<\/td>\n<td>09h \u00e0s 11h45 13h30 \u00e0s 17h00<\/td>\n<td>09h \u00e0s 11h45 13h30 \u00e0s 17h00<\/td>\n<\/tr>\n<\/tbody>\n<\/table>\n<h2><\/h2>\n<h2><\/h2>\n<p>&nbsp;<\/p>\n<p>&nbsp;<\/p>\n<table dir=\"ltr\" style=\"border-collapse: collapse;width: 100%\" cellspacing=\"0\" cellpadding=\"0\">\n<tbody>\n<tr>\n<td style=\"text-align: center\"><strong>Nome do bolsista<\/strong><\/td>\n<td style=\"text-align: center\"><strong>Titula\u00e7\u00e3o<\/strong><\/td>\n<td style=\"text-align: center\"><strong>Ramal<\/strong><\/td>\n<td style=\"text-align: center\"><strong>E-mail<\/strong><\/td>\n<td style=\"text-align: center\"><strong>Servi\u00e7os oferecidos<\/strong><\/td>\n<\/tr>\n<tr>\n<td style=\"text-align: center;vertical-align: middle\">Cloter Migliorini Filho<br \/>\nJulia Graciela Machado<\/td>\n<td style=\"text-align: center;vertical-align: middle\">Tecnologia e Log\u00edstica<br \/>\nMestre em Hist\u00f3ria<\/td>\n<td style=\"text-align: center;vertical-align: middle\">8698<\/td>\n<td style=\"text-align: center;vertical-align: middle\"><a href=\"mailto:cloterfilho@uepg.br\">cloterfilho@uepg.br<\/a><br \/>\n<a href=\"mailto:19016189@uepg.br\">19016189@uepg.br<\/a><\/td>\n<td style=\"text-align: left;vertical-align: top;line-height: 1.4\">\n<div style=\"border-bottom: 1px solid #dddddd;padding: 3px 0px;text-align: center\"><a href=\"https:\/\/www2.uepg.br\/propesp-clabmu\/digitalizacao-de-documentos\/\" target=\"_blank\" rel=\"noopener\">Digitaliza\u00e7\u00e3o de Documentos<\/a><\/div>\n<div style=\"border-bottom: 1px solid #dddddd;padding: 3px 0px;text-align: center\"><a href=\"https:\/\/www2.uepg.br\/propesp-clabmu\/transcricao-de-audio-e-manuscrito\/\" target=\"_blank\" rel=\"noopener\">Transcri\u00e7\u00e3o de \u00e1udio e manuscrito<\/a><\/div>\n<div style=\"border-bottom: 1px solid #dddddd;padding: 3px 0px;text-align: center\"><a href=\"https:\/\/www2.uepg.br\/propesp-clabmu\/curadoria-digital-e-inteligencia-artificial\/\" target=\"_blank\" rel=\"noopener\">Curadoria Digital e Intelig\u00eancia Artificial<\/a><\/div>\n<div style=\"border-bottom: 1px solid #dddddd;padding: 3px 0px;text-align: center\">Pesquisa em Acervos<\/div>\n<\/td>\n<\/tr>\n<\/tbody>\n<\/table>\n<p>&nbsp;<\/p>\n<p>&nbsp;<\/p>\n<h2 style=\"text-align: center\"><a href=\"https:\/\/pnipe.mcti.gov.br\/laboratory\/37524\" target=\"_blank\" rel=\"noopener\">Estrutura do LAMUHDI<\/a><\/h2>\n<p style=\"text-align: center;margin: 0\"><a href=\"https:\/\/omekas.apps.uepg.br\/s\/mgc\/page\/museu\" target=\"_blank\" rel=\"noopener\"><br \/>\nConhe\u00e7a o site LAMUHDI<br \/>\n<\/a><\/p>\n","protected":false},"excerpt":{"rendered":"<p>Hor\u00e1rio de trabalho da equipe do LAMUHDI Nome do bolsista Hor\u00e1rio de trabalho Segunda-feira Ter\u00e7a-feira Quarta-feira Quinta-feira Sexta-feira Julia Graciela Machado 09h \u00e0s 11h45 13h30 \u00e0s 17h00 09h \u00e0s 11h45 13h30 \u00e0s 17h00 09h \u00e0s 11h45 13h30 \u00e0s 17h00 09h \u00e0s 11h45 13h30 \u00e0s 17h00 09h \u00e0s 11h45 13h30 \u00e0s 17h00 Cloter Migliorini Filho 09h&nbsp;&hellip;<\/p>\n","protected":false},"author":378,"featured_media":0,"parent":0,"menu_order":0,"comment_status":"closed","ping_status":"closed","template":"","meta":[],"_links":{"self":[{"href":"https:\/\/www2.uepg.br\/propesp-clabmu\/wp-json\/wp\/v2\/pages\/953"}],"collection":[{"href":"https:\/\/www2.uepg.br\/propesp-clabmu\/wp-json\/wp\/v2\/pages"}],"about":[{"href":"https:\/\/www2.uepg.br\/propesp-clabmu\/wp-json\/wp\/v2\/types\/page"}],"author":[{"embeddable":true,"href":"https:\/\/www2.uepg.br\/propesp-clabmu\/wp-json\/wp\/v2\/users\/378"}],"replies":[{"embeddable":true,"href":"https:\/\/www2.uepg.br\/propesp-clabmu\/wp-json\/wp\/v2\/comments?post=953"}],"version-history":[{"count":12,"href":"https:\/\/www2.uepg.br\/propesp-clabmu\/wp-json\/wp\/v2\/pages\/953\/revisions"}],"predecessor-version":[{"id":1496,"href":"https:\/\/www2.uepg.br\/propesp-clabmu\/wp-json\/wp\/v2\/pages\/953\/revisions\/1496"}],"wp:attachment":[{"href":"https:\/\/www2.uepg.br\/propesp-clabmu\/wp-json\/wp\/v2\/media?parent=953"}],"curies":[{"name":"wp","href":"https:\/\/api.w.org\/{rel}","templated":true}]}}