{"id":100,"date":"2019-11-01T10:37:07","date_gmt":"2019-11-01T13:37:07","guid":{"rendered":"http:\/\/www2.uepg.br\/propesp\/?page_id=100"},"modified":"2026-04-10T15:46:42","modified_gmt":"2026-04-10T18:46:42","slug":"equipe","status":"publish","type":"page","link":"https:\/\/www2.uepg.br\/propesp\/equipe\/","title":{"rendered":"Equipe"},"content":{"rendered":"<h4 style=\"text-align: center\"><strong>PR\u00d3-REITOR<\/strong><\/h4>\n<p style=\"text-align: center\">Prof. Dr. Ren\u00ea Francisco Hellman &#8211; (42)3220-3264<\/p>\n<p>&nbsp;<\/p>\n<h4 style=\"text-align: center\"><strong>SECRET\u00c1RIA DA PR\u00d3-REITORIA<\/strong><\/h4>\n<p style=\"text-align: center\">Terezinha Mello de Oliveira &#8211; (42)3220-3264<\/p>\n<p>&nbsp;<\/p>\n<h4 style=\"text-align: center\"><strong>ASSESSORA PROPESP<\/strong><\/h4>\n<p style=\"text-align: center\">Karla Cristine Falc\u00e3o de Souza &#8211; (42)3220-3261\u00a0 <img loading=\"lazy\" class=\"alignnone wp-image-4045\" src=\"https:\/\/www2.uepg.br\/propesp\/wp-content\/uploads\/sites\/41\/2024\/08\/WhatsApp-Image-2024-08-22-at-11.56.24.jpeg\" alt=\"\" width=\"20\" height=\"20\" \/><\/p>\n<p>&nbsp;<\/p>\n<h4 style=\"text-align: center\"><strong>PROPESP<\/strong><\/h4>\n<p style=\"text-align: center\">Luiz Alci Ianzem de Paula &#8211; CIPP &#8211; (42)3220-3724<\/p>\n<p>&nbsp;<\/p>\n<h4 style=\"text-align: center\"><strong>DIRETORIA DE PESQUISA<\/strong><\/h4>\n<p style=\"text-align: center\">Prof\u00aa Dr\u00aa Barbara Cel\u00e2nia Fiorin &#8211; (42)3220-3265<\/p>\n<p>&nbsp;<\/p>\n<h4 style=\"text-align: center\"><strong>DIVIS\u00c3O DE PESQUISA<\/strong><\/h4>\n<p style=\"text-align: center\">pesquisa@uepg.br (42)3220-3262<\/p>\n<p style=\"text-align: center\">Silvania L. Chiezi Mendes<\/p>\n<p style=\"text-align: center\">Fl\u00e1via B\u00fchler<\/p>\n<p>&nbsp;<\/p>\n<h4 style=\"text-align: center\"><strong>DIVIS\u00c3O DE PROGRAMA DE INICIA\u00c7\u00c3O CIENT\u00cdFICA<\/strong><\/h4>\n<p style=\"text-align: center\">pibic@uepg.br \u2013 (42)3220-3799\u00a0 \u00a0<img loading=\"lazy\" class=\"alignnone wp-image-4045\" src=\"https:\/\/www2.uepg.br\/propesp\/wp-content\/uploads\/sites\/41\/2024\/08\/WhatsApp-Image-2024-08-22-at-11.56.24.jpeg\" alt=\"\" width=\"21\" height=\"21\" \/><\/p>\n<p style=\"text-align: center\">Glaci Luzia de Meira Hilgemberg<\/p>\n<p style=\"text-align: center\">St\u00eanio Kesley de Farias Ramos<\/p>\n<p style=\"text-align: center\">Ana Julia Rodrigues da Silva<\/p>\n<p>&nbsp;<\/p>\n<h4 style=\"text-align: center\"><strong>COMIT\u00ca DE \u00c9TICA EM PESQUISA ENVOLVENDO SERES HUMANOS &#8211; CEP<\/strong><\/h4>\n<p style=\"text-align: center\">Prof. Dr. Ulisses Coelho &#8211; Coordenador &#8211; (42)3220-3108<\/p>\n<p style=\"text-align: center\">E-mail: cep105@uepg.br<\/p>\n<p>&nbsp;<\/p>\n<h4 style=\"text-align: center\"><strong>COMISS\u00c3O DE \u00c9TICA NO USO DE ANIMAIS \u2013 CEUA<\/strong><\/h4>\n<p style=\"text-align: center\">Prof\u00aa Dr\u00aa Rosane Aparecida Ribeiro \u2013 Coordenadora<\/p>\n<p>&nbsp;<\/p>\n<h4 style=\"text-align: center\"><strong>COMISS\u00c3O INTERNA DE BIOSSEGURAN\u00c7A \u2013 CIBIO<\/strong><\/h4>\n<p style=\"text-align: center\">Prof\u00aa Dr\u00aa Juliana Inaba \u2013 Coordenadora<\/p>\n<p>&nbsp;<\/p>\n<h4 style=\"text-align: center\"><strong>COMIT\u00ca DE GEST\u00c3O DO PATRIM\u00d4NIO GEN\u00c9TICO E DO CONHECIMENTO TRADICIONAL ASSOCIADO &#8211; CPGCTA<\/strong><\/h4>\n<p style=\"text-align: center\">Prof\u00aa Dr\u00aa Mara Cristina de Almeida Matiello &#8211; Presidente<\/p>\n<p style=\"text-align: center\">Telefone: 2102-8136<\/p>\n<p style=\"text-align: center\">E-mail: pgcta@uepg.br<\/p>\n<p>&nbsp;<\/p>\n<h4 style=\"text-align: center\"><strong>DIRETORIA DE P\u00d3S-GRADUA\u00c7\u00c3O<\/strong><\/h4>\n<p style=\"text-align: center\">(42)3220-3789 &#8211; dpg@uepg.br<\/p>\n<p style=\"text-align: center\">Prof\u00aa Dr\u00aa Simone de F\u00e1tima Flach<\/p>\n<p>&nbsp;<\/p>\n<h4 style=\"text-align: center\"><strong>DIVIS\u00c3O DE P\u00d3S-GRADUA\u00c7\u00c3O &#8211; STRICTO SENSU<\/strong><\/h4>\n<p style=\"text-align: center\">(42)3220-3261 <img loading=\"lazy\" class=\"alignnone wp-image-4045\" src=\"https:\/\/www2.uepg.br\/propesp\/wp-content\/uploads\/sites\/41\/2024\/08\/WhatsApp-Image-2024-08-22-at-11.56.24.jpeg\" alt=\"\" width=\"19\" height=\"19\" \/> &#8211; dpg@uepg.br<\/p>\n<p style=\"text-align: center\">Karla Cristine Falc\u00e3o de Souza<\/p>\n<p style=\"text-align: center\">Selma Josette Silveira Debtil<\/p>\n<p>&nbsp;<\/p>\n<h4 style=\"text-align: center\"><strong>DIVIS\u00c3O DE P\u00d3S-GRADUA\u00c7\u00c3O LATO SENSU<\/strong><\/h4>\n<p style=\"text-align: center\">Chefe da Divis\u00e3o de P\u00f3s-Gradua\u00e7\u00e3o \u2013 Prof. Dr. Ulisses Coelho<\/p>\n<p style=\"text-align: center\">Telefone: 3220-3282\u00a0 <img loading=\"lazy\" class=\"alignnone wp-image-5383\" src=\"https:\/\/www2.uepg.br\/propesp\/wp-content\/uploads\/sites\/41\/2025\/11\/WhatsApp-Image-2024-08-22-at-11.56.24-300x300.jpeg\" alt=\"\" width=\"22\" height=\"22\" srcset=\"https:\/\/www2.uepg.br\/propesp\/wp-content\/uploads\/sites\/41\/2025\/11\/WhatsApp-Image-2024-08-22-at-11.56.24-300x300.jpeg 300w, https:\/\/www2.uepg.br\/propesp\/wp-content\/uploads\/sites\/41\/2025\/11\/WhatsApp-Image-2024-08-22-at-11.56.24-1024x1024.jpeg 1024w, https:\/\/www2.uepg.br\/propesp\/wp-content\/uploads\/sites\/41\/2025\/11\/WhatsApp-Image-2024-08-22-at-11.56.24-150x150.jpeg 150w, https:\/\/www2.uepg.br\/propesp\/wp-content\/uploads\/sites\/41\/2025\/11\/WhatsApp-Image-2024-08-22-at-11.56.24-768x768.jpeg 768w, https:\/\/www2.uepg.br\/propesp\/wp-content\/uploads\/sites\/41\/2025\/11\/WhatsApp-Image-2024-08-22-at-11.56.24-1536x1536.jpeg 1536w, https:\/\/www2.uepg.br\/propesp\/wp-content\/uploads\/sites\/41\/2025\/11\/WhatsApp-Image-2024-08-22-at-11.56.24-1232x1232.jpeg 1232w, https:\/\/www2.uepg.br\/propesp\/wp-content\/uploads\/sites\/41\/2025\/11\/WhatsApp-Image-2024-08-22-at-11.56.24-1080x1080.jpeg 1080w, https:\/\/www2.uepg.br\/propesp\/wp-content\/uploads\/sites\/41\/2025\/11\/WhatsApp-Image-2024-08-22-at-11.56.24.jpeg 1600w\" sizes=\"(max-width: 22px) 100vw, 22px\" \/><\/p>\n<p style=\"text-align: center\">e-mail: propespsecretaria@uepg.br<\/p>\n<p>&nbsp;<\/p>\n<h4 style=\"text-align: center\"><strong>SECRETARIA DA P\u00d3S-GRADUA\u00c7\u00c3O &#8211; LATO SENSU<\/strong><\/h4>\n<p style=\"text-align: center\">(42)3220-3282\u00a0 <img loading=\"lazy\" class=\"alignnone wp-image-5383\" src=\"https:\/\/www2.uepg.br\/propesp\/wp-content\/uploads\/sites\/41\/2025\/11\/WhatsApp-Image-2024-08-22-at-11.56.24-300x300.jpeg\" alt=\"\" width=\"23\" height=\"23\" srcset=\"https:\/\/www2.uepg.br\/propesp\/wp-content\/uploads\/sites\/41\/2025\/11\/WhatsApp-Image-2024-08-22-at-11.56.24-300x300.jpeg 300w, https:\/\/www2.uepg.br\/propesp\/wp-content\/uploads\/sites\/41\/2025\/11\/WhatsApp-Image-2024-08-22-at-11.56.24-1024x1024.jpeg 1024w, https:\/\/www2.uepg.br\/propesp\/wp-content\/uploads\/sites\/41\/2025\/11\/WhatsApp-Image-2024-08-22-at-11.56.24-150x150.jpeg 150w, https:\/\/www2.uepg.br\/propesp\/wp-content\/uploads\/sites\/41\/2025\/11\/WhatsApp-Image-2024-08-22-at-11.56.24-768x768.jpeg 768w, https:\/\/www2.uepg.br\/propesp\/wp-content\/uploads\/sites\/41\/2025\/11\/WhatsApp-Image-2024-08-22-at-11.56.24-1536x1536.jpeg 1536w, https:\/\/www2.uepg.br\/propesp\/wp-content\/uploads\/sites\/41\/2025\/11\/WhatsApp-Image-2024-08-22-at-11.56.24-1232x1232.jpeg 1232w, https:\/\/www2.uepg.br\/propesp\/wp-content\/uploads\/sites\/41\/2025\/11\/WhatsApp-Image-2024-08-22-at-11.56.24-1080x1080.jpeg 1080w, https:\/\/www2.uepg.br\/propesp\/wp-content\/uploads\/sites\/41\/2025\/11\/WhatsApp-Image-2024-08-22-at-11.56.24.jpeg 1600w\" sizes=\"(max-width: 23px) 100vw, 23px\" \/> &#8211; propespsecretaria@uepg.br<\/p>\n<p style=\"text-align: center\">Beatryz Melre Bulc\u00e3o Santos<\/p>\n<p style=\"text-align: center\">Jo\u00e3o Rafael dos Santos da Rosa<\/p>\n<p style=\"text-align: center\">Karolin Travensoli Almeida<\/p>\n<p style=\"text-align: center\">Yasmin Adriano Delbone<\/p>\n<p>&nbsp;<\/p>\n<h4 style=\"text-align: center\"><strong>COMISS\u00c3O DE P\u00d3S-GRADUA\u00c7\u00c3O &#8211; CPG (Stricto Sensu)<\/strong><\/h4>\n<p style=\"text-align: center\">Prof. Dr. Ren\u00ea Francisco Hellman &#8211; Presidente &#8211; (42)3220-3264<\/p>\n<p style=\"text-align: center\">Prof\u00aa Dr\u00aa Simone de F\u00e1tima Flach &#8211; Diretora de P\u00f3s-Gradua\u00e7\u00e3o &#8211; (42)3220-3789<\/p>\n<p style=\"text-align: center\">Karla Cristine Falc\u00e3o de Souza &#8211; (42)3220-3261\u00a0 <img loading=\"lazy\" class=\"alignnone wp-image-5383\" src=\"https:\/\/www2.uepg.br\/propesp\/wp-content\/uploads\/sites\/41\/2025\/11\/WhatsApp-Image-2024-08-22-at-11.56.24-300x300.jpeg\" alt=\"\" width=\"22\" height=\"22\" srcset=\"https:\/\/www2.uepg.br\/propesp\/wp-content\/uploads\/sites\/41\/2025\/11\/WhatsApp-Image-2024-08-22-at-11.56.24-300x300.jpeg 300w, https:\/\/www2.uepg.br\/propesp\/wp-content\/uploads\/sites\/41\/2025\/11\/WhatsApp-Image-2024-08-22-at-11.56.24-1024x1024.jpeg 1024w, https:\/\/www2.uepg.br\/propesp\/wp-content\/uploads\/sites\/41\/2025\/11\/WhatsApp-Image-2024-08-22-at-11.56.24-150x150.jpeg 150w, https:\/\/www2.uepg.br\/propesp\/wp-content\/uploads\/sites\/41\/2025\/11\/WhatsApp-Image-2024-08-22-at-11.56.24-768x768.jpeg 768w, https:\/\/www2.uepg.br\/propesp\/wp-content\/uploads\/sites\/41\/2025\/11\/WhatsApp-Image-2024-08-22-at-11.56.24-1536x1536.jpeg 1536w, https:\/\/www2.uepg.br\/propesp\/wp-content\/uploads\/sites\/41\/2025\/11\/WhatsApp-Image-2024-08-22-at-11.56.24-1232x1232.jpeg 1232w, https:\/\/www2.uepg.br\/propesp\/wp-content\/uploads\/sites\/41\/2025\/11\/WhatsApp-Image-2024-08-22-at-11.56.24-1080x1080.jpeg 1080w, https:\/\/www2.uepg.br\/propesp\/wp-content\/uploads\/sites\/41\/2025\/11\/WhatsApp-Image-2024-08-22-at-11.56.24.jpeg 1600w\" sizes=\"(max-width: 22px) 100vw, 22px\" \/><\/p>\n<p>&nbsp;<\/p>\n<h4 style=\"text-align: center\"><strong>SECRETARIA DE P\u00d3S-GRADUA\u00c7\u00c3O &#8211; STRICTO SENSU<\/strong><\/h4>\n<p style=\"text-align: center\">(42)3220-3150\u00a0 <img loading=\"lazy\" class=\"alignnone wp-image-4045\" src=\"https:\/\/www2.uepg.br\/propesp\/wp-content\/uploads\/sites\/41\/2024\/08\/WhatsApp-Image-2024-08-22-at-11.56.24.jpeg\" alt=\"\" width=\"20\" height=\"20\" \/> &#8211; sapgs@uepg.br<\/p>\n<p style=\"text-align: center\">Beatryz Melre Bulc\u00e3o Santos<\/p>\n<p style=\"text-align: center\">Jo\u00e3o Rafael dos Santos da Rosa<\/p>\n<p style=\"text-align: center\">Karolin Travensoli Almeida<\/p>\n<p style=\"text-align: center\">Yasmin Adriano Delbone<\/p>\n<p style=\"text-align: center\">\n<p>&nbsp;<\/p>\n<h4 style=\"text-align: center\"><strong>COMISS\u00c3O DE P\u00d3S-GRADUA\u00c7\u00c3O &#8211; CPG (Lato Sensu)<\/strong><\/h4>\n<p style=\"text-align: center\">Prof. Dr. Ren\u00ea Francisco Hellman &#8211; Presidente &#8211; (42)3220-3264<\/p>\n<p style=\"text-align: center\">Prof\u00aa Dr\u00aa Simone de F\u00e1tima Flach &#8211; Diretora de P\u00f3s-Gradua\u00e7\u00e3o &#8211; (42)3220-3789<\/p>\n<p style=\"text-align: center\">Prof. Dr. Ulisses Coelho &#8211; (42) 3220-3282 <img loading=\"lazy\" class=\"alignnone wp-image-4045\" src=\"https:\/\/www2.uepg.br\/propesp\/wp-content\/uploads\/sites\/41\/2024\/08\/WhatsApp-Image-2024-08-22-at-11.56.24.jpeg\" alt=\"\" width=\"20\" height=\"20\" \/><\/p>\n<p>&nbsp;<\/p>\n<h4 style=\"text-align: center\"><strong>COMPLEXO DE LABORAT\u00d3RIOS MULTIUSU\u00c1RIO &#8211; C-LABMU<\/strong><\/h4>\n<p style=\"text-align: center\">clabmuadm@uepg.br &#8211; (42)3220-3152<\/p>\n<p style=\"text-align: center\">Prof. Dr. Adriel Ferreira da Fonseca &#8211; Coordenador<\/p>\n<p style=\"text-align: center\">Rachel Govea da Silva<\/p>\n<p style=\"text-align: center\">Hudson Andr\u00e9\u00a0Batista dos Santos<\/p>\n<p style=\"text-align: center\">Vanessa Parise Chagury<\/p>\n<p>&nbsp;<\/p>\n<p style=\"text-align: center\">\n","protected":false},"excerpt":{"rendered":"<p>PR\u00d3-REITOR Prof. Dr. Ren\u00ea Francisco Hellman &#8211; (42)3220-3264 &nbsp; SECRET\u00c1RIA DA PR\u00d3-REITORIA Terezinha Mello de Oliveira &#8211; (42)3220-3264 &nbsp; ASSESSORA PROPESP Karla Cristine Falc\u00e3o de Souza &#8211; (42)3220-3261\u00a0 &nbsp; PROPESP Luiz Alci Ianzem de Paula &#8211; CIPP &#8211; (42)3220-3724 &nbsp; DIRETORIA DE PESQUISA Prof\u00aa Dr\u00aa Barbara Cel\u00e2nia Fiorin &#8211; (42)3220-3265 &nbsp; DIVIS\u00c3O DE PESQUISA pesquisa@uepg.br&nbsp;&hellip;<\/p>\n","protected":false},"author":24,"featured_media":0,"parent":0,"menu_order":0,"comment_status":"closed","ping_status":"closed","template":"","meta":[],"_links":{"self":[{"href":"https:\/\/www2.uepg.br\/propesp\/wp-json\/wp\/v2\/pages\/100"}],"collection":[{"href":"https:\/\/www2.uepg.br\/propesp\/wp-json\/wp\/v2\/pages"}],"about":[{"href":"https:\/\/www2.uepg.br\/propesp\/wp-json\/wp\/v2\/types\/page"}],"author":[{"embeddable":true,"href":"https:\/\/www2.uepg.br\/propesp\/wp-json\/wp\/v2\/users\/24"}],"replies":[{"embeddable":true,"href":"https:\/\/www2.uepg.br\/propesp\/wp-json\/wp\/v2\/comments?post=100"}],"version-history":[{"count":63,"href":"https:\/\/www2.uepg.br\/propesp\/wp-json\/wp\/v2\/pages\/100\/revisions"}],"predecessor-version":[{"id":5614,"href":"https:\/\/www2.uepg.br\/propesp\/wp-json\/wp\/v2\/pages\/100\/revisions\/5614"}],"wp:attachment":[{"href":"https:\/\/www2.uepg.br\/propesp\/wp-json\/wp\/v2\/media?parent=100"}],"curies":[{"name":"wp","href":"https:\/\/api.w.org\/{rel}","templated":true}]}}