{"id":1037,"date":"2020-02-27T15:01:05","date_gmt":"2020-02-27T18:01:05","guid":{"rendered":"http:\/\/www2.uepg.br\/propesp\/?page_id=1037"},"modified":"2025-04-22T14:06:34","modified_gmt":"2025-04-22T17:06:34","slug":"editais-pos-graduacao-lato-sensu","status":"publish","type":"page","link":"https:\/\/www2.uepg.br\/propesp\/editais-pos-graduacao-lato-sensu\/","title":{"rendered":"Editais &#8211; P\u00f3s-Gradua\u00e7\u00e3o &#8211; Lato Sensu"},"content":{"rendered":"<h5>17\/02\/2025 &#8211;\u00a0 <a href=\"https:\/\/www2.uepg.br\/propesp\/wp-content\/uploads\/sites\/41\/2025\/02\/Edital-Matriculas-lista-de-aptos-8a-edicao-Proc-Civil.pdf\">P\u00f3s-Gradua\u00e7\u00e3o <em>Lato Sensu<\/em> em Direito Processual Civil &#8211; 8\u00aa edi\u00e7\u00e3o &#8211; edital com rela\u00e7\u00e3o dos candidatos aptos.\u00a0<\/a><\/h5>\n<h5>06\/01\/2025 &#8211; <a href=\"https:\/\/www2.uepg.br\/propesp\/wp-content\/uploads\/sites\/41\/2025\/01\/EDITAL-2024-ESPE.pdf\">P\u00f3s-Gradua\u00e7\u00e3o <em>Lato Sensu<\/em> Especializa\u00e7\u00e3o em Pr\u00f3tese Dent\u00e1ria\u00a0 &#8211; 1\u00b0 edi\u00e7\u00e3o &#8211; abertura de inscri\u00e7\u00f5es <\/a><\/h5>\n<h5>21\/12\/2024 &#8211; <a href=\"https:\/\/www2.uepg.br\/propesp\/wp-content\/uploads\/sites\/41\/2024\/12\/Edital-ORTODONTIA-7aEDICAO.pdf\">P\u00f3s-Gradua\u00e7\u00e3o <em>Lato Sensu<\/em> Especializa\u00e7\u00e3o em Ortodontia &#8211;\u00a0 7\u00aa edi\u00e7\u00e3o &#8211; abertura de inscri\u00e7\u00f5es<\/a><\/h5>\n<h5>12\/12\/2024 &#8211; <a href=\"https:\/\/www2.uepg.br\/propesp\/wp-content\/uploads\/sites\/41\/2024\/12\/PROJETO-8a-edicao-EDITAL-6.pdf\">P\u00f3s-Gradua\u00e7\u00e3o <em>Lato Sensu<\/em> Especializa\u00e7\u00e3o em Direito Processual Civil &#8211; 8\u00aa edi\u00e7\u00e3o (RETIFICA\u00c7\u00c3O)<\/a><\/h5>\n<h5>19\/11\/2024 &#8211; <a href=\"https:\/\/www2.uepg.br\/propesp\/wp-content\/uploads\/sites\/41\/2024\/11\/PROJETO-8a-edicao-EDITAL.pdf\">P\u00f3s-Gradua\u00e7\u00e3o <em>Lato Sensu\u00a0<\/em> Especializa\u00e7\u00e3o em Direito Processual Civil &#8211; 8\u00aa Edi\u00e7\u00e3o &#8211; abertura de inscri\u00e7\u00f5es<\/a><\/h5>\n<h5>27\/03\/2024 &#8211; <a href=\"https:\/\/www2.uepg.br\/propesp\/wp-content\/uploads\/sites\/41\/2024\/03\/especializacao-1.pdf\">Edital n\u00ba 01\/2024 &#8211; Abertura de inscri\u00e7\u00f5es &#8211; P\u00f3s-Gradua\u00e7\u00e3o Lato Sensu Especializa\u00e7\u00e3o em Direito Processo Penal e Pr\u00e1tica Forense Penal &#8211; 5\u00aa edi\u00e7\u00e3o.<\/a><\/h5>\n<h5>06\/03\/2024 &#8211; <a href=\"https:\/\/www2.uepg.br\/propesp\/wp-content\/uploads\/sites\/41\/2024\/03\/Edital-PROTESE-1aEDICAO-06-03-24.pdf\">Edital n\u00ba 01\/2024 &#8211;\u00a0 Abertura de inscri\u00e7\u00f5es &#8211; Especializa\u00e7\u00e3o em Pr\u00f3tese Dent\u00e1ria &#8211; 1\u00aa edi\u00e7\u00e3o<\/a><\/h5>\n<h5>22\/02\/2024 &#8211; <a href=\"https:\/\/www2.uepg.br\/propesp\/wp-content\/uploads\/sites\/41\/2024\/02\/EDITAL-Abertura-Especializacao-em-Direito-Empresarial-4-edicao-1.pdf\">Edital 01\/2024 &#8211; Abertura de inscri\u00e7\u00f5es &#8211; Especializa\u00e7\u00e3o em Direito Empresarial &#8211;\u00a0 4\u00aa\u00a0 edi\u00e7\u00e3o\u00a0<\/a><\/h5>\n<h5>01\/12\/2022 \u2013 <a href=\"https:\/\/www2.uepg.br\/propesp\/wp-content\/uploads\/sites\/41\/2022\/12\/Edital-ORTODONTIA-6aEDICAO-1-1.pdf\">Edital 01\/2022\u00a0 Abertura de inscri\u00e7\u00f5es &#8211; P\u00f3s-Gradua\u00e7\u00e3o Lato Sensu Especializa\u00e7\u00e3o em Ortodontia &#8211; 6\u00aa edi\u00e7\u00e3o &#8211; inscri\u00e7\u00f5es<\/a><\/h5>\n<h5>16\/05\/2022 &#8211; <a href=\"https:\/\/www2.uepg.br\/propesp\/wp-content\/uploads\/sites\/41\/2022\/05\/EditaL_ABERTURA_Pos_Grad_Lato_Sensu_Gestao_Publica_do_Esporte_2a_edicao__1_.pdf\">Edital 01\/2022 Abertura de inscri\u00e7\u00f5es &#8211; P\u00f3s-Gradua\u00e7\u00e3o Lato Sensu a dist\u00e2ncia em Gest\u00e3o P\u00fablica do Esporte &#8211; 2\u00aa Edi\u00e7\u00e3o<\/a><\/h5>\n<h5>25\/02\/2022 &#8211; <a href=\"https:\/\/www2.uepg.br\/propesp\/wp-content\/uploads\/sites\/41\/2022\/02\/Edital-prorrogacao.pdf\">P\u00f3s-Gradua\u00e7\u00e3o<em> Lato Sensu<\/em> Especializa\u00e7\u00e3o em Direito Empresarial com \u00eanfase em Gest\u00e3o de Contratos &#8211; 3\u00aa edi\u00e7\u00e3o &#8211; prorroga\u00e7\u00e3o do prazo de inscri\u00e7\u00e3o<\/a><\/h5>\n<h5>07\/12\/2021 &#8211; <a href=\"https:\/\/www2.uepg.br\/propesp\/wp-content\/uploads\/sites\/41\/2021\/12\/Pos-Graduacao-Lato-Sensu-Especializacao-em-Habitacao-e-Desenvolvimento-Urbano-1a-edicao-inscricoes-para-selecao.pdf\">P\u00f3s Gradua\u00e7\u00e3o<em> Lato Sensu<\/em> Especializa\u00e7\u00e3o em Habita\u00e7\u00e3o e Desenvolvimento Urbano &#8211; 1\u00aa edi\u00e7\u00e3o &#8211; inscri\u00e7\u00f5es para sele\u00e7\u00e3o<\/a><\/h5>\n<h5>02\/12\/2021 &#8211; <a href=\"https:\/\/www2.uepg.br\/propesp\/wp-content\/uploads\/sites\/41\/2021\/12\/Pos-Graduacao-Lato-Sensu-Especializacao-em-Direito-Empresarial-com-enfase-em-Gestao-de-Contratos-3a-edicao.pdf\">P\u00f3s-Gradua\u00e7\u00e3o <em>Lato Sensu<\/em> Especializa\u00e7\u00e3o em Direito Empresarial com \u00eanfase em Gest\u00e3o de Contratos &#8211; 3\u00aa edi\u00e7\u00e3o &#8211; abertura de inscri\u00e7\u00f5es<\/a><\/h5>\n<h5>10\/02\/2021\u00a0 &#8211; <a href=\"https:\/\/www2.uepg.br\/propesp\/wp-content\/uploads\/sites\/41\/2021\/02\/Pos-Graduacao-Lato-Sensu-Especializacao-em-Gestao-Publica-do-Esporte-\u2013-1a-Ediccao-Relacao-de-alunos-desligados.pdf\">P\u00f3s Gradua\u00e7\u00e3o <em>Lato Sensu<\/em> Especializa\u00e7\u00e3o em Gest\u00e3o P\u00fablica do Esporte \u2013 1\u00aa Edi\u00e7\u00e3o &#8211; Rela\u00e7\u00e3o de alunos desligados<\/a><\/h5>\n<h5>14\/08\/2020 &#8211; <a href=\"https:\/\/www2.uepg.br\/propesp\/wp-content\/uploads\/sites\/41\/2020\/08\/Pos-Graduacao-Lato-Sensu-Especializacao-em-Gerontologia-\u2013-Inscricoes-homologadas.pdf\">P\u00f3s-Gradua\u00e7\u00e3o <em>Lato Sensu<\/em> Especializa\u00e7\u00e3o em Gerontologia \u2013 Inscri\u00e7\u00f5es homologadas<\/a><\/h5>\n<h5>13\/08\/2020 &#8211; <a href=\"https:\/\/www2.uepg.br\/propesp\/wp-content\/uploads\/sites\/41\/2020\/08\/Pos-Graduacao-Lato-Sensu-Especializacao-em-Gestao-Publica-do-Esporte-\u2013-1a-edicao-Homologacao-matricula-segunda-chamada.pdf\">P\u00f3s Gradua\u00e7\u00e3o <em>Lato Sensu<\/em> Especializa\u00e7\u00e3o em Gest\u00e3o P\u00fablica do Esporte \u2013 1\u00aa edi\u00e7\u00e3o &#8211; Homologa\u00e7\u00e3o matr\u00edculas segunda chamada<\/a><\/h5>\n<h5>06\/08\/2020 &#8211; <a href=\"https:\/\/www2.uepg.br\/propesp\/wp-content\/uploads\/sites\/41\/2020\/08\/P\u00f3s-Gradua\u00e7\u00e3o-Lato-Sensu-Especializa\u00e7\u00e3o-em-Gest\u00e3o-P\u00fablica-do-Esporte-\u2013-1\u00aa-edi\u00e7\u00e3o-Convoca\u00e7\u00e3o-matr\u00edcula-segunda-chamada.pdf\">P\u00f3s Gradua\u00e7\u00e3o <em>Lato Sensu<\/em> Especializa\u00e7\u00e3o em Gest\u00e3o P\u00fablica do Esporte \u2013 1\u00aa edi\u00e7\u00e3o &#8211; Convoca\u00e7\u00e3o matr\u00edcula segunda chamada<\/a><\/h5>\n<h5>03\/08\/2020 &#8211; <a href=\"https:\/\/www2.uepg.br\/propesp\/wp-content\/uploads\/sites\/41\/2020\/08\/P\u00f3s-Gradua\u00e7\u00e3o-Lato-Sensu-Especializa\u00e7\u00e3o-em-Gest\u00e3o-P\u00fablica-do-Esporte-\u2013-1\u00aa-edi\u00e7\u00e3o-Lista-candidatos-matriculados-primeira-chamada.pdf\">P\u00f3s-Gradua\u00e7\u00e3o <em>Lato Sensu<\/em> Especializa\u00e7\u00e3o em Gest\u00e3o P\u00fablica do Esporte \u2013 1\u00aa edi\u00e7\u00e3o &#8211; Lista candidatos matriculados primeira chamada<\/a><\/h5>\n<h5>29\/07\/2020 &#8211; <a href=\"https:\/\/www2.uepg.br\/propesp\/wp-content\/uploads\/sites\/41\/2020\/07\/P\u00f3s-Gradua\u00e7\u00e3o-Lato-Sensu-Especializa\u00e7\u00e3o-em-Gerontologia-\u2013-Abertura-de-processo-seletivo-para-2020-\u2013-INSCRI\u00c7\u00d5ES-PRORROGADAS.pdf\">P\u00f3s-Gradua\u00e7\u00e3o<em> Lato Sensu<\/em> Especializa\u00e7\u00e3o em Gerontologia \u2013 Processo Seletivo para 2020 \u2013 INSCRI\u00c7\u00d5ES PRORROGADAS<\/a><\/h5>\n<h5>21\/07\/2020 &#8211; <a href=\"https:\/\/www2.uepg.br\/propesp\/wp-content\/uploads\/sites\/41\/2020\/07\/P\u00f3s-Gradua\u00e7\u00e3o-Lato-Sensu-Especializa\u00e7\u00e3o-em-Gest\u00e3o-P\u00fablica-do-Esporte-\u2013-1\u00aa-edi\u00e7\u00e3o-Classifica\u00e7\u00e3o-Final-e-Convoca\u00e7\u00e3o-para-matr\u00edcula.pdf\">P\u00f3s Gradua\u00e7\u00e3o<em> Lato Sensu<\/em> Especializa\u00e7\u00e3o em Gest\u00e3o P\u00fablica do Esporte \u2013 1\u00aa edi\u00e7\u00e3o &#8211; Classifica\u00e7\u00e3o Final e Convoca\u00e7\u00e3o para matr\u00edcula<\/a><\/h5>\n<h5>13\/07\/2020 &#8211; <a href=\"https:\/\/www2.uepg.br\/propesp\/wp-content\/uploads\/sites\/41\/2020\/07\/P\u00f3s-Gradua\u00e7\u00e3o-Lato-Sensu-Especializa\u00e7\u00e3o-em-Gest\u00e3o-P\u00fablica-do-Esporte-\u2013-1\u00aa-edi\u00e7\u00e3o-Homologacao-das-Inscricoes-dos-candidatos.pdf\">P\u00f3s Gradua\u00e7\u00e3o <em>Lato Sensu<\/em> Especializa\u00e7\u00e3o em Gest\u00e3o P\u00fablica do Esporte \u2013 1\u00aa edi\u00e7\u00e3o &#8211; Homologa\u00e7\u00e3o das Inscri\u00e7\u00f5es dos candidatos<\/a><\/h5>\n<h5>22\/06\/2020 &#8211; <a href=\"https:\/\/www2.uepg.br\/propesp\/wp-content\/uploads\/sites\/41\/2020\/06\/P\u00f3s-Gradua\u00e7\u00e3o-Lato-Sensu-Especializa\u00e7\u00e3o-em-Gest\u00e3o-P\u00fablica-do-Esporte-\u2013-1\u00aa-Edi\u00e7\u00e3o-na-modalidade-de-ensino-a-dist\u00e2ncia-abertura-de-inscri\u00e7\u00f5es.pdf\">P\u00f3s Gradua\u00e7\u00e3o <em>Lato Sensu<\/em> Especializa\u00e7\u00e3o em Gest\u00e3o P\u00fablica do Esporte \u2013 1\u00aa edi\u00e7\u00e3o na modalidade de ensino a dist\u00e2ncia &#8211; abertura de inscri\u00e7\u00f5es<\/a><\/h5>\n<h5>21\/05\/2020 &#8211; <a href=\"https:\/\/www2.uepg.br\/propesp\/wp-content\/uploads\/sites\/41\/2020\/05\/P\u00f3s-Gradua\u00e7\u00e3o-Lato-Sensu-Especializa\u00e7\u00e3o-em-Gerontologia-\u2013-Abertura-de-processo-seletivo-para-2020-INSCRI\u00c7\u00d5ES-PRORROGADAS-2.pdf\">P\u00f3s-Gradua\u00e7\u00e3o <em>Lato Sensu<\/em> Especializa\u00e7\u00e3o em Gerontologia \u2013 Abertura de processo seletivo para 2020 &#8211; INSCRI\u00c7\u00d5ES PRORROGADAS<\/a><\/h5>\n<h5>27\/02\/2020 &#8211; <a href=\"https:\/\/www2.uepg.br\/propesp\/wp-content\/uploads\/sites\/41\/2020\/02\/P\u00f3s-Gradua\u00e7\u00e3o-Lato-Sensu-Especializa\u00e7\u00e3o-em-Gest\u00e3o-de-pessoas-e-Lideran\u00e7a-coach-1\u00aa-edi\u00e7\u00e3o-Abertura-de-processo-seletivo-para-2020.pdf\">P\u00f3s-Gradua\u00e7\u00e3o<em> Lato Sensu<\/em> Especializa\u00e7\u00e3o em Gest\u00e3o de Pessoas e Lideran\u00e7a Coach &#8211; 1\u00aa edi\u00e7\u00e3o &#8211; Abertura de processo seletivo para 2020<\/a><\/h5>\n<h5><\/h5>\n","protected":false},"excerpt":{"rendered":"<p>17\/02\/2025 &#8211;\u00a0 P\u00f3s-Gradua\u00e7\u00e3o Lato Sensu em Direito Processual Civil &#8211; 8\u00aa edi\u00e7\u00e3o &#8211; edital com rela\u00e7\u00e3o dos candidatos aptos.\u00a0 06\/01\/2025 &#8211; P\u00f3s-Gradua\u00e7\u00e3o Lato Sensu Especializa\u00e7\u00e3o em Pr\u00f3tese Dent\u00e1ria\u00a0 &#8211; 1\u00b0 edi\u00e7\u00e3o &#8211; abertura de inscri\u00e7\u00f5es 21\/12\/2024 &#8211; P\u00f3s-Gradua\u00e7\u00e3o Lato Sensu Especializa\u00e7\u00e3o em Ortodontia &#8211;\u00a0 7\u00aa edi\u00e7\u00e3o &#8211; abertura de inscri\u00e7\u00f5es 12\/12\/2024 &#8211; P\u00f3s-Gradua\u00e7\u00e3o Lato Sensu&nbsp;&hellip;<\/p>\n","protected":false},"author":24,"featured_media":0,"parent":0,"menu_order":0,"comment_status":"closed","ping_status":"closed","template":"","meta":[],"_links":{"self":[{"href":"https:\/\/www2.uepg.br\/propesp\/wp-json\/wp\/v2\/pages\/1037"}],"collection":[{"href":"https:\/\/www2.uepg.br\/propesp\/wp-json\/wp\/v2\/pages"}],"about":[{"href":"https:\/\/www2.uepg.br\/propesp\/wp-json\/wp\/v2\/types\/page"}],"author":[{"embeddable":true,"href":"https:\/\/www2.uepg.br\/propesp\/wp-json\/wp\/v2\/users\/24"}],"replies":[{"embeddable":true,"href":"https:\/\/www2.uepg.br\/propesp\/wp-json\/wp\/v2\/comments?post=1037"}],"version-history":[{"count":49,"href":"https:\/\/www2.uepg.br\/propesp\/wp-json\/wp\/v2\/pages\/1037\/revisions"}],"predecessor-version":[{"id":4752,"href":"https:\/\/www2.uepg.br\/propesp\/wp-json\/wp\/v2\/pages\/1037\/revisions\/4752"}],"wp:attachment":[{"href":"https:\/\/www2.uepg.br\/propesp\/wp-json\/wp\/v2\/media?parent=1037"}],"curies":[{"name":"wp","href":"https:\/\/api.w.org\/{rel}","templated":true}]}}