{"id":260,"date":"2019-11-07T14:00:37","date_gmt":"2019-11-07T17:00:37","guid":{"rendered":"http:\/\/www2.uepg.br\/propesp\/?page_id=260"},"modified":"2026-03-04T08:52:03","modified_gmt":"2026-03-04T11:52:03","slug":"pesquisa","status":"publish","type":"page","link":"https:\/\/www2.uepg.br\/propesp\/pesquisa\/","title":{"rendered":"PESQUISA"},"content":{"rendered":"<h4 style=\"text-align: center\"><\/h4>\n<h4 style=\"text-align: center\"><strong>DIRETORIA DE PESQUISA<\/strong><\/h4>\n<p style=\"text-align: center\">Prof\u00aa Dr\u00aa Barbara Cel\u00e2nia Fiorin &#8211; Diretora<\/p>\n<p style=\"text-align: center\">Telefone: 3220-3265<\/p>\n<p style=\"text-align: center\">E-mail: bcfiorin@uepg.br<\/p>\n<p>&nbsp;<\/p>\n<h4 id=\"titulo\" style=\"text-align: center\"><strong>DIVIS\u00c3O DE PROJETOS DE PESQUISA<\/strong><\/h4>\n<div id=\"desc\" style=\"text-align: center\">\n<p>Silvania L. Chiezi Mendes &#8211; Chefe de Divis\u00e3o<\/p>\n<p>Fl\u00e1via B\u00fchler<\/p>\n<p>Telefone: 3220-3262<\/p>\n<p>E-mail: pesquisa@uepg.br<\/p>\n<\/div>\n<p>&nbsp;<\/p>\n<h4 id=\"titulo\" style=\"text-align: center\"><strong>DIVIS\u00c3O DE INICIA\u00c7\u00c3O CIENT\u00cdFICA<\/strong><\/h4>\n<div id=\"desc\" style=\"text-align: center\">\n<p>Glaci Luzia de Meira Hilgemberg &#8211; Chefe de Divis\u00e3o<\/p>\n<p>St\u00eanio Kesley de Farias Ramos<\/p>\n<p>Telefone: 3220-3799<\/p>\n<p>E-mail: pibic@uepg.br<\/p>\n<p>&nbsp;<\/p>\n<\/div>\n<h4 id=\"titulo\" style=\"text-align: center\"><strong>COMISS\u00c3O DE \u00c9TICA EM PESQUISA EM SERES HUMANOS &#8211; CEP<\/strong><\/h4>\n<div id=\"desc\" style=\"text-align: center\">\n<p>Prof. Dr. Paulo Roberto Baptista Stachowiak\u00a0 &#8211; Coordenador<\/p>\n<p>Prof. Dr. Ulisses Coelho &#8211; Vice-Coordenador<\/p>\n<p>Mariana de Almeida Lemos<\/p>\n<p>Telefone: 3220-3108<\/p>\n<p>E-mail: cep105@uepg.br<\/p>\n<p>&nbsp;<\/p>\n<p>&nbsp;<\/p>\n<\/div>\n<h4 id=\"titulo\" style=\"text-align: center\"><strong>COMISS\u00c3O DE \u00c9TICA NO USO DE ANIMAIS &#8211; CEUA<\/strong><\/h4>\n<div id=\"desc\" style=\"text-align: center\">\n<p>Prof\u00aa Dr\u00aa Rosane Aparecida Ribeiro &#8211; Coordenadora<\/p>\n<p>Prof. Dr. Marcelo Ricardo Vicari &#8211; Vice-Coordenador<\/p>\n<p>&nbsp;<\/p>\n<p>&nbsp;<\/p>\n<\/div>\n<h4 id=\"titulo\" style=\"text-align: center\"><strong>COMISS\u00c3O INTERNA DE BIOSSEGURAN\u00c7A &#8211; CIBIO<\/strong><\/h4>\n<div id=\"desc\" style=\"text-align: center\">\n<p>Prof\u00aa Dr\u00aa Juliana Inaba \u2013 Coordenadora<\/p>\n<p>&nbsp;<\/p>\n<p>&nbsp;<\/p>\n<\/div>\n<h4 id=\"titulo\" style=\"text-align: center\"><strong>COMPLEXO DE LABORAT\u00d3RIOS MULTIUSU\u00c1RIOS: C-LABMU<\/strong><\/h4>\n<div id=\"desc\" style=\"text-align: center\">\n<p>Prof. Dr. Adriel Ferreira da Fonseca &#8211; Coordenador &#8211; 3220-3152<\/p>\n<p>Rachel Govea da Silva<\/p>\n<p>Hudson Andr\u00e9\u00a0Batista dos Santos<\/p>\n<p>Vanessa Parise Chagury<\/p>\n<p>&nbsp;<\/p>\n<p>&nbsp;<\/p>\n<\/div>\n<h4 style=\"text-align: center\"><strong>COMIT\u00ca DE GEST\u00c3O DO PATRIM\u00d4NIO GEN\u00c9TICO E DO CONHECIMENTO TRADICIONAL ASSOCIADO &#8211; CPGCTA<\/strong><\/h4>\n<p style=\"text-align: center\">Prof\u00aa Dr\u00aa Mara Cristina de Almeida Matiello &#8211; Presidente<\/p>\n<p style=\"text-align: center\">Telefone: 2102-8136<\/p>\n<p style=\"text-align: center\">E-mail: pgcta@uepg.br<\/p>\n<p>&nbsp;<\/p>\n<p>&nbsp;<\/p>\n<h4 id=\"titulo\" style=\"text-align: center\"><strong>CONSELHO T\u00c9CNICO-CIENT\u00cdFICO\/COMITE LOCAL DO PIBIC\/CNPQ\/UEPG<\/strong><\/h4>\n<div id=\"desc\" style=\"text-align: center\"><\/div>\n<div id=\"parcerias\"><\/div>\n","protected":false},"excerpt":{"rendered":"<p>DIRETORIA DE PESQUISA Prof\u00aa Dr\u00aa Barbara Cel\u00e2nia Fiorin &#8211; Diretora Telefone: 3220-3265 E-mail: bcfiorin@uepg.br &nbsp; DIVIS\u00c3O DE PROJETOS DE PESQUISA Silvania L. Chiezi Mendes &#8211; Chefe de Divis\u00e3o Fl\u00e1via B\u00fchler Telefone: 3220-3262 E-mail: pesquisa@uepg.br &nbsp; DIVIS\u00c3O DE INICIA\u00c7\u00c3O CIENT\u00cdFICA Glaci Luzia de Meira Hilgemberg &#8211; Chefe de Divis\u00e3o St\u00eanio Kesley de Farias Ramos Telefone: 3220-3799&nbsp;&hellip;<\/p>\n","protected":false},"author":24,"featured_media":0,"parent":0,"menu_order":0,"comment_status":"closed","ping_status":"closed","template":"","meta":[],"_links":{"self":[{"href":"https:\/\/www2.uepg.br\/propesp\/wp-json\/wp\/v2\/pages\/260"}],"collection":[{"href":"https:\/\/www2.uepg.br\/propesp\/wp-json\/wp\/v2\/pages"}],"about":[{"href":"https:\/\/www2.uepg.br\/propesp\/wp-json\/wp\/v2\/types\/page"}],"author":[{"embeddable":true,"href":"https:\/\/www2.uepg.br\/propesp\/wp-json\/wp\/v2\/users\/24"}],"replies":[{"embeddable":true,"href":"https:\/\/www2.uepg.br\/propesp\/wp-json\/wp\/v2\/comments?post=260"}],"version-history":[{"count":37,"href":"https:\/\/www2.uepg.br\/propesp\/wp-json\/wp\/v2\/pages\/260\/revisions"}],"predecessor-version":[{"id":5521,"href":"https:\/\/www2.uepg.br\/propesp\/wp-json\/wp\/v2\/pages\/260\/revisions\/5521"}],"wp:attachment":[{"href":"https:\/\/www2.uepg.br\/propesp\/wp-json\/wp\/v2\/media?parent=260"}],"curies":[{"name":"wp","href":"https:\/\/api.w.org\/{rel}","templated":true}]}}