{"id":273,"date":"2019-11-07T14:52:25","date_gmt":"2019-11-07T17:52:25","guid":{"rendered":"http:\/\/www2.uepg.br\/propesp\/?page_id=273"},"modified":"2026-03-04T08:59:33","modified_gmt":"2026-03-04T11:59:33","slug":"pesquisa-docente","status":"publish","type":"page","link":"https:\/\/www2.uepg.br\/propesp\/pesquisa-docente\/","title":{"rendered":"Pesquisa Docente"},"content":{"rendered":"<blockquote>\n<div id=\"titulo\">Senhores Pesquisadores:<\/div>\n<p><b>ROTEIRO PARA APRESENTA\u00c7\u00c3O DE PESQUISA CONTINUADA E PROJETOS DE PESQUISA<\/b><br \/>\n<span style=\"font-size: small\">(Conforme o Novo Regulamento de Atividades de Pesquisa da UEPG) Resolu\u00e7\u00e3o CEPE n\u00ba 022 de 22\/08\/2017<\/span><\/p>\n<hr width=\"400px\" \/>\n<\/blockquote>\n<h3><\/h3>\n<h3 style=\"text-align: center\"><strong>INFORMA\u00c7\u00d5ES GERAIS<\/strong><\/h3>\n<ol type=\"\u201d1\u201d\">\n<li>As atividades de Pesquisa na UEPG poder\u00e3o ocorrer nas modalidades de Pesquisa Continuada e Projeto de Pesquisa, coordenadas por docentes efetivos, aprovadas pela UEPG ou por \u00f3rg\u00e3os externos de fomento \u00e0 pesquisa. Informa\u00e7\u00f5es: PROPESP\/DIPES \u2013 Ramal 3262<\/li>\n<li>Atividades de Inicia\u00e7\u00e3o Cient\u00edfica (IC) atrav\u00e9s do Programa Institucional de Bolsas de Inicia\u00e7\u00e3o Cient\u00edfica \u2013 PIBIC. Informa\u00e7\u00f5es: PROPESP\/DIPES \u2013 Ramal 3799<\/li>\n<li>As atividades de Pesquisa Discente que necessitarem de avalia\u00e7\u00e3o pelo Comit\u00ea de \u00c9tica em Pesquisa em Seres Humanos \u2013 CEP, dever\u00e3o ser solicitadas pelo pesquisador respons\u00e1vel, de forma on-line na Plataforma Brasil.<\/li>\n<li>Os Projetos de Pesquisa que necessitarem de avalia\u00e7\u00e3o pelo Comit\u00ea de \u00c9tica no uso de Animais \u2013 CEUA dever\u00e3o ser protocolizados em formul\u00e1rio pr\u00f3prio, endere\u00e7ados \u00e0 PROPESP\/DIPES. Informa\u00e7\u00f5es:<\/li>\n<li>Os Projetos de Pesquisa que envolve organismos geneticamente modificados e radia\u00e7\u00f5es ionizantes dever\u00e3o ser avaliados pela Comiss\u00e3o Interna de Biosseguran\u00e7a \u2013 CIBIO dever\u00e3o ser protocolizados em formul\u00e1rio pr\u00f3prio.<\/li>\n<li>Projetos de Pesquisa que prev\u00eaem o resultado de um novo produto ter\u00e1 parecer da Ag\u00eancia de Inova\u00e7\u00e3o e Propriedade Intelectual \u2013 AGIPI, durante a tramita\u00e7\u00e3o do processo. Informa\u00e7\u00f5es: AGIPI \u2013 Ramal 3263.<\/li>\n<\/ol>\n<h4 style=\"text-align: center\">TRAMITA\u00c7\u00c3O<\/h4>\n<ol type=\"\u201d1\u201d\">\n<li>A apresenta\u00e7\u00e3o de Pesquisa Continuada, de novos Projetos de Pesquisa, bem como de seus relat\u00f3rios e altera\u00e7\u00f5es se dar\u00e1 de forma cont\u00ednua. A tramita\u00e7\u00e3o inicia-se ap\u00f3s o registro via SEI e as atividades do projeto poder\u00e3o ser iniciadas ap\u00f3s o registro da pesquisa pela PROPESP\/DIPES.<\/li>\n<li>Os Projetos de Pesquisa aprovados por \u00f3rg\u00e3os oficiais de fomento dispensam aprova\u00e7\u00e3o departamental. Para que a pesquisa seja cadastrada pela PROPESP\/DIPES, o pesquisador dever\u00e1 protocolizar a documenta\u00e7\u00e3o oficial do \u00f3rg\u00e3o\/ag\u00eancia financiadora que informe a aprova\u00e7\u00e3o, per\u00edodo de vig\u00eancia e valor do financiamento.<\/li>\n<\/ol>\n<h4 style=\"text-align: center\">MODALIDADE PESQUISA CONTINUADA<\/h4>\n<p><b>PARA CREDENCIAR OU INTEGRAR A PESQUISA CONTINUADA:<\/b><\/p>\n<ol type=\"\u201d1\u201d\">\n<li>Atuar como docente efetivo<\/li>\n<li>Estar vinculado a um Grupo de Pesquisa da UEPG na base do Diret\u00f3rio de Grupos de Pesquisa (DGP) do CNPq;<\/li>\n<li>Comprovar produ\u00e7\u00e3o acad\u00eamica equivalente a 05 pontos no \u00faltimo quadri\u00eanio, conforme anexo da Resolu\u00e7\u00e3o CEPE 022\/2017;<\/li>\n<li>Ser\u00e1 emitido Parecer Circunstanciado pela Comiss\u00e3o Cient\u00edfica\/T\u00e9cnica Departamental composta por no m\u00ednimo tr\u00eas docentes e por Delibera\u00e7\u00e3o Departamental, ap\u00f3s encaminhamento da PROPES\/DIPES.<\/li>\n<\/ol>\n<p><b>DOCUMENTA\u00c7\u00c3O NECESS\u00c1RIA (protocolizar via SEI):<\/b><\/p>\n<ol type=\"\u201d1\u201d\">\n<li>Of\u00edcio de encaminhamento endere\u00e7ado \u00e0 PROPESP\/DIPES;<\/li>\n<li>Preencher formul\u00e1rio espec\u00edfico;<\/li>\n<li>Curr\u00edculo Lattes atualizado;<\/li>\n<li>Extrato do Diret\u00f3rio de Grupos de Pesquisa do CNPq.<\/li>\n<\/ol>\n<p><b>PARA MANTER E RENOVAR A PESQUISA CONTINUADA:<\/b><br \/>\nA renova\u00e7\u00e3o \u00e9 individual, seja como coordenador ou integrante.<\/p>\n<ol type=\"\u201d1\u201d\">\n<li>Estar vinculado a um Grupo de Pesquisa da UEPG do Diret\u00f3rio de Grupos de Pesquisa (DGP) do CNPq;<\/li>\n<li>Comprovar produ\u00e7\u00e3o acad\u00eamica equivalente a 05 pontos no \u00faltimo quadri\u00eanio;<\/li>\n<li>Protocolizar relat\u00f3rio at\u00e9 60 dias do t\u00e9rmino da vig\u00eancia da pesquisa continuada;<\/li>\n<li>Ser\u00e1 emitido Parecer Circunstanciado pela Comiss\u00e3o Cient\u00edfica\/T\u00e9cnica Departamental composta por no m\u00ednimo tr\u00eas docentes e por Delibera\u00e7\u00e3o Departamental, ap\u00f3s encaminhamento da PROPES\/DIPES.<\/li>\n<\/ol>\n<p><b>DOCUMENTA\u00c7\u00c3O NECESS\u00c1RIA<\/b>\u00a0(protocolizar via protocolo geral):<\/p>\n<ol type=\"\u201d1\u201d\">\n<li>Of\u00edcio de encaminhamento endere\u00e7ado \u00e0 PROPESP\/DIPES;<\/li>\n<li>Formul\u00e1rio espec\u00edfico, devidamente preenchido e assinado;<\/li>\n<li>Curr\u00edculo Lattes atualizado;<\/li>\n<li>Extrato do Diret\u00f3rio de Grupos de Pesquisa do CNPq;<\/li>\n<\/ol>\n<p><b>PARA ENCERRAR A PESQUISA CONTINUADA:<\/b><\/p>\n<ol type=\"\u201d1\u201d\">\n<li>Comprovar produ\u00e7\u00e3o acad\u00eamica equivalente a 05 pontos no \u00faltimo quadri\u00eanio. Caso n\u00e3o tenha esta comprova\u00e7\u00e3o, o docente dever\u00e1 comprovar no m\u00ednimo 02 pontos para encerr\u00e1-la;<\/li>\n<li>Ser\u00e1 emitido Parecer Circunstanciado pela Comiss\u00e3o Cient\u00edfica\/T\u00e9cnica Departamental composta por no m\u00ednimo tr\u00eas docentes e por delibera\u00e7\u00e3o Departamental, ap\u00f3s encaminhamento da PROPES\/DIPES.<\/li>\n<\/ol>\n<p><b>DOCUMENTA\u00c7\u00c3O NECESS\u00c1RIA<\/b>\u00a0(protocolizar via protocolo geral):<\/p>\n<ol type=\"\u201d1\u201d\">\n<li>Of\u00edcio de encaminhamento endere\u00e7ado \u00e0 PROPESP\/DIPES;<\/li>\n<li>Formul\u00e1rio espec\u00edfico, devidamente preenchido e assinado;<\/li>\n<li>Curr\u00edculo Lattes atualizado.<\/li>\n<\/ol>\n<p><b>MODALIDADE: PROJETO DE PESQUISA<\/b><\/p>\n<ol type=\"\u201d1\u201d\">\n<li>Todas as solicita\u00e7\u00f5es relacionadas aos projetos de pesquisas dever\u00e3o ser analisadas pela Comiss\u00e3o Cient\u00edfica\/T\u00e9cnica e por delibera\u00e7\u00e3o Departamental;<\/li>\n<li>PRODU\u00c7\u00c3O ACAD\u00caMICA: o coordenador bem como os participantes de um projeto, dever\u00e3o ao t\u00e9rmino da pesquisa, comprovar produ\u00e7\u00e3o equivalente a 01 ponto conforme resolu\u00e7\u00e3o vigente;<\/li>\n<li>Projetos de IC, TCCs, Disserta\u00e7\u00f5es e Teses s\u00e3o Atividades de Pesquisa Discente e n\u00e3o ser\u00e3o cadastradas como Projeto de Pesquisa para o docente\/orientador;<\/li>\n<li>DURA\u00c7\u00c3O: de 24 meses, podendo ser prorrogado por at\u00e9 12 meses.<\/li>\n<\/ol>\n<p><b>PARA CREDENCIAR UM PROJETO DE PESQUISA:<\/b><\/p>\n<ul>\n<li>O coordenador do projeto dever\u00e1 atuar como professor integrante da carreira docente;<\/li>\n<li>Projetos de Pesquisa do docente que necessitarem de avalia\u00e7\u00e3o por um dos Comit\u00eas de \u00c9tica em Pesquisa \u2013 CEUA\/CIBIO, dever\u00e3o ser protocolizados em formul\u00e1rio pr\u00f3prio a fim de serem analisados primeiramente pela Comiss\u00e3o Cient\u00edfica\/T\u00e9cnica Departamental, por Delibera\u00e7\u00e3o Departamental e ap\u00f3s pelo Comit\u00ea de \u00c9tica;<\/li>\n<li>Para o cadastro de Projetos de Pesquisa aprovados por \u00f3rg\u00e3os oficiais de fomento n\u00e3o ser\u00e1 necess\u00e1ria aprova\u00e7\u00e3o departamental, at\u00e9 12 meses ap\u00f3s a assinatura do conv\u00eanio;<\/li>\n<li>Ser\u00e1 emitido Parecer Circunstanciado pela Comiss\u00e3o Cient\u00edfica\/T\u00e9cnica Departamental composta por no m\u00ednimo tr\u00eas docentes e por delibera\u00e7\u00e3o Departamental, ap\u00f3s encaminhamento da PROPES\/DIPES.<\/li>\n<\/ul>\n<p><b>DOCUMENTA\u00c7\u00c3O NECESS\u00c1RIA<\/b>\u00a0(protocolizar via protocolo geral):<\/p>\n<p>&nbsp;<\/p>\n<ol type=\"\u201d1\u201d\">\n<li>Of\u00edcio de encaminhamento endere\u00e7ado \u00e0 PROPESP\/DIPES;<\/li>\n<li>Preencher formul\u00e1rio espec\u00edfico;<\/li>\n<li>Para os Projetos de Pesquisa aprovados por \u00f3rg\u00e3os oficiais de fomento, c\u00f3pia de:\n<ol type=\"\u201da\u201d\">\n<li>Plano de Trabalho e Aplica\u00e7\u00e3o Financeira e Assinatura do Conv\u00eanio;<\/li>\n<li>Termo de Concess\u00e3o e Aceita\u00e7\u00e3o de Apoio ao Financiamento de Projeto de Pesquisa Cient\u00edfica e\/ou Tecnol\u00f3gica;<\/li>\n<li>Conv\u00eanio assinado;<\/li>\n<li>Projeto aprovado;<\/li>\n<li>No caso de prorroga\u00e7\u00e3o do projeto, apresentar c\u00f3pia do Termo Aditivo.<\/li>\n<\/ol>\n<\/li>\n<\/ol>\n<p><b>PARA INTEGRAR UM PROJETO DE PESQUISA:<\/b><\/p>\n<ol type=\"\u201d1\u201d\">\n<li>Docentes efetivos, tempor\u00e1rios e servidores t\u00e9cnicos administrativos poder\u00e3o fazer parte da equipe de um Projeto de Pesquisa;<\/li>\n<li>Todos os requerimentos de participa\u00e7\u00e3o em Projetos de Pesquisas sem apoio de \u00f3rg\u00e3os oficiais de fomento bem como de seus relat\u00f3rios dever\u00e3o ter o Parecer Circunstanciado da Comiss\u00e3o Cient\u00edfica\/T\u00e9cnica Departamental e Delibera\u00e7\u00e3o do Departamento;<\/li>\n<li>O Projeto de Pesquisa a ser integrado dever\u00e1 ter pelo menos 12 meses para o t\u00e9rmino de sua execu\u00e7\u00e3o;<\/li>\n<li>A integra\u00e7\u00e3o em um Projeto de Pesquisa aprovado por \u00f3rg\u00e3o oficial de fomento dever\u00e1 ser solicitada pelo coordenador do projeto junto ao \u00f3rg\u00e3o financiador;<\/li>\n<li>O professor colaborador em regime de TIDE dever\u00e1 apresentar relat\u00f3rio de suas atividades do Projeto de Pesquisa, em formul\u00e1rio espec\u00edfico, at\u00e9 30 dias antes do t\u00e9rmino de seu contrato;<\/li>\n<li>Ap\u00f3s as tramita\u00e7\u00f5es e aprova\u00e7\u00f5es necess\u00e1rias a PROPESP\/DIPES emitir\u00e1 uma Declara\u00e7\u00e3o de Participa\u00e7\u00e3o no Projeto de Pesquisa, para o professor colaborador.<\/li>\n<\/ol>\n<p><b>DOCUMENTA\u00c7\u00c3O NECESS\u00c1RIA\u00a0<\/b>(protocolizar via protocolo geral):<\/p>\n<ol type=\"\u201d1\u201d\">\n<li>Of\u00edcio emitido pelo coordenador solicitando a participa\u00e7\u00e3o no projeto e endere\u00e7ado \u00e0 PROPESP\/DIPES;<\/li>\n<li>Preencher formul\u00e1rio espec\u00edfico;<\/li>\n<li>Cronograma de atividades a serem realizadas;<\/li>\n<li>Curr\u00edculo Lattes atualizado;<\/li>\n<li>Comprovante de aceite de inclus\u00e3o em projeto emitido pelo \u00f3rg\u00e3o oficial de fomento (somente para participantes inclusos em projetos financiados)<\/li>\n<\/ol>\n<p><b>PARA PRORROGAR UM PROJETO DE PESQUISA:<\/b><\/p>\n<ol type=\"\u201d1\u201d\">\n<li>Poder\u00e1 ser solicitada a prorroga\u00e7\u00e3o uma s\u00f3 vez por at\u00e9 12 meses, com justificativa e cronograma, at\u00e9 30 dias do t\u00e9rmino do projeto;<\/li>\n<li>Ser\u00e1 emitido Parecer Circunstanciado pela Comiss\u00e3o Cient\u00edfica\/T\u00e9cnica Departamental composta por no m\u00ednimo tr\u00eas docentes e por delibera\u00e7\u00e3o Departamental, ap\u00f3s encaminhamento da PROPES\/DIPES.<\/li>\n<\/ol>\n<p><b>PARA CANCELAR UM PROJETO DE PESQUISA:<\/b><\/p>\n<ol type=\"\u201d1\u201d\">\n<li>A solicita\u00e7\u00e3o dever\u00e1 ser feita at\u00e9 12 meses ap\u00f3s o in\u00edcio do projeto;<\/li>\n<li>Ser\u00e1 emitido Parecer Circunstanciado pela Comiss\u00e3o Cient\u00edfica\/T\u00e9cnica Departamental composta por no m\u00ednimo tr\u00eas docentes e por delibera\u00e7\u00e3o Departamental, ap\u00f3s encaminhamento da PROPES\/DIPES.<\/li>\n<\/ol>\n<p><b>PARA ENCERRAR UM PROJETO DE PESQUISA:<\/b><\/p>\n<ol type=\"\u201d1\u201d\">\n<li style=\"list-style-type: none\">\n<ol type=\"\u201d1\u201d\">\n<li>Protocolizar at\u00e9 60 dias ap\u00f3s a data de t\u00e9rmino do projeto;<\/li>\n<li>Apresentar comprova\u00e7\u00e3o de produ\u00e7\u00e3o acad\u00eamica tanto para coordenador como participantes;<\/li>\n<li>Ser\u00e1 emitido Parecer Circunstanciado pela Comiss\u00e3o Cient\u00edfica\/T\u00e9cnica Departamental composta por no m\u00ednimo tr\u00eas docentes e por delibera\u00e7\u00e3o Departamental, ap\u00f3s encaminhamento da PROPES\/DIPES.<\/li>\n<\/ol>\n<\/li>\n<\/ol>\n<div id=\"resolucoes\"><\/div>\n<p><b>DOCUMENTA\u00c7\u00c3O NECESS\u00c1RIA<\/b>\u00a0(protocolizar via protocolo geral):<\/p>\n<ol type=\"\u201d1\u201d\">\n<li>Of\u00edcio emitido pelo coordenador solicitando a altera\u00e7\u00e3o, cancelamento ou encerramento do projeto e endere\u00e7ado \u00e0 PROPESP\/DIPES;<\/li>\n<li>Preencher formul\u00e1rio espec\u00edfico;<\/li>\n<li>Anexar comprovante de publica\u00e7\u00e3o (para encerramento).<\/li>\n<\/ol>\n<p>Click para fazer o download deste roteiro <a href=\"https:\/\/www2.uepg.br\/propesp\/wp-content\/uploads\/sites\/41\/2019\/11\/ROTEIRO_REGUL_PESQUISA_2017.doc\" target=\"_blank\" rel=\"noopener noreferrer\">Roteiro para apresenta\u00e7\u00e3o de pesquisa continuada e projetos de pesquisa.<\/a><\/p>\n<p>&nbsp;<\/p>\n<p>&nbsp;<\/p>\n<h3 style=\"text-align: center\"><b>RESOLU\u00c7\u00d5ES CEPE<\/b><\/h3>\n<p style=\"text-align: center\">Aprova Novo Regulamento de Atividades de Pesquisa da UEPG: <a href=\"https:\/\/www2.uepg.br\/propesp\/wp-content\/uploads\/sites\/41\/2019\/11\/PESQUISA.pdf\" target=\"_blank\" rel=\"noopener noreferrer\">022 de 22 de agosto de 2017<\/a><\/p>\n<p style=\"text-align: center\">\n<p>&nbsp;<\/p>\n<h3 style=\"text-align: center\"><strong>FORMUL\u00c1RIOS<\/strong><\/h3>\n<p style=\"text-align: center\"><b><span style=\"color: red\">*Informamos que todas as pesquisas cadastradas poder\u00e3o ser consultadas em: servidor\/acesso restrito\/pol\u00edtica docente\/relat\u00f3rio.<\/span><\/b><br \/>\n<b>RESOLU\u00c7\u00c3O CEPE 022 de 22\/08\/2017 \u2013 Aprovou o Novo Regulamento das Atividades de Pesquisa na UEPG<\/b><\/p>\n<p style=\"text-align: center\"><b>PESQUISA CONTINUADA:<\/b><\/p>\n<p style=\"text-align: center\">Credenciamento &#8211; <a href=\"https:\/\/www2.uepg.br\/propesp\/wp-content\/uploads\/sites\/41\/2019\/11\/PESQUISA_CONTINUADA_CREDENCIA__022.doc\">ARQUIVO<\/a><\/p>\n<p style=\"text-align: center\">Inclus\u00e3o de pesquisador &#8211; <a href=\"https:\/\/www2.uepg.br\/propesp\/wp-content\/uploads\/sites\/41\/2019\/11\/PESQUISA_CONTINUADA_INCLUSAO__022.doc\">ARQUIVO<\/a><\/p>\n<p style=\"text-align: center\">Relat\u00f3rio Final &#8211; <a href=\"https:\/\/www2.uepg.br\/propesp\/wp-content\/uploads\/sites\/41\/2019\/11\/PESQUISA_CONTINUADA_RELATORIO_FINAL__022.doc\">ARQUIVO<\/a><\/p>\n<p style=\"text-align: center\">Renova\u00e7\u00e3o com altera\u00e7\u00e3o de t\u00edtulo &#8211; <a href=\"https:\/\/www2.uepg.br\/propesp\/wp-content\/uploads\/sites\/41\/2025\/05\/PESQUISA_CONTINUADA_RENOVACAO_ALTERACAO-TITULO.doc\">ARQUIVO<\/a><\/p>\n<p style=\"text-align: center\">Renova\u00e7\u00e3o (\u00faltimo quadri\u00eanio) &#8211; <a href=\"https:\/\/www2.uepg.br\/propesp\/wp-content\/uploads\/sites\/41\/2021\/09\/PESQUISA_CONTINUADA_RENOVACAO.doc\">ARQUIVO<\/a><\/p>\n<p>&nbsp;<\/p>\n<p style=\"text-align: center\"><b>PROJETO DE PESQUISA:<\/b><\/p>\n<p style=\"text-align: center\">Credenciamento &#8211; <a href=\"https:\/\/www2.uepg.br\/propesp\/wp-content\/uploads\/sites\/41\/2019\/11\/PROJETO_PESQUISA_CREDENCIA.doc\">ARQUIVO<\/a><\/p>\n<p style=\"text-align: center\">Inclus\u00e3o de pesquisador &#8211; <a href=\"https:\/\/www2.uepg.br\/propesp\/wp-content\/uploads\/sites\/41\/2019\/11\/PROJETO_PESQUISA_INCLUS\u00c3O_PARTICIPANTE_FORMULARIO.doc\">ARQUIVO<\/a><\/p>\n<p style=\"text-align: center\">Prorroga\u00e7\u00e3o &#8211; <a href=\"https:\/\/www2.uepg.br\/propesp\/wp-content\/uploads\/sites\/41\/2019\/11\/PROJETO_PESQUISA_PRORROGA\u00c7\u00c3O.doc\">ARQUIVO<\/a><\/p>\n<p style=\"text-align: center\">Relat\u00f3rio Final &#8211; <a href=\"https:\/\/www2.uepg.br\/propesp\/wp-content\/uploads\/sites\/41\/2019\/11\/PROJETO_PESQUISA_RELATORIO_FINAL__022-1.doc\">ARQUIVO<\/a><\/p>\n<p style=\"text-align: center\">Relat\u00f3rio Final (docente colaborador) &#8211; <a href=\"https:\/\/www2.uepg.br\/propesp\/wp-content\/uploads\/sites\/41\/2019\/11\/PROJETO_PESQUISA_RELATORIO_FINAL_COLABORADOR.doc\">ARQUIVO<\/a><\/p>\n<p>&nbsp;<\/p>\n<p style=\"text-align: center\"><b>PROJETO DE PESQUISA FINANCIADO:<\/b><\/p>\n<p style=\"text-align: center\">Credenciamento &#8211; <a href=\"https:\/\/www2.uepg.br\/propesp\/wp-content\/uploads\/sites\/41\/2019\/11\/PROJETO_PESQUISA_FINANCIADO_CREDENCIA.doc\">ARQUIVO<\/a><\/p>\n<p style=\"text-align: center\">Relat\u00f3rio Final &#8211; <a href=\"https:\/\/www2.uepg.br\/propesp\/wp-content\/uploads\/sites\/41\/2019\/11\/PROJETO_PESQUISA_FINANCIADO_RELATORIO_FINAL-1.doc\">ARQUIVO<\/a><\/p>\n<p>&nbsp;<\/p>\n<p style=\"text-align: center\"><b>*Formul\u00e1rios para pesquisas anteriores \u00e0 Resolu\u00e7\u00e3o CEPE N\u00ba022\/2017<\/b><\/p>\n<p style=\"text-align: center\"><b>PESQUISA CONTINUADA:<\/b><\/p>\n<p style=\"text-align: center\">Relat\u00f3rio Final &#8211; <a href=\"https:\/\/www2.uepg.br\/propesp\/wp-content\/uploads\/sites\/41\/2019\/11\/PESQUISA_CONTINUADA_RELATORIO_FINAL__065.doc\">ARQUIVO<\/a><\/p>\n<p>&nbsp;<\/p>\n<p style=\"text-align: center\"><b>PROJETO DE PESQUISA:<\/b><\/p>\n<p style=\"text-align: center\">Relat\u00f3rio Final &#8211; <a href=\"https:\/\/www2.uepg.br\/propesp\/wp-content\/uploads\/sites\/41\/2019\/11\/PROJETO_PESQUISA_RELATORIO_FINAL_065.doc\">ARQUIVO<\/a><\/p>\n<p>&nbsp;<\/p>\n","protected":false},"excerpt":{"rendered":"<p>Senhores Pesquisadores: ROTEIRO PARA APRESENTA\u00c7\u00c3O DE PESQUISA CONTINUADA E PROJETOS DE PESQUISA (Conforme o Novo Regulamento de Atividades de Pesquisa da UEPG) Resolu\u00e7\u00e3o CEPE n\u00ba 022 de 22\/08\/2017 INFORMA\u00c7\u00d5ES GERAIS As atividades de Pesquisa na UEPG poder\u00e3o ocorrer nas modalidades de Pesquisa Continuada e Projeto de Pesquisa, coordenadas por docentes efetivos, aprovadas pela UEPG ou&nbsp;&hellip;<\/p>\n","protected":false},"author":24,"featured_media":0,"parent":0,"menu_order":0,"comment_status":"closed","ping_status":"closed","template":"","meta":[],"_links":{"self":[{"href":"https:\/\/www2.uepg.br\/propesp\/wp-json\/wp\/v2\/pages\/273"}],"collection":[{"href":"https:\/\/www2.uepg.br\/propesp\/wp-json\/wp\/v2\/pages"}],"about":[{"href":"https:\/\/www2.uepg.br\/propesp\/wp-json\/wp\/v2\/types\/page"}],"author":[{"embeddable":true,"href":"https:\/\/www2.uepg.br\/propesp\/wp-json\/wp\/v2\/users\/24"}],"replies":[{"embeddable":true,"href":"https:\/\/www2.uepg.br\/propesp\/wp-json\/wp\/v2\/comments?post=273"}],"version-history":[{"count":16,"href":"https:\/\/www2.uepg.br\/propesp\/wp-json\/wp\/v2\/pages\/273\/revisions"}],"predecessor-version":[{"id":5524,"href":"https:\/\/www2.uepg.br\/propesp\/wp-json\/wp\/v2\/pages\/273\/revisions\/5524"}],"wp:attachment":[{"href":"https:\/\/www2.uepg.br\/propesp\/wp-json\/wp\/v2\/media?parent=273"}],"curies":[{"name":"wp","href":"https:\/\/api.w.org\/{rel}","templated":true}]}}