{"id":310,"date":"2019-11-07T15:27:39","date_gmt":"2019-11-07T18:27:39","guid":{"rendered":"http:\/\/www2.uepg.br\/propesp\/?page_id=310"},"modified":"2026-02-13T15:42:29","modified_gmt":"2026-02-13T18:42:29","slug":"cbio-biosseguranca","status":"publish","type":"page","link":"https:\/\/www2.uepg.br\/propesp\/pesquisa\/cbio-biosseguranca\/","title":{"rendered":"CBIO &#8211; Biosseguran\u00e7a"},"content":{"rendered":"<p align=\"justify\"><img loading=\"lazy\" class=\"aligncenter wp-image-1820\" src=\"https:\/\/www2.uepg.br\/propesp\/wp-content\/uploads\/sites\/41\/2021\/03\/WhatsApp-Image-2021-03-12-at-15.38.16-300x91.jpeg\" alt=\"\" width=\"764\" height=\"232\" srcset=\"https:\/\/www2.uepg.br\/propesp\/wp-content\/uploads\/sites\/41\/2021\/03\/WhatsApp-Image-2021-03-12-at-15.38.16-300x91.jpeg 300w, https:\/\/www2.uepg.br\/propesp\/wp-content\/uploads\/sites\/41\/2021\/03\/WhatsApp-Image-2021-03-12-at-15.38.16.jpeg 664w\" sizes=\"(max-width: 764px) 100vw, 764px\" \/><\/p>\n<p align=\"justify\">A <b>Comiss\u00e3o Interna de Biosseguran\u00e7a<\/b>\u00a0(CIBio) \u00e9 subordinada \u00e0 Comiss\u00e3o T\u00e9cnica Nacional de Biosseguran\u00e7a (CTNBio). Essa comiss\u00e3o objetiva garantir a vigil\u00e2ncia e monitoramento de todas as atividades que envolvam uso, conten\u00e7\u00e3o, transporte, produ\u00e7\u00e3o, manipula\u00e7\u00e3o e destina\u00e7\u00e3o de Organismos Geneticamente Modificados (OGM) na Universidade Estadual de Ponta Grossa. Sua atua\u00e7\u00e3o \u00e9 essencial para que todas as regras envolvendo biosseguran\u00e7a sejam cumpridas.<\/p>\n<p align=\"justify\"><b>Biosseguran\u00e7a<\/b>\u00a0pode ser definida como \u2018o conjunto de saberes direcionados para a\u00e7\u00f5es de preven\u00e7\u00e3o, minimiza\u00e7\u00e3o ou elimina\u00e7\u00e3o de riscos inerentes \u00e0s atividades de pesquisa, produ\u00e7\u00e3o, ensino, desenvolvimento tecnol\u00f3gico e presta\u00e7\u00e3o de servi\u00e7os, as quais possam comprometer a sa\u00fade do homem, dos animais, das plantas e do meio ambiente ou a qualidade dos trabalhos desenvolvidos\u2019. A Lei de Biosseguran\u00e7a (11.105) que est\u00e1 em vigor desde 24 de mar\u00e7o de 2005, traz obriga\u00e7\u00f5es, responsabilidades e penalidades para ao pesquisador que exerce qualquer atividade com Organismos Geneticamente Modificados, assim como para os l\u00edderes de projetos, para as Chefias do\u00a0Centro e para a Institui\u00e7\u00e3o, sendo considerada falta grave o n\u00e3o cumprimento desta.<\/p>\n<p align=\"justify\"><b>Organismos Geneticamente Modificados<\/b>\u00a0(OGM) s\u00e3o organismos cujo genoma foi propositalmente alterado por meio de t\u00e9cnicas e procedimentos pr\u00f3prios de t\u00e9cnicas de biologia molecular, a fim de que determinadas caracter\u00edsticas sejam favorecidas e\/ou adquiridas pelos mesmos.<\/p>\n<p align=\"justify\">A presta\u00e7\u00e3o de apoio t\u00e9cnico consultivo e assessoramento ao Governo Federal referente \u00e0 formula\u00e7\u00e3o, atualiza\u00e7\u00e3o e implementa\u00e7\u00e3o de diretrizes referentes \u00e0 Pol\u00edtica Nacional de Biosseguran\u00e7a para o emprego seguro de OGM \u00e9 realizada pela <b>Comiss\u00e3o T\u00e9cnica Nacional de Biosseguran\u00e7a (CTNBio)<\/b>. A CNTBio se encarrega de estabelecer\u00a0<i>normas t\u00e9cnicas de seguran\u00e7a e pareceres relativos \u00e0 prote\u00e7\u00e3o da sa\u00fade humana, animal e do meio ambiente, em todas as atividades envolvendo constru\u00e7\u00e3o, experimenta\u00e7\u00e3o, cultivo, manipula\u00e7\u00e3o, transporte, comercializa\u00e7\u00e3o, consumo, armazenamento, libera\u00e7\u00e3o e descarte de OGM e seus derivados.\u00a0<\/i><\/p>\n<p align=\"justify\">De acordo com o art. 2o, \u00a7 3o da Lei no 8.974, de 05 de janeiro de 1995, e o Cap\u00edtulo V, do Decreto no 1.752, de 20 de dezembro de 1995, entidades nacionais, estrangeiras ou internacionais que desenvolvam ou queiram desenvolver atividades e projetos relacionados a Organismo Geneticamente Modificado (OGM) e derivados, dever\u00e3o requerer \u00e0 Comiss\u00e3o T\u00e9cnica Nacional de Biosseguran\u00e7a \u2013 CTNBio o Certificado de Qualidade em Biosseguran\u00e7a \u2013 CQB ou pedido de Extens\u00e3o de CQB, caso essa unidade j\u00e1 possua um CQB.<\/p>\n<h6><a href=\"https:\/\/www2.uepg.br\/propesp\/wp-content\/uploads\/sites\/41\/2021\/03\/Certificado-de-Qualidade-em-Biosseguranca-CQB.pdf\">Certificado de Qualidade em Biosseguran\u00e7a (CQB)<\/a><\/h6>\n<h6><a href=\"https:\/\/www2.uepg.br\/propesp\/wp-content\/uploads\/sites\/41\/2021\/03\/Atribuicoes-da-CTNBIO.pdf\">Atribui\u00e7\u00f5es da CTNBIO<\/a><\/h6>\n<h6 class=\"western\" align=\"justify\"><a href=\"https:\/\/www2.uepg.br\/propesp\/wp-content\/uploads\/sites\/41\/2021\/03\/Competencias-da-CIBIO.pdf\">Compet\u00eancias da CIBIO<\/a><\/h6>\n<h6 class=\"western\" align=\"left\"><a href=\"https:\/\/www2.uepg.br\/propesp\/wp-content\/uploads\/sites\/41\/2021\/03\/Classificacao-de-risco-e-niveis-de-biosseguranca.pdf\">Classifica\u00e7\u00e3o de risco e n\u00edveis de biosseguran\u00e7a<\/a><\/h6>\n<h6 class=\"western\" align=\"left\"><a href=\"https:\/\/www2.uepg.br\/propesp\/wp-content\/uploads\/sites\/41\/2021\/03\/Responsabilidade-dos-Pesquisadores-Principais.pdf\">Responsabilidade dos Pesquisadores Principais<\/a><\/h6>\n<h6 class=\"western\" align=\"left\"><a href=\"https:\/\/www2.uepg.br\/propesp\/wp-content\/uploads\/sites\/41\/2021\/03\/Legislacao.pdf\">Legisla\u00e7\u00e3o<\/a><\/h6>\n<h6 class=\"western\" align=\"left\"><a href=\"https:\/\/www2.uepg.br\/propesp\/wp-content\/uploads\/sites\/41\/2021\/03\/Desenvolvendo-atividades-com-OGM.pdf\">Desenvolvendo atividades com OGM<\/a><\/h6>\n<h6><a href=\"https:\/\/www2.uepg.br\/propesp\/wp-content\/uploads\/sites\/41\/2021\/03\/Procedimentos-Operacionais-Padrao-POP-de-Rotinas-de-Laboratorio.pdf\">Procedimentos Operacionais Padr\u00e3o (POP) de Rotinas de Laborat\u00f3rio<\/a><\/h6>\n<ul>\n<li><a href=\"https:\/\/www2.uepg.br\/propesp\/wp-content\/uploads\/sites\/41\/2021\/03\/Cabine-Biologica.pdf\">Cabine Biol\u00f3gica<\/a><\/li>\n<li><a href=\"https:\/\/www2.uepg.br\/propesp\/wp-content\/uploads\/sites\/41\/2021\/03\/Calendario-Reunioes-CIBio.pdf\">Calend\u00e1rio Reuni\u00f5es CIBio<\/a><\/li>\n<li><a href=\"https:\/\/www2.uepg.br\/propesp\/wp-content\/uploads\/sites\/41\/2021\/03\/Derramamento-Liquido-Centrifugas.pdf\">Derramamento L\u00edquido Centr\u00edfugas<\/a><\/li>\n<li><a href=\"https:\/\/www2.uepg.br\/propesp\/wp-content\/uploads\/sites\/41\/2021\/03\/Derramento-Residuos-Biologicos.pdf\">Derramento Res\u00edduos Biol\u00f3gicos<\/a><\/li>\n<li><a href=\"https:\/\/www2.uepg.br\/propesp\/wp-content\/uploads\/sites\/41\/2021\/03\/Derramento-Residuos-Quimicos.pdf\">Derramento Res\u00edduos Qu\u00edmicos<\/a><\/li>\n<li><a href=\"https:\/\/www2.uepg.br\/propesp\/wp-content\/uploads\/sites\/41\/2021\/03\/Descarte-Residuos-culturas-celulares.pdf\">Descarte Res\u00edduos CulturasCcelulares<\/a><\/li>\n<li><a href=\"https:\/\/www2.uepg.br\/propesp\/wp-content\/uploads\/sites\/41\/2021\/03\/Entrada-e-Comportamento-NB2.pdf\">Entrada e Comportamento NB2<\/a><\/li>\n<li><a href=\"https:\/\/www2.uepg.br\/propesp\/wp-content\/uploads\/sites\/41\/2021\/03\/Limpeza-e-desinfeccao-NB2.pdf\">Limpeza e desinfec\u00e7\u00e3o NB2<\/a><\/li>\n<li><a href=\"https:\/\/www2.uepg.br\/propesp\/wp-content\/uploads\/sites\/41\/2021\/03\/Limpeza-Vidrarias.pdf\">Limpeza Vidrarias<\/a><\/li>\n<li><a href=\"https:\/\/www2.uepg.br\/propesp\/wp-content\/uploads\/sites\/41\/2021\/03\/Transporte-Material-Biologico-NB2.pdf\">Transporte Material Biol\u00f3gico NB2<\/a><\/li>\n<li><a href=\"https:\/\/www2.uepg.br\/propesp\/wp-content\/uploads\/sites\/41\/2021\/03\/Utilizacao-autoclave.pdf\">Utilizac\u00e3o autoclave<\/a><\/li>\n<\/ul>\n<h6><strong>Formul\u00e1rios:<\/strong><\/h6>\n<ul>\n<li><a href=\"https:\/\/www2.uepg.br\/propesp\/wp-content\/uploads\/sites\/41\/2021\/03\/AUTORIZACAO-PARA-IMPORTACAO-DE-ORGANISMOS-GENETICAMENTE-MODIFICADOS-OGMs-\u2013-NB-I-\u2013-PARA-TRABALHO-EM-REGIME-DE-CONTENCAO.docx\">AUTORIZA\u00c7\u00c3O PARA IMPORTA\u00c7\u00c3O DE ORGANISMOS GENETICAMENTE MODIFICADOS (OGMs) \u2013 NB-I \u2013 PARA TRABALHO EM REGIME DE CONTEN\u00c7\u00c3O<\/a><\/li>\n<li><a href=\"https:\/\/www2.uepg.br\/propesp\/wp-content\/uploads\/sites\/41\/2021\/03\/REQUERIMENTO-DE-HABILITACAO-PARA-IMPORTACAO-DE-ORGANISMOS-GENETICAMENTE-MODIFICADOS-OGM-PARA-TRABALHO-EM-REGIME-DE-CONTENCAO.docx\">REQUERIMENTO DE HABILITA\u00c7\u00c3O PARA IMPORTA\u00c7\u00c3O DE ORGANISMOS GENETICAMENTE MODIFICADOS (OGM) PARA TRABALHO EM REGIME DE CONTEN\u00c7\u00c3O<\/a><\/li>\n<li><a href=\"https:\/\/www2.uepg.br\/propesp\/wp-content\/uploads\/sites\/41\/2021\/03\/DECLARACAO-DE-CIENCIA-E-CONCORDANCIA.docx\">DECLARA\u00c7\u00c3O DE CI\u00caNCIA E CONCORDANCIA<\/a><\/li>\n<li><a href=\"https:\/\/www2.uepg.br\/propesp\/wp-content\/uploads\/sites\/41\/2021\/03\/FORMULARIO-PARA-CREDENCIAMENTO-DE-AREA-DE-PESQUISA.docx\">FORMUL\u00c1RIO PARA CREDENCIAMENTO DE \u00c1REA DE PESQUISA<\/a><\/li>\n<li><a href=\"https:\/\/www2.uepg.br\/propesp\/wp-content\/uploads\/sites\/41\/2021\/03\/FORMULARIO-PARA-CREDENCIAMENTO-DE-PROJETO-DE-PESQUISA-DE-USUARIO-DE-AREA-CREDENCIADA-2.doc\">FORMUL\u00c1RIO PARA CREDENCIAMENTO DE PROJETO DE PESQUISA DE USU\u00c1RIO DE \u00c1REA CREDENCIADA <\/a><\/li>\n<li><a href=\"https:\/\/www2.uepg.br\/propesp\/wp-content\/uploads\/sites\/41\/2021\/03\/FORMULARIO-DE-RELATORIO-ANUAL-DAS-INSTITUICOES-POSSUIDORAS-DE-CQB.docx\">FORMUL\u00c1RIO DE RELAT\u00d3RIO ANUAL DAS INSTITUI\u00c7\u00d5ES POSSUIDORAS DE CQB<\/a><\/li>\n<li><a href=\"https:\/\/www2.uepg.br\/propesp\/wp-content\/uploads\/sites\/41\/2021\/03\/RELATORIO-DE-PROJETO-DE-PESQUISA-ENVOLVENDO-ORGANISMOS-GENETICAMENTE-MODIFICADOS-OGMs-E-ORGANISMOS-PATOGENICOS.docx\">RELAT\u00d3RIO DE PROJETO DE PESQUISA ENVOLVENDO ORGANISMOS GENETICAMENTE MODIFICADOS (OGMs) E ORGANISMOS PATOG\u00caNICOS<\/a><\/li>\n<li><a href=\"https:\/\/www2.uepg.br\/propesp\/wp-content\/uploads\/sites\/41\/2021\/03\/OFICIO-APRESENTACAO-CADASTRAMENTO-PROJETO.docx\">OF\u00cdCIO APRESENTA\u00c7\u00c3O CADASTRAMENTO PROJETO<\/a><\/li>\n<li><a href=\"https:\/\/www2.uepg.br\/propesp\/wp-content\/uploads\/sites\/41\/2021\/03\/OFICIO-APRESENTACAO-CREDENCIAMENTO-AREA-PESQUISA-CQB.docx\">OF\u00cdCIO APRESENTA\u00c7\u00c3O CREDENCIAMENTO AREA PESQUISA CQB<\/a><\/li>\n<li><a href=\"https:\/\/www2.uepg.br\/propesp\/wp-content\/uploads\/sites\/41\/2021\/03\/REQUERIMENTO-DE-AUTORIZACAO-PARA-IMPORTACAO-DE-ORGANISMO-GENETICAMENTE-MODIFICADO-PARA-USO-EM-TRABALHO-EM-CONTENCAO.docx\">REQUERIMENTO DE AUTORIZA\u00c7\u00c3O PARA IMPORTA\u00c7\u00c3O DE ORGANISMO GENETICAMENTE MODIFICADO PARA USO EM TRABALHO EM CONTEN\u00c7\u00c3O<\/a><\/li>\n<li><a href=\"https:\/\/www2.uepg.br\/propesp\/wp-content\/uploads\/sites\/41\/2021\/03\/ROTEIRO-DE-PROCEDIMENTO-PROCESSOS.docx\">ROTEIRO DE PROCEDIMENTO &#8211; PROCESSOS<\/a><\/li>\n<li><a href=\"https:\/\/www2.uepg.br\/propesp\/wp-content\/uploads\/sites\/41\/2021\/03\/TERMO-DE-RESPONSABILIDADE.docx\">TERMO DE RESPONSABILIDADE<\/a><\/li>\n<\/ul>\n<h6><\/h6>\n<h6><strong>Legisla\u00e7\u00e3o:<\/strong><\/h6>\n<ul>\n<li><a href=\"https:\/\/www2.uepg.br\/propesp\/wp-content\/uploads\/sites\/41\/2021\/03\/CADERNO-DE-BIOSSEGURANCA-LEGISLACAO.pdf\">CADERNO DE BIOSSEGURAN\u00c7A &#8211; LEGISLA\u00c7\u00c3O<\/a><\/li>\n<\/ul>\n<h6><strong><em>Links<\/em>:<\/strong><\/h6>\n<ul>\n<li><a href=\"http:\/\/ctnbio.mctic.gov.br\/inicio\">http:\/\/ctnbio.mctic.gov.br\/inicio<\/a><\/li>\n<\/ul>\n<h6><strong>Treinamento em Biosseguran\u00e7a:<\/strong><\/h6>\n<ul>\n<li><a href=\"https:\/\/www2.uepg.br\/propesp\/wp-content\/uploads\/sites\/41\/2021\/03\/BIOSSEGURANCA-DE-OGM.pdf\">BIOSSEGURAN\u00c7A DE OGM<\/a><\/li>\n<li><a href=\"https:\/\/www2.uepg.br\/propesp\/wp-content\/uploads\/sites\/41\/2021\/03\/CADERNO-BIOSSEGURANCA-2010.pdf\">CADERNO BIOSSEGURAN\u00c7A 2010<\/a><\/li>\n<li><a href=\"https:\/\/www2.uepg.br\/propesp\/wp-content\/uploads\/sites\/41\/2021\/03\/MANUAL-DE-BIOSSEGURANCA-ANVISA.pdf\">MANUAL DE BIOSSEGURAN\u00c7A ANVISA<\/a><\/li>\n<li><a href=\"https:\/\/www2.uepg.br\/propesp\/wp-content\/uploads\/sites\/41\/2021\/03\/MANUAL-DE-BIOSSEGURANCA-EMBRAPA.pdf\">MANUAL DE BIOSSEGURAN\u00c7A EMBRAPA<\/a><\/li>\n<li><a href=\"https:\/\/www2.uepg.br\/propesp\/wp-content\/uploads\/sites\/41\/2021\/03\/MANUAL-DE-BIOSSEGURANCA-FIOCRUZ.pdf\">MANUAL DE BIOSSEGURAN\u00c7A FIOCRUZ<\/a><\/li>\n<li><a href=\"https:\/\/www2.uepg.br\/propesp\/wp-content\/uploads\/sites\/41\/2021\/03\/MANUAL-DE-BIOSSEGURANCA-FUNASA.pdf\">MANUAL DE BIOSSEGURAN\u00c7A FUNASA<\/a><\/li>\n<li><a href=\"https:\/\/www2.uepg.br\/propesp\/wp-content\/uploads\/sites\/41\/2021\/03\/MANUAL-DE-BIOSSEGURANCA-UNESP.pdf\">MANUAL DE BIOSSEGURAN\u00c7A UNESP<\/a><\/li>\n<li><a href=\"https:\/\/www2.uepg.br\/propesp\/wp-content\/uploads\/sites\/41\/2021\/03\/MANUAL-DE-BIOSSEGURANCA-USP.pdf\">MANUAL DE BIOSSEGURAN\u00c7A USP<\/a><\/li>\n<li><a href=\"https:\/\/www2.uepg.br\/propesp\/wp-content\/uploads\/sites\/41\/2021\/03\/MANUAL-DE-SEGURANCA-E-BOAS-PRATICAS-DE-LABORATORIO-BPL-UFRGS-2015.pdf\">MANUAL DE SEGURAN\u00c7A E BOAS PR\u00c1TICAS DE LABORAT\u00d3RIO (BPL) &#8211; UFRGS 2015<\/a><\/li>\n<li><a href=\"https:\/\/www2.uepg.br\/propesp\/wp-content\/uploads\/sites\/41\/2021\/03\/MANUAL-UTILIZACAO-EPIS-USP.pdf\">MANUAL UTILIZA\u00c7\u00c3O EPIS USP<\/a><\/li>\n<li><a href=\"https:\/\/www2.uepg.br\/propesp\/wp-content\/uploads\/sites\/41\/2021\/03\/REGULAMENTACAO-OGM-1.pdf\">REGULAMENTA\u00c7\u00c3O OGM<\/a><\/li>\n<\/ul>\n<h6><strong>Calend\u00e1rios:<\/strong><\/h6>\n<ul>\n<li><a href=\"https:\/\/www2.uepg.br\/propesp\/wp-content\/uploads\/sites\/41\/2022\/06\/Calendario-Reunioes-CIBIO22.docx\">CALEND\u00c1RIO REUNI\u00d5ES CIBIO 2022<\/a><\/li>\n<li><a href=\"https:\/\/www2.uepg.br\/propesp\/wp-content\/uploads\/sites\/41\/2023\/06\/CALENDARIO-REUNIOES-CIBIO-2023.pdf\">CALEND\u00c1RIO REUNI\u00d5ES CIBIO 2023<\/a><\/li>\n<li><a href=\"https:\/\/www2.uepg.br\/propesp\/wp-content\/uploads\/sites\/41\/2024\/04\/Calendario-CIBIO24.pdf\">CALEND\u00c1RIO REUNI\u00d5ES CIBIO 2024<\/a><\/li>\n<li><a href=\"https:\/\/www2.uepg.br\/propesp\/wp-content\/uploads\/sites\/41\/2026\/02\/Calendario-Reunioes-CIBIO26.docx\">CALEND\u00c1RIO REUNI\u00d5ES CIBIO 2026<\/a><\/li>\n<\/ul>\n<p>&nbsp;<\/p>\n","protected":false},"excerpt":{"rendered":"<p>A Comiss\u00e3o Interna de Biosseguran\u00e7a\u00a0(CIBio) \u00e9 subordinada \u00e0 Comiss\u00e3o T\u00e9cnica Nacional de Biosseguran\u00e7a (CTNBio). Essa comiss\u00e3o objetiva garantir a vigil\u00e2ncia e monitoramento de todas as atividades que envolvam uso, conten\u00e7\u00e3o, transporte, produ\u00e7\u00e3o, manipula\u00e7\u00e3o e destina\u00e7\u00e3o de Organismos Geneticamente Modificados (OGM) na Universidade Estadual de Ponta Grossa. Sua atua\u00e7\u00e3o \u00e9 essencial para que todas as regras&nbsp;&hellip;<\/p>\n","protected":false},"author":24,"featured_media":0,"parent":260,"menu_order":0,"comment_status":"closed","ping_status":"closed","template":"","meta":[],"_links":{"self":[{"href":"https:\/\/www2.uepg.br\/propesp\/wp-json\/wp\/v2\/pages\/310"}],"collection":[{"href":"https:\/\/www2.uepg.br\/propesp\/wp-json\/wp\/v2\/pages"}],"about":[{"href":"https:\/\/www2.uepg.br\/propesp\/wp-json\/wp\/v2\/types\/page"}],"author":[{"embeddable":true,"href":"https:\/\/www2.uepg.br\/propesp\/wp-json\/wp\/v2\/users\/24"}],"replies":[{"embeddable":true,"href":"https:\/\/www2.uepg.br\/propesp\/wp-json\/wp\/v2\/comments?post=310"}],"version-history":[{"count":26,"href":"https:\/\/www2.uepg.br\/propesp\/wp-json\/wp\/v2\/pages\/310\/revisions"}],"predecessor-version":[{"id":5490,"href":"https:\/\/www2.uepg.br\/propesp\/wp-json\/wp\/v2\/pages\/310\/revisions\/5490"}],"up":[{"embeddable":true,"href":"https:\/\/www2.uepg.br\/propesp\/wp-json\/wp\/v2\/pages\/260"}],"wp:attachment":[{"href":"https:\/\/www2.uepg.br\/propesp\/wp-json\/wp\/v2\/media?parent=310"}],"curies":[{"name":"wp","href":"https:\/\/api.w.org\/{rel}","templated":true}]}}