{"id":429,"date":"2019-11-08T14:57:15","date_gmt":"2019-11-08T17:57:15","guid":{"rendered":"http:\/\/www2.uepg.br\/propesp\/?page_id=429"},"modified":"2026-02-23T13:15:04","modified_gmt":"2026-02-23T16:15:04","slug":"pos-graduacao","status":"publish","type":"page","link":"https:\/\/www2.uepg.br\/propesp\/pos-graduacao\/","title":{"rendered":"P\u00d3S-GRADUA\u00c7\u00c3O"},"content":{"rendered":"<h4 style=\"text-align: center\"><strong>DIRETORIA DE P\u00d3S-GRADUA\u00c7\u00c3O<\/strong><\/h4>\n<p style=\"text-align: center\">Diretora de P\u00f3s-Gradua\u00e7\u00e3o &#8211; Prof\u00aa Dr\u00aa Simone de F\u00e1tima Flach<\/p>\n<p style=\"text-align: center\">Telefone: 3220-3789<\/p>\n<p style=\"text-align: center\">E-mail: dpg@uepg.br<\/p>\n<p>&nbsp;<\/p>\n<h4 style=\"text-align: center\"><strong>DIVIS\u00c3O DE P\u00d3S-GRADUA\u00c7\u00c3O STRICTO SENSU<\/strong><\/h4>\n<p style=\"text-align: center\">Karla Cristine Falc\u00e3o de Souza &#8211; Assessora PROPESP<\/p>\n<p style=\"text-align: center\">Selma Josette Silveira Debtil<\/p>\n<p style=\"text-align: center\">Telefone: 3220-3261\u00a0 <img loading=\"lazy\" class=\"alignnone wp-image-4045\" src=\"https:\/\/www2.uepg.br\/propesp\/wp-content\/uploads\/sites\/41\/2024\/08\/WhatsApp-Image-2024-08-22-at-11.56.24.jpeg\" alt=\"\" width=\"20\" height=\"20\" \/><\/p>\n<p style=\"text-align: center\">E-mail: dpg@uepg.br<\/p>\n<p>&nbsp;<\/p>\n<h4 style=\"text-align: center\"><strong>DIVIS\u00c3O DE P\u00d3S-GRADUA\u00c7\u00c3O LATO SENSU<\/strong><\/h4>\n<p style=\"text-align: center\">Chefe da Divis\u00e3o de P\u00f3s-Gradua\u00e7\u00e3o \u2013 Prof. Dr. Ulisses Coelho<\/p>\n<p style=\"text-align: center\">Telefone: 3220-3282<\/p>\n<p style=\"text-align: center\">E-mail: propespsecretaria@uepg.br<\/p>\n<p>&nbsp;<\/p>\n<h4 style=\"text-align: center\"><strong>SECRETARIA ACAD\u00caMICA DE P\u00d3S-GRADUA\u00c7\u00c3O STRICTO SENSU<\/strong><\/h4>\n<p style=\"text-align: center\">Alycia Sassaki de Mendon\u00e7a<\/p>\n<p style=\"text-align: center\">Jo\u00e3o Rafael dos Santos da Rosa<\/p>\n<p style=\"text-align: center\">Telefone: 3220-3150<\/p>\n<p style=\"text-align: center\">E-mail: sapgs@uepg.br<\/p>\n<p>&nbsp;<\/p>\n<h4 style=\"text-align: center\"><strong>SECRETARIA DE P\u00d3S-GRADUA\u00c7\u00c3O LATO SENSU<\/strong><\/h4>\n<p style=\"text-align: center\">Yasmin Adriano Delbone<\/p>\n<p style=\"text-align: center\">Rafaela de Mello<\/p>\n<p style=\"text-align: center\">Telefone: 3220-3282 <img loading=\"lazy\" class=\"alignnone wp-image-4045\" src=\"https:\/\/www2.uepg.br\/propesp\/wp-content\/uploads\/sites\/41\/2024\/08\/WhatsApp-Image-2024-08-22-at-11.56.24.jpeg\" alt=\"\" width=\"20\" height=\"20\" \/><\/p>\n<p style=\"text-align: center\">Email: propespsecretaria@uepg.br<\/p>\n<p>&nbsp;<\/p>\n","protected":false},"excerpt":{"rendered":"<p>DIRETORIA DE P\u00d3S-GRADUA\u00c7\u00c3O Diretora de P\u00f3s-Gradua\u00e7\u00e3o &#8211; Prof\u00aa Dr\u00aa Simone de F\u00e1tima Flach Telefone: 3220-3789 E-mail: dpg@uepg.br &nbsp; DIVIS\u00c3O DE P\u00d3S-GRADUA\u00c7\u00c3O STRICTO SENSU Karla Cristine Falc\u00e3o de Souza &#8211; Assessora PROPESP Selma Josette Silveira Debtil Telefone: 3220-3261\u00a0 E-mail: dpg@uepg.br &nbsp; DIVIS\u00c3O DE P\u00d3S-GRADUA\u00c7\u00c3O LATO SENSU Chefe da Divis\u00e3o de P\u00f3s-Gradua\u00e7\u00e3o \u2013 Prof. Dr. Ulisses Coelho&nbsp;&hellip;<\/p>\n","protected":false},"author":24,"featured_media":0,"parent":0,"menu_order":0,"comment_status":"closed","ping_status":"closed","template":"","meta":[],"_links":{"self":[{"href":"https:\/\/www2.uepg.br\/propesp\/wp-json\/wp\/v2\/pages\/429"}],"collection":[{"href":"https:\/\/www2.uepg.br\/propesp\/wp-json\/wp\/v2\/pages"}],"about":[{"href":"https:\/\/www2.uepg.br\/propesp\/wp-json\/wp\/v2\/types\/page"}],"author":[{"embeddable":true,"href":"https:\/\/www2.uepg.br\/propesp\/wp-json\/wp\/v2\/users\/24"}],"replies":[{"embeddable":true,"href":"https:\/\/www2.uepg.br\/propesp\/wp-json\/wp\/v2\/comments?post=429"}],"version-history":[{"count":22,"href":"https:\/\/www2.uepg.br\/propesp\/wp-json\/wp\/v2\/pages\/429\/revisions"}],"predecessor-version":[{"id":4047,"href":"https:\/\/www2.uepg.br\/propesp\/wp-json\/wp\/v2\/pages\/429\/revisions\/4047"}],"wp:attachment":[{"href":"https:\/\/www2.uepg.br\/propesp\/wp-json\/wp\/v2\/media?parent=429"}],"curies":[{"name":"wp","href":"https:\/\/api.w.org\/{rel}","templated":true}]}}