{"id":466,"date":"2025-04-22T12:41:29","date_gmt":"2025-04-22T15:41:29","guid":{"rendered":"http:\/\/www2.uepg.br\/propesp\/?page_id=466"},"modified":"2025-05-07T11:18:36","modified_gmt":"2025-05-07T14:18:36","slug":"lato-sensu","status":"publish","type":"page","link":"https:\/\/www2.uepg.br\/propesp\/pos-graduacao\/lato-sensu\/","title":{"rendered":"Lato Sensu"},"content":{"rendered":"<div id=\"pl-466\"  class=\"panel-layout\"><div id=\"pg-466-0\"  class=\"panel-grid panel-no-style\"><div id=\"pgc-466-0-0\"  class=\"panel-grid-cell\"><div id=\"panel-466-0-0-0\" class=\"so-panel widget widget_sow-features panel-first-child panel-last-child\" data-index=\"0\"><div\n\t\t\t\n\t\t\tclass=\"so-widget-sow-features so-widget-sow-features-default-3a7b3ea6ce63-466\">\n<div class=\"sow-features-list sow-features-responsive\">\n\n\t\t\t\t\t\t<div\n\t\t\t\tclass=\"sow-features-feature sow-icon-container-position-top sow-features-feature-last-row\"\n\t\t\t\tstyle=\"display: flex; flex-direction: column; float: left; width: 100%;\">\n\n\t\t\t\t\t\t\t\t\t<a\n\t\t\t\t\t\thref=\"https:\/\/acad.apps.uepg.br\/inicio\"\n\t\t\t\t\t\ttarget=\"_blank\" rel=\"noopener noreferrer\">\n\t\t\t\t\t\t\t\t<div\n\t\t\t\t\tclass=\"sow-icon-container sow-container-rounded-square\"\n                    style=\"color: #81d742; \"\n\t\t\t\t\ttitle=\"Sistema ACAD - Inscri\u00e7\u00e3o e Matr\u00edcula\">\n\t\t\t\t\t<span class=\"sow-icon-elegantline\" data-sow-icon=\"&#xe002;\"\n\t\tstyle=\"font-size: 60px; color: #fff\" \n\t\taria-hidden=\"true\"><\/span>\t\t\t\t<\/div>\n\t\t\t\t\t\t\t\t\t<\/a>\n\t\t\t\t\n\t\t\t\t<div class=\"textwidget\">\n\t\t\t\t\t\n\t\t\t\t\t\n\t\t\t\t\t\t\t\t\t\t\t<p class=\"sow-more-text\">\n\t\t\t\t\t\t\t<a href=\"https:\/\/acad.apps.uepg.br\/inicio\" target=\"_blank\" rel=\"noopener noreferrer\">\t\t\t\t\t\t\tSistema ACAD - Inscri\u00e7\u00e3o e Matr\u00edcula\t\t\t\t\t\t\t<\/a>\t\t\t\t\t\t<\/p>\n\t\t\t\t\t\t\t\t\t<\/div>\n\t\t\t\t\t\t\t<\/div>\n\n\t\t\t\n<\/div>\n<\/div><\/div><\/div><\/div><div id=\"pg-466-1\"  class=\"panel-grid panel-no-style\"><div id=\"pgc-466-1-0\"  class=\"panel-grid-cell\"><div id=\"panel-466-1-0-0\" class=\"so-panel widget widget_sow-accordion panel-first-child panel-last-child\" data-index=\"1\"><div\n\t\t\t\n\t\t\tclass=\"so-widget-sow-accordion so-widget-sow-accordion-default-bb1ea54dbdcc-466\"><div>\n\t<div class=\"sow-accordion\">\n\t\t\t<div class=\"sow-accordion-panel\"\n\t\t\t data-anchor=\"inscri%c3%a7%c3%b5es-abertas_2025\">\n\t\t\t\t<div class=\"sow-accordion-panel-header-container\" role=\"heading\" aria-level=\"2\">\n\t\t\t\t\t<div class=\"sow-accordion-panel-header\" tabindex=\"0\" role=\"button\" id=\"accordion-label-inscri%c3%a7%c3%b5es-abertas_2025\" aria-controls=\"accordion-content-inscri%c3%a7%c3%b5es-abertas_2025\" aria-expanded=\"false\">\n\t\t\t\t\t\t<div class=\"sow-accordion-title sow-accordion-title-icon-left\">\n\t\t\t\t\t\t\t\t\t\t\t\t\t\tInscri\u00e7\u00f5es Abertas_2025\t\t\t\t\t\t\t\t\t\t\t\t\t<\/div>\n\t\t\t\t\t\t<div class=\"sow-accordion-open-close-button\">\n\t\t\t\t\t\t\t<div class=\"sow-accordion-open-button\">\n\t\t\t\t\t\t\t\t<span class=\"sow-icon-ionicons\" data-sow-icon=\"&#xf218;\"\n\t\t \n\t\taria-hidden=\"true\"><\/span>\t\t\t\t\t\t\t<\/div>\n\t\t\t\t\t\t\t<div class=\"sow-accordion-close-button\">\n\t\t\t\t\t\t\t\t<span class=\"sow-icon-ionicons\" data-sow-icon=\"&#xf209;\"\n\t\t \n\t\taria-hidden=\"true\"><\/span>\t\t\t\t\t\t\t<\/div>\n\t\t\t\t\t\t<\/div>\n\t\t\t\t\t<\/div>\n\t\t\t\t<\/div>\n\n\t\t\t<div\n\t\t\t\tclass=\"sow-accordion-panel-content\"\n\t\t\t\trole=\"region\"\n\t\t\t\taria-labelledby=\"accordion-label-inscri%c3%a7%c3%b5es-abertas_2025\"\n\t\t\t\tid=\"accordion-content-inscri%c3%a7%c3%b5es-abertas_2025\"\n\t\t\t\tstyle=\"display: none;\">\n\t\t\t\t<div class=\"sow-accordion-panel-border\" tabindex=\"0\">\n\t\t\t\t\t<h4 class=\"card-title\">Habita\u00e7\u00e3o e Desenvolvimento Urbano 2025 2\u00aa Edi\u00e7\u00e3o<\/h4>\n<p><a href=\"https:\/\/www2.uepg.br\/propesp\/wp-content\/uploads\/sites\/41\/2025\/04\/Edital_de_abertura_-_Habita_-_2BA_edicao.docx_assinado-1.pdf\">Edital de Abertura<\/a><\/p>\n<p><a href=\"https:\/\/institutohabita.com.br\/pos-graduacao\/\">P\u00e1gina PPG_Habita\u00e7\u00e3o e Desenvolvimento Urbano<\/a><\/p>\n<p><u>Data de in\u00edcio de inscri\u00e7\u00e3o:<\/u>\u00a011\/04\/2025<br \/>\n<u>Data final de inscri\u00e7\u00e3o:<\/u>\u00a009\/06\/2025<\/p>\n<p>Inscreva-se <a href=\"https:\/\/acad.apps.uepg.br\/inicio\">AQUI<\/a><\/p>\n<h4><\/h4><\/div><\/div><\/div><\/div><\/div><\/div><\/div><\/div><\/div><\/div><p> <a href=\"https:\/\/www2.uepg.br\/propesp\/pos-graduacao\/lato-sensu\/#more-466\" class=\"more-link\">Leia mais<\/a><\/p>","protected":false},"excerpt":{"rendered":"<p>Sistema ACAD &#8211; Inscri\u00e7\u00e3o e Matr\u00edcula Inscri\u00e7\u00f5es Abertas_2025 Habita\u00e7\u00e3o e Desenvolvimento Urbano 2025 2\u00aa Edi\u00e7\u00e3o Edital de Abertura P\u00e1gina PPG_Habita\u00e7\u00e3o e Desenvolvimento Urbano Data de in\u00edcio de inscri\u00e7\u00e3o:\u00a011\/04\/2025 Data final de inscri\u00e7\u00e3o:\u00a009\/06\/2025 Inscreva-se AQUI Leia mais<\/p>\n","protected":false},"author":24,"featured_media":4649,"parent":429,"menu_order":0,"comment_status":"closed","ping_status":"closed","template":"","meta":[],"_links":{"self":[{"href":"https:\/\/www2.uepg.br\/propesp\/wp-json\/wp\/v2\/pages\/466"}],"collection":[{"href":"https:\/\/www2.uepg.br\/propesp\/wp-json\/wp\/v2\/pages"}],"about":[{"href":"https:\/\/www2.uepg.br\/propesp\/wp-json\/wp\/v2\/types\/page"}],"author":[{"embeddable":true,"href":"https:\/\/www2.uepg.br\/propesp\/wp-json\/wp\/v2\/users\/24"}],"replies":[{"embeddable":true,"href":"https:\/\/www2.uepg.br\/propesp\/wp-json\/wp\/v2\/comments?post=466"}],"version-history":[{"count":54,"href":"https:\/\/www2.uepg.br\/propesp\/wp-json\/wp\/v2\/pages\/466\/revisions"}],"predecessor-version":[{"id":4735,"href":"https:\/\/www2.uepg.br\/propesp\/wp-json\/wp\/v2\/pages\/466\/revisions\/4735"}],"up":[{"embeddable":true,"href":"https:\/\/www2.uepg.br\/propesp\/wp-json\/wp\/v2\/pages\/429"}],"wp:featuredmedia":[{"embeddable":true,"href":"https:\/\/www2.uepg.br\/propesp\/wp-json\/wp\/v2\/media\/4649"}],"wp:attachment":[{"href":"https:\/\/www2.uepg.br\/propesp\/wp-json\/wp\/v2\/media?parent=466"}],"curies":[{"name":"wp","href":"https:\/\/api.w.org\/{rel}","templated":true}]}}