{"id":508,"date":"2019-11-11T14:51:46","date_gmt":"2019-11-11T17:51:46","guid":{"rendered":"http:\/\/www2.uepg.br\/propesp\/?page_id=508"},"modified":"2022-07-01T09:55:02","modified_gmt":"2022-07-01T12:55:02","slug":"engenharia-e-ciencia-de-materiais","status":"publish","type":"page","link":"https:\/\/www2.uepg.br\/propesp\/pos-graduacao\/cursos\/engenharia-e-ciencia-de-materiais\/","title":{"rendered":"Engenharia e Ci\u00eancia de Materiais"},"content":{"rendered":"<p align=\"justify\"><a href=\"https:\/\/www2.uepg.br\/propesp\/wp-content\/uploads\/sites\/41\/2019\/11\/selIMG_9051-735x400.jpg\"><img loading=\"lazy\" class=\" wp-image-509 aligncenter\" src=\"https:\/\/www2.uepg.br\/propesp\/wp-content\/uploads\/sites\/41\/2019\/11\/selIMG_9051-735x400-300x163.jpg\" alt=\"\" width=\"565\" height=\"307\" srcset=\"https:\/\/www2.uepg.br\/propesp\/wp-content\/uploads\/sites\/41\/2019\/11\/selIMG_9051-735x400-300x163.jpg 300w, https:\/\/www2.uepg.br\/propesp\/wp-content\/uploads\/sites\/41\/2019\/11\/selIMG_9051-735x400.jpg 735w\" sizes=\"(max-width: 565px) 100vw, 565px\" \/><\/a><\/p>\n<p align=\"justify\">O programa de P\u00f3s-Gradua\u00e7\u00e3o em Engenharia e Ci\u00eancia de Materiais (PPGECM), foi o primeiro programa da Universidade Estadual de Ponta Grossa (UEPG) a receber reconhecimento pela Capes, em 2001. O mestrado foi institu\u00eddo no ano anterior, 2000, enquanto o doutorado foi criado em 2016. O programa recebe conceito 4.<\/p>\n<p align=\"justify\">Com \u00e1rea de concentra\u00e7\u00e3o em Desenvolvimento e Caracteriza\u00e7\u00e3o de Materiais, seu objetivo \u00e9 formar profissionais aptos e capacitados para doc\u00eancia e pesquisa, recursos humanos e m\u00e3o de obra para ind\u00fastrias, bem como disseminar e produzir conhecimentos t\u00e9cnicos e cient\u00edficos sobre caracteriza\u00e7\u00e3o e desenvolvimento de materiais.<\/p>\n<p align=\"justify\">O corpo docente \u00e9 constitu\u00eddo por 16 professores, sendo 12 permanentes e 4 colaboradores. O programa recebe visita do professor Glenn Christopher Mather, membro do Instituto de Cer\u00e1mica y Vidrio, da Espanha. Os professores do programa s\u00e3o provenientes de v\u00e1rios campos. Al\u00e9m de engenheiros de materiais, s\u00e3o engenheiros qu\u00edmicos, qu\u00edmicos, f\u00edsicos, matem\u00e1ticos, engenheiros mec\u00e2nicos e engenheiros civis. As pesquisas realizadas abrangem diversas especificidades, como metalurgia, cer\u00e2micas, pol\u00edmeros, materiais lignocelul\u00f3sicos, entre outros.<\/p>\n<p align=\"justify\">Muitas pesquisas recebem destaque por impactarem na sociedade e terem gerado patentes. Al\u00e9m disso, algumas delas resultam em parcerias com empresas e ind\u00fastrias para o desenvolvimento dos produtos. O PPGECM \u00e9 um dos maiores geradores de patentes da universidade, tendo feito 18 dep\u00f3sitos nos \u00faltimos quatro anos. Isso representa mais de 20% de todos os dep\u00f3sitos feitos pela UEPG. Entre os exemplos, est\u00e3o a patente de um cimento geopolim\u00e9rico desenvolvido a partir da reciclagem de vidros, pelo professor Sidnei Pianaro. O material pode ser utilizado na constru\u00e7\u00e3o civil, e \u00e9 financiado por uma ind\u00fastria da regi\u00e3o. J\u00e1 o professor Andr\u00e9 Carvalho foi respons\u00e1vel pela primeira patente internacional da UEPG, em 2013, com o desenvolvimento de tubos \u00e0 base de grafeno para transporte de combust\u00edveis.<\/p>\n<p align=\"justify\">Entre projetos premiados, est\u00e3o os trabalhos da professora Adriana Chinelatto e do professor Lu\u00eds Antonio Pinheiro. O primeiro recebeu pr\u00eamio no Congresso Brasileiro de Cer\u00e2mica, e consiste em uma pesquisa sobre reutiliza\u00e7\u00e3o de areia de fundi\u00e7\u00e3o para produzir cer\u00e2micas. J\u00e1 o segundo recebeu duas premia\u00e7\u00f5es, uma nacional e outra internacional, com o desenvolvimento de nanocelulose para utiliza\u00e7\u00e3o em ind\u00fastrias de materiais, farmac\u00eauticas e automobil\u00edsticas, entre outras.<\/p>\n<blockquote>\n<h4 align=\"justify\">\u201cO PPGECM \u00e9 um dos maiores geradores de patentes da universidade, tendo feito 18 dep\u00f3sitos nos \u00faltimos quatro anos\u201d<\/h4>\n<\/blockquote>\n<p align=\"justify\">O PPGECM tamb\u00e9m tem atividades de internacionaliza\u00e7\u00e3o. S\u00e3o diversas parcerias com institui\u00e7\u00f5es dos Estados Unidos, Canad\u00e1, Fran\u00e7a e Portugal, entre outros pa\u00edses. Al\u00e9m disso, os estudantes podem participar do Programa de Alian\u00e7as para a Educa\u00e7\u00e3o e a Capacita\u00e7\u00e3o (PAEC), da Organiza\u00e7\u00e3o dos Estados Americanos (OEA), que fornece bolsas de estudo para diversos pa\u00edses da Am\u00e9rica Latina. Os professores fazem uma triagem dos estudantes para indic\u00e1-los ao interc\u00e2mbio, e a sele\u00e7\u00e3o final \u00e9 feita pela OEA. Atualmente, a UEPG recebe um aluno colombiano, e na metade do ano deve integrar outra estudante do pa\u00eds.<a href=\"https:\/\/www2.uepg.br\/propesp\/wp-content\/uploads\/sites\/41\/2019\/11\/IMG_9084-300x247.jpg\"><img loading=\"lazy\" class=\"alignright wp-image-510\" src=\"https:\/\/www2.uepg.br\/propesp\/wp-content\/uploads\/sites\/41\/2019\/11\/IMG_9084-300x247-300x247.jpg\" alt=\"\" width=\"270\" height=\"222\" \/><\/a><\/p>\n<p align=\"justify\">Os alunos da gradua\u00e7\u00e3o em Engenharia de Materiais s\u00e3o beneficiados com\u00a0a estrutura laboratorial comum e por terem a oportunidade de participar de projetos de pesquisa com coordena\u00e7\u00e3o dos p\u00f3s-graduandos. Os professores do programa conseguem obter mais recursos para suas pesquisas, que se convertem na aquisi\u00e7\u00e3o de equipamentos e insumos tamb\u00e9m utilizados na gradua\u00e7\u00e3o e na extens\u00e3o. O programa disponibiliza um espa\u00e7o f\u00edsico bem estruturado, com laborat\u00f3rio de processamento cer\u00e2mico e sinteriza\u00e7\u00e3o, laborat\u00f3rio de processamento de pol\u00edmeros, laborat\u00f3rio de processamento de metais, e diversos equipamentos para caracteriza\u00e7\u00e3o f\u00edsico-qu\u00edmica, microestrutural e ensaios mec\u00e2nicos, entre outros. Os estudantes tamb\u00e9m podem usar o complexo de laborat\u00f3rios multiusu\u00e1rios (C-Labmu) da universidade.<\/p>\n<p align=\"justify\">A sele\u00e7\u00e3o para o programa \u00e9 feita semestralmente, assim como o in\u00edcio das turmas, por\u00e9m o fluxo de admiss\u00e3o \u00e9 cont\u00ednuo. Assim, em qualquer per\u00edodo que algum professor inicia um projeto e precisa formar uma equipe, candidatos podem ingressar no programa. O mestrado tem dura\u00e7\u00e3o de 24 meses, e o doutorado, de 48 meses.<\/p>\n<p align=\"justify\">Os ingressantes devem ser graduados em engenharia e ci\u00eancia de materiais ou \u00e1reas correlatas, semelhante aos professores participantes do programa. O PPGECM tamb\u00e9m recebe alunos especiais, como alguns provenientes de ind\u00fastrias da regi\u00e3o e profissionais graduados h\u00e1 algum tempo que desejam retomar os estudos. Atualmente, s\u00e3o 32 alunos regulares e 23 especiais no mestrado, enquanto no doutorado s\u00e3o 10 regulares e 11 especiais. Os egressos s\u00e3o professores universit\u00e1rios, pesquisadores e profissionais de empresas no Paran\u00e1 e outros estados do Brasil. Muitos buscam prosseguir ao doutorado.<\/p>\n<p align=\"justify\">Segundo o professor Lu\u00eds Antonio Pinheiro, os objetivos em longo prazo s\u00e3o melhorar o conceito na CAPES, aumentar o n\u00famero de professores bolsistas de produtividade e aumentar atividades de internacionaliza\u00e7\u00e3o. Tamb\u00e9m a consolida\u00e7\u00e3o do rec\u00e9m-criado curso de doutorado \u00e9 uma das prioridades do programa.<\/p>\n<h2 align=\"justify\">Linhas de pesquisa<\/h2>\n<p align=\"justify\"><strong><em>Caracteriza\u00e7\u00e3o de materiais<\/em><\/strong><\/p>\n<p align=\"justify\"><em>Esta linha de pesquisa busca a determina\u00e7\u00e3o das propriedades e caracter\u00edsticas dos materiais por meio de diversas t\u00e9cnicas (espectrosc\u00f3picas, t\u00e9rmicas, morfol\u00f3gicas, entre outras) em fun\u00e7\u00e3o de par\u00e2metros de processo ou composicionais. Est\u00e1 relacionada tamb\u00e9m com o desenvolvimento de t\u00e9cnicas para caracterizar propriedades espec\u00edficas dos materiais.<\/em><\/p>\n<p align=\"justify\"><strong><em>Processamento de materiais<\/em><\/strong><\/p>\n<p align=\"justify\"><em>Alguns aspectos relevantes desta linha s\u00e3o: o estudo da influ\u00eancia do processamento em propriedades e caracter\u00edsticas dos materiais; o desenvolvimento de novas t\u00e9cnicas de processo e obten\u00e7\u00e3o de produtos; e a otimiza\u00e7\u00e3o de par\u00e2metros operacionais com a finalidade de se atingir uma caracter\u00edstica espec\u00edfica para o material de estudo.<\/em><\/p>\n<p align=\"justify\"><strong><em>Degrada\u00e7\u00e3o e meio ambiente<\/em><\/strong><\/p>\n<p align=\"justify\"><em>Relacionada ao estudo dos processos degradativos, como corros\u00e3o, biodegrada\u00e7\u00e3o e foto-oxida\u00e7\u00e3o, e as vari\u00e1veis que os determinam. Abrange pesquisas relacionadas ao impacto de materiais no meio ambiente e formas de preserv\u00e1-lo, como trabalhos relacionados \u00e0 utiliza\u00e7\u00e3o de res\u00edduos s\u00f3lidos n\u00e3o perigosos. Reciclagem e reutiliza\u00e7\u00e3o tamb\u00e9m podem ser pesquisados por essa linha.<\/em><\/p>\n<p align=\"justify\">Visite a p\u00e1gina do\u00a0<a href=\"https:\/\/www2.uepg.br\/posgradmat\/\">programa<\/a><\/p>\n","protected":false},"excerpt":{"rendered":"<p>O programa de P\u00f3s-Gradua\u00e7\u00e3o em Engenharia e Ci\u00eancia de Materiais (PPGECM), foi o primeiro programa da Universidade Estadual de Ponta Grossa (UEPG) a receber reconhecimento pela Capes, em 2001. O mestrado foi institu\u00eddo no ano anterior, 2000, enquanto o doutorado foi criado em 2016. O programa recebe conceito 4. Com \u00e1rea de concentra\u00e7\u00e3o em Desenvolvimento&nbsp;&hellip;<\/p>\n","protected":false},"author":24,"featured_media":0,"parent":488,"menu_order":0,"comment_status":"closed","ping_status":"closed","template":"","meta":[],"_links":{"self":[{"href":"https:\/\/www2.uepg.br\/propesp\/wp-json\/wp\/v2\/pages\/508"}],"collection":[{"href":"https:\/\/www2.uepg.br\/propesp\/wp-json\/wp\/v2\/pages"}],"about":[{"href":"https:\/\/www2.uepg.br\/propesp\/wp-json\/wp\/v2\/types\/page"}],"author":[{"embeddable":true,"href":"https:\/\/www2.uepg.br\/propesp\/wp-json\/wp\/v2\/users\/24"}],"replies":[{"embeddable":true,"href":"https:\/\/www2.uepg.br\/propesp\/wp-json\/wp\/v2\/comments?post=508"}],"version-history":[{"count":2,"href":"https:\/\/www2.uepg.br\/propesp\/wp-json\/wp\/v2\/pages\/508\/revisions"}],"predecessor-version":[{"id":2637,"href":"https:\/\/www2.uepg.br\/propesp\/wp-json\/wp\/v2\/pages\/508\/revisions\/2637"}],"up":[{"embeddable":true,"href":"https:\/\/www2.uepg.br\/propesp\/wp-json\/wp\/v2\/pages\/488"}],"wp:attachment":[{"href":"https:\/\/www2.uepg.br\/propesp\/wp-json\/wp\/v2\/media?parent=508"}],"curies":[{"name":"wp","href":"https:\/\/api.w.org\/{rel}","templated":true}]}}