{"id":512,"date":"2019-11-11T14:54:43","date_gmt":"2019-11-11T17:54:43","guid":{"rendered":"http:\/\/www2.uepg.br\/propesp\/?page_id=512"},"modified":"2019-11-11T14:54:43","modified_gmt":"2019-11-11T17:54:43","slug":"engenharia-sanitaria-e-ambiental","status":"publish","type":"page","link":"https:\/\/www2.uepg.br\/propesp\/pos-graduacao\/cursos\/engenharia-sanitaria-e-ambiental\/","title":{"rendered":"Engenharia Sanit\u00e1ria e Ambiental"},"content":{"rendered":"<header class=\"entry-header\">\n<div class=\"entry-meta\"><a href=\"https:\/\/www2.uepg.br\/propesp\/wp-content\/uploads\/sites\/41\/2019\/11\/IMG_6104-735x400.jpg\"><img loading=\"lazy\" class=\" wp-image-513 aligncenter\" src=\"https:\/\/www2.uepg.br\/propesp\/wp-content\/uploads\/sites\/41\/2019\/11\/IMG_6104-735x400-300x163.jpg\" alt=\"\" width=\"530\" height=\"288\" srcset=\"https:\/\/www2.uepg.br\/propesp\/wp-content\/uploads\/sites\/41\/2019\/11\/IMG_6104-735x400-300x163.jpg 300w, https:\/\/www2.uepg.br\/propesp\/wp-content\/uploads\/sites\/41\/2019\/11\/IMG_6104-735x400.jpg 735w\" sizes=\"(max-width: 530px) 100vw, 530px\" \/><\/a><\/div>\n<\/header>\n<div class=\"entry-content\">\n<p align=\"justify\">A Universidade Estadual de Ponta Grossa (UEPG), apesar de n\u00e3o ofertar gradua\u00e7\u00e3o em Engenharia Ambiental, oferta o curso de especializa\u00e7\u00e3o em Engenharia e Gest\u00e3o Ambiental periodicamente h\u00e1 v\u00e1rios anos. A partir do curso, surgiu a ideia de criar um mestrado na \u00e1rea. O problema \u00e9 que os professores do departamento de Engenharia Civil da universidade eram insuficientes para constituir um programa.<\/p>\n<p align=\"justify\">Assim, uma parceria entre UEPG e Universidade Estadual do Centro-Oeste (Unicentro), campus Irati, foi determinante para o surgimento do Programa de P\u00f3s-Gradua\u00e7\u00e3o em Engenharia Sanit\u00e1ria e Ambiental (PPGESA), em 2013. Isso porque a Unicentro oferta gradua\u00e7\u00e3o em Engenharia Ambiental e partilhava do mesmo interesse (mestrado) e do mesmo problema (departamento reduzido).<\/p>\n<p align=\"justify\">A \u00e1rea de concentra\u00e7\u00e3o do PPGESA \u00e9 Saneamento Ambiental e Recursos H\u00eddricos e o mestrado recebe conceito 3 pela Capes. Seu objetivo \u00e9 formar profissionais de alto n\u00edvel t\u00e9cnico-cient\u00edfico para a doc\u00eancia, pesquisa e mercado, bem como qualificar profissionais j\u00e1 atuantes em empresas e ind\u00fastrias do setor.<\/p>\n<p align=\"justify\">A colabora\u00e7\u00e3o entre as universidades produz bons resultados, pois abrange uma\u00a0regi\u00e3o maior, e proporciona a intera\u00e7\u00e3o entre pesquisadores e pesquisas das duas institui\u00e7\u00f5es. Os alunos de Ponta\u00a0Grossa participam de cursos em Irati e Guarapuava (sede da Unicentro), e vice-versa, e t\u00eam coorientadores no outro campus. Dependendo da linha de pesquisa ou projeto do aluno, ele deve cursar disciplinas tamb\u00e9m em Irati. A atual p\u00f3s-doutoranda do programa dividiu-se entre UEPG e Unicentro, desenvolvendo sua pesquisa em Ponta Grossa no ano passado e em Irati neste ano.<\/p>\n<p align=\"justify\">O programa envolve seis professores da UEPG,\u00a0sendo um deles colaborador;\u00a0e seis professores da Unicentro. O doutor Gabriel Carranza, da University of North Texas (UNT), participa do programa constantemente, ministrando aulas em ingl\u00eas. A parceria com a UNT vem desde o in\u00edcio do programa, possibilitando interc\u00e2mbio de pesquisas e conhecimentos, bem como docente e estudantil. No final de 2017, quatro alunos brasileiros devem passar uma semana no Texas, enquanto quatro estudantes da UNT ficam no Brasil pelo mesmo per\u00edodo. Outras atividades internacionais envolvem workshops em ingl\u00eas, com a presen\u00e7a de professores de outros pa\u00edses, o que incentiva os estudantes a participar de projetos ou estudar no exterior.<a href=\"https:\/\/www2.uepg.br\/propesp\/wp-content\/uploads\/sites\/41\/2019\/11\/selIMG_6230-183x300.jpg\"><img loading=\"lazy\" class=\"alignright  wp-image-514\" src=\"https:\/\/www2.uepg.br\/propesp\/wp-content\/uploads\/sites\/41\/2019\/11\/selIMG_6230-183x300-183x300.jpg\" alt=\"\" width=\"156\" height=\"256\" \/><\/a><\/p>\n<p align=\"justify\">Atualmente, o PPGESA possui em torno de 40 estudantes matriculados. No campus UEPG, s\u00e3o 18 alunos regulares e tr\u00eas em regime especial. A maioria dos ingressantes \u00e9 formada em faculdades de engenharia, e alguns deles s\u00e3o trabalhadores da Companhia de Saneamento do Paran\u00e1 (Sanepar). Muitos graduados em Engenharia Civil pela UEPG se interessam pelo mestrado, e muitos mestres prosseguem ao doutorado. Os funcion\u00e1rios da Sanepar costumam buscar apenas o mestrado.<\/p>\n<blockquote>\n<h4 align=\"justify\">\u201cA parceria com a UNT vem desde o in\u00edcio do programa, possibilitando interc\u00e2mbio de pesquisas e conhecimentos, bem como docente e estudantil\u201d<\/h4>\n<\/blockquote>\n<p align=\"justify\">O ingresso de engenheiros da Sanepar no programa tem trazido melhorias para a popula\u00e7\u00e3o ponta-grossense. Isso porque muitos dos estudos desenvolvidos por esses engenheiros s\u00e3o aplicados no processo de tratamento de \u00e1gua, j\u00e1 que eles buscam no mestrado pesquisas para resolver problemas enfrentados no trabalho. Como exemplo, a disserta\u00e7\u00e3o de Elaine Carvalho da Paz, que possibilitou o estabelecimento de uma esta\u00e7\u00e3o dentro da Sanepar para remover ferro e mangan\u00eas da \u00e1gua.<\/p>\n<p align=\"justify\">A Sanepar patrocina algumas iniciativas do programa, como o projeto de dessaniliza\u00e7\u00e3o de \u00e1gua feito na Praia de Leste, em Pontal do Paran\u00e1. A pesquisa usa tecnologias recentes e avan\u00e7adas, e tamb\u00e9m recebe recursos da Secretaria de Estado dos Estados Unidos. Duas estudantes do PPGESA fazem parte da equipe pesquisadora. O mestre Juliano Penteado de Almeida foi o primeiro participante do projeto (e do programa) a defender uma disserta\u00e7\u00e3o sobre o tema, mostrando a efici\u00eancia da ultrafiltra\u00e7\u00e3o e da osmose reversa para dessanilizar \u00e1gua salobra.<\/p>\n<p align=\"justify\">A estrutura do programa de p\u00f3s-gradua\u00e7\u00e3o \u00e9 composta por diversos laborat\u00f3rios, compartilhados com os graduandos, e instala\u00e7\u00f5es pr\u00f3prias, com destaque ao laborat\u00f3rio de saneamento e instala\u00e7\u00f5es hidr\u00e1ulicas. O bloco de Engenharia Civil, no campus Uvaranas, foi recentemente ampliado, adquirindo mais dois laborat\u00f3rios e uma sala para os alunos do mestrado.<\/p>\n<p align=\"justify\">Para a coordenadora do PPGESA, Giovana Wiechetek, o programa incentiva e d\u00e1 oportunidade para os egressos da gradua\u00e7\u00e3o de cursar um mestrado na universidade. Al\u00e9m disso, com uma p\u00f3s-gradua\u00e7\u00e3o, o departamento de Engenharia Civil recebe mais recursos financeiros para melhorar sua estrutura. Assim, o programa contribui com a qualifica\u00e7\u00e3o profissional dos engenheiros e traz melhorias tamb\u00e9m para a gradua\u00e7\u00e3o.<\/p>\n<p align=\"justify\">Como metas futuras, a principal \u00e9 instituir um doutorado e promover mais o curso. O programa deve ser avaliado pela primeira vez nesse ano, e Giovana espera um conceito melhor para possibilitar a cria\u00e7\u00e3o do doutorado. A coordenadora ressalta a import\u00e2ncia de angariar mais recursos para melhorar as instala\u00e7\u00f5es e adquirir mais equipamentos para o PPGESA. Outro objetivo \u00e9 o aumento do corpo docente, para abrir mais vagas de ingresso.<\/p>\n<p align=\"justify\">O Programa de P\u00f3s-Gradua\u00e7\u00e3o em Engenharia Sanit\u00e1ria e Ambiental abre turmas no in\u00edcio de cada ano, e recebe alunos especiais semestralmente. A dura\u00e7\u00e3o do mestrado \u00e9 de 24 meses. S\u00e3o aptos egressos de Engenharia Civil, Engenharia Ambiental, (Engenharia) Qu\u00edmica, Biologia, e \u00e1reas correlatas. A sele\u00e7\u00e3o \u00e9 feita atrav\u00e9s de prova escrita, entrevista e avalia\u00e7\u00e3o de curr\u00edculo. No \u00faltimo processo seletivo (2017), foram disponibilizadas 20 vagas.<\/p>\n<h2 align=\"justify\">Linhas de Pesquisa<\/h2>\n<p align=\"justify\"><strong><em>Tratamento de \u00c1gua de Abastecimento e \u00c1guas Residu\u00e1rias<\/em><\/strong><\/p>\n<p align=\"justify\"><em>Linha de pesquisa que envolve atividades pr\u00e1ticas, desenvolvimento e aplica\u00e7\u00e3o tecnologias e processos visando \u00e0 melhoria de projetos e opera\u00e7\u00e3o das unidades de tratamento de \u00e1gua de abastecimento ou \u00e1guas residu\u00e1rias. Respons\u00e1vel pelo tratamento de efluentes industriais, remo\u00e7\u00e3o de part\u00edculas e elementos da \u00e1gua, manuten\u00e7\u00e3o do equil\u00edbrio e controle da qualidade ambiental.<\/em><\/p>\n<p align=\"justify\"><strong><em>Recursos H\u00eddricos e Meio Ambiente<\/em><\/strong><\/p>\n<p align=\"justify\"><em>Estuda instrumentos, processos, m\u00e9todos e pol\u00edticas atrav\u00e9s de a\u00e7\u00e3o multidisciplinar, buscando o uso qualitativo e quantitativo dos recursos h\u00eddricos em harmonia com a preserva\u00e7\u00e3o do meio ambiente. Desenvolve e aplica metodologias para monitoramento e modelagem quantitativa e qualitativa para o aproveitamento integrado dos recursos h\u00eddricos. Pesquisas sobre qualidade do ar em processos industriais, quest\u00f5es geol\u00f3gicas e processos erosivos, para o controle da qualidade ambiental.<\/em><\/p>\n<p align=\"justify\">Visite a p\u00e1gina do\u00a0<a href=\"http:\/\/sites.uepg.br\/ppgesa\/index.html\">programa<\/a><\/p>\n<\/div>\n","protected":false},"excerpt":{"rendered":"<p>A Universidade Estadual de Ponta Grossa (UEPG), apesar de n\u00e3o ofertar gradua\u00e7\u00e3o em Engenharia Ambiental, oferta o curso de especializa\u00e7\u00e3o em Engenharia e Gest\u00e3o Ambiental periodicamente h\u00e1 v\u00e1rios anos. A partir do curso, surgiu a ideia de criar um mestrado na \u00e1rea. O problema \u00e9 que os professores do departamento de Engenharia Civil da universidade&nbsp;&hellip;<\/p>\n","protected":false},"author":24,"featured_media":0,"parent":488,"menu_order":0,"comment_status":"closed","ping_status":"closed","template":"","meta":[],"_links":{"self":[{"href":"https:\/\/www2.uepg.br\/propesp\/wp-json\/wp\/v2\/pages\/512"}],"collection":[{"href":"https:\/\/www2.uepg.br\/propesp\/wp-json\/wp\/v2\/pages"}],"about":[{"href":"https:\/\/www2.uepg.br\/propesp\/wp-json\/wp\/v2\/types\/page"}],"author":[{"embeddable":true,"href":"https:\/\/www2.uepg.br\/propesp\/wp-json\/wp\/v2\/users\/24"}],"replies":[{"embeddable":true,"href":"https:\/\/www2.uepg.br\/propesp\/wp-json\/wp\/v2\/comments?post=512"}],"version-history":[{"count":1,"href":"https:\/\/www2.uepg.br\/propesp\/wp-json\/wp\/v2\/pages\/512\/revisions"}],"predecessor-version":[{"id":515,"href":"https:\/\/www2.uepg.br\/propesp\/wp-json\/wp\/v2\/pages\/512\/revisions\/515"}],"up":[{"embeddable":true,"href":"https:\/\/www2.uepg.br\/propesp\/wp-json\/wp\/v2\/pages\/488"}],"wp:attachment":[{"href":"https:\/\/www2.uepg.br\/propesp\/wp-json\/wp\/v2\/media?parent=512"}],"curies":[{"name":"wp","href":"https:\/\/api.w.org\/{rel}","templated":true}]}}