{"id":532,"date":"2019-11-11T15:22:09","date_gmt":"2019-11-11T18:22:09","guid":{"rendered":"http:\/\/www2.uepg.br\/propesp\/?page_id=532"},"modified":"2019-11-11T15:22:09","modified_gmt":"2019-11-11T18:22:09","slug":"ciencias-biomedicas","status":"publish","type":"page","link":"https:\/\/www2.uepg.br\/propesp\/pos-graduacao\/cursos\/ciencias-biomedicas\/","title":{"rendered":"Ci\u00eancias Biom\u00e9dicas"},"content":{"rendered":"<p align=\"justify\"><a href=\"https:\/\/www2.uepg.br\/propesp\/wp-content\/uploads\/sites\/41\/2019\/11\/selIMG_7333-735x400.jpg\"><img loading=\"lazy\" class=\"size-full wp-image-533 aligncenter\" src=\"https:\/\/www2.uepg.br\/propesp\/wp-content\/uploads\/sites\/41\/2019\/11\/selIMG_7333-735x400.jpg\" alt=\"\" width=\"735\" height=\"400\" srcset=\"https:\/\/www2.uepg.br\/propesp\/wp-content\/uploads\/sites\/41\/2019\/11\/selIMG_7333-735x400.jpg 735w, https:\/\/www2.uepg.br\/propesp\/wp-content\/uploads\/sites\/41\/2019\/11\/selIMG_7333-735x400-300x163.jpg 300w\" sizes=\"(max-width: 735px) 100vw, 735px\" \/><\/a><\/p>\n<p align=\"justify\">O Programa de P\u00f3s-Gradua\u00e7\u00e3o em Ci\u00eancias Biom\u00e9dicas (PPGCB) foi criado em 2013, e recebe conceito 3 pela Capes. O programa \u00e9 classificado como Ci\u00eancias Biol\u00f3gicas 2, \u00e1rea que congrega em torno de 10% das pesquisas atualmente produzidas no pa\u00eds. Tem duas \u00e1reas de concentra\u00e7\u00e3o, com duas linhas de pesquisa cada, e uma linha de pesquisa comum.<\/p>\n<p align=\"justify\">A \u00e1rea de concentra\u00e7\u00e3o Biologia celular e molecular estuda o funcionamento e os mecanismos das c\u00e9lulas, o desenvolvimento celular e molecular normal e patol\u00f3gico. J\u00e1 a \u00e1rea Fisiologia e fisiopatologia estuda mecanismos fisiol\u00f3gicos e fisiopatol\u00f3gicos, bem como a inter-rela\u00e7\u00e3o dos sistemas.<\/p>\n<p align=\"justify\">O PPGCB tem como objetivo formar recursos humanos com qualifica\u00e7\u00e3o e compet\u00eancia para atuar na pesquisa b\u00e1sica e\/ou aplicada \u00e0 sa\u00fade bem como em doc\u00eancia. Para isso, busca capacitar os profissionais para o estudo dos processos fisiol\u00f3gicos e patol\u00f3gicos, aprofundando o conhecimento cient\u00edfico sobre processos celulares e moleculares. Os alunos do programa devem desenvolver habilidades de planejamento, an\u00e1lise, execu\u00e7\u00e3o e inova\u00e7\u00e3o em processos de produ\u00e7\u00e3o e prospec\u00e7\u00e3o de biof\u00e1rmacos e\/ou produtos naturais com atividades biol\u00f3gicas.<\/p>\n<p align=\"justify\">A estrutura laboratorial do PPGCB inclui laborat\u00f3rios do bloco M e do complexo multiusu\u00e1rio da UEPG (C-labmu), localizado no Centro Interdisciplinar de Pesquisa e P\u00f3s-Gradua\u00e7\u00e3o (CIPP). Segundo o coordenador do programa, prof. Jos\u00e9 Rosa Gomes, \u00e9 gra\u00e7as aos programas de p\u00f3s-gradua\u00e7\u00e3o e ao trabalho dos docentes que grande parte dos equipamentos pode ser adquirida. S\u00f3 assim, obt\u00eam-se verbas para aquisi\u00e7\u00e3o de equipamentos e reforma dos laborat\u00f3rios.<\/p>\n<p align=\"justify\">Os alunos da gradua\u00e7\u00e3o tamb\u00e9m s\u00e3o beneficiados pela estrutura, j\u00e1 que podem utilizar os mesmos laborat\u00f3rios e entrar em contato com diversos equipamentos. Muitas vezes, para incentivar o interesse pela pesquisa, esses estudantes s\u00e3o levados ao C-labmu, para conhecer os equipamentos mais complexos e as pesquisas desenvolvidas.<\/p>\n<p align=\"justify\">Os projetos de inicia\u00e7\u00e3o cient\u00edfica dos cursos correlatos s\u00e3o frequentemente ligados aos desenvolvidos na p\u00f3s-gradua\u00e7\u00e3o. Segundo o professor Jos\u00e9 Rosa Gomes, \u00e9 importante ressaltar que algumas pessoas come\u00e7am a participar de pesquisas no ensino m\u00e9dio (com a inicia\u00e7\u00e3o cient\u00edfica j\u00fanior \u2013 Pibic-Jr), continuam como pesquisadores na gradua\u00e7\u00e3o, e muitas vezes prosseguem na vida acad\u00eamica para o mestrado e doutorado.<a href=\"https:\/\/www2.uepg.br\/propesp\/wp-content\/uploads\/sites\/41\/2019\/11\/IMG_7311-293x300.jpg\"><img loading=\"lazy\" class=\"alignright wp-image-534 \" src=\"https:\/\/www2.uepg.br\/propesp\/wp-content\/uploads\/sites\/41\/2019\/11\/IMG_7311-293x300-293x300.jpg\" alt=\"\" width=\"238\" height=\"244\" \/><\/a><\/p>\n<blockquote>\n<h4 align=\"justify\">\u201cOs alunos do programa devem desenvolver\u00a0habilidades de planejamento, an\u00e1lise, execu\u00e7\u00e3o e inova\u00e7\u00e3o em processos de produ\u00e7\u00e3o e prospec\u00e7\u00e3o de biof\u00e1rmacos e\/ou produtos naturais com atividades biol\u00f3gicas\u201d<\/h4>\n<\/blockquote>\n<p align=\"justify\">O perfil do ingressante do programa s\u00e3o profissionais da \u00e1rea da sa\u00fade, graduados em cursos do setor de ci\u00eancias biol\u00f3gicas. (Ex: ci\u00eancias biol\u00f3gicas, medicina, odontologia, enfermagem, biomedicina, farm\u00e1cia, fisioterapia, educa\u00e7\u00e3o f\u00edsica). O conhecimento adquirido por eles vai para a comunidade, atrav\u00e9s de sua atua\u00e7\u00e3o fora da Academia. Muitos dos formados buscam o doutorado e tornam-se docentes ou pesquisadores. Essa qualifica\u00e7\u00e3o tende a contribuir para a melhor forma\u00e7\u00e3o profissional da regi\u00e3o, do estado e do pa\u00eds, conforme o local de trabalho de cada um.<\/p>\n<p align=\"justify\">O programa n\u00e3o tem atividades oficiais de internacionaliza\u00e7\u00e3o no momento, sendo essas parcerias pontuais entre professores e contato com institui\u00e7\u00f5es de outros pa\u00edses. Muitos docentes do PPGCB fizeram p\u00f3s-doutorado ou cursos de qualifica\u00e7\u00e3o no exterior. Os conv\u00eanios da UEPG, com diversas universidades da Am\u00e9rica Latina e do mundo, s\u00e3o uma possibilidade de interc\u00e2mbio para os mestrandos.<\/p>\n<p align=\"justify\">Como o PPGCB abrange um vasto campo da biologia, com duas \u00e1reas de concentra\u00e7\u00e3o, o conte\u00fado das pesquisas realizadas \u00e9 muito variado. Como exemplo, alguns trabalhos de destaque no PPGCB envolvem estudos neurol\u00f3gicos (em especial a doen\u00e7a de Parkinson), doen\u00e7as metab\u00f3licas (como obesidade e periodontite), estudos do desenvolvimento e diferencia\u00e7\u00e3o de \u00f3rg\u00e3os, e tamb\u00e9m pesquisas com produtos naturais, como a an\u00e1lise do efeito de determinadas plantas para a sa\u00fade. Existe a possibilidade de estudar alguns objetos pouco ou nunca investigados, e com car\u00e1ter inovador. Algumas pesquisas sobre prote\u00ednasdo leite maternoe caracteriza\u00e7\u00e3o de veneno de insetos (como vespa e aranha marrom) s\u00e3o realizadas no momento.<\/p>\n<p align=\"justify\">O corpo docente do programa \u00e9 composto por 14 professores permanentes, dos departamentos de Biologia Geral, Ci\u00eancias Farmac\u00eauticas, Ci\u00eancias M\u00e9dicas, An\u00e1lises Cl\u00ednicas, Educa\u00e7\u00e3o F\u00edsica e Biologia Estrutural, Gen\u00e9tica e Molecular. O corpo discente tem atualmente em torno de 20 alunos regulares.Em geral, a maioria dos ingressantes \u00e9 paranaense, mas alguns v\u00eam de outros estados.<\/p>\n<p align=\"justify\">Por ser um programa recente, o objetivo principal \u00e9 a consolida\u00e7\u00e3o, atrav\u00e9s da primeira avalia\u00e7\u00e3o da Capes ap\u00f3s seu in\u00edcio. A partir de ent\u00e3o, deve tra\u00e7ar novas metas para se fortalecer. Em m\u00e9dio e longo prazo, seu objetivo \u00e9 expandir-se e destacar-se mais, com a obten\u00e7\u00e3o de mais recursos e financiamentos para pesquisas e projetos, aumento do n\u00famero de bolsas de estudo e estabelecimento de parcerias internacionais.<\/p>\n<p align=\"justify\">A sele\u00e7\u00e3o \u00e9 feita anualmente, e consta de duas etapas: prova escrita e an\u00e1lise do curr\u00edculo Lattes. Para o regime regular, podem se inscrever graduados (ou concluintes) em cursos de ci\u00eancias da sa\u00fade e biol\u00f3gicas. Em geral, s\u00e3o disponibilizadas vagas para alunos em regime especial em disciplinas optativas.<\/p>\n<h2 align=\"justify\">Linhas de Pesquisa<\/h2>\n<p align=\"justify\"><strong>\u00c1rea de concentra\u00e7\u00e3o: Biologia Celular e Molecular<\/strong><\/p>\n<p align=\"justify\"><em><strong>Biologia Celular e Molecular do Desenvolvimento e de Processos Patol\u00f3gicos<\/strong><\/em><\/p>\n<p align=\"justify\"><em>Esta linha de pesquisa tem como objetivo estudar aspectos celulares tais como prolifera\u00e7\u00e3o, diferencia\u00e7\u00e3o, migra\u00e7\u00e3o, ades\u00e3o e morte celular durante o desenvolvimento animal e em modelos experimentais de patologia. Inclui tamb\u00e9m o entendimento de mol\u00e9culas envolvidas em ambos os processos.<\/em><\/p>\n<p align=\"justify\"><strong><em>Bioqu\u00edmica dos Processos Celulares<\/em><\/strong><\/p>\n<p align=\"justify\"><em>Nesta linha s\u00e3o estudados os eventos moleculares das intera\u00e7\u00f5es celulares, seja intera\u00e7\u00e3o c\u00e9lula-c\u00e9lula, c\u00e9lula-matriz extracelular ou com componentes ex\u00f3genos, tais como toxinas de animais pe\u00e7onhentos e de microrganismos.<\/em><\/p>\n<p align=\"justify\"><strong>\u00c1rea de concentra\u00e7\u00e3o: Fisiologia e Fisiopatologia<\/strong><\/p>\n<p align=\"justify\"><em><strong>Fisiopatologia do sistema nervoso central<\/strong><\/em><\/p>\n<p align=\"justify\"><em>Esta linha de pesquisa realiza estudos de doen\u00e7as cr\u00f4nico-degenerativas do sistema nervoso central, com \u00eanfase no tratamento e preven\u00e7\u00e3o.<\/em><\/p>\n<p align=\"justify\"><strong><em>Fisiopatologia do metabolismo e do sistema imune<\/em><\/strong><\/p>\n<p align=\"justify\"><em>Esta linha de pesquisa tem como objetivo investigar epidemiologia, diagn\u00f3stico, tratamento e preven\u00e7\u00e3o em doen\u00e7as metab\u00f3licas e inflamat\u00f3rias.<\/em><\/p>\n<p align=\"justify\"><strong>Linha de Pesquisa comum<\/strong><\/p>\n<p align=\"justify\"><em><strong>Compostos com atividades biol\u00f3gicas<\/strong><\/em><\/p>\n<p align=\"justify\"><em>Nesta linha de pesquisa, o objetivo \u00e9 fazer a avalia\u00e7\u00e3o toxicol\u00f3gica e farmacol\u00f3gica de extratos naturais (animal ou vegetal) e compostos sint\u00e9ticos em modelos in vitro e in vivo.<\/em><\/p>\n<p align=\"justify\">Visite a p\u00e1gina do\u00a0<a href=\"http:\/\/www.pitangui.uepg.br\/propesp\/ppgbiomedicas\/index.php\">programa<\/a><\/p>\n","protected":false},"excerpt":{"rendered":"<p>O Programa de P\u00f3s-Gradua\u00e7\u00e3o em Ci\u00eancias Biom\u00e9dicas (PPGCB) foi criado em 2013, e recebe conceito 3 pela Capes. O programa \u00e9 classificado como Ci\u00eancias Biol\u00f3gicas 2, \u00e1rea que congrega em torno de 10% das pesquisas atualmente produzidas no pa\u00eds. Tem duas \u00e1reas de concentra\u00e7\u00e3o, com duas linhas de pesquisa cada, e uma linha de pesquisa&nbsp;&hellip;<\/p>\n","protected":false},"author":24,"featured_media":0,"parent":488,"menu_order":0,"comment_status":"closed","ping_status":"closed","template":"","meta":[],"_links":{"self":[{"href":"https:\/\/www2.uepg.br\/propesp\/wp-json\/wp\/v2\/pages\/532"}],"collection":[{"href":"https:\/\/www2.uepg.br\/propesp\/wp-json\/wp\/v2\/pages"}],"about":[{"href":"https:\/\/www2.uepg.br\/propesp\/wp-json\/wp\/v2\/types\/page"}],"author":[{"embeddable":true,"href":"https:\/\/www2.uepg.br\/propesp\/wp-json\/wp\/v2\/users\/24"}],"replies":[{"embeddable":true,"href":"https:\/\/www2.uepg.br\/propesp\/wp-json\/wp\/v2\/comments?post=532"}],"version-history":[{"count":1,"href":"https:\/\/www2.uepg.br\/propesp\/wp-json\/wp\/v2\/pages\/532\/revisions"}],"predecessor-version":[{"id":535,"href":"https:\/\/www2.uepg.br\/propesp\/wp-json\/wp\/v2\/pages\/532\/revisions\/535"}],"up":[{"embeddable":true,"href":"https:\/\/www2.uepg.br\/propesp\/wp-json\/wp\/v2\/pages\/488"}],"wp:attachment":[{"href":"https:\/\/www2.uepg.br\/propesp\/wp-json\/wp\/v2\/media?parent=532"}],"curies":[{"name":"wp","href":"https:\/\/api.w.org\/{rel}","templated":true}]}}