{"id":536,"date":"2019-11-11T15:28:38","date_gmt":"2019-11-11T18:28:38","guid":{"rendered":"http:\/\/www2.uepg.br\/propesp\/?page_id=536"},"modified":"2019-11-11T15:28:38","modified_gmt":"2019-11-11T18:28:38","slug":"ciencias-farmaceuticas","status":"publish","type":"page","link":"https:\/\/www2.uepg.br\/propesp\/pos-graduacao\/cursos\/ciencias-farmaceuticas\/","title":{"rendered":"Ci\u00eancias Farmac\u00eauticas"},"content":{"rendered":"<p align=\"justify\"><a href=\"https:\/\/www2.uepg.br\/propesp\/wp-content\/uploads\/sites\/41\/2019\/11\/selIMG_8882-735x400.jpg\"><img loading=\"lazy\" class=\"size-full wp-image-538 aligncenter\" src=\"https:\/\/www2.uepg.br\/propesp\/wp-content\/uploads\/sites\/41\/2019\/11\/selIMG_8882-735x400.jpg\" alt=\"\" width=\"735\" height=\"400\" srcset=\"https:\/\/www2.uepg.br\/propesp\/wp-content\/uploads\/sites\/41\/2019\/11\/selIMG_8882-735x400.jpg 735w, https:\/\/www2.uepg.br\/propesp\/wp-content\/uploads\/sites\/41\/2019\/11\/selIMG_8882-735x400-300x163.jpg 300w\" sizes=\"(max-width: 735px) 100vw, 735px\" \/><\/a><\/p>\n<p align=\"justify\">O Programa de P\u00f3s-Gradua\u00e7\u00e3o em Ci\u00eancias Farmac\u00eauticas (PPGCF) \u00e9 uma associa\u00e7\u00e3o ampla com a Unicentro, surgida da parceria entre professores e pesquisadores das duas institui\u00e7\u00f5es. Criado em 2009, com o mestrado, instituiu o doutorado em 2015. O programa tem conceito 4 pela Capes.<\/p>\n<p align=\"justify\">O objetivo do PPGCF \u00e9 qualificar profissionais para doc\u00eancia, pesquisa, extens\u00e3o e inova\u00e7\u00e3o, bem como suprir uma demanda regional de recursos humanos na \u00e1rea de Farm\u00e1cia e An\u00e1lises Cl\u00ednicas. Para tanto, os estudantes do programa recebem forma\u00e7\u00e3o cient\u00edfica e tecnol\u00f3gica.<\/p>\n<p align=\"justify\">A \u00e1rea de concentra\u00e7\u00e3o do programa \u00e9 \u201cF\u00e1rmacos, Medicamentos e Bioci\u00eancias aplicadas \u00e0 Farm\u00e1cia\u201d. Essa \u00e1rea congrega estudos das propriedades dos f\u00e1rmacos e medicamentos, desenvolvimento de medicamentos e de sistemas de libera\u00e7\u00e3o de medicamentos, controle de qualidade e avalia\u00e7\u00e3o biol\u00f3gica, investiga\u00e7\u00e3o de processos fisiopatol\u00f3gicos, isolamento e caracteriza\u00e7\u00e3o de organismos patog\u00eanicos, entre outros. Com tr\u00eas linhas de pesquisa, \u00e9 frequente a intera\u00e7\u00e3o entre elas. A grande maioria das pesquisas realizadas precisa ser justificada com experimentos em animais e estudos de atividade, por exemplo, o que\u00a0as relaciona aos\u00a0 estudos de fisiopatologia.<\/p>\n<p align=\"justify\">O programa tem parcerias de pesquisa com outros programas da UEPG e tamb\u00e9m institui\u00e7\u00f5es de todo o pa\u00eds, e parcerias com pesquisadores do exterior. O trabalho \u00e9 articulado atrav\u00e9s dos professores do PPGCF com forma\u00e7\u00e3o em outros pa\u00edses, e voltado para projetos espec\u00edficos. Muitos professores publicam trabalhos em conjunto com os estrangeiros. Alguns docentes tamb\u00e9m participam de projetos de pesquisa de \u00e2mbito nacional. O programa recebe alunos estrangeiros, em especial da Am\u00e9rica Latina, e abre uma vaga a cada dois anos.<a href=\"https:\/\/www2.uepg.br\/propesp\/wp-content\/uploads\/sites\/41\/2019\/11\/selIMG_8925-300x290.jpg\"><img loading=\"lazy\" class=\"alignright  wp-image-537\" src=\"https:\/\/www2.uepg.br\/propesp\/wp-content\/uploads\/sites\/41\/2019\/11\/selIMG_8925-300x290.jpg\" alt=\"\" width=\"257\" height=\"248\" \/><\/a><\/p>\n<p align=\"justify\">Professores do PPGCF, em conjunto com seus orientandos, frequentemente geram patentes de desenvolvimento e libera\u00e7\u00e3o de medicamentos, linha de pesquisa com maior possibilidade tecnol\u00f3gica do programa. Algumas atividades realizadas geram impacto na sociedade, como o atendimento de pacientes com Alzheimer, feito em Guarapuava, para avaliar a nutri\u00e7\u00e3o e cogni\u00e7\u00e3o dessas pessoas. Tamb\u00e9m um grupo de pesquisa da USP de S\u00e3o Carlos estuda a press\u00e3o intracraniana atrav\u00e9s de um equipamento n\u00e3o-invasivoque o PPGCF desenvolveu.\u00a0\u00a0Institui\u00e7\u00f5es nacionais e internacionais tamb\u00e9m apoiam\u00a0muitas pesquisas.<\/p>\n<p align=\"justify\">O corpo docente do programa \u00e9 composto por 8 professores da UEPG e 8 da Unicentro. A maioria dos professores da UEPG atua nas linhas de pesquisa de desenvolvimento de f\u00e1rmacos e uso de produtos naturais. Muitos tamb\u00e9m trabalham com nanotecnologia e nanopart\u00edculas. V\u00e1rios docentes do PPGCF s\u00e3o p\u00f3s-doutores, e fizeram p\u00f3s-doutorado no exterior. Em rela\u00e7\u00e3o aos estudantes, no campus UEPG, s\u00e3o 19 alunos de mestrado, 18 de doutorado e 2 de p\u00f3s-doutorado. O programa n\u00e3o tem alunos em regime especial na universidade.<\/p>\n<blockquote>\n<h4 align=\"justify\">\u201cProfessores do PPGCF, em conjunto com seus orientandos, frequentemente geram patentes de desenvolvimento e libera\u00e7\u00e3o de medicamentos\u201d<\/h4>\n<\/blockquote>\n<p align=\"justify\">O perfil do ingressante \u00e9 predominantemente farmac\u00eauticos. Nos primeiros anos do programa, a maioria dos estudantes era formada h\u00e1 algum tempo ou era composta por professores da UEPG. Hoje, muitos rec\u00e9m-formados ingressam no programa, vindos da pr\u00f3pria universidade e de v\u00e1rias outras. O programa tamb\u00e9m recebe graduados em outros cursos da \u00e1rea da sa\u00fade, como Biomedicina, Fisioterapia, Biologia e Enfermagem.<\/p>\n<p align=\"justify\">Entre os egressos, grande parte se tornam docentes de Ensino Superior, at\u00e9 mesmo na pr\u00f3pria institui\u00e7\u00e3o, como professores colaboradores. Em geral, prosseguem ao doutorado em institui\u00e7\u00f5es como UFPR e UFSC, e mais recentemente, no rec\u00e9m-criado doutorado do PPGCF. Nem todos os egressos atuam como professores: alguns foram para o mercado de trabalho ou aprovados em concursos p\u00fablicos diversos.<\/p>\n<p align=\"justify\">O programa tem uma rela\u00e7\u00e3o pr\u00f3xima com os estudantes de gradua\u00e7\u00e3o, pautada principalmente pela inicia\u00e7\u00e3o cient\u00edfica (IC) e pelo uso comum dos laborat\u00f3rios. Muitas pesquisas desenvolvidas pelos p\u00f3s-graduandos geram projetos de IC e, consequentemente, os mestrandos e doutorandos est\u00e3o envolvidos na orienta\u00e7\u00e3o dos graduandos. Atrav\u00e9s do laborat\u00f3rio multiusu\u00e1rio, usado por diversos programas da universidade, alunos de diversas gradua\u00e7\u00f5es e p\u00f3s-gradua\u00e7\u00f5es podem entrar em contato. Tamb\u00e9m o est\u00e1gio nos laborat\u00f3rios \u00e9 uma chance para os estudantes do PPGCF interagirem com os graduandos.<\/p>\n<p align=\"justify\">O espa\u00e7o f\u00edsico do programa conta com uma ampla estrutura, incluindo laborat\u00f3rios multiusu\u00e1rios, que s\u00e3o usados simultaneamente por v\u00e1rios PPGs da universidade. Os equipamentos s\u00e3o obtidos atrav\u00e9s de financiamentos de pesquisas obtidos em n\u00edvel estadual e federal. Alguns exemplos s\u00e3o: spray dryer, cit\u00f4metro de fluxo e espectrofot\u00f4metro de placa. Cada pesquisador do programa tem um espa\u00e7o laboratorial pr\u00f3prio.<\/p>\n<p align=\"justify\">Em m\u00e9dio e longo prazo, o objetivo \u00e9 aumentar o conceito do programa na Capes, e crescer em recursos, n\u00famero de vagas, equipamentos e bolsas de estudo. A sele\u00e7\u00e3o para o PPGCF \u00e9 feita anualmente, intercalando-se o local da prova do Mestrado entre Ponta Grossa e Guarapuava. S\u00e3o avaliados os conhecimentos em Farm\u00e1cia e o n\u00edvel de Ingl\u00eas. A an\u00e1lise do curr\u00edculo Lattes \u00e9 etapa comum para o Mestrado e Doutorado, e todos os candidatos devem entrar em contato pr\u00e9vio com o orientador de seu interesse. Para o Doutorado n\u00e3o h\u00e1 prova, mas defesa do projeto de pesquisa.<\/p>\n<h2 align=\"justify\"><strong>Linhas de Pesquisa<\/strong><\/h2>\n<p align=\"justify\"><strong><em>Avalia\u00e7\u00e3o Qu\u00edmica e Biol\u00f3gica de Produtos Naturais<\/em><\/strong><\/p>\n<p align=\"justify\"><em>Pesquisas voltadas para o isolamento e a caracteriza\u00e7\u00e3o de compostos qu\u00edmicos de origem natural; e o estudo fitoqu\u00edmico, a investiga\u00e7\u00e3o de aspectos taxon\u00f4micos e a avalia\u00e7\u00e3o in vitro\/in vivo de produtos naturais.<\/em><\/p>\n<p align=\"justify\"><strong><em>Avalia\u00e7\u00e3o Cl\u00ednico\/Laboratorial de Processos Fisiopatol\u00f3gicos\u00a0<\/em><\/strong><\/p>\n<p align=\"justify\"><em>Linha de pesquisa que visa o isolamento e a caracteriza\u00e7\u00e3o de organismos patog\u00eanicos (bact\u00e9rias, fungos e parasitas) em amostras biol\u00f3gicas; a avalia\u00e7\u00e3o laboratorial de xenobi\u00f3ticos; e a avalia\u00e7\u00e3o laboratorial de processos fisiopatol\u00f3gicos.<\/em><\/p>\n<p align=\"justify\"><strong><em>Desenvolvimento e Controle de F\u00e1rmacos, Medicamentos e Correlatos<\/em><\/strong><\/p>\n<p align=\"justify\"><em>Esta linha tem como objetivo a pesquisa e o desenvolvimento de novos f\u00e1rmacos e novos medicamentos; o desenvolvimento de sistemas coloidais para incorpora\u00e7\u00e3o de f\u00e1rmacos (nanopart\u00edculas, lipossomas e microemuls\u00f5es); e o controle da qualidade de f\u00e1rmacos, medicamentos e insumos farmac\u00eauticos.<\/em><\/p>\n<p align=\"justify\">Visite a p\u00e1gina do\u00a0<a href=\"https:\/\/www3.unicentro.br\/ppgcf\/\">programa<\/a><\/p>\n","protected":false},"excerpt":{"rendered":"<p>O Programa de P\u00f3s-Gradua\u00e7\u00e3o em Ci\u00eancias Farmac\u00eauticas (PPGCF) \u00e9 uma associa\u00e7\u00e3o ampla com a Unicentro, surgida da parceria entre professores e pesquisadores das duas institui\u00e7\u00f5es. Criado em 2009, com o mestrado, instituiu o doutorado em 2015. O programa tem conceito 4 pela Capes. O objetivo do PPGCF \u00e9 qualificar profissionais para doc\u00eancia, pesquisa, extens\u00e3o e&nbsp;&hellip;<\/p>\n","protected":false},"author":24,"featured_media":0,"parent":488,"menu_order":0,"comment_status":"closed","ping_status":"closed","template":"","meta":[],"_links":{"self":[{"href":"https:\/\/www2.uepg.br\/propesp\/wp-json\/wp\/v2\/pages\/536"}],"collection":[{"href":"https:\/\/www2.uepg.br\/propesp\/wp-json\/wp\/v2\/pages"}],"about":[{"href":"https:\/\/www2.uepg.br\/propesp\/wp-json\/wp\/v2\/types\/page"}],"author":[{"embeddable":true,"href":"https:\/\/www2.uepg.br\/propesp\/wp-json\/wp\/v2\/users\/24"}],"replies":[{"embeddable":true,"href":"https:\/\/www2.uepg.br\/propesp\/wp-json\/wp\/v2\/comments?post=536"}],"version-history":[{"count":1,"href":"https:\/\/www2.uepg.br\/propesp\/wp-json\/wp\/v2\/pages\/536\/revisions"}],"predecessor-version":[{"id":539,"href":"https:\/\/www2.uepg.br\/propesp\/wp-json\/wp\/v2\/pages\/536\/revisions\/539"}],"up":[{"embeddable":true,"href":"https:\/\/www2.uepg.br\/propesp\/wp-json\/wp\/v2\/pages\/488"}],"wp:attachment":[{"href":"https:\/\/www2.uepg.br\/propesp\/wp-json\/wp\/v2\/media?parent=536"}],"curies":[{"name":"wp","href":"https:\/\/api.w.org\/{rel}","templated":true}]}}