{"id":540,"date":"2019-11-11T15:31:07","date_gmt":"2019-11-11T18:31:07","guid":{"rendered":"http:\/\/www2.uepg.br\/propesp\/?page_id=540"},"modified":"2019-11-11T15:31:07","modified_gmt":"2019-11-11T18:31:07","slug":"odontologia","status":"publish","type":"page","link":"https:\/\/www2.uepg.br\/propesp\/pos-graduacao\/cursos\/odontologia\/","title":{"rendered":"Odontologia"},"content":{"rendered":"<p align=\"justify\"><a href=\"https:\/\/www2.uepg.br\/propesp\/wp-content\/uploads\/sites\/41\/2019\/11\/selIMG_9936-735x400.jpg\"><img loading=\"lazy\" class=\"size-full wp-image-542 aligncenter\" src=\"https:\/\/www2.uepg.br\/propesp\/wp-content\/uploads\/sites\/41\/2019\/11\/selIMG_9936-735x400.jpg\" alt=\"\" width=\"735\" height=\"400\" srcset=\"https:\/\/www2.uepg.br\/propesp\/wp-content\/uploads\/sites\/41\/2019\/11\/selIMG_9936-735x400.jpg 735w, https:\/\/www2.uepg.br\/propesp\/wp-content\/uploads\/sites\/41\/2019\/11\/selIMG_9936-735x400-300x163.jpg 300w\" sizes=\"(max-width: 735px) 100vw, 735px\" \/><\/a><\/p>\n<p align=\"justify\">O programa de P\u00f3s-Gradua\u00e7\u00e3o em Odontologia (PPGO) teve in\u00edcio em 2002, com o Mestrado. O Doutorado foi estabelecido em 2009, fazendo da Universidade Estadual de Ponta Grossa (UEPG) a primeira universidade p\u00fablica do Paran\u00e1 a ofertar Doutorado em Odontologia. O programa recebe conceito 5 pela Capes.<\/p>\n<p align=\"justify\">O objetivo do PPGO \u00e9 formar mestres e doutores qualificados para ensino, pesquisa e extens\u00e3o, bem como produzir conhecimentos t\u00e9cnicos e cient\u00edficos que contribuam para o estudo da sa\u00fade bucal, o tratamento de doen\u00e7as, a an\u00e1lise de materiais e suas aplica\u00e7\u00f5es, bem como seu desenvolvimento.<\/p>\n<p align=\"justify\">O programa tem duas \u00e1reas de concentra\u00e7\u00e3o: Cl\u00ednica Integrada e Dent\u00edstica Restauradora. A primeira \u00e9 voltada para epidemiologia, diagn\u00f3stico e interven\u00e7\u00e3o em sa\u00fade bucal. A segunda foi idealizada por professores que ingressaram no departamento de Odontologia e desenvolvem pesquisas na \u00e1rea, integrando-se \u00e0 p\u00f3s-gradua\u00e7\u00e3o. Seu foco \u00e9 o estudo de restaura\u00e7\u00f5es, resinas, adesivos e clareamento dental.<\/p>\n<p align=\"justify\">Muitas patentes s\u00e3o desenvolvidas pelo PPGO, relacionadas a novas formula\u00e7\u00f5es. O programa se destaca no Estado do Paran\u00e1 por essa caracter\u00edstica. Em m\u00e9dia, \u00e9 gerada uma patente por turma, ou seja, s\u00e3o feitos dep\u00f3sitos anualmente. Uma pesquisa de destaque \u00e9 sobre a remo\u00e7\u00e3o parcial de c\u00e1ries \u2013 m\u00e9todo de m\u00ednima interven\u00e7\u00e3o, conceito novo na \u00e1rea de odontologia. Esta pesquisa gerou 6 trabalhos no doutorado, que foram publicados em revistas importantes. Na p\u00f3s-gradua\u00e7\u00e3o, s\u00e3o feitas pesquisas sobre uso de determinados materiais, estudo longitudinal de restaura\u00e7\u00f5es, produ\u00e7\u00e3o de adesivos e clareamento dental, por exemplo.<\/p>\n<p align=\"justify\">Os estudantes do programa s\u00e3o incentivados a participar de congressos e eventos de pesquisa nacionais e internacionais, como os organizados pela International Association for Dental Research (IADR) e pela Sociedade Brasileira de Pesquisa Odontol\u00f3gica (SBPqO), e geralmente recebem pr\u00eamios e men\u00e7\u00f5es honrosas. Em 2014, a doutora formada pelo PPGO, Yasmine Mendes Pupo recebeu o pr\u00eamio Capes-Interfarma de Inova\u00e7\u00e3o e Pesquisa como melhor tese, concorrendo com trabalhos de todo o pa\u00eds.<a href=\"https:\/\/www2.uepg.br\/propesp\/wp-content\/uploads\/sites\/41\/2019\/11\/IMG_9905-300x263.jpg\"><img loading=\"lazy\" class=\"alignright size-full wp-image-541\" src=\"https:\/\/www2.uepg.br\/propesp\/wp-content\/uploads\/sites\/41\/2019\/11\/IMG_9905-300x263.jpg\" alt=\"\" width=\"300\" height=\"263\" \/><\/a><\/p>\n<p align=\"justify\">As atividades de internacionaliza\u00e7\u00e3o do PPGO trazem destaque para o programa. Recentemente, o professor Jo\u00e3o Carlos Gomes coorientou uma tese de doutorado desenvolvida em uma universidade portuguesa. Esta primeira experi\u00eancia de cotutela pode abrir caminho para parcerias semelhantes. Muitos professores participam de pesquisas multic\u00eantricas, que envolvem diversas institui\u00e7\u00f5es do pa\u00eds e do mundo. S\u00e3o parcerias tanto na Am\u00e9rica Latina quanto na Europa, e com pesquisadores dos Estados Unidos e do Jap\u00e3o. O programa recebe muitos alunos estrangeiros, principalmente latino-americanos. Estes alunos retornam a seus pa\u00edses de origem com um bom curr\u00edculo e ingressam na carreira docente.<\/p>\n<p align=\"justify\">Os egressos que atuam no exterior contribu\u00edram para o estabelecimento de uma parceria de pesquisa que integra alunos e professores do PPGO com alunos e professores de universidades do Peru, Chile e Col\u00f4mbia. O professor Jo\u00e3o Carlos ministra um curso em Portugal, e o professor Alessandro Dourado Logu\u00e9rcio ministra cursos no Chile e na Col\u00f4mbia. Tamb\u00e9m um grupo de alunos do Peru visita o programa anualmente para um curso de imers\u00e3o, com aulas ministradas pelos estudantes do PPGO. O evento j\u00e1 teve quatro edi\u00e7\u00f5es.<\/p>\n<blockquote>\n<h4 align=\"justify\">\u201cMuitos professores participam de pesquisas multic\u00eantricas, que envolvem diversas institui\u00e7\u00f5es do pa\u00eds\u00a0e do mundo\u201d<\/h4>\n<\/blockquote>\n<p align=\"justify\">A estrutura laboratorial do programa inclui oito laborat\u00f3rios do PPGO, e espa\u00e7os como Cl\u00ednica Odontol\u00f3gica, Banco de Dentes, Centro de radiologia e de esteriliza\u00e7\u00e3o. Os alunos tamb\u00e9m podem utilizar os equipamentos do Complexo de Laborat\u00f3rios Multiusu\u00e1rios (C-Labmu) da UEPG. Essa (Boa) estrutura possibilita o desenvolvimento de diversas pesquisas na universidade, inclusive aquelas feitas em conjunto com outras universidades da Am\u00e9rica Latina.<\/p>\n<p align=\"justify\">O corpo docente \u00e9 composto por 17 docentes, sendo 15 permanentes e dois colaboradores. No total, o programa tem 62 alunos, sendo 36 de doutorado e 26 de mestrado. Atualmente, tem 15 alunos em regime especial, divididos entre duas disciplinas. O n\u00famero de vagas para disciplinas isoladas \u00e9 vari\u00e1vel, e h\u00e1 muita demanda. O programa tem dois alunos de p\u00f3s-doutorado.<\/p>\n<p align=\"justify\">O perfil do ingressante \u00e9 geralmente um aluno que participou de inicia\u00e7\u00e3o cient\u00edfica na gradua\u00e7\u00e3o. A maioria \u00e9 formado na UEPG, mas alguns s\u00e3o provenientes de outras institui\u00e7\u00f5es e de pa\u00edses da Am\u00e9rica Latina. Muitos ingressantes do mestrado prosseguem ao doutorado na pr\u00f3pria universidade. Os egressos, em geral, t\u00eam boa inser\u00e7\u00e3o no mercado de trabalho, tanto como professores colaboradores quanto como docentes de carreira, atuando na UEPG, UEL, UFPR e UFMA, por exemplo. Alguns se tornaram professores de cursos de especializa\u00e7\u00e3o ou ministram cursos na \u00e1rea de Odontologia. A professora Denise Wambier, coordenadora do PPGO, acredita que isso chama a aten\u00e7\u00e3o e \u00e9 sinal que os profissionais saem bem qualificados do programa.<\/p>\n<p align=\"justify\">A p\u00f3s-gradua\u00e7\u00e3o e a gradua\u00e7\u00e3o em Odontologia est\u00e3o em contato direto atrav\u00e9s da Inicia\u00e7\u00e3o Cient\u00edfica (IC). Os alunos do programa s\u00e3o coorientadores das pesquisas dos graduandos, e s\u00e3o usados os mesmos laborat\u00f3rios para desenvolv\u00ea-las. Uma das exig\u00eancias do programa \u00e9 que os professores tamb\u00e9m se dediquem \u00e0 gradua\u00e7\u00e3o e orientem ICs. Conhecimentos disseminados no PPGO frequentemente chegam aos graduandos, atrav\u00e9s dos est\u00e1gios de mestrandos e doutorandos nas salas de aula e das pr\u00f3prias atividades de ensino dos docentes.<\/p>\n<p align=\"justify\">Em m\u00e9dio e longo prazo, o programa pretende aumentar seu conceito na Capes para 5. Depois disso, para se manter e continuar melhorando, pretende incrementar a produ\u00e7\u00e3o cient\u00edfica, com mais publica\u00e7\u00f5es em revistas deQualis A, ampliar o corpo docente, manter o n\u00edvel de internacionaliza\u00e7\u00e3o e expandir-se ainda mais. Outra meta \u00e9 desenvolver e fortalecer a rela\u00e7\u00e3o com o ensino m\u00e9dio, nova exig\u00eancia da Capes para as p\u00f3s-gradua\u00e7\u00f5es. Os professores do PPGO j\u00e1 orientam alunos de Inicia\u00e7\u00e3o Cient\u00edfica J\u00fanior (Pibic-Jr), mas agora precisam pensar em novas formas de contribuir com a educa\u00e7\u00e3o b\u00e1sica.<\/p>\n<p align=\"justify\">O processo de sele\u00e7\u00e3o para o programa \u00e9 anual e inclui an\u00e1lise do curr\u00edculo Lattes, prova descritiva e prova de ingl\u00eas. No ato da inscri\u00e7\u00e3o o aluno deve indicar para qual \u00e1rea de concentra\u00e7\u00e3o e linha de pesquisa deseja concorrer.<\/p>\n<h2 align=\"justify\"><strong>Linhas de Pesquisa<\/strong><\/h2>\n<p align=\"justify\"><strong>\u00c1rea de Concentra\u00e7\u00e3o Cl\u00ednica Integrada<\/strong><\/p>\n<p align=\"justify\"><strong><em>Pr<\/em><em>opriedades F\u00edsico-Qu\u00edmicas e Biol\u00f3gicas de Materiais<\/em><\/strong><\/p>\n<p align=\"justify\"><em>Linha de pesquisa voltada para a avalia\u00e7\u00e3o de propriedades f\u00edsicas, mec\u00e2nicas e biol\u00f3gicas dos materiais utilizados na confec\u00e7\u00e3o de pr\u00f3teses, tanto fixas quanto remov\u00edveis (parciais e totais). Tamb\u00e9m estuda o uso de biomateriais em Odontologia.<\/em><\/p>\n<p align=\"justify\"><strong><em>Epidemiologia, Diagn\u00f3stico e Interven\u00e7\u00e3o em Sa\u00fade Bucal<\/em><\/strong><\/p>\n<p align=\"justify\"><em>Esta linha realiza estudos epidemiol\u00f3gicos da sa\u00fade no Brasil e estudos de m\u00ednima interven\u00e7\u00e3o em Odontologia.<\/em><\/p>\n<p align=\"justify\"><strong><em>Etiologia, Diagn\u00f3stico e Tratamento das Doen\u00e7as Bucais<\/em><\/strong><\/p>\n<p align=\"justify\"><em>Pesquisas sobre terap\u00eautica e preven\u00e7\u00e3o de doen\u00e7as infecciosas, avalia\u00e7\u00e3o de par\u00e2metros cl\u00ednicos e laboratoriais ap\u00f3s instrumenta\u00e7\u00e3o periodontal, bem como uso de fitoter\u00e1picos e produtos naturais e farmacologia aplicada \u00e0 Odontologia (aplica\u00e7\u00f5es b\u00e1sicas e cl\u00ednica).<\/em><\/p>\n<p align=\"justify\"><strong>\u00c1rea de Concentra\u00e7\u00e3o Dent\u00edstica Restauradora<\/strong><\/p>\n<p align=\"justify\"><em><strong>Propriedades F\u00edsico-Qu\u00edmicas e Biol\u00f3gicas de Materiais<\/strong><\/em><\/p>\n<p align=\"justify\"><em>Linha de pesquisa voltada para a avalia\u00e7\u00e3o de desempenho dos diferentes materiais restauradores, estudo das propriedades mec\u00e2nicas e de uni\u00e3o de sistemas adesivos aos substratos dentais, an\u00e1lise da influ\u00eancia dos diferentes sistemas de fotoativa\u00e7\u00e3o nos materiais polim\u00e9ricos e avalia\u00e7\u00e3o de retentores intrarradiculares. Inclui estudos in vitro sobre clareamento dental.<\/em><\/p>\n<p align=\"justify\"><strong><em>Pesquisa Cl\u00ednica em Odontologia<\/em><\/strong><\/p>\n<p align=\"justify\"><em>Desenvolve pesquisas de avalia\u00e7\u00e3o do desempenho cl\u00ednico dos materiais odontol\u00f3gicos, efetividade e efeitos adversos do clareamento dental e avalia\u00e7\u00e3o cl\u00ednica de t\u00e9cnicas e materiais restauradores em les\u00f5es cervicais n\u00e3o cariosas.<\/em><\/p>\n<p align=\"justify\">Visite a p\u00e1gina do\u00a0<a href=\"http:\/\/www.pitangui.uepg.br\/mestrados\/mestreodonto\/\">programa<\/a><\/p>\n","protected":false},"excerpt":{"rendered":"<p>O programa de P\u00f3s-Gradua\u00e7\u00e3o em Odontologia (PPGO) teve in\u00edcio em 2002, com o Mestrado. O Doutorado foi estabelecido em 2009, fazendo da Universidade Estadual de Ponta Grossa (UEPG) a primeira universidade p\u00fablica do Paran\u00e1 a ofertar Doutorado em Odontologia. O programa recebe conceito 5 pela Capes. O objetivo do PPGO \u00e9 formar mestres e doutores&nbsp;&hellip;<\/p>\n","protected":false},"author":24,"featured_media":0,"parent":488,"menu_order":0,"comment_status":"closed","ping_status":"closed","template":"","meta":[],"_links":{"self":[{"href":"https:\/\/www2.uepg.br\/propesp\/wp-json\/wp\/v2\/pages\/540"}],"collection":[{"href":"https:\/\/www2.uepg.br\/propesp\/wp-json\/wp\/v2\/pages"}],"about":[{"href":"https:\/\/www2.uepg.br\/propesp\/wp-json\/wp\/v2\/types\/page"}],"author":[{"embeddable":true,"href":"https:\/\/www2.uepg.br\/propesp\/wp-json\/wp\/v2\/users\/24"}],"replies":[{"embeddable":true,"href":"https:\/\/www2.uepg.br\/propesp\/wp-json\/wp\/v2\/comments?post=540"}],"version-history":[{"count":1,"href":"https:\/\/www2.uepg.br\/propesp\/wp-json\/wp\/v2\/pages\/540\/revisions"}],"predecessor-version":[{"id":543,"href":"https:\/\/www2.uepg.br\/propesp\/wp-json\/wp\/v2\/pages\/540\/revisions\/543"}],"up":[{"embeddable":true,"href":"https:\/\/www2.uepg.br\/propesp\/wp-json\/wp\/v2\/pages\/488"}],"wp:attachment":[{"href":"https:\/\/www2.uepg.br\/propesp\/wp-json\/wp\/v2\/media?parent=540"}],"curies":[{"name":"wp","href":"https:\/\/api.w.org\/{rel}","templated":true}]}}