{"id":595,"date":"2019-11-12T11:08:33","date_gmt":"2019-11-12T14:08:33","guid":{"rendered":"http:\/\/www2.uepg.br\/propesp\/?page_id=595"},"modified":"2025-08-01T14:47:25","modified_gmt":"2025-08-01T17:47:25","slug":"cpg-comissao-de-pos-graduacao","status":"publish","type":"page","link":"https:\/\/www2.uepg.br\/propesp\/pos-graduacao\/cpg-comissao-de-pos-graduacao\/","title":{"rendered":"CPG &#8211; Comiss\u00e3o de P\u00f3s-Gradua\u00e7\u00e3o"},"content":{"rendered":"<p style=\"text-align: center\">Prof Dr Ren\u00ea Francisco Hellman \u2013 Presidente<br \/>\n3220-3264<\/p>\n<p style=\"text-align: center\">Prof\u00aa Dr\u00aa Simone de F\u00e1tima Flach \u2013 Diretora de P\u00f3s-Gradua\u00e7\u00e3o<br \/>\n3220-3789<\/p>\n<p style=\"text-align: center\">Karla Cristine Falc\u00e3o de Souza \u2013 Assessora da Propesp<br \/>\n3220-3261<\/p>\n<p style=\"text-align: center\">Ana Fl\u00e1via Woicizack \u2013 Secretaria Stricto Sensu<br \/>\n3220-3150<\/p>\n<p style=\"text-align: center\">Neyde Fab\u00edola Balarezo Giarola<\/p>\n<p style=\"text-align: center\">Programa de P\u00f3s-Gradua\u00e7\u00e3o em Agronomia &#8211; mandato de 01\/05\/2025 a 30\/04\/2027<\/p>\n<p style=\"text-align: center\">3220-3738<\/p>\n<p style=\"text-align: center\">Pedro Henrique Weirich Neto<\/p>\n<p style=\"text-align: center\">\u00a0Programa de P\u00f3s-Gradua\u00e7\u00e3o em Bioenergia &#8211; mandato de 01\/08\/2024 a 31\/07\/2026<\/p>\n<p style=\"text-align: center\">2102-8118<\/p>\n<p style=\"text-align: center\">Aline Alberti<\/p>\n<p style=\"text-align: center\">Programa de P\u00f3s-Gradua\u00e7\u00e3o em Ci\u00eancia e Tecnologia de Alimentos &#8211; mandato de 01\/05\/2025 a 30\/04\/2027<br \/>\n3220-3093<\/p>\n<p style=\"text-align: center\">Antonio Marcos Batista<\/p>\n<p style=\"text-align: center\">Programa de P\u00f3s-Gradua\u00e7\u00e3o em Ci\u00eancias &#8211; mandato de 01\/10\/2024 a 30\/09\/2026<br \/>\n3220-3043<\/p>\n<p style=\"text-align: center\">Jesiane Stefania da Silva Batista<\/p>\n<p style=\"text-align: center\">Programa de P\u00f3s-Gradua\u00e7\u00e3o em Ci\u00eancias Biol\u00f3gicas &#8211; mandato de 01\/05\/2025 a 30\/04\/2027<br \/>\n3220-3157<\/p>\n<p style=\"text-align: center\">Danielle Cristyane Kalva<\/p>\n<p style=\"text-align: center\">Programa de P\u00f3s-Gradua\u00e7\u00e3o em Ci\u00eancias Biom\u00e9dicas &#8211; mandato de 01\/05\/2025 a 30\/04\/2027<br \/>\n2102-8159<\/p>\n<p style=\"text-align: center\">Juliana Bonametti Olivato<\/p>\n<p style=\"text-align: center\">Programa de P\u00f3s-Gradua\u00e7\u00e3o em Ci\u00eancias Farmac\u00eauticas &#8211; mandato de 01\/03\/2025 a 28\/02\/2027<br \/>\n3220-3337<\/p>\n<p style=\"text-align: center\">Fabiana Bucholdz Teixeira Alves<\/p>\n<p style=\"text-align: center\">Programa de P\u00f3s-Gradua\u00e7\u00e3o em Ci\u00eancias da Sa\u00fade &#8211; mandato de 01\/05\/2025 a 30\/04\/2027<br \/>\n3220-3793<\/p>\n<p style=\"text-align: center\">Lislei Teresinha Preuss<\/p>\n<p style=\"text-align: center\">Programa de P\u00f3s-Gradua\u00e7\u00e3o em Ci\u00eancias Sociais Aplicadas &#8211; mandato de 18\/04\/2024 a 17\/04\/2026<br \/>\n3220-3153<\/p>\n<p style=\"text-align: center\">Maria Salete Marcon Gomes Vaz<\/p>\n<p style=\"text-align: center\">Programa de P\u00f3s-Gradua\u00e7\u00e3o em Computa\u00e7\u00e3o Aplicada &#8211; mandato de 03\/05\/2024 a 02\/05\/2026<br \/>\n3220-3188<\/p>\n<p style=\"text-align: center\">Celso Jos\u00e9 Costa Junior<\/p>\n<p style=\"text-align: center\">Programa de P\u00f3s-Gradua\u00e7\u00e3o em Economia &#8211; mandato de 01\/05\/2025 a 30\/04\/2027<br \/>\n3220-3394<\/p>\n<p style=\"text-align: center\">Marilucia Antonia de Resende Peroza<\/p>\n<p style=\"text-align: center\">Programa de P\u00f3s-Gradua\u00e7\u00e3o em Educa\u00e7\u00e3o &#8211; mandato de 08\/05\/2025 a 07\/05\/2027<br \/>\n3220-3154<\/p>\n<p style=\"text-align: center\">Adriana Scoton Antonio Chinelatto<\/p>\n<p style=\"text-align: center\">PPG em Engenharia e Ci\u00eancia de Materiais &#8211; mandato de 01\/08\/2025 a 31\/07\/2027<br \/>\n3220-3160<\/p>\n<p style=\"text-align: center\">Carlos Emmanuel Ribeiro Lautenschl\u00e4ger<\/p>\n<p style=\"text-align: center\">PPG em Engenharia Sanit\u00e1ria e Ambiental &#8211; mandato de 01\/07\/2025 a 30\/06\/2027<br \/>\n2102-8167<\/p>\n<p style=\"text-align: center\">Leila In\u00eas Follmann Freire<\/p>\n<p style=\"text-align: center\">PPG em Ensino de Ci\u00eancias e Educa\u00e7\u00e3o Matem\u00e1tica &#8211; mandato de 01\/05\/2025 a 30\/04\/2027<br \/>\n2102-8197<\/p>\n<p style=\"text-align: center\">Karin Linete Hornes<\/p>\n<p style=\"text-align: center\">Programa de P\u00f3s-Gradua\u00e7\u00e3o em Geografia &#8211; mandato de 01\/05\/2024 a 30\/04\/2026<br \/>\n3220-3155<\/p>\n<p style=\"text-align: center\">Luis Fernando Cerri<\/p>\n<p style=\"text-align: center\">Programa de P\u00f3s-Gradua\u00e7\u00e3o em Hist\u00f3ria &#8211; mandato de 05\/02\/2025 a 06\/11\/2025<br \/>\n3220-3794<\/p>\n<p style=\"text-align: center\">Felipe Sim\u00e3o Pontes<\/p>\n<p style=\"text-align: center\">Programa de P\u00f3s-Gradua\u00e7\u00e3o em Jornalismo &#8211; mandato de 01\/05\/2025 a 30\/04\/2027<br \/>\n3220-3379<\/p>\n<p style=\"text-align: center\">Lucimar Araujo Braga<\/p>\n<p style=\"text-align: center\">Programa de P\u00f3s-Gradua\u00e7\u00e3o em Estudos da Linguagem &#8211; mandato de 12\/03\/2024 a 11\/03\/2026<br \/>\n3220-3321<\/p>\n<p style=\"text-align: center\">Nara Hellen Campanha Bombarda<\/p>\n<p style=\"text-align: center\">Programa de P\u00f3s-Gradua\u00e7\u00e3o em Odontologia &#8211; mandato de 01\/05\/2025 a 30\/04\/2027<br \/>\n3220-3741<\/p>\n<p style=\"text-align: center\">Jarem Raul Garcia<\/p>\n<p style=\"text-align: center\">Programa de P\u00f3s-Gradua\u00e7\u00e3o em Qu\u00edmica &#8211; Doutorado em Associa\u00e7\u00e3o &#8211; mandato de\u00a0 19\/07\/2025 a 31\/12\/2025<br \/>\n2102-8116<\/p>\n<p style=\"text-align: center\">Jacqueline Aparecida Marques<\/p>\n<p style=\"text-align: center\">Programa de P\u00f3s-Gradua\u00e7\u00e3o em Qu\u00edmica &#8211; mandato de 26\/10\/2023 a 25\/10\/2025<br \/>\n2102-8116<\/p>\n<p style=\"text-align: center\">Cheila Roberta Lehnen<\/p>\n<p style=\"text-align: center\">Programa de P\u00f3s-Gradua\u00e7\u00e3o em Zootecnia &#8211; mandato de 18\/05\/2025 a 17\/05\/2027<br \/>\n2102-8146<\/p>\n<p style=\"text-align: center\">Jeremias Borges da Silva<\/p>\n<p style=\"text-align: center\">Mestrado Profissional em Ensino de F\u00edsica (MNPEF) &#8211; mandato de 01\/05\/2025 a 30\/04\/2027<br \/>\n3220-3047<\/p>\n<p style=\"text-align: center\">Paulo Eduardo Dias de Mello<\/p>\n<p style=\"text-align: center\">Mestrado Profissional em Ensino de Hist\u00f3ria (PROFHIST\u00d3RIA) &#8211; mandato de 01\/05\/2025 a 30\/04\/2027<\/p>\n<p style=\"text-align: center\">Jos\u00e9 Trobia<\/p>\n<p style=\"text-align: center\">Mestrado Profissional em Matem\u00e1tica (PROFMAT) &#8211; mandato de 01\/05\/2025 a 30\/04\/2027<br \/>\n3220-3050<\/p>\n<p style=\"text-align: center\">Everson Manjinski<\/p>\n<p style=\"text-align: center\">Mestrado Profissional em Educa\u00e7\u00e3o Inclusiva (PROFEI) &#8211; mandato de 01\/05\/2025 a 30\/04\/2027<\/p>\n<p style=\"text-align: center\">2102-8676<\/p>\n<p style=\"text-align: center\">Jo\u00e3o Irineu de Resende Miranda<\/p>\n<p style=\"text-align: center\">Mestrado Profissional em Direito &#8211; PROFDIR &#8211; mandato de 13\/02\/2025 a 12\/02\/2027<\/p>\n<p style=\"text-align: center\">3220-3451<\/p>\n<p style=\"text-align: center\">\n","protected":false},"excerpt":{"rendered":"<p>Prof Dr Ren\u00ea Francisco Hellman \u2013 Presidente 3220-3264 Prof\u00aa Dr\u00aa Simone de F\u00e1tima Flach \u2013 Diretora de P\u00f3s-Gradua\u00e7\u00e3o 3220-3789 Karla Cristine Falc\u00e3o de Souza \u2013 Assessora da Propesp 3220-3261 Ana Fl\u00e1via Woicizack \u2013 Secretaria Stricto Sensu 3220-3150 Neyde Fab\u00edola Balarezo Giarola Programa de P\u00f3s-Gradua\u00e7\u00e3o em Agronomia &#8211; mandato de 01\/05\/2025 a 30\/04\/2027 3220-3738 Pedro Henrique&nbsp;&hellip;<\/p>\n","protected":false},"author":24,"featured_media":0,"parent":429,"menu_order":0,"comment_status":"closed","ping_status":"closed","template":"","meta":[],"_links":{"self":[{"href":"https:\/\/www2.uepg.br\/propesp\/wp-json\/wp\/v2\/pages\/595"}],"collection":[{"href":"https:\/\/www2.uepg.br\/propesp\/wp-json\/wp\/v2\/pages"}],"about":[{"href":"https:\/\/www2.uepg.br\/propesp\/wp-json\/wp\/v2\/types\/page"}],"author":[{"embeddable":true,"href":"https:\/\/www2.uepg.br\/propesp\/wp-json\/wp\/v2\/users\/24"}],"replies":[{"embeddable":true,"href":"https:\/\/www2.uepg.br\/propesp\/wp-json\/wp\/v2\/comments?post=595"}],"version-history":[{"count":49,"href":"https:\/\/www2.uepg.br\/propesp\/wp-json\/wp\/v2\/pages\/595\/revisions"}],"predecessor-version":[{"id":5116,"href":"https:\/\/www2.uepg.br\/propesp\/wp-json\/wp\/v2\/pages\/595\/revisions\/5116"}],"up":[{"embeddable":true,"href":"https:\/\/www2.uepg.br\/propesp\/wp-json\/wp\/v2\/pages\/429"}],"wp:attachment":[{"href":"https:\/\/www2.uepg.br\/propesp\/wp-json\/wp\/v2\/media?parent=595"}],"curies":[{"name":"wp","href":"https:\/\/api.w.org\/{rel}","templated":true}]}}