{"id":892,"date":"2019-12-11T10:55:09","date_gmt":"2019-12-11T13:55:09","guid":{"rendered":"http:\/\/www2.uepg.br\/propesp\/?page_id=892"},"modified":"2020-02-14T14:45:48","modified_gmt":"2020-02-14T17:45:48","slug":"eventos","status":"publish","type":"page","link":"https:\/\/www2.uepg.br\/propesp\/eventos\/","title":{"rendered":"Eventos"},"content":{"rendered":"<h3><\/h3>\n<h3 style=\"text-align: center\">AULA INAUGURAL DO PROGRAMA DE P\u00d3S-GRADUA\u00c7\u00c3O EM EDUCA\u00c7\u00c3O<\/h3>\n<h4 style=\"text-align: center\"><strong>&#8220;La educaci\u00f3n entre la norma de la igualdad y la norma del rendimiento: ciudadan\u00eda y mercado en Chile&#8221;\u00a0<\/strong><\/h4>\n<div><\/div>\n<div style=\"text-align: center\"><strong>Prof. Jorge Alarc\u00f3n Leiva<\/strong><\/div>\n<div style=\"text-align: center\"><strong>Universidad de Talca (Chile)<\/strong><\/div>\n<div style=\"text-align: center\"><\/div>\n<div style=\"text-align: center\"><strong>Dia: 05\/03\/2020<\/strong><\/div>\n<div style=\"text-align: center\"><strong>Hor\u00e1rio: 19 horas<\/strong><\/div>\n<div style=\"text-align: center\"><strong>Local: Grande Audit\u00f3rio &#8211; Campus Central<\/strong><\/div>\n<p>&nbsp;<\/p>\n<h4 style=\"text-align: center\"><\/h4>\n","protected":false},"excerpt":{"rendered":"<p>AULA INAUGURAL DO PROGRAMA DE P\u00d3S-GRADUA\u00c7\u00c3O EM EDUCA\u00c7\u00c3O &#8220;La educaci\u00f3n entre la norma de la igualdad y la norma del rendimiento: ciudadan\u00eda y mercado en Chile&#8221;\u00a0 Prof. Jorge Alarc\u00f3n Leiva Universidad de Talca (Chile) Dia: 05\/03\/2020 Hor\u00e1rio: 19 horas Local: Grande Audit\u00f3rio &#8211; Campus Central &nbsp;<\/p>\n","protected":false},"author":24,"featured_media":0,"parent":0,"menu_order":0,"comment_status":"closed","ping_status":"closed","template":"","meta":[],"_links":{"self":[{"href":"https:\/\/www2.uepg.br\/propesp\/wp-json\/wp\/v2\/pages\/892"}],"collection":[{"href":"https:\/\/www2.uepg.br\/propesp\/wp-json\/wp\/v2\/pages"}],"about":[{"href":"https:\/\/www2.uepg.br\/propesp\/wp-json\/wp\/v2\/types\/page"}],"author":[{"embeddable":true,"href":"https:\/\/www2.uepg.br\/propesp\/wp-json\/wp\/v2\/users\/24"}],"replies":[{"embeddable":true,"href":"https:\/\/www2.uepg.br\/propesp\/wp-json\/wp\/v2\/comments?post=892"}],"version-history":[{"count":16,"href":"https:\/\/www2.uepg.br\/propesp\/wp-json\/wp\/v2\/pages\/892\/revisions"}],"predecessor-version":[{"id":978,"href":"https:\/\/www2.uepg.br\/propesp\/wp-json\/wp\/v2\/pages\/892\/revisions\/978"}],"wp:attachment":[{"href":"https:\/\/www2.uepg.br\/propesp\/wp-json\/wp\/v2\/media?parent=892"}],"curies":[{"name":"wp","href":"https:\/\/api.w.org\/{rel}","templated":true}]}}