{"id":1071,"date":"2020-10-09T10:54:49","date_gmt":"2020-10-09T13:54:49","guid":{"rendered":"http:\/\/www2.uepg.br\/propan\/?page_id=1071"},"modified":"2025-09-12T09:19:16","modified_gmt":"2025-09-12T12:19:16","slug":"sinaes","status":"publish","type":"page","link":"https:\/\/www2.uepg.br\/proplan\/avaliacao-institucional\/gestao-de-avaliacao\/sinaes\/","title":{"rendered":"SINAES"},"content":{"rendered":"<h1 style=\"text-align: center\"><a href=\"http:\/\/portal.inep.gov.br\/web\/guest\/sinaes\" target=\"_blank\" rel=\"noopener noreferrer\">Legisla\u00e7\u00e3o<\/a><\/h1>\n<p>&nbsp;<\/p>\n<h3 style=\"text-align: center\">O que \u00e9 SINAES?<\/h3>\n<div>\n<p style=\"text-align: justify\">\u00a0 \u00a0 \u00a0 \u00a0 \u00a0 \u00a0 \u00a0 \u00a0Criado pela lei n\u00ba 10.861\/2004, o Sistema Nacional de Avalia\u00e7\u00e3o da Educa\u00e7\u00e3o Superior \u2013 Sinaes tem por objetivo assegurar processo nacional de avalia\u00e7\u00e3o das institui\u00e7\u00f5es de educa\u00e7\u00e3o superior, dos cursos de gradua\u00e7\u00e3o e do desempenho acad\u00eamico dos estudantes. Dentre suas finalidades do SINAES: a melhoria da qualidade da educa\u00e7\u00e3o superior; a expans\u00e3o de sua oferta; o aumento permanente da sua efic\u00e1cia institucional e efetividade acad\u00eamica; a promo\u00e7\u00e3o do aprofundamento dos compromissos e responsabilidades sociais das institui\u00e7\u00f5es de educa\u00e7\u00e3o superior.<\/p>\n<h4><\/h4>\n<h4 style=\"text-align: left\">Componentes principais do Sistema:<\/h4>\n<p style=\"text-align: justify\">\u00a0 \u00a0 \u00a0 \u00a0 \u00a0 \u00a0 \u00a0 \u00a0O SINAES est\u00e1 fundamentado nas avalia\u00e7\u00f5es institucional, de cursos e de estudantes.<\/p>\n<h4><\/h4>\n<h4 style=\"text-align: left\">A Avalia\u00e7\u00e3o Institucional, interna e externa, considera 10 dimens\u00f5es:<\/h4>\n<ol style=\"text-align: justify\">\n<li>Miss\u00e3o e PDI<\/li>\n<li>Pol\u00edtica para o ensino, a pesquisa, a p\u00f3s-gradua\u00e7\u00e3o e a extens\u00e3o<\/li>\n<li>Responsabilidade social da IES<\/li>\n<li>Comunica\u00e7\u00e3o com a sociedade<\/li>\n<li>As pol\u00edticas de pessoal, as carreiras do corpo docente e t\u00e9cnico-administrativo<\/li>\n<li>Organiza\u00e7\u00e3o de gest\u00e3o da IES<\/li>\n<li>Infraestrutura f\u00edsica<\/li>\n<li>Planejamento de avalia\u00e7\u00e3o<\/li>\n<li>Pol\u00edticas de atendimento aos estudantes<\/li>\n<li>Sustentabilidade financeira<\/li>\n<\/ol>\n<\/div>\n<div>\n<h4><\/h4>\n<h4 style=\"text-align: left\">Avalia\u00e7\u00e3o dos cursos ser\u00e1 realizada analisando-se 3 dimens\u00f5es:<\/h4>\n<ol style=\"text-align: justify\">\n<li>Organiza\u00e7\u00e3o Did\u00e1tico Pedag\u00f3gica<\/li>\n<li>Perfil do Corpo Docente<\/li>\n<li>Instala\u00e7\u00f5es f\u00edsicas<\/li>\n<\/ol>\n<p style=\"text-align: justify\">\u00a0 \u00a0 \u00a0 \u00a0 \u00a0 \u00a0 \u00a0 \u00a0A avalia\u00e7\u00e3o dos estudantes, atrav\u00e9s do ENADE, ser\u00e1 aplicada periodicamente aos alunos de todos os cursos de gradua\u00e7\u00e3o, ao final do primeiro e do \u00faltimo ano de curso. A avalia\u00e7\u00e3o ser\u00e1 expressa por meio de conceitos, tomando por base padr\u00f5es m\u00ednimos estabelecidos por especialistas das diferentes \u00e1reas do conhecimento.<\/p>\n<p>&nbsp;<\/p>\n<\/div>\n<div>\n<h4 style=\"text-align: left\">Coletas de informa\u00e7\u00f5es:<\/h4>\n<ol>\n<li style=\"text-align: justify\">Censo da Educa\u00e7\u00e3o Superior (integrado ao SINAES e incluindo informa\u00e7\u00f5es sobre atividades de extens\u00e3o)<\/li>\n<li style=\"text-align: justify\">Cadastro de Cursos e Institui\u00e7\u00f5es (integrado ao SINAES)<\/li>\n<li style=\"text-align: justify\">CPA: Comiss\u00e3o Pr\u00f3pria de Avalia\u00e7\u00e3o (criadas nas IES com a atribui\u00e7\u00e3o de conduzir os processos de avalia\u00e7\u00e3o interna da institui\u00e7\u00e3o, de sistematiza\u00e7\u00e3o e de coleta de informa\u00e7\u00f5es)<\/li>\n<\/ol>\n<\/div>\n","protected":false},"excerpt":{"rendered":"<p>Legisla\u00e7\u00e3o &nbsp; O que \u00e9 SINAES? \u00a0 \u00a0 \u00a0 \u00a0 \u00a0 \u00a0 \u00a0 \u00a0Criado pela lei n\u00ba 10.861\/2004, o Sistema Nacional de Avalia\u00e7\u00e3o da Educa\u00e7\u00e3o Superior \u2013 Sinaes tem por objetivo assegurar processo nacional de avalia\u00e7\u00e3o das institui\u00e7\u00f5es de educa\u00e7\u00e3o superior, dos cursos de gradua\u00e7\u00e3o e do desempenho acad\u00eamico dos estudantes. Dentre suas finalidades do&nbsp;&hellip;<\/p>\n","protected":false},"author":204,"featured_media":0,"parent":1068,"menu_order":0,"comment_status":"closed","ping_status":"closed","template":"","meta":[],"_links":{"self":[{"href":"https:\/\/www2.uepg.br\/proplan\/wp-json\/wp\/v2\/pages\/1071"}],"collection":[{"href":"https:\/\/www2.uepg.br\/proplan\/wp-json\/wp\/v2\/pages"}],"about":[{"href":"https:\/\/www2.uepg.br\/proplan\/wp-json\/wp\/v2\/types\/page"}],"author":[{"embeddable":true,"href":"https:\/\/www2.uepg.br\/proplan\/wp-json\/wp\/v2\/users\/204"}],"replies":[{"embeddable":true,"href":"https:\/\/www2.uepg.br\/proplan\/wp-json\/wp\/v2\/comments?post=1071"}],"version-history":[{"count":9,"href":"https:\/\/www2.uepg.br\/proplan\/wp-json\/wp\/v2\/pages\/1071\/revisions"}],"predecessor-version":[{"id":3592,"href":"https:\/\/www2.uepg.br\/proplan\/wp-json\/wp\/v2\/pages\/1071\/revisions\/3592"}],"up":[{"embeddable":true,"href":"https:\/\/www2.uepg.br\/proplan\/wp-json\/wp\/v2\/pages\/1068"}],"wp:attachment":[{"href":"https:\/\/www2.uepg.br\/proplan\/wp-json\/wp\/v2\/media?parent=1071"}],"curies":[{"name":"wp","href":"https:\/\/api.w.org\/{rel}","templated":true}]}}