{"id":1198,"date":"2020-10-15T09:38:07","date_gmt":"2020-10-15T12:38:07","guid":{"rendered":"http:\/\/www2.uepg.br\/propan\/?page_id=1198"},"modified":"2020-10-15T09:47:21","modified_gmt":"2020-10-15T12:47:21","slug":"arcu-sul","status":"publish","type":"page","link":"https:\/\/www2.uepg.br\/proplan\/avaliacao-institucional\/gestao-de-avaliacao\/arcu-sul\/","title":{"rendered":"ARCU SUL"},"content":{"rendered":"<h1 class=\"uk-article-title\">o que \u00e9 ARCU-SUL<\/h1>\n<div>\n<p>O Sistema de Acredita\u00e7\u00e3o Regional de Cursos de Gradua\u00e7\u00e3o do MERCOSUL (ARCU-SUL) \u00e9 resultado de um Acordo entre os Ministros de Educa\u00e7\u00e3o do Brasil, Argentina, Paraguai, Uruguai, Bol\u00edvia e Chile, homologado pelo Conselho do Mercado Comum do MERCOSUL atrav\u00e9s da\u00a0<a class=\"modal_link cboxElement\" href=\"https:\/\/proplan.sites.uepg.br\/wp-content\/uploads\/2018\/04\/decisao_cmc_1708.pdf\" target=\"_blank\" rel=\"noopener noreferrer\" data-modal-title=\"Decis\u00e3o CMC n\u00ba 17\/08\" data-modal-iframe=\"true\" data-modal-width=\"95%\" data-modal-height=\"95%\">Decis\u00e3o CMC n\u00ba 17\/08.<\/a><br \/>\nAtrav\u00e9s do ato de acredita\u00e7\u00e3o, os Estados-membros reconhecem mutuamente a qualidade acad\u00eamica dos t\u00edtulos ou diplomas outorgados por Institui\u00e7\u00f5es Universit\u00e1rias, cujos cursos de gradua\u00e7\u00e3o tenham sido acreditados conforme o Sistema ARCU-SUL, durante o prazo de vig\u00eancia que estabelece o documento emitido pela respectiva Ag\u00eancia Nacional.<br \/>\nO reconhecimento da qualidade acad\u00eamica dos t\u00edtulos ou diplomas de grau universit\u00e1rio n\u00e3o outorga, em si, direito ao exerc\u00edcio da profiss\u00e3o nos demais pa\u00edses.<\/p>\n<ul>\n<li>Agronomia<\/li>\n<li>Engenharia Civil<\/li>\n<li>Engenharia de Materiais<\/li>\n<\/ul>\n<p>Consulta a lista de cursos acreditados do Brasil e outros pa\u00edses participantes, acessar o link:\u00a0<a href=\"http:\/\/edu.mercosur.int\/arcusur\/index.php\/pt-br\/\" target=\"_blank\" rel=\"noopener noreferrer\">Portal ARCU-SUL<\/a>.<\/p>\n<\/div>\n","protected":false},"excerpt":{"rendered":"<p>o que \u00e9 ARCU-SUL O Sistema de Acredita\u00e7\u00e3o Regional de Cursos de Gradua\u00e7\u00e3o do MERCOSUL (ARCU-SUL) \u00e9 resultado de um Acordo entre os Ministros de Educa\u00e7\u00e3o do Brasil, Argentina, Paraguai, Uruguai, Bol\u00edvia e Chile, homologado pelo Conselho do Mercado Comum do MERCOSUL atrav\u00e9s da\u00a0Decis\u00e3o CMC n\u00ba 17\/08. Atrav\u00e9s do ato de acredita\u00e7\u00e3o, os Estados-membros reconhecem&nbsp;&hellip;<\/p>\n","protected":false},"author":204,"featured_media":0,"parent":1068,"menu_order":0,"comment_status":"closed","ping_status":"closed","template":"","meta":[],"_links":{"self":[{"href":"https:\/\/www2.uepg.br\/proplan\/wp-json\/wp\/v2\/pages\/1198"}],"collection":[{"href":"https:\/\/www2.uepg.br\/proplan\/wp-json\/wp\/v2\/pages"}],"about":[{"href":"https:\/\/www2.uepg.br\/proplan\/wp-json\/wp\/v2\/types\/page"}],"author":[{"embeddable":true,"href":"https:\/\/www2.uepg.br\/proplan\/wp-json\/wp\/v2\/users\/204"}],"replies":[{"embeddable":true,"href":"https:\/\/www2.uepg.br\/proplan\/wp-json\/wp\/v2\/comments?post=1198"}],"version-history":[{"count":1,"href":"https:\/\/www2.uepg.br\/proplan\/wp-json\/wp\/v2\/pages\/1198\/revisions"}],"predecessor-version":[{"id":1200,"href":"https:\/\/www2.uepg.br\/proplan\/wp-json\/wp\/v2\/pages\/1198\/revisions\/1200"}],"up":[{"embeddable":true,"href":"https:\/\/www2.uepg.br\/proplan\/wp-json\/wp\/v2\/pages\/1068"}],"wp:attachment":[{"href":"https:\/\/www2.uepg.br\/proplan\/wp-json\/wp\/v2\/media?parent=1198"}],"curies":[{"name":"wp","href":"https:\/\/api.w.org\/{rel}","templated":true}]}}