{"id":1267,"date":"2020-10-15T10:54:40","date_gmt":"2020-10-15T13:54:40","guid":{"rendered":"http:\/\/www2.uepg.br\/propan\/?page_id=1267"},"modified":"2025-09-17T16:06:17","modified_gmt":"2025-09-17T19:06:17","slug":"uepg-em-dados","status":"publish","type":"page","link":"https:\/\/www2.uepg.br\/proplan\/avaliacao-institucional\/uepg-em-dados\/","title":{"rendered":"UEPG em Dados"},"content":{"rendered":"<div id=\"pl-1267\"  class=\"panel-layout\" ><div id=\"pg-1267-0\"  class=\"panel-grid panel-no-style\" ><div id=\"pgc-1267-0-0\"  class=\"panel-grid-cell\" ><div id=\"panel-1267-0-0-0\" class=\"so-panel widget widget_sow-accordion panel-first-child panel-last-child\" data-index=\"0\" ><div\n\t\t\t\n\t\t\tclass=\"so-widget-sow-accordion so-widget-sow-accordion-default-e941b0bcebbc-1267\"\n\t\t\t\n\t\t><div>\n\t<div class=\"sow-accordion\">\n\t\t\t<div class=\"sow-accordion-panel\"\n\t\t\t data-anchor=\"sobre\">\n\t\t\t\t<div class=\"sow-accordion-panel-header-container\" role=\"heading\" aria-level=\"2\">\n\t\t\t\t\t<div class=\"sow-accordion-panel-header\" tabindex=\"0\" role=\"button\" id=\"accordion-label-sobre\" aria-controls=\"accordion-content-sobre\" aria-expanded=\"false\">\n\t\t\t\t\t\t<div class=\"sow-accordion-title sow-accordion-title-icon-left\">\n\t\t\t\t\t\t\t\t\t\t\t\t\t\tSobre\t\t\t\t\t\t\t\t\t\t\t\t\t<\/div>\n\t\t\t\t\t\t<div class=\"sow-accordion-open-close-button\">\n\t\t\t\t\t\t\t<div class=\"sow-accordion-open-button\">\n\t\t\t\t\t\t\t\t<span class=\"sow-icon-ionicons\" data-sow-icon=\"&#xf218;\"\n\t\t \n\t\taria-hidden=\"true\"><\/span>\t\t\t\t\t\t\t<\/div>\n\t\t\t\t\t\t\t<div class=\"sow-accordion-close-button\">\n\t\t\t\t\t\t\t\t<span class=\"sow-icon-ionicons\" data-sow-icon=\"&#xf209;\"\n\t\t \n\t\taria-hidden=\"true\"><\/span>\t\t\t\t\t\t\t<\/div>\n\t\t\t\t\t\t<\/div>\n\t\t\t\t\t<\/div>\n\t\t\t\t<\/div>\n\n\t\t\t<div\n\t\t\t\tclass=\"sow-accordion-panel-content\"\n\t\t\t\trole=\"region\"\n\t\t\t\taria-labelledby=\"accordion-label-sobre\"\n\t\t\t\tid=\"accordion-content-sobre\"\n\t\t\t\tstyle=\"display: none;\"\t\t\t>\n\t\t\t\t<div class=\"sow-accordion-panel-border\" tabindex=\"0\">\n\t\t\t\t\t<p style=\"text-align: center\">Respons\u00e1vel pela coleta, organiza\u00e7\u00e3o e divulga\u00e7\u00e3o de dados estat\u00edsticos e indicadores institucionais subsidiando os \u00f3rg\u00e3os internos de gest\u00e3o universit\u00e1ria e \u00f3rg\u00e3os de controle externo.<\/p>\n\t\t\t\t<\/div>\n\t\t\t<\/div>\n\t\t<\/div>\n\t\t\t<div class=\"sow-accordion-panel\"\n\t\t\t data-anchor=\"relat%c3%b3rios-anuais-de-gest%c3%a3o\">\n\t\t\t\t<div class=\"sow-accordion-panel-header-container\" role=\"heading\" aria-level=\"2\">\n\t\t\t\t\t<div class=\"sow-accordion-panel-header\" tabindex=\"0\" role=\"button\" id=\"accordion-label-relat%c3%b3rios-anuais-de-gest%c3%a3o\" aria-controls=\"accordion-content-relat%c3%b3rios-anuais-de-gest%c3%a3o\" aria-expanded=\"false\">\n\t\t\t\t\t\t<div class=\"sow-accordion-title sow-accordion-title-icon-left\">\n\t\t\t\t\t\t\t\t\t\t\t\t\t\tRelat\u00f3rios Anuais de Gest\u00e3o\t\t\t\t\t\t\t\t\t\t\t\t\t<\/div>\n\t\t\t\t\t\t<div class=\"sow-accordion-open-close-button\">\n\t\t\t\t\t\t\t<div class=\"sow-accordion-open-button\">\n\t\t\t\t\t\t\t\t<span class=\"sow-icon-ionicons\" data-sow-icon=\"&#xf218;\"\n\t\t \n\t\taria-hidden=\"true\"><\/span>\t\t\t\t\t\t\t<\/div>\n\t\t\t\t\t\t\t<div class=\"sow-accordion-close-button\">\n\t\t\t\t\t\t\t\t<span class=\"sow-icon-ionicons\" data-sow-icon=\"&#xf209;\"\n\t\t \n\t\taria-hidden=\"true\"><\/span>\t\t\t\t\t\t\t<\/div>\n\t\t\t\t\t\t<\/div>\n\t\t\t\t\t<\/div>\n\t\t\t\t<\/div>\n\n\t\t\t<div\n\t\t\t\tclass=\"sow-accordion-panel-content\"\n\t\t\t\trole=\"region\"\n\t\t\t\taria-labelledby=\"accordion-label-relat%c3%b3rios-anuais-de-gest%c3%a3o\"\n\t\t\t\tid=\"accordion-content-relat%c3%b3rios-anuais-de-gest%c3%a3o\"\n\t\t\t\tstyle=\"display: none;\"\t\t\t>\n\t\t\t\t<div class=\"sow-accordion-panel-border\" tabindex=\"0\">\n\t\t\t\t\t<p style=\"text-align: center\"><a href=\"http:\/\/www2.uepg.br\/proplan\/wp-content\/uploads\/sites\/145\/2025\/09\/Numeros-UEPG-2024.pdf\">N\u00fameros UEPG 2024<\/a><\/p>\n<p style=\"text-align: center\"><a href=\"http:\/\/www2.uepg.br\/proplan\/wp-content\/uploads\/sites\/145\/2024\/06\/Numeros-UEPG-2023-EDICAO-FINAL.pdf\" target=\"_blank\" rel=\"noopener\">N\u00fameros UEPG 2023<\/a><\/p>\n<p style=\"text-align: center\"><a href=\"http:\/\/www2.uepg.br\/proplan\/wp-content\/uploads\/sites\/145\/2023\/10\/Numeros-UEPG-2022-FINAL.pdf\" target=\"_blank\" rel=\"noopener\">N\u00fameros UEPG 2022<\/a><\/p>\n<p style=\"text-align: center\"><a href=\"http:\/\/www2.uepg.br\/proplan\/wp-content\/uploads\/sites\/145\/2023\/05\/Numeros-UEPG-2021-FINAL.pdf\" target=\"_blank\" rel=\"noopener\">N\u00fameros UEPG 2021<\/a><\/p>\n<p style=\"text-align: center\"><a href=\"http:\/\/www2.uepg.br\/proplan\/wp-content\/uploads\/sites\/145\/2023\/02\/Numeros-UEPG-2020-word-r2-1.pdf\">N\u00fameros UEPG 2020<\/a><\/p>\n<p style=\"text-align: center\"><a href=\"http:\/\/www2.uepg.br\/proplan\/wp-content\/uploads\/sites\/145\/2023\/02\/Numeros-UEPG-2019-word-r2-1.pdf\">N\u00fameros UEPG 2019<\/a><\/p>\n<p style=\"text-align: center\"><a href=\"http:\/\/www2.uepg.br\/proplan\/wp-content\/uploads\/sites\/145\/2022\/12\/Numeros-UEPG-2018-versao2.pdf\" target=\"_blank\" rel=\"noopener\">N\u00fameros UEPG 2018<\/a><\/p>\n<p style=\"text-align: center\"><a href=\"http:\/\/www2.uepg.br\/proplan\/wp-content\/uploads\/sites\/145\/2022\/04\/Numeros-UEPG-2017.pdf\">N\u00fameros UEPG 2017<\/a><\/p>\n<p style=\"text-align: center\"><a href=\"http:\/\/www2.uepg.br\/proplan\/wp-content\/uploads\/sites\/145\/2022\/03\/Numeros-UEPG-2016.pdf\">N\u00fameros UEPG 2016<\/a><\/p>\n<p style=\"text-align: center\"><a href=\"http:\/\/www2.uepg.br\/proplan\/wp-content\/uploads\/sites\/145\/2022\/03\/Numeros-UEPG-2015.pdf\">N\u00fameros UEPG 2015<\/a><\/p>\n<p style=\"text-align: center\"><a href=\"http:\/\/www2.uepg.br\/propan\/wp-content\/uploads\/sites\/145\/2020\/10\/Numeros_UEPG_2014.pdf\" target=\"_blank\" rel=\"noopener\">N\u00fameros_UEPG_2014<\/a><\/p>\n<p style=\"text-align: center\"><a href=\"http:\/\/www2.uepg.br\/propan\/wp-content\/uploads\/sites\/145\/2020\/10\/Numeros_UEPG_2013.pdf\" target=\"_blank\" rel=\"noopener\">Numeros_UEPG_2013<\/a><\/p>\n<p style=\"text-align: center\"><a href=\"http:\/\/www2.uepg.br\/propan\/wp-content\/uploads\/sites\/145\/2020\/10\/Numeros_UEPG_2012.pdf\" target=\"_blank\" rel=\"noopener\">Numeros_UEPG_2012<\/a><\/p>\n<p style=\"text-align: center\"><a href=\"http:\/\/www2.uepg.br\/propan\/wp-content\/uploads\/sites\/145\/2020\/10\/Numeros_UEPG_2011.pdf\" target=\"_blank\" rel=\"noopener\">Numeros_UEPG_2011<\/a><\/p>\n<p style=\"text-align: center\"><a href=\"http:\/\/www2.uepg.br\/propan\/wp-content\/uploads\/sites\/145\/2020\/10\/Numeros_UEPG_2010.pdf\" target=\"_blank\" rel=\"noopener\">Numeros_UEPG_2010<\/a><\/p>\n<p style=\"text-align: center\"><a href=\"http:\/\/www2.uepg.br\/propan\/wp-content\/uploads\/sites\/145\/2020\/10\/Numeros_UEPG_2009.pdf\" target=\"_blank\" rel=\"noopener\">Numeros_UEPG_2009<\/a><\/p>\n<p style=\"text-align: center\"><a href=\"http:\/\/www2.uepg.br\/propan\/wp-content\/uploads\/sites\/145\/2020\/10\/Numeros_UEPG_2008.pdf\" target=\"_blank\" rel=\"noopener\">Numeros_UEPG_2008<\/a><\/p>\n<p style=\"text-align: center\"><a href=\"http:\/\/www2.uepg.br\/propan\/wp-content\/uploads\/sites\/145\/2020\/10\/Numeros_UEPG_2007.pdf\" target=\"_blank\" rel=\"noopener\">Numeros_UEPG_2007<\/a><\/p>\n<p style=\"text-align: center\"><a href=\"http:\/\/www2.uepg.br\/propan\/wp-content\/uploads\/sites\/145\/2020\/10\/Numeros_UEPG_2006.pdf\" target=\"_blank\" rel=\"noopener\">Numeros_UEPG_2006<\/a><\/p>\n<p style=\"text-align: center\"><a href=\"http:\/\/www2.uepg.br\/propan\/wp-content\/uploads\/sites\/145\/2020\/10\/Numeros_UEPG_2005.pdf\" target=\"_blank\" rel=\"noopener\">Numeros_UEPG_2005<\/a><\/p>\n<p style=\"text-align: center\"><a href=\"http:\/\/www2.uepg.br\/propan\/wp-content\/uploads\/sites\/145\/2020\/10\/Numeros_UEPG_2004.pdf\" target=\"_blank\" rel=\"noopener\">Numeros_UEPG_2004<\/a><\/p>\n<p style=\"text-align: center\"><a href=\"http:\/\/www2.uepg.br\/propan\/wp-content\/uploads\/sites\/145\/2020\/10\/Numeros_UEPG_2003.pdf\" target=\"_blank\" rel=\"noopener\">Numeros_UEPG_2003<\/a><\/p>\n<p style=\"text-align: center\"><a href=\"http:\/\/www2.uepg.br\/propan\/wp-content\/uploads\/sites\/145\/2020\/10\/Numeros_UEPG_2002.pdf\" target=\"_blank\" rel=\"noopener\">Numeros_UEPG_2002<\/a><\/p>\n<p style=\"text-align: center\">\n<\/p>\t\t\t\t<\/div>\n\t\t\t<\/div>\n\t\t<\/div>\n\t\t<\/div>\n<\/div>\n<\/div><\/div><\/div><\/div><\/div>","protected":false},"excerpt":{"rendered":"<p>Sobre Respons\u00e1vel pela coleta, organiza\u00e7\u00e3o e divulga\u00e7\u00e3o de dados estat\u00edsticos e indicadores institucionais subsidiando os \u00f3rg\u00e3os internos de gest\u00e3o universit\u00e1ria e \u00f3rg\u00e3os de controle externo. Relat\u00f3rios Anuais de Gest\u00e3o N\u00fameros UEPG 2024 N\u00fameros UEPG 2023 N\u00fameros UEPG 2022 N\u00fameros UEPG 2021 N\u00fameros UEPG 2020 N\u00fameros UEPG 2019 N\u00fameros UEPG 2018 N\u00fameros UEPG 2017 N\u00fameros UEPG&nbsp;&hellip;<\/p>\n","protected":false},"author":204,"featured_media":0,"parent":48,"menu_order":0,"comment_status":"closed","ping_status":"closed","template":"","meta":[],"_links":{"self":[{"href":"https:\/\/www2.uepg.br\/proplan\/wp-json\/wp\/v2\/pages\/1267"}],"collection":[{"href":"https:\/\/www2.uepg.br\/proplan\/wp-json\/wp\/v2\/pages"}],"about":[{"href":"https:\/\/www2.uepg.br\/proplan\/wp-json\/wp\/v2\/types\/page"}],"author":[{"embeddable":true,"href":"https:\/\/www2.uepg.br\/proplan\/wp-json\/wp\/v2\/users\/204"}],"replies":[{"embeddable":true,"href":"https:\/\/www2.uepg.br\/proplan\/wp-json\/wp\/v2\/comments?post=1267"}],"version-history":[{"count":25,"href":"https:\/\/www2.uepg.br\/proplan\/wp-json\/wp\/v2\/pages\/1267\/revisions"}],"predecessor-version":[{"id":3599,"href":"https:\/\/www2.uepg.br\/proplan\/wp-json\/wp\/v2\/pages\/1267\/revisions\/3599"}],"up":[{"embeddable":true,"href":"https:\/\/www2.uepg.br\/proplan\/wp-json\/wp\/v2\/pages\/48"}],"wp:attachment":[{"href":"https:\/\/www2.uepg.br\/proplan\/wp-json\/wp\/v2\/media?parent=1267"}],"curies":[{"name":"wp","href":"https:\/\/api.w.org\/{rel}","templated":true}]}}