{"id":1306,"date":"2020-10-15T11:57:36","date_gmt":"2020-10-15T14:57:36","guid":{"rendered":"http:\/\/www2.uepg.br\/propan\/?page_id=1306"},"modified":"2024-11-25T11:01:34","modified_gmt":"2024-11-25T14:01:34","slug":"diretoria-de-gestao-ambiental","status":"publish","type":"page","link":"https:\/\/www2.uepg.br\/proplan\/gestao-ambiental\/diretoria-de-gestao-ambiental\/","title":{"rendered":"Diretoria de gest\u00e3o Ambiental"},"content":{"rendered":"<div id=\"pl-1306\"  class=\"panel-layout\" ><div id=\"pg-1306-0\"  class=\"panel-grid panel-no-style\" ><div id=\"pgc-1306-0-0\"  class=\"panel-grid-cell\" ><div id=\"panel-1306-0-0-0\" class=\"so-panel widget widget_sow-features panel-first-child\" data-index=\"0\" ><div\n\t\t\t\n\t\t\tclass=\"so-widget-sow-features so-widget-sow-features-default-08b7e7098384-1306\"\n\t\t\t\n\t\t>\n<div class=\"sow-features-list sow-features-responsive\">\n\n\t\t\t\t\t\t<div\n\t\t\t\tclass=\"sow-features-feature sow-icon-container-position-top sow-features-feature-last-row\"\n\t\t\t\tstyle=\"display: flex; flex-direction: column; float: left; width: 50%;\"\n\t\t\t>\n\n\t\t\t\t\t\t\t\t\t<a\n\t\t\t\t\t\thref=\"https:\/\/www2.uepg.br\/proplan\/composicao\/#composicao-dga\"\n\t\t\t\t\t\t\t\t\t\t\t>\n\t\t\t\t\t\t\t\t<div\n\t\t\t\t\tclass=\"sow-icon-container sow-container-rounded-square\"\n                    style=\"color: #0066bf; \"\n\t\t\t\t\ttitle=\"Equipe\">\n\t\t\t\t\t<span class=\"sow-icon-fontawesome sow-fas\" data-sow-icon=\"&#xf500;\"\n\t\tstyle=\"font-size: 50px; color: #ffffff\" \n\t\taria-hidden=\"true\"><\/span>\t\t\t\t<\/div>\n\t\t\t\t\t\t\t\t\t<\/a>\n\t\t\t\t\n\t\t\t\t<div class=\"textwidget\">\n\t\t\t\t\t\t\t\t\t\t\t<h5>\n\t\t\t\t\t\t\t\t\t\t\t\t\t\t\t<a\n\t\t\t\t\t\t\t\t\thref=\"https:\/\/www2.uepg.br\/proplan\/composicao\/#composicao-dga\"\n\t\t\t\t\t\t\t\t\t\t\t\t\t\t\t\t\t>\n\t\t\t\t\t\t\t\n\t\t\t\t\t\t\tEquipe\t\t\t\t\t\t\t\t\t\t\t\t\t\t\t<\/a>\n\t\t\t\t\t\t\t\t\t\t\t\t\t<\/h5>\n\t\t\t\t\t\n\t\t\t\t\t\t\t\t\t\t\t<p>Lizandro Diniz Borgo<\/p>\n<p>Diretor de Gest\u00e3o Ambiental<\/p>\n<p>lizandrodborgo@uepg.br<\/p>\n<p>&nbsp;<\/p>\n<p>&nbsp;<\/p>\n<p>&nbsp;<\/p>\n\t\t\t\t\t\n\t\t\t\t\t\t\t\t\t<\/div>\n\t\t\t\t\t\t\t<\/div>\n\n\t\t\t\t\t<div\n\t\t\t\tclass=\"sow-features-feature sow-icon-container-position-top sow-features-feature-last-row\"\n\t\t\t\tstyle=\"display: flex; flex-direction: column; float: left; width: 50%;\"\n\t\t\t>\n\n\t\t\t\t\t\t\t\t\t<a\n\t\t\t\t\t\thref=\"https:\/\/www2.uepg.br\/proplan\/contato\/#contato-gestao-ambiental\"\n\t\t\t\t\t\t\t\t\t\t\t>\n\t\t\t\t\t\t\t\t<div\n\t\t\t\t\tclass=\"sow-icon-container sow-container-rounded-square\"\n                    style=\"color: #0066bf; \"\n\t\t\t\t\ttitle=\"Fale Conosco\">\n\t\t\t\t\t<span class=\"sow-icon-fontawesome sow-fas\" data-sow-icon=\"&#xf095;\"\n\t\tstyle=\"font-size: 50px; color: #ffffff\" \n\t\taria-hidden=\"true\"><\/span>\t\t\t\t<\/div>\n\t\t\t\t\t\t\t\t\t<\/a>\n\t\t\t\t\n\t\t\t\t<div class=\"textwidget\">\n\t\t\t\t\t\t\t\t\t\t\t<h5>\n\t\t\t\t\t\t\t\t\t\t\t\t\t\t\t<a\n\t\t\t\t\t\t\t\t\thref=\"https:\/\/www2.uepg.br\/proplan\/contato\/#contato-gestao-ambiental\"\n\t\t\t\t\t\t\t\t\t\t\t\t\t\t\t\t\t>\n\t\t\t\t\t\t\t\n\t\t\t\t\t\t\tFale Conosco\t\t\t\t\t\t\t\t\t\t\t\t\t\t\t<\/a>\n\t\t\t\t\t\t\t\t\t\t\t\t\t<\/h5>\n\t\t\t\t\t\n\t\t\t\t\t\t\t\t\t\t\t<p>E-mail: dga.proplan@uepg.br<\/p>\n<p>Telefone: (42) 3220-3017<\/p>\n\t\t\t\t\t\n\t\t\t\t\t\t\t\t\t<\/div>\n\t\t\t\t\t\t\t<\/div>\n\n\t\t\t\n<\/div>\n<\/div><\/div><div id=\"panel-1306-0-0-1\" class=\"so-panel widget widget_sow-accordion panel-last-child\" data-index=\"1\" ><div\n\t\t\t\n\t\t\tclass=\"so-widget-sow-accordion so-widget-sow-accordion-default-4bc3526290a7-1306\"\n\t\t\t\n\t\t><div>\n\t<div class=\"sow-accordion\">\n\t\t\t<div class=\"sow-accordion-panel\"\n\t\t\t data-anchor=\"sobre\">\n\t\t\t\t<div class=\"sow-accordion-panel-header-container\" role=\"heading\" aria-level=\"2\">\n\t\t\t\t\t<div class=\"sow-accordion-panel-header\" tabindex=\"0\" role=\"button\" id=\"accordion-label-sobre\" aria-controls=\"accordion-content-sobre\" aria-expanded=\"false\">\n\t\t\t\t\t\t<div class=\"sow-accordion-title sow-accordion-title-icon-left\">\n\t\t\t\t\t\t\t\t\t\t\t\t\t\tSobre\t\t\t\t\t\t\t\t\t\t\t\t\t<\/div>\n\t\t\t\t\t\t<div class=\"sow-accordion-open-close-button\">\n\t\t\t\t\t\t\t<div class=\"sow-accordion-open-button\">\n\t\t\t\t\t\t\t\t<span class=\"sow-icon-ionicons\" data-sow-icon=\"&#xf218;\"\n\t\t \n\t\taria-hidden=\"true\"><\/span>\t\t\t\t\t\t\t<\/div>\n\t\t\t\t\t\t\t<div class=\"sow-accordion-close-button\">\n\t\t\t\t\t\t\t\t<span class=\"sow-icon-ionicons\" data-sow-icon=\"&#xf209;\"\n\t\t \n\t\taria-hidden=\"true\"><\/span>\t\t\t\t\t\t\t<\/div>\n\t\t\t\t\t\t<\/div>\n\t\t\t\t\t<\/div>\n\t\t\t\t<\/div>\n\n\t\t\t<div\n\t\t\t\tclass=\"sow-accordion-panel-content\"\n\t\t\t\trole=\"region\"\n\t\t\t\taria-labelledby=\"accordion-label-sobre\"\n\t\t\t\tid=\"accordion-content-sobre\"\n\t\t\t\tstyle=\"display: none;\"\t\t\t>\n\t\t\t\t<div class=\"sow-accordion-panel-border\" tabindex=\"0\">\n\t\t\t\t\t<div class=\"siteorigin-widget-tinymce textwidget\">\n<section class=\"elementor-element elementor-element-03ba318 elementor-section-boxed elementor-section-height-default elementor-section-height-default elementor-section elementor-top-section\" data-id=\"03ba318\" data-element_type=\"section\">\n<div class=\"elementor-container elementor-column-gap-default\">\n<div class=\"elementor-row\">\n<div class=\"elementor-element elementor-element-f9deee0 elementor-column elementor-col-100 elementor-top-column\" data-id=\"f9deee0\" data-element_type=\"column\">\n<div class=\"elementor-column-wrap elementor-element-populated\">\n<div class=\"elementor-widget-wrap\">\n<div class=\"elementor-element elementor-element-58e6452 elementor-widget elementor-widget-image\" data-id=\"58e6452\" data-element_type=\"widget\" data-widget_type=\"image.default\">\n<div class=\"elementor-widget-container\">\n<div class=\"elementor-image\"><a href=\"http:\/\/www2.uepg.br\/propan\/wp-content\/uploads\/sites\/145\/2020\/10\/reitoria.jpg\" data-slb-active=\"1\" data-slb-asset=\"1138544925\" data-slb-internal=\"0\" data-slb-group=\"1306\"><img class=\"aligncenter wp-image-1653\" src=\"http:\/\/www2.uepg.br\/propan\/wp-content\/uploads\/sites\/145\/2020\/10\/reitoria-300x200.jpg\" alt=\"\" width=\"490\" height=\"327\" \/><\/a><\/div>\n<\/div>\n<\/div>\n<\/div>\n<\/div>\n<\/div>\n<\/div>\n<\/div>\n<\/section>\n<section class=\"elementor-element elementor-element-129731a elementor-section-boxed elementor-section-height-default elementor-section-height-default elementor-section elementor-top-section\" data-id=\"129731a\" data-element_type=\"section\">\n<div class=\"elementor-container elementor-column-gap-default\">\n<div class=\"elementor-row\">\n<div class=\"elementor-element elementor-element-e197a67 elementor-column elementor-col-100 elementor-top-column\" data-id=\"e197a67\" data-element_type=\"column\">\n<div class=\"elementor-column-wrap elementor-element-populated\">\n<div class=\"elementor-widget-wrap\">\n<div class=\"elementor-element elementor-element-7fa1194 elementor-widget elementor-widget-text-editor\" data-id=\"7fa1194\" data-element_type=\"widget\" data-widget_type=\"text-editor.default\">\n<div class=\"elementor-widget-container\">\n<div class=\"elementor-text-editor elementor-clearfix\">\n<p><strong>A Diretoria de Gest\u00e3o Ambiental ( DGA) foi criada com o objetivo de realizar a\u00e7\u00f5es relacionadas \u00e0s quest\u00f5es ambientais na UEPG. Tem como principais atribui\u00e7\u00f5es<\/strong>:<\/p>\n<p>-Elaborar e assessorar na pol\u00edtica de sustentabilidade da UEPG, tendo como pressupostos a participa\u00e7\u00e3o ativa e a incorpora\u00e7\u00e3o das contribui\u00e7\u00f5es de todos os segmentos da comunidade universit\u00e1ria;<\/p>\n<p>-Assessorar no atendimento \u00e0s exig\u00eancias da legisla\u00e7\u00e3o ambiental em vigor.<\/p>\n<p>-Propor melhorias nas condi\u00e7\u00f5es de estudo, de trabalho e de conviv\u00eancia entre os estudantes, docentes e agentes universit\u00e1rios sob o ponto de vista socioambiental;<\/p>\n<p>-Definir os procedimentos operacionais de aplica\u00e7\u00e3o das pol\u00edticas e das normas socioambientais pertinentes;<\/p>\n<p>-Definir as a\u00e7\u00f5es e as pr\u00e1ticas sustent\u00e1veis nos processos de trabalho da UEPG baseadas na Agenda Ambiental na Administra\u00e7\u00e3o P\u00fablica (A3P);<\/p>\n<p>-Promover a\u00e7\u00f5es de gest\u00e3o e assessoramento relacionados aos temas: reuso de \u00e1guas e efluentes, res\u00edduos de laborat\u00f3rios, \u00e1reas verdes, edifica\u00e7\u00f5es sustent\u00e1veis, coleta seletiva, diminui\u00e7\u00e3o de emiss\u00e3o de gases poluentes, redu\u00e7\u00e3o no consumo de energia, mobilidade, uso e ocupa\u00e7\u00e3o do solo, fauna e flora.<\/p>\n<p>-Fomentar pesquisas e projetos sobre o tema da educa\u00e7\u00e3o s\u00f3cio ambiental, promovendo o monitoramento e avalia\u00e7\u00e3o do progresso, al\u00e9m de sua valoriza\u00e7\u00e3o e divulga\u00e7\u00e3o;<\/p>\n<p>-Utilizar de estrat\u00e9gias participativas que promovam a capilaridade e o enraizamento como o \u201cPessoas Aprendem Participando (PAP)\u201d para aperfei\u00e7oar a forma\u00e7\u00e3o ambiental dos servidores da UEPG;<\/p>\n<p>-Assessorar os diferentes cursos da UEPG em rela\u00e7\u00e3o a inclus\u00e3o da educa\u00e7\u00e3o socioambiental em seus curr\u00edculos.<\/p>\n<\/div>\n<\/div>\n<\/div>\n<\/div>\n<\/div>\n<\/div>\n<\/div>\n<\/div>\n<\/section>\n<\/div>\n\t\t\t\t<\/div>\n\t\t\t<\/div>\n\t\t<\/div>\n\t\t<\/div>\n<\/div>\n<\/div><\/div><\/div><\/div><\/div>","protected":false},"excerpt":{"rendered":"<p>Equipe Lizandro Diniz Borgo Diretor de Gest\u00e3o Ambiental lizandrodborgo@uepg.br &nbsp; &nbsp; &nbsp; Fale Conosco E-mail: dga.proplan@uepg.br Telefone: (42) 3220-3017 Sobre A Diretoria de Gest\u00e3o Ambiental ( DGA) foi criada com o objetivo de realizar a\u00e7\u00f5es relacionadas \u00e0s quest\u00f5es ambientais na UEPG. Tem como principais atribui\u00e7\u00f5es: -Elaborar e assessorar na pol\u00edtica de sustentabilidade da UEPG, tendo&nbsp;&hellip;<\/p>\n","protected":false},"author":204,"featured_media":0,"parent":50,"menu_order":0,"comment_status":"closed","ping_status":"closed","template":"","meta":[],"_links":{"self":[{"href":"https:\/\/www2.uepg.br\/proplan\/wp-json\/wp\/v2\/pages\/1306"}],"collection":[{"href":"https:\/\/www2.uepg.br\/proplan\/wp-json\/wp\/v2\/pages"}],"about":[{"href":"https:\/\/www2.uepg.br\/proplan\/wp-json\/wp\/v2\/types\/page"}],"author":[{"embeddable":true,"href":"https:\/\/www2.uepg.br\/proplan\/wp-json\/wp\/v2\/users\/204"}],"replies":[{"embeddable":true,"href":"https:\/\/www2.uepg.br\/proplan\/wp-json\/wp\/v2\/comments?post=1306"}],"version-history":[{"count":35,"href":"https:\/\/www2.uepg.br\/proplan\/wp-json\/wp\/v2\/pages\/1306\/revisions"}],"predecessor-version":[{"id":3355,"href":"https:\/\/www2.uepg.br\/proplan\/wp-json\/wp\/v2\/pages\/1306\/revisions\/3355"}],"up":[{"embeddable":true,"href":"https:\/\/www2.uepg.br\/proplan\/wp-json\/wp\/v2\/pages\/50"}],"wp:attachment":[{"href":"https:\/\/www2.uepg.br\/proplan\/wp-json\/wp\/v2\/media?parent=1306"}],"curies":[{"name":"wp","href":"https:\/\/api.w.org\/{rel}","templated":true}]}}