{"id":3195,"date":"2024-04-11T16:17:58","date_gmt":"2024-04-11T19:17:58","guid":{"rendered":"https:\/\/www2.uepg.br\/proplan\/?page_id=3195"},"modified":"2025-09-08T15:52:07","modified_gmt":"2025-09-08T18:52:07","slug":"rankings","status":"publish","type":"page","link":"https:\/\/www2.uepg.br\/proplan\/avaliacao-institucional\/rankings\/","title":{"rendered":"Rankings"},"content":{"rendered":"<div id=\"pl-3195\"  class=\"panel-layout\" ><div id=\"pg-3195-0\"  class=\"panel-grid panel-no-style\" ><div id=\"pgc-3195-0-0\"  class=\"panel-grid-cell\" ><div id=\"panel-3195-0-0-0\" class=\"so-panel widget widget_sow-editor panel-first-child\" data-index=\"0\" ><div\n\t\t\t\n\t\t\tclass=\"so-widget-sow-editor so-widget-sow-editor-base\"\n\t\t\t\n\t\t>\n<div class=\"siteorigin-widget-tinymce textwidget\">\n\t<h4 style=\"text-align: center\"><span style=\"color: #333399\">Atualmente, a Universidade Estadual de Ponta Grossa participa de dois principais <em>rankings<\/em> internacionais, que s\u00e3o elaborados pela revista brit\u00e2nica <em>Times Higher Education<\/em> (THE), em parceria com a editora Elsevier. <\/span><\/h4>\n<p style=\"text-align: center\"><span style=\"color: #333399\">Clique nos conte\u00fados abaixo e conhe\u00e7a um pouco mais sobre cada um deles.<\/span><\/p>\n<\/div>\n<\/div><\/div><div id=\"panel-3195-0-0-1\" class=\"so-panel widget widget_sow-accordion panel-last-child\" data-index=\"1\" ><div\n\t\t\t\n\t\t\tclass=\"so-widget-sow-accordion so-widget-sow-accordion-default-ee816c433454-3195\"\n\t\t\t\n\t\t><div>\n\t<div class=\"sow-accordion\">\n\t\t\t<div class=\"sow-accordion-panel\"\n\t\t\t data-anchor=\"world-university-ranking-wur\">\n\t\t\t\t<div class=\"sow-accordion-panel-header-container\" role=\"heading\" aria-level=\"2\">\n\t\t\t\t\t<div class=\"sow-accordion-panel-header\" tabindex=\"0\" role=\"button\" id=\"accordion-label-world-university-ranking-wur\" aria-controls=\"accordion-content-world-university-ranking-wur\" aria-expanded=\"false\">\n\t\t\t\t\t\t<div class=\"sow-accordion-title sow-accordion-title-icon-left\">\n\t\t\t\t\t\t\t\t\t\t\t\t\t\tWorld University Ranking - WUR\t\t\t\t\t\t\t\t\t\t\t\t\t<\/div>\n\t\t\t\t\t\t<div class=\"sow-accordion-open-close-button\">\n\t\t\t\t\t\t\t<div class=\"sow-accordion-open-button\">\n\t\t\t\t\t\t\t\t<span class=\"sow-icon-ionicons\" data-sow-icon=\"&#xf218;\"\n\t\t \n\t\taria-hidden=\"true\"><\/span>\t\t\t\t\t\t\t<\/div>\n\t\t\t\t\t\t\t<div class=\"sow-accordion-close-button\">\n\t\t\t\t\t\t\t\t<span class=\"sow-icon-ionicons\" data-sow-icon=\"&#xf209;\"\n\t\t \n\t\taria-hidden=\"true\"><\/span>\t\t\t\t\t\t\t<\/div>\n\t\t\t\t\t\t<\/div>\n\t\t\t\t\t<\/div>\n\t\t\t\t<\/div>\n\n\t\t\t<div\n\t\t\t\tclass=\"sow-accordion-panel-content\"\n\t\t\t\trole=\"region\"\n\t\t\t\taria-labelledby=\"accordion-label-world-university-ranking-wur\"\n\t\t\t\tid=\"accordion-content-world-university-ranking-wur\"\n\t\t\t\tstyle=\"display: none;\"\t\t\t>\n\t\t\t\t<div class=\"sow-accordion-panel-border\" tabindex=\"0\">\n\t\t\t\t\t<p>&nbsp;<\/p>\n<h2 style=\"text-align: center\"><span style=\"color: #000000\"><em>THE World University Rankings<\/em> <\/span><\/h2>\n<p>&nbsp;<\/p>\n<p style=\"text-align: center\"><span style=\"color: #000000\">O <a href=\"https:\/\/www.timeshighereducation.com\/world-university-rankings\/2024\/world-ranking\"><strong><em>THE World University Rankings<\/em><\/strong><\/a> fornece uma lista com melhores universidades do mundo, que possuem \u00eanfase na miss\u00e3o de pesquisa. <\/span><\/p>\n<p style=\"text-align: center\"><span style=\"color: #000000\">\u00c9 o \u00fanico <em>ranking<\/em> universit\u00e1rio global que avalia as universidades que s\u00e3o destaque em produ\u00e7\u00e3o de pesquisa em cada um dos pontos principais:<\/span><\/p>\n<p>&nbsp;<\/p>\n<p style=\"text-align: center\"><span style=\"color: #000000\">1) Ensino (o ambiente de aprendizagem); <\/span><\/p>\n<p style=\"text-align: center\"><span style=\"color: #000000\">2) Ambiente de pesquisa (volume, renda e reputa\u00e7\u00e3o); qualidade da investiga\u00e7\u00e3o (os resultados da investiga\u00e7\u00e3o); <\/span><\/p>\n<p style=\"text-align: center\"><span style=\"color: #000000\">3) Ind\u00fastria (transfer\u00eancia de conhecimento) e perspectiva internacional (pessoal, estudantes e pesquisa).\u00a0<\/span><\/p>\n<p>&nbsp;<\/p>\n<p style=\"text-align: center\"><span style=\"color: #000000\">At\u00e9 o ano de 2023 foram utilizados 13 indicadores que mediam o desempenho das institui\u00e7\u00f5es em cinco \u00e1reas: ensino, pesquisa, cita\u00e7\u00f5es, renda da ind\u00fastria (transfer\u00eancia de conhecimento) e perspectiva internacional.<\/span><\/p>\n<p style=\"text-align: center\"><span style=\"color: #000000\">A partir de 2024, 18 indicadores passaram a ser utilizados, para medir o desempenho da Institui\u00e7\u00e3o em cinco \u00e1reas: ensino; ambiente de pesquisa; qualidade da pesquisa; ind\u00fastria e perspectivas internacionais;<\/span><\/p>\n<p>&nbsp;<\/p>\n<p style=\"text-align: center\"><span style=\"color: #000000\">Abaixo, siga os<em> links<\/em> para as planilhas. Nelas, destacamos a classifica\u00e7\u00e3o da UEPG entre as universidades brasileiras que participaram do WUR.<\/span><\/p>\n<table style=\"height: 248px\" width=\"1883\">\n<tbody>\n<tr>\n<td style=\"text-align: center\" width=\"117\"><a href=\"https:\/\/docs.google.com\/spreadsheets\/d\/1DeoGQo6fwB69d7PDoi7giO5hP8_NP765\/edit?usp=sharing&amp;ouid=108114441783142698579&amp;rtpof=true&amp;sd=true\">WUR 2025<\/a><\/td>\n<\/tr>\n<tr>\n<td style=\"text-align: center\"><a href=\"https:\/\/docs.google.com\/spreadsheets\/d\/1JnXAYuYfq9BhsCwUuDhB4fvRz3mnuWaK\/edit?usp=drive_link&amp;ouid=108114441783142698579&amp;rtpof=true&amp;sd=true\">WUR 2024<\/a><\/td>\n<\/tr>\n<tr>\n<td style=\"text-align: center\"><a href=\"https:\/\/docs.google.com\/spreadsheets\/d\/1pQjRLTEsOaZHUPGRMIY_O3gWxMOgjRN3\/edit?usp=drive_link&amp;ouid=108114441783142698579&amp;rtpof=true&amp;sd=true\">WUR 2023<\/a><\/td>\n<\/tr>\n<tr>\n<td style=\"text-align: center\" width=\"117\"><a href=\"https:\/\/docs.google.com\/spreadsheets\/d\/1PamGLYfhjn1VCQbM3ELtwqf3Skj0Yt_b\/edit?usp=drive_link&amp;ouid=108114441783142698579&amp;rtpof=true&amp;sd=true\" target=\"_blank\" rel=\"noopener\">WUR 2022<\/a><\/td>\n<\/tr>\n<tr>\n<td style=\"text-align: center\"><a href=\"https:\/\/docs.google.com\/spreadsheets\/d\/1li2oPUHMApYkW99waVoZTNEHwQ__nc_S\/edit?usp=drive_link&amp;ouid=108114441783142698579&amp;rtpof=true&amp;sd=true\" target=\"_blank\" rel=\"noopener\">WUR 2021<\/a><\/td>\n<\/tr>\n<tr>\n<td style=\"text-align: center\"><a href=\"https:\/\/docs.google.com\/spreadsheets\/d\/1ISk5VTQ_Tws_GeUFnP47QlHTfi2O_z9d\/edit?usp=drive_link&amp;ouid=108114441783142698579&amp;rtpof=true&amp;sd=true\" target=\"_blank\" rel=\"noopener\">WUR 2020<\/a><\/td>\n<\/tr>\n<tr>\n<td style=\"text-align: center\" width=\"117\"><a href=\"https:\/\/docs.google.com\/spreadsheets\/d\/1VyC2LtQmp8P07Cdib-rtZX4q8PzMLT2X\/edit?usp=drive_link&amp;ouid=108114441783142698579&amp;rtpof=true&amp;sd=true\" target=\"_blank\" rel=\"noopener\">WUR 2019<\/a><\/td>\n<\/tr>\n<tr>\n<td style=\"text-align: center\"><a href=\"https:\/\/docs.google.com\/spreadsheets\/d\/1vrHVrQdTuVa1chtf6EUbpfWn-AOAHNZJ\/edit?usp=drive_link&amp;ouid=108114441783142698579&amp;rtpof=true&amp;sd=true\" target=\"_blank\" rel=\"noopener\">WUR 2018<\/a><\/td>\n<\/tr>\n<\/tbody>\n<\/table>\n<p style=\"text-align: center\">\n<\/p>\t\t\t\t<\/div>\n\t\t\t<\/div>\n\t\t<\/div>\n\t\t\t<div class=\"sow-accordion-panel\"\n\t\t\t data-anchor=\"impact-rankings\">\n\t\t\t\t<div class=\"sow-accordion-panel-header-container\" role=\"heading\" aria-level=\"2\">\n\t\t\t\t\t<div class=\"sow-accordion-panel-header\" tabindex=\"0\" role=\"button\" id=\"accordion-label-impact-rankings\" aria-controls=\"accordion-content-impact-rankings\" aria-expanded=\"false\">\n\t\t\t\t\t\t<div class=\"sow-accordion-title sow-accordion-title-icon-left\">\n\t\t\t\t\t\t\t\t\t\t\t\t\t\tImpact Rankings\t\t\t\t\t\t\t\t\t\t\t\t\t<\/div>\n\t\t\t\t\t\t<div class=\"sow-accordion-open-close-button\">\n\t\t\t\t\t\t\t<div class=\"sow-accordion-open-button\">\n\t\t\t\t\t\t\t\t<span class=\"sow-icon-ionicons\" data-sow-icon=\"&#xf218;\"\n\t\t \n\t\taria-hidden=\"true\"><\/span>\t\t\t\t\t\t\t<\/div>\n\t\t\t\t\t\t\t<div class=\"sow-accordion-close-button\">\n\t\t\t\t\t\t\t\t<span class=\"sow-icon-ionicons\" data-sow-icon=\"&#xf209;\"\n\t\t \n\t\taria-hidden=\"true\"><\/span>\t\t\t\t\t\t\t<\/div>\n\t\t\t\t\t\t<\/div>\n\t\t\t\t\t<\/div>\n\t\t\t\t<\/div>\n\n\t\t\t<div\n\t\t\t\tclass=\"sow-accordion-panel-content\"\n\t\t\t\trole=\"region\"\n\t\t\t\taria-labelledby=\"accordion-label-impact-rankings\"\n\t\t\t\tid=\"accordion-content-impact-rankings\"\n\t\t\t\tstyle=\"display: none;\"\t\t\t>\n\t\t\t\t<div class=\"sow-accordion-panel-border\" tabindex=\"0\">\n\t\t\t\t\t<h2><\/h2>\n<h2 style=\"text-align: center\"><em>Impact Rankings<\/em> - Objetivos de Desenvolvimento Sustent\u00e1veis (ODS)<\/h2>\n<p>&nbsp;<\/p>\n<p style=\"text-align: center\">O <strong><em>THE Impact Ranking<\/em><\/strong> \u00e9 a \u00fanica classifica\u00e7\u00e3o global de desempenho que avalia as universidades em rela\u00e7\u00e3o aos <strong>Objetivos de Desenvolvimento Sustent\u00e1vel (ODS) das Na\u00e7\u00f5es Unidas<\/strong>. Eles utilizam indicadores para fornecer compara\u00e7\u00f5es em tr\u00eas \u00e1reas principais: pesquisa, alcance e gest\u00e3o.<\/p>\n<p>&nbsp;<\/p>\n<p style=\"text-align: center\">Existem duas maneiras de participar do <em>ranking<\/em>:<\/p>\n<p style=\"text-align: center\">1) a universidade envia os dados sobre qualquer um dos ODS. Dessa forma, a classifica\u00e7\u00e3o ocorre apenas para aquele objetivo escolhido.<\/p>\n<p style=\"text-align: center\">2) a universidade pode optar por participar da classifica\u00e7\u00e3o geral. Para isso, precisa escolher no m\u00ednimo 3 ODS + o ODS 17 (parcerias e meios de implementa\u00e7\u00e3o).<\/p>\n<p>&nbsp;<\/p>\n<p style=\"text-align: center\">Para acessar as tabelas, siga os<em> links<\/em> dispon\u00edveis em cada ano.<\/p>\n<table style=\"height: 297px\" width=\"1888\">\n<tbody>\n<tr>\n<td style=\"text-align: center\" width=\"117\"><strong>Ano<\/strong><\/td>\n<td style=\"text-align: center\" width=\"466\"><strong>Informa\u00e7\u00f5es<\/strong><\/td>\n<\/tr>\n<tr>\n<td style=\"text-align: center\"><a href=\"https:\/\/docs.google.com\/spreadsheets\/d\/17QC5bXSrxwvjFIdsAgl-UVdBledcXJIlEaIP_m_-GpI\/edit?usp=sharing\">2025<\/a><\/td>\n<td style=\"text-align: center\">Em 2025 a UEPG participou da classifica\u00e7\u00e3o geral. Neste ano foram enviados dados para concorrer nos ODS: 1, 2, 3, 4, 5, 8, 10, 11, 12, 15, 16, e 17.<\/td>\n<\/tr>\n<tr>\n<td style=\"text-align: center\"><a href=\"https:\/\/docs.google.com\/spreadsheets\/d\/1t5UpTx7t2taEvv3OdRpwvqGMr56QtEwnrATVTAi1ezA\/edit?usp=sharing\">2024<\/a><\/td>\n<td style=\"text-align: center\">Em 2024 a UEPG participou da classifica\u00e7\u00e3o geral. Neste ano foram enviados dados para concorrer nos ODS: 1, 2, 3, 4, 5, 8, 10, 11, 12, 15, 16, e 17.<\/td>\n<\/tr>\n<tr>\n<td style=\"text-align: center\"><a href=\"https:\/\/docs.google.com\/spreadsheets\/d\/1e7UrK4Vx9RwQ6f_6D09sGcfqg0eUomRtntRoQEd05dY\/edit?usp=sharing\">2023<\/a><\/td>\n<td style=\"text-align: center\">Em 2023 a UEPG participou da classifica\u00e7\u00e3o geral. Neste ano foram enviados dados para concorrer em todos os ODS.<\/td>\n<\/tr>\n<tr>\n<td style=\"text-align: center\"><a href=\"https:\/\/docs.google.com\/spreadsheets\/d\/1vmrHEHfcmrGY1ZodTUFrVowx3GDJDp7NUT_2iOU2HIw\/edit?usp=sharing\">2022<\/a><\/td>\n<td style=\"text-align: center\">Em 2022 a UEPG participou da classifica\u00e7\u00e3o geral, concorrendo nos objetivos: ODS 3 - Sa\u00fade e bem-estar, ODS 4 - Educa\u00e7\u00e3o de qualidade, ODS 10 - Redu\u00e7\u00e3o das desigualdades e ODS 17 - Parceria para as metas.<\/td>\n<\/tr>\n<tr>\n<td style=\"text-align: center\"><a href=\"https:\/\/docs.google.com\/spreadsheets\/d\/16CdXXavOoQdEBeIe_QrMXBnbDwvuPqSCiBpi75A32as\/edit?usp=sharing\">2021<\/a><\/td>\n<td style=\"text-align: center\" width=\"466\">\u00a0Em 2021 a UEPG concorreu em dois objetivos: ODS 3 - Sa\u00fade e Bem-estar e ODS 4 - Educa\u00e7\u00e3o de Qualidade.<\/td>\n<\/tr>\n<tr>\n<td style=\"text-align: center\"><a href=\"https:\/\/docs.google.com\/spreadsheets\/d\/1dujf-gBnVQztzRb_yv_fcufjnHNWrq_Onu2n8GmhWTk\/edit?usp=sharing\">2020<\/a><\/td>\n<td style=\"text-align: center\" width=\"466\">\u00a0Em 2021 a UEPG concorreu no ODS 3 - Sa\u00fade e Bem-estar.<\/td>\n<\/tr>\n<tr>\n<td style=\"text-align: center\"><a href=\"https:\/\/docs.google.com\/spreadsheets\/d\/1Hay7wpBmtRctk4zSlzLYp47HxW9r_mk6XELf2Q_yemo\/edit?usp=sharing\">2019<\/a><\/td>\n<td style=\"text-align: center\" width=\"466\">\u00a0Em 2021 a UEPG concorreu no ODS 4 - Educa\u00e7\u00e3o de Qualidade.<\/td>\n<\/tr>\n<\/tbody>\n<\/table>\n<p>&nbsp;<\/p>\n<p style=\"text-align: center\">Para saber mais sobre os ODS e as a\u00e7\u00f5es realizadas pela UEPG, acesse: <a href=\"https:\/\/www2.uepg.br\/proplan\/avaliacao-institucional\/ods-agenda-2030\/\">ODS Agenda 2030.<\/a><\/p>\n\t\t\t\t<\/div>\n\t\t\t<\/div>\n\t\t<\/div>\n\t\t\t<div class=\"sow-accordion-panel\"\n\t\t\t data-anchor=\"latin-america\">\n\t\t\t\t<div class=\"sow-accordion-panel-header-container\" role=\"heading\" aria-level=\"2\">\n\t\t\t\t\t<div class=\"sow-accordion-panel-header\" tabindex=\"0\" role=\"button\" id=\"accordion-label-latin-america\" aria-controls=\"accordion-content-latin-america\" aria-expanded=\"false\">\n\t\t\t\t\t\t<div class=\"sow-accordion-title sow-accordion-title-icon-left\">\n\t\t\t\t\t\t\t\t\t\t\t\t\t\tLatin America\t\t\t\t\t\t\t\t\t\t\t\t\t<\/div>\n\t\t\t\t\t\t<div class=\"sow-accordion-open-close-button\">\n\t\t\t\t\t\t\t<div class=\"sow-accordion-open-button\">\n\t\t\t\t\t\t\t\t<span class=\"sow-icon-ionicons\" data-sow-icon=\"&#xf218;\"\n\t\t \n\t\taria-hidden=\"true\"><\/span>\t\t\t\t\t\t\t<\/div>\n\t\t\t\t\t\t\t<div class=\"sow-accordion-close-button\">\n\t\t\t\t\t\t\t\t<span class=\"sow-icon-ionicons\" data-sow-icon=\"&#xf209;\"\n\t\t \n\t\taria-hidden=\"true\"><\/span>\t\t\t\t\t\t\t<\/div>\n\t\t\t\t\t\t<\/div>\n\t\t\t\t\t<\/div>\n\t\t\t\t<\/div>\n\n\t\t\t<div\n\t\t\t\tclass=\"sow-accordion-panel-content\"\n\t\t\t\trole=\"region\"\n\t\t\t\taria-labelledby=\"accordion-label-latin-america\"\n\t\t\t\tid=\"accordion-content-latin-america\"\n\t\t\t\tstyle=\"display: none;\"\t\t\t>\n\t\t\t\t<div class=\"sow-accordion-panel-border\" tabindex=\"0\">\n\t\t\t\t\t<p>&nbsp;<\/p>\n<h2 class=\"pane-title\" style=\"text-align: center\"><em>Latin America University Rankings<\/em><\/h2>\n<p>&nbsp;<\/p>\n<p style=\"text-align: center\" data-start=\"0\" data-end=\"311\">Na elabora\u00e7\u00e3o do <em>ranking<\/em> das melhores universidades da Am\u00e9rica Latina, o <strong data-start=\"73\" data-end=\"138\">Times Higher Education Latin America University Rankings 2017<\/strong> utiliza os mesmos 13 indicadores de desempenho do <strong data-start=\"189\" data-end=\"222\">THE World University Rankings<\/strong>, mas recalibrados para refletir as caracter\u00edsticas das institui\u00e7\u00f5es latino-americanas.<\/p>\n<p style=\"text-align: center\" data-start=\"313\" data-end=\"539\" data-is-last-node=\"\" data-is-only-node=\"\">As universidades s\u00e3o avaliadas em todas as suas miss\u00f5es centrais \u2013 <strong data-start=\"380\" data-end=\"459\">ensino, pesquisa, transfer\u00eancia de conhecimento e perspectiva internacional<\/strong> \u2013 a fim de oferecer as compara\u00e7\u00f5es mais abrangentes e equilibradas dispon\u00edveis.<\/p>\n<table style=\"height: 441px\" width=\"1866\">\n<tbody>\n<tr>\n<td style=\"text-align: center\" width=\"117\"><a href=\"https:\/\/docs.google.com\/spreadsheets\/d\/1lT8jDG2REgY1VxLmzp6Fk1vnBOce-ej7hd67cCZ79KI\/edit?usp=sharing\">Latin America 2024<\/a><\/td>\n<\/tr>\n<tr>\n<td style=\"text-align: center\"><a href=\"https:\/\/docs.google.com\/spreadsheets\/d\/1jSODSCV7XGWALRY8DHI7rdv-v8eulJE7xZEwbFVUuH8\/edit?usp=sharing\">Latin America 2023<\/a><\/td>\n<\/tr>\n<tr>\n<td style=\"text-align: center\"><a href=\"https:\/\/docs.google.com\/spreadsheets\/d\/15JUZCotJUnU6g-xHkJpA4E6gj-tnlceGkXNVXbO9kxg\/edit?usp=sharing\">Latin America 2022<\/a><\/td>\n<\/tr>\n<tr>\n<td style=\"text-align: center\"><a href=\"https:\/\/docs.google.com\/spreadsheets\/d\/1p4jazxDba_DYrz0ihLHHwdVaRkNYGebflAwskdoTzhQ\/edit?usp=sharing\">Latin America 2021<\/a><\/td>\n<\/tr>\n<tr>\n<td style=\"text-align: center\"><a href=\"https:\/\/docs.google.com\/spreadsheets\/d\/1qpjShFqIOnHdrm6plU40ol5P1m44B1zjdjDXE2q0zZk\/edit?usp=sharing\">Latin America 2020<\/a><\/td>\n<\/tr>\n<tr>\n<td style=\"text-align: center\"><a href=\"https:\/\/docs.google.com\/spreadsheets\/d\/1DI9QB07-rN03ye_V_W7VGLyvRv1uo6vGmaWLHrkla0w\/edit?gid=0#gid=0\">Latin America 2019<\/a><\/td>\n<\/tr>\n<tr>\n<td style=\"text-align: center\"><a href=\"https:\/\/docs.google.com\/spreadsheets\/d\/1NpLExKTVbZ-VLOZpfpey_fcRd-yD9oeCOPCH659mRUs\/edit?usp=sharing\">Latin America 2018<\/a><\/td>\n<\/tr>\n<tr>\n<td style=\"text-align: center\"><a href=\"https:\/\/docs.google.com\/spreadsheets\/d\/1KD6mS_MmUst0rOsdbVbt_ssrdWqVq4PPNuZJMMB4pEw\/edit?usp=sharing\">Latin America 2017<\/a><\/td>\n<\/tr>\n<\/tbody>\n<\/table>\n<p>&nbsp;<\/p>\n\t\t\t\t<\/div>\n\t\t\t<\/div>\n\t\t<\/div>\n\t\t<\/div>\n<\/div>\n<\/div><\/div><\/div><\/div><\/div>","protected":false},"excerpt":{"rendered":"<p>Atualmente, a Universidade Estadual de Ponta Grossa participa de dois principais rankings internacionais, que s\u00e3o elaborados pela revista brit\u00e2nica Times Higher Education (THE), em parceria com a editora Elsevier. Clique nos conte\u00fados abaixo e conhe\u00e7a um pouco mais sobre cada um deles.<\/p>\n","protected":false},"author":337,"featured_media":0,"parent":48,"menu_order":0,"comment_status":"closed","ping_status":"closed","template":"","meta":[],"_links":{"self":[{"href":"https:\/\/www2.uepg.br\/proplan\/wp-json\/wp\/v2\/pages\/3195"}],"collection":[{"href":"https:\/\/www2.uepg.br\/proplan\/wp-json\/wp\/v2\/pages"}],"about":[{"href":"https:\/\/www2.uepg.br\/proplan\/wp-json\/wp\/v2\/types\/page"}],"author":[{"embeddable":true,"href":"https:\/\/www2.uepg.br\/proplan\/wp-json\/wp\/v2\/users\/337"}],"replies":[{"embeddable":true,"href":"https:\/\/www2.uepg.br\/proplan\/wp-json\/wp\/v2\/comments?post=3195"}],"version-history":[{"count":47,"href":"https:\/\/www2.uepg.br\/proplan\/wp-json\/wp\/v2\/pages\/3195\/revisions"}],"predecessor-version":[{"id":3575,"href":"https:\/\/www2.uepg.br\/proplan\/wp-json\/wp\/v2\/pages\/3195\/revisions\/3575"}],"up":[{"embeddable":true,"href":"https:\/\/www2.uepg.br\/proplan\/wp-json\/wp\/v2\/pages\/48"}],"wp:attachment":[{"href":"https:\/\/www2.uepg.br\/proplan\/wp-json\/wp\/v2\/media?parent=3195"}],"curies":[{"name":"wp","href":"https:\/\/api.w.org\/{rel}","templated":true}]}}