{"id":50,"date":"2020-10-05T11:18:40","date_gmt":"2020-10-05T14:18:40","guid":{"rendered":"http:\/\/www2.uepg.br\/propan\/?page_id=50"},"modified":"2021-04-20T17:41:05","modified_gmt":"2021-04-20T20:41:05","slug":"gestao-ambiental","status":"publish","type":"page","link":"https:\/\/www2.uepg.br\/proplan\/gestao-ambiental\/","title":{"rendered":"Gest\u00e3o Ambiental"},"content":{"rendered":"<div id=\"pl-50\"  class=\"panel-layout\" ><div id=\"pg-50-0\"  class=\"panel-grid panel-no-style\" ><div id=\"pgc-50-0-0\"  class=\"panel-grid-cell\" ><div id=\"panel-50-0-0-0\" class=\"so-panel widget widget_sow-features panel-first-child panel-last-child\" data-index=\"0\" ><div\n\t\t\t\n\t\t\tclass=\"so-widget-sow-features so-widget-sow-features-default-08b7e7098384-50\"\n\t\t\t\n\t\t>\n<div class=\"sow-features-list sow-features-responsive\">\n\n\t\t\t\t\t\t<div\n\t\t\t\tclass=\"sow-features-feature sow-icon-container-position-top \"\n\t\t\t\tstyle=\"display: flex; flex-direction: column; float: left; width: 50%;\"\n\t\t\t>\n\n\t\t\t\t\t\t\t\t\t<a\n\t\t\t\t\t\thref=\"https:\/\/www2.uepg.br\/propan\/gestao-ambiental\/diretoria-de-gestao-ambiental\/\"\n\t\t\t\t\t\t\t\t\t\t\t>\n\t\t\t\t\t\t\t\t<div\n\t\t\t\t\tclass=\"sow-icon-container sow-container-rounded-square\"\n                    style=\"color: #128787; \"\n\t\t\t\t\ttitle=\"DIRETORIA DE GEST\u00c3O AMBIENTAL\">\n\t\t\t\t\t<span class=\"sow-icon-fontawesome sow-fas\" data-sow-icon=\"&#xf508;\"\n\t\tstyle=\"font-size: 50px; color: #0a0202\" \n\t\taria-hidden=\"true\"><\/span>\t\t\t\t<\/div>\n\t\t\t\t\t\t\t\t\t<\/a>\n\t\t\t\t\n\t\t\t\t<div class=\"textwidget\">\n\t\t\t\t\t\t\t\t\t\t\t<h5>\n\t\t\t\t\t\t\t\t\t\t\t\t\t\t\t<a\n\t\t\t\t\t\t\t\t\thref=\"https:\/\/www2.uepg.br\/propan\/gestao-ambiental\/diretoria-de-gestao-ambiental\/\"\n\t\t\t\t\t\t\t\t\t\t\t\t\t\t\t\t\t>\n\t\t\t\t\t\t\t\n\t\t\t\t\t\t\tDiretoria de Gest\u00e3o Ambiental\t\t\t\t\t\t\t\t\t\t\t\t\t\t\t<\/a>\n\t\t\t\t\t\t\t\t\t\t\t\t\t<\/h5>\n\t\t\t\t\t\n\t\t\t\t\t\t\t\t\t\t\t<p>A Diretoria de Gest\u00e3o Ambiental (DGA) da UEPG, vinculada \u00e0 Pr\u00f3-Reitoria de Planejamento consiste num segmento de extrema relev\u00e2ncia no contexto institucional e do munic\u00edpio de Ponta Grossa. Com princ\u00edpios pautados no conceito de Desenvolvimento Sustent\u00e1vel, a DGA est\u00e1 a servi\u00e7o da comunidade acad\u00eamica, assessorando e prestando servi\u00e7os socioambientais numa perspectiva multidisciplinar.<\/p>\n\t\t\t\t\t\n\t\t\t\t\t\t\t\t\t<\/div>\n\t\t\t\t\t\t\t<\/div>\n\n\t\t\t\t\t<div\n\t\t\t\tclass=\"sow-features-feature sow-icon-container-position-top \"\n\t\t\t\tstyle=\"display: flex; flex-direction: column; float: left; width: 50%;\"\n\t\t\t>\n\n\t\t\t\t\t\t\t\t\t<a\n\t\t\t\t\t\thref=\"https:\/\/www2.uepg.br\/propan\/gestao-ambiental\/uepg-sustentavel-e-acoes-ambientais\/\"\n\t\t\t\t\t\t\t\t\t\t\t>\n\t\t\t\t\t\t\t\t<div\n\t\t\t\t\tclass=\"sow-icon-container sow-container-rounded-square\"\n                    style=\"color: #1e73be; \"\n\t\t\t\t\ttitle=\"UEPG Sustent\u00e1vel e A\u00e7\u00f5es Ambientais\">\n\t\t\t\t\t<span class=\"sow-icon-fontawesome sow-fas\" data-sow-icon=\"&#xf57d;\"\n\t\tstyle=\"font-size: 50px; color: #0a0a0a\" \n\t\taria-hidden=\"true\"><\/span>\t\t\t\t<\/div>\n\t\t\t\t\t\t\t\t\t<\/a>\n\t\t\t\t\n\t\t\t\t<div class=\"textwidget\">\n\t\t\t\t\t\t\t\t\t\t\t<h5>\n\t\t\t\t\t\t\t\t\t\t\t\t\t\t\t<a\n\t\t\t\t\t\t\t\t\thref=\"https:\/\/www2.uepg.br\/propan\/gestao-ambiental\/uepg-sustentavel-e-acoes-ambientais\/\"\n\t\t\t\t\t\t\t\t\t\t\t\t\t\t\t\t\t>\n\t\t\t\t\t\t\t\n\t\t\t\t\t\t\tPOL\u00cdTICA AMBIENTAL\t\t\t\t\t\t\t\t\t\t\t\t\t\t\t<\/a>\n\t\t\t\t\t\t\t\t\t\t\t\t\t<\/h5>\n\t\t\t\t\t\n\t\t\t\t\t\t\t\t\t\t\t<p>Tramita nas inst\u00e2ncias superiores de nossa institui\u00e7\u00e3o, a Pol\u00edtica Ambiental da Universidade Estadual de Ponta Grossa (PAUPEG), bem como o Programa de Educa\u00e7\u00e3o Ambiental da Universidade Estadual de Ponta Grossa (PEUEPG). Tais instrumentos, ir\u00e3o consolidar, al\u00e9m de uma pol\u00edtica espec\u00edfica para nossa institui\u00e7\u00e3o, um programa de educa\u00e7\u00e3o ambiental n\u00e3o-formal, com o objetivo de atender as demandas existentes da comunidade acad\u00eamica, bem como da comunidade em que a UEPG est\u00e1 inserida. Tais documentos est\u00e3o pautados em princ\u00edpios democr\u00e1ticos e transparentes de governan\u00e7a ambiental, em que o papel da sociedade \u00e9 fundamental na efetividade de tais instrumentos.<\/p>\n\t\t\t\t\t\n\t\t\t\t\t\t\t\t\t<\/div>\n\t\t\t\t\t\t\t<\/div>\n\n\t\t\t\t\t<div\n\t\t\t\tclass=\"sow-features-feature sow-icon-container-position-top sow-features-feature-last-row\"\n\t\t\t\tstyle=\"display: flex; flex-direction: column; float: left; width: 50%;\"\n\t\t\t>\n\n\t\t\t\t\t\t\t\t\t<a\n\t\t\t\t\t\thref=\"https:\/\/www2.uepg.br\/propan\/noticias\/\"\n\t\t\t\t\t\t\t\t\t\t\t>\n\t\t\t\t\t\t\t\t<div\n\t\t\t\t\tclass=\"sow-icon-container sow-container-rounded-square\"\n                    style=\"color: #81d742; \"\n\t\t\t\t\ttitle=\"Novidades\">\n\t\t\t\t\t<span class=\"sow-icon-fontawesome sow-fas\" data-sow-icon=\"&#xf130;\"\n\t\tstyle=\"font-size: 50px; color: #0a0a0a\" \n\t\taria-hidden=\"true\"><\/span>\t\t\t\t<\/div>\n\t\t\t\t\t\t\t\t\t<\/a>\n\t\t\t\t\n\t\t\t\t<div class=\"textwidget\">\n\t\t\t\t\t\t\t\t\t\t\t<h5>\n\t\t\t\t\t\t\t\t\t\t\t\t\t\t\t<a\n\t\t\t\t\t\t\t\t\thref=\"https:\/\/www2.uepg.br\/propan\/noticias\/\"\n\t\t\t\t\t\t\t\t\t\t\t\t\t\t\t\t\t>\n\t\t\t\t\t\t\t\n\t\t\t\t\t\t\tNovidades\t\t\t\t\t\t\t\t\t\t\t\t\t\t\t<\/a>\n\t\t\t\t\t\t\t\t\t\t\t\t\t<\/h5>\n\t\t\t\t\t\n\t\t\t\t\t\n\t\t\t\t\t\t\t\t\t<\/div>\n\t\t\t\t\t\t\t<\/div>\n\n\t\t\t\t\t<div\n\t\t\t\tclass=\"sow-features-feature sow-icon-container-position-top sow-features-feature-last-row\"\n\t\t\t\tstyle=\"display: flex; flex-direction: column; float: left; width: 50%;\"\n\t\t\t>\n\n\t\t\t\t\t\t\t\t\t<a\n\t\t\t\t\t\thref=\"https:\/\/suporte.uepg.br\"\n\t\t\t\t\t\t\t\t\t\t\t>\n\t\t\t\t\t\t\t\t<div\n\t\t\t\t\tclass=\"sow-icon-container sow-container-rounded-square\"\n                    style=\"color: #8224e3; \"\n\t\t\t\t\ttitle=\"Solicita\u00e7\u00f5es e Suporte\">\n\t\t\t\t\t<span class=\"sow-icon-fontawesome sow-fas\" data-sow-icon=\"&#xf013;\"\n\t\tstyle=\"font-size: 50px; color: #0a0a0a\" \n\t\taria-hidden=\"true\"><\/span>\t\t\t\t<\/div>\n\t\t\t\t\t\t\t\t\t<\/a>\n\t\t\t\t\n\t\t\t\t<div class=\"textwidget\">\n\t\t\t\t\t\t\t\t\t\t\t<h5>\n\t\t\t\t\t\t\t\t\t\t\t\t\t\t\t<a\n\t\t\t\t\t\t\t\t\thref=\"https:\/\/suporte.uepg.br\"\n\t\t\t\t\t\t\t\t\t\t\t\t\t\t\t\t\t>\n\t\t\t\t\t\t\t\n\t\t\t\t\t\t\tSolicita\u00e7\u00f5es e Suporte\t\t\t\t\t\t\t\t\t\t\t\t\t\t\t<\/a>\n\t\t\t\t\t\t\t\t\t\t\t\t\t<\/h5>\n\t\t\t\t\t\n\t\t\t\t\t\n\t\t\t\t\t\t\t\t\t<\/div>\n\t\t\t\t\t\t\t<\/div>\n\n\t\t\t\n<\/div>\n<\/div><\/div><\/div><\/div><\/div>","protected":false},"excerpt":{"rendered":"<p>Diretoria de Gest\u00e3o Ambiental A Diretoria de Gest\u00e3o Ambiental (DGA) da UEPG, vinculada \u00e0 Pr\u00f3-Reitoria de Planejamento consiste num segmento de extrema relev\u00e2ncia no contexto institucional e do munic\u00edpio de Ponta Grossa. Com princ\u00edpios pautados no conceito de Desenvolvimento Sustent\u00e1vel, a DGA est\u00e1 a servi\u00e7o da comunidade acad\u00eamica, assessorando e prestando servi\u00e7os socioambientais numa perspectiva&nbsp;&hellip;<\/p>\n","protected":false},"author":204,"featured_media":0,"parent":0,"menu_order":0,"comment_status":"closed","ping_status":"closed","template":"","meta":[],"_links":{"self":[{"href":"https:\/\/www2.uepg.br\/proplan\/wp-json\/wp\/v2\/pages\/50"}],"collection":[{"href":"https:\/\/www2.uepg.br\/proplan\/wp-json\/wp\/v2\/pages"}],"about":[{"href":"https:\/\/www2.uepg.br\/proplan\/wp-json\/wp\/v2\/types\/page"}],"author":[{"embeddable":true,"href":"https:\/\/www2.uepg.br\/proplan\/wp-json\/wp\/v2\/users\/204"}],"replies":[{"embeddable":true,"href":"https:\/\/www2.uepg.br\/proplan\/wp-json\/wp\/v2\/comments?post=50"}],"version-history":[{"count":11,"href":"https:\/\/www2.uepg.br\/proplan\/wp-json\/wp\/v2\/pages\/50\/revisions"}],"predecessor-version":[{"id":1857,"href":"https:\/\/www2.uepg.br\/proplan\/wp-json\/wp\/v2\/pages\/50\/revisions\/1857"}],"wp:attachment":[{"href":"https:\/\/www2.uepg.br\/proplan\/wp-json\/wp\/v2\/media?parent=50"}],"curies":[{"name":"wp","href":"https:\/\/api.w.org\/{rel}","templated":true}]}}