{"id":11,"date":"2020-04-20T14:57:56","date_gmt":"2020-04-20T17:57:56","guid":{"rendered":"http:\/\/www2.uepg.br\/prova-proficiencia\/?page_id=11"},"modified":"2026-04-08T21:19:23","modified_gmt":"2026-04-09T00:19:23","slug":"editais","status":"publish","type":"page","link":"https:\/\/www2.uepg.br\/prova-proficiencia\/editais\/","title":{"rendered":"Editais"},"content":{"rendered":"<div id=\"pl-11\"  class=\"panel-layout\" ><div id=\"pg-11-0\"  class=\"panel-grid panel-has-style\" ><div class=\"siteorigin-panels-stretch panel-row-style panel-row-style-for-11-0\" data-stretch-type=\"full\" ><div id=\"pgc-11-0-0\"  class=\"panel-grid-cell\" ><div class=\"panel-cell-style panel-cell-style-for-11-0-0\" ><div id=\"panel-11-0-0-0\" class=\"so-panel widget widget_sow-editor panel-first-child panel-last-child\" data-index=\"0\" ><div\n\t\t\t\n\t\t\tclass=\"so-widget-sow-editor so-widget-sow-editor-base\"\n\t\t\t\n\t\t>\n<div class=\"siteorigin-widget-tinymce textwidget\">\n\t<h2 style=\"text-align: center;\"><span style=\"color: #ffffff;\">Editais<\/span><\/h2>\n<\/div>\n<\/div><\/div><\/div><\/div><div id=\"pgc-11-0-1\"  class=\"panel-grid-cell\" ><div id=\"panel-11-0-1-0\" class=\"so-panel widget widget_sow-accordion panel-first-child panel-last-child\" data-index=\"1\" ><div class=\"panel-widget-style panel-widget-style-for-11-0-1-0\" ><div\n\t\t\t\n\t\t\tclass=\"so-widget-sow-accordion so-widget-sow-accordion-default-5eb2230f656c-11\"\n\t\t\t\n\t\t><div>\n\t<div class=\"sow-accordion\">\n\t\t\t<div class=\"sow-accordion-panel\"\n\t\t\t data-anchor=\"2026-1%c2%ba-semestre\">\n\t\t\t\t<div class=\"sow-accordion-panel-header-container\" role=\"heading\" aria-level=\"2\">\n\t\t\t\t\t<div class=\"sow-accordion-panel-header\" tabindex=\"0\" role=\"button\" id=\"accordion-label-2026-1%c2%ba-semestre\" aria-controls=\"accordion-content-2026-1%c2%ba-semestre\" aria-expanded=\"false\">\n\t\t\t\t\t\t<div class=\"sow-accordion-title sow-accordion-title-icon-left\">\n\t\t\t\t\t\t\t\t\t\t\t\t\t\t2026 - 1\u00ba Semestre\t\t\t\t\t\t\t\t\t\t\t\t\t<\/div>\n\t\t\t\t\t\t<div class=\"sow-accordion-open-close-button\">\n\t\t\t\t\t\t\t<div class=\"sow-accordion-open-button\">\n\t\t\t\t\t\t\t\t<span class=\"sow-icon-ionicons\" data-sow-icon=\"&#xf218;\"\n\t\t \n\t\taria-hidden=\"true\"><\/span>\t\t\t\t\t\t\t<\/div>\n\t\t\t\t\t\t\t<div class=\"sow-accordion-close-button\">\n\t\t\t\t\t\t\t\t<span class=\"sow-icon-ionicons\" data-sow-icon=\"&#xf209;\"\n\t\t \n\t\taria-hidden=\"true\"><\/span>\t\t\t\t\t\t\t<\/div>\n\t\t\t\t\t\t<\/div>\n\t\t\t\t\t<\/div>\n\t\t\t\t<\/div>\n\n\t\t\t<div\n\t\t\t\tclass=\"sow-accordion-panel-content\"\n\t\t\t\trole=\"region\"\n\t\t\t\taria-labelledby=\"accordion-label-2026-1%c2%ba-semestre\"\n\t\t\t\tid=\"accordion-content-2026-1%c2%ba-semestre\"\n\t\t\t\tstyle=\"display: none;\"\t\t\t>\n\t\t\t\t<div class=\"sow-accordion-panel-border\" tabindex=\"0\">\n\t\t\t\t\t<p><a href=\"https:\/\/www.fauepg.org.br\/wp-content\/uploads\/\/sites\/133\/2026\/04\/Edital-FAUEPG-114-2026-RESULTADO-ISENCOES-PROVA-DE-PROFICIENCIA-EM-LEITURA-EM-LINGUAS-ESTRANGEIRAS-1a-EDICAO-2026.pdf\">EDITAL FAUEPG N\u00ba 114 2026 - EDITAL DE RESULTADO DOS PEDIDOS DE ISEN\u00c7\u00c3O DE TAXA PARA INSCRI\u00c7\u00d5ES EM PROVA DE PROFICI\u00caNCIA EM LITERATURA EM L\u00cdNGUAS ESTRANGEIRAS ( ESPANHOL;INGL\u00caS; PORTUGUES- L\u00cdNGUA ESTRANGEIRA E FRANC\u00caS) MODALIDADES , DATAS E REQUISITOS PARA A EDI\u00c7\u00c3O 1\/2026<\/a><\/p>\n<p><a href=\"https:\/\/www2.uepg.br\/prova-proficiencia\/wp-content\/uploads\/sites\/266\/2026\/03\/aa.pdf\">EDITAL FAUEPG N\u00ba 88 2026 - EDITAL DE CHAMADA PARA INSCRI\u00c7\u00d5ES EM PROVA DE PROFICI\u00caNCIA EM LITERATURA EM L\u00cdNGUAS ESTRANGEIRAS ( ESPANHOL;INGL\u00caS; PORTUGUES- L\u00cdNGUA ESTRANGEIRA E FRANC\u00caS) MODALIDADES , DATAS E REQUISITOS PARA A EDI\u00c7\u00c3O 1\/2026<\/a><\/p>\n<p>&nbsp;<\/p>\n\t\t\t\t<\/div>\n\t\t\t<\/div>\n\t\t<\/div>\n\t\t\t<div class=\"sow-accordion-panel\"\n\t\t\t data-anchor=\"2025-2%c2%ba-semestre\">\n\t\t\t\t<div class=\"sow-accordion-panel-header-container\" role=\"heading\" aria-level=\"2\">\n\t\t\t\t\t<div class=\"sow-accordion-panel-header\" tabindex=\"0\" role=\"button\" id=\"accordion-label-2025-2%c2%ba-semestre\" aria-controls=\"accordion-content-2025-2%c2%ba-semestre\" aria-expanded=\"false\">\n\t\t\t\t\t\t<div class=\"sow-accordion-title sow-accordion-title-icon-left\">\n\t\t\t\t\t\t\t\t\t\t\t\t\t\t2025 - 2\u00ba semestre\t\t\t\t\t\t\t\t\t\t\t\t\t<\/div>\n\t\t\t\t\t\t<div class=\"sow-accordion-open-close-button\">\n\t\t\t\t\t\t\t<div class=\"sow-accordion-open-button\">\n\t\t\t\t\t\t\t\t<span class=\"sow-icon-ionicons\" data-sow-icon=\"&#xf218;\"\n\t\t \n\t\taria-hidden=\"true\"><\/span>\t\t\t\t\t\t\t<\/div>\n\t\t\t\t\t\t\t<div class=\"sow-accordion-close-button\">\n\t\t\t\t\t\t\t\t<span class=\"sow-icon-ionicons\" data-sow-icon=\"&#xf209;\"\n\t\t \n\t\taria-hidden=\"true\"><\/span>\t\t\t\t\t\t\t<\/div>\n\t\t\t\t\t\t<\/div>\n\t\t\t\t\t<\/div>\n\t\t\t\t<\/div>\n\n\t\t\t<div\n\t\t\t\tclass=\"sow-accordion-panel-content\"\n\t\t\t\trole=\"region\"\n\t\t\t\taria-labelledby=\"accordion-label-2025-2%c2%ba-semestre\"\n\t\t\t\tid=\"accordion-content-2025-2%c2%ba-semestre\"\n\t\t\t\tstyle=\"display: none;\"\t\t\t>\n\t\t\t\t<div class=\"sow-accordion-panel-border\" tabindex=\"0\">\n\t\t\t\t\t<p><a href=\"https:\/\/www.fauepg.org.br\/wp-content\/uploads\/\/sites\/133\/2025\/09\/EDITAL-FAUEPG-No-178-2025-CHAMADA-PARA-INSCRICOES-EM-PROVA-DE-PROFICIENCIA-EM-LEITURA-EM-LINGUAS-ESTRANGEIRAS-2a-EDICAO-2025.pdf\">EDITAL FAUEPG N\u00ba 178 2025 -\u00a0 CHAMADA PARA INSCRI\u00c7\u00d5ES DA PROVA DE PROFICI\u00caNCIA EM LEITURA EM L\u00cdNGUAS ESTRANGEIRAS 2\u00aa EDI\u00c7\u00c3O 2025<\/a><\/p>\n<p><a href=\"https:\/\/www.fauepg.org.br\/wp-content\/uploads\/\/sites\/133\/2025\/10\/EDITAL-FAUEPG-No-187-2025-RESULTADO-ISENCOES-PROVA-DE-PROFICIENCIA-EM-LEITURA-EM-LINGUAS-ESTRANGEIRAS-2a-EDICAO-2025.pdf\">EDITAL FAUEPG N\u00ba 187 2025 - RESULTADO DOS PEDIDOS DE ISEN\u00c7\u00d5ES DE TAXA DAS INSCRI\u00c7\u00d5ES DA PROVA DE PROFICI\u00caNCIA EM LEITURA EM L\u00cdNGUAS ESTRANGEIRAS 2\u00aa EDI\u00c7\u00c3O 2025<\/a><\/p>\n<p><a href=\"https:\/\/www.fauepg.org.br\/wp-content\/uploads\/\/sites\/133\/2025\/10\/FAUEPG-207-2025-HOMOLOGACAO-DAS-INSCRICOES-PROVA-DE-PROFICIENCIA-EM-LEITURA-EM-LINGUAS-ESTRANGEIRAS-2a-EDIC%CC%A7AO-2025.pdf\">EDITAL FAUEPG N\u00ba 207 2025 - HOMOLOGA\u00c7\u00c3O DAS INSCRI\u00c7\u00d5ES NA PROVA DE PROFICI\u00caNCIA EM LEITURA EM L\u00cdNGUAS ESTRANGEIRAS 2\u00aa EDI\u00c7\u00c3O 2025<\/a><\/p>\n<p><a href=\"https:\/\/www.fauepg.org.br\/wp-content\/uploads\/\/sites\/133\/2025\/11\/EDITAL-FAUEPG-209-2025-HOMOLOGACAO-DAS-INSCRICOES-APOS-RECURSOS-PROVA-DE-PROFICIENCIA-EM-LEITURA-EM-LINGUAS-ESTRANGEIRAS-2a-EDIC%CC%A7AO-2025.pdf\">EDITAL FAUEPG N\u00ba 209 2025 - HOMOLOGA\u00c7\u00c3O DAS INSCRI\u00c7\u00d5ES AP\u00d3S RECURSOS - PROVA DE PROFICI\u00caNCIA EM LEITURA EM L\u00cdNGUAS ESTRANGEIRAS 2\u00aa EDI\u00c7\u00c3O 2025<\/a><\/p>\n<p><a href=\"https:\/\/www.fauepg.org.br\/wp-content\/uploads\/\/sites\/133\/2025\/11\/Edital-FAUEPG-No-211-2025-ENSALAMENTO-DA-PROVA-DE-PROFICIENCIA-EM-LEITURA-EM-LINGUAS-ESTRANGEIRAS-2o-edicao-2025.pdf\">EDITAL FAUEPG N\u00ba 211 2025 - ENSALAMENTO DA PROVA DE PROFICI\u00caNCIA EM LEITURA EM L\u00cdNGUAS ESTRANGEIRAS 2\u00aa EDI\u00c7\u00c3O 2025<\/a><\/p>\n<p><a href=\"https:\/\/www.fauepg.org.br\/wp-content\/uploads\/\/sites\/133\/2025\/11\/EDITAL-FAUEPG-No-214-2025-RESULTADO-PRELIMINAR-PROVA-DE-PROFICIE%CC%82NCIA-EM-LEITURA-EM-LI%CC%81NGUAS-ESTRANGEIRAS-2a-EDIC%CC%A7A%CC%83O-2025.pdf\">EDITAL FAUEPG N\u00ba 214 2025 - RESULTADO PRELIMINAR DA PROVA DE PROFICI\u00caNCIA EM LEITURA EM L\u00cdNGUAS ESTRANGEIRAS 2\u00aa EDI\u00c7\u00c3O 2025<\/a><\/p>\n\t\t\t\t<\/div>\n\t\t\t<\/div>\n\t\t<\/div>\n\t\t\t<div class=\"sow-accordion-panel\"\n\t\t\t data-anchor=\"2025-1%c2%ba-semestre\">\n\t\t\t\t<div class=\"sow-accordion-panel-header-container\" role=\"heading\" aria-level=\"2\">\n\t\t\t\t\t<div class=\"sow-accordion-panel-header\" tabindex=\"0\" role=\"button\" id=\"accordion-label-2025-1%c2%ba-semestre\" aria-controls=\"accordion-content-2025-1%c2%ba-semestre\" aria-expanded=\"false\">\n\t\t\t\t\t\t<div class=\"sow-accordion-title sow-accordion-title-icon-left\">\n\t\t\t\t\t\t\t\t\t\t\t\t\t\t2025 - 1\u00ba semestre\t\t\t\t\t\t\t\t\t\t\t\t\t<\/div>\n\t\t\t\t\t\t<div class=\"sow-accordion-open-close-button\">\n\t\t\t\t\t\t\t<div class=\"sow-accordion-open-button\">\n\t\t\t\t\t\t\t\t<span class=\"sow-icon-ionicons\" data-sow-icon=\"&#xf218;\"\n\t\t \n\t\taria-hidden=\"true\"><\/span>\t\t\t\t\t\t\t<\/div>\n\t\t\t\t\t\t\t<div class=\"sow-accordion-close-button\">\n\t\t\t\t\t\t\t\t<span class=\"sow-icon-ionicons\" data-sow-icon=\"&#xf209;\"\n\t\t \n\t\taria-hidden=\"true\"><\/span>\t\t\t\t\t\t\t<\/div>\n\t\t\t\t\t\t<\/div>\n\t\t\t\t\t<\/div>\n\t\t\t\t<\/div>\n\n\t\t\t<div\n\t\t\t\tclass=\"sow-accordion-panel-content\"\n\t\t\t\trole=\"region\"\n\t\t\t\taria-labelledby=\"accordion-label-2025-1%c2%ba-semestre\"\n\t\t\t\tid=\"accordion-content-2025-1%c2%ba-semestre\"\n\t\t\t\tstyle=\"display: none;\"\t\t\t>\n\t\t\t\t<div class=\"sow-accordion-panel-border\" tabindex=\"0\">\n\t\t\t\t\t<p><a href=\"https:\/\/www.fauepg.org.br\/wp-content\/uploads\/\/sites\/133\/2025\/04\/EDITAL-FAUEPG-No-67-2025-CHAMADA-PARA-INSCRICOES-EM-PROVA-DE-PROFICIENCIA-EM-LEITURA-EM-LINGUAS-ESTRANGEIRAS-1a-EDICAO-2025.pdf\">EDITAL FAUEPG N\u00ba 67 2025 -\u00a0 CHAMADA PARA INSCRI\u00c7\u00d5ES EM PROVA DE PROFICI\u00caNCIA EM LEITURA EM L\u00cdNGUAS ESTRANGEIRAS 1\u00aa EDI\u00c7\u00c3O 2025<\/a><\/p>\n<p><a href=\"https:\/\/www.fauepg.org.br\/wp-content\/uploads\/\/sites\/133\/2025\/04\/EDITAL-FAUEPG-No-74-2025-RETIFICACAO-EDITAL-No-67-2025-CHAMADA-PARA-INSCRIC%CC%A7O%CC%83ES-EM-PROVA-DE-PROFICIE%CC%82NCIA-EM-LEITURA-EM-LI%CC%81NGUAS-ESTRANGEIRAS-1a-EDIC%CC%A7A%CC%83O.pdf\">EDITAL FAUEPG N\u00ba 74 2025 -\u00a0 RETIFICA\u00c7\u00c3O DO EDITAL FAUEPG N\u00ba 67-2025 CHAMADA PARA INSCRI\u00c7\u00d5ES EM PROVA DE PROFICI\u00caNCIA EM LEITURA EM L\u00cdNGUAS ESTRANGEIRAS 1\u00aa EDI\u00c7\u00c3O 2025<\/a><\/p>\n<p><a href=\"https:\/\/www.fauepg.org.br\/wp-content\/uploads\/\/sites\/133\/2025\/04\/EDITAL-FAUEPG-No-81-2025-ALTERACAO-DO-CRONOGRAMA-DA-PROVA-DE-PROFICIE%CC%82NCIA-EM-LEITURA-EM-LI%CC%81NGUAS-ESTRANGEIRAS-1a-EDIC%CC%A7A%CC%83O.pdf\">EDITAL FAUEPG N\u00ba 81 2025 - ALTERA\u00c7\u00c3O DO CRONOGRAMA DA PROVA DE PROFICI\u00caNCIA EM LEITURA EM L\u00cdNGUAS ESTRANGEIRAS 1\u00aa EDI\u00c7\u00c3O 2025, CONFORME EDITAL FAUEPG N\u00ba 67\/2025 E RETIFICA\u00c7\u00c3O N\u00ba 74\/2025<\/a><\/p>\n<p><a href=\"https:\/\/www.fauepg.org.br\/wp-content\/uploads\/\/sites\/133\/2025\/05\/EDITAL-FAUEPG-No-90-2025-RESULTADO-ISENCOES-PROVA-DE-PROFICIENCIA-EM-LEITURA-EM-LINGUAS-ESTRANGEIRAS-1a-EDICAO-2025.pdf\">EDITAL FAUEPG N\u00ba 90 2025 -\u00a0 RESULTADO DOS PEDIDOS DE INSEN\u00c7\u00c3O DA TAXA DA PROVA DE PROFICI\u00caNCIA EM LEITURA EM L\u00cdNGUAS ESTRANGEIRAS 1\u00aa EDI\u00c7\u00c3O 2025, CONFORME EDITAL FAUEPG N\u00ba 67\/2025 E RETIFICA\u00c7\u00c3O N\u00ba 74\/2025<\/a><\/p>\n<p><a href=\"https:\/\/www.fauepg.org.br\/wp-content\/uploads\/\/sites\/133\/2025\/05\/EDITAL-FAUEPG-No-94-2025-HOMOLOGACAO-DAS-INSCRICOES-DA-PROVA-DE-PROFICIENCIA-EM-LEITURA-EM-LINGUAS-ESTRANGEIRAS-1a-EDIC%CC%A7AO-2025..pdf\">EDITAL FAUEPG N\u00ba 94 2025 -\u00a0 HOMOLOGA\u00c7\u00c3O DAS INSCRI\u00c7\u00d5ES DA PROVA DE PROFICI\u00caNCIA EM LEITURA EM L\u00cdNGUAS ESTRANGEIRAS 1\u00aa EDI\u00c7\u00c3O 2025<\/a><\/p>\n<p><a href=\"https:\/\/www.fauepg.org.br\/wp-content\/uploads\/\/sites\/133\/2025\/05\/EDITAL-FAUEPG-No-99-2025-RESULTADO-PRELIMINAR-PROVA-DE-PROFICIE%CC%82NCIA-EM-LEITURA-EM-LI%CC%81NGUAS-ESTRANGEIRAS-1a-EDIC%CC%A7A%CC%83O-2025.pdf\">EDITAL FAUEPG N\u00ba 99 2025 -\u00a0 RESULTADO PRELIMINAR DA PROVA DE PROFICI\u00caNCIA EM LEITURA EM L\u00cdNGUAS ESTRANGEIRAS 1\u00aa EDI\u00c7\u00c3O 2025<\/a><\/p>\n\t\t\t\t<\/div>\n\t\t\t<\/div>\n\t\t<\/div>\n\t\t\t<div class=\"sow-accordion-panel\"\n\t\t\t data-anchor=\"2024-2%c2%ba-semestre\">\n\t\t\t\t<div class=\"sow-accordion-panel-header-container\" role=\"heading\" aria-level=\"2\">\n\t\t\t\t\t<div class=\"sow-accordion-panel-header\" tabindex=\"0\" role=\"button\" id=\"accordion-label-2024-2%c2%ba-semestre\" aria-controls=\"accordion-content-2024-2%c2%ba-semestre\" aria-expanded=\"false\">\n\t\t\t\t\t\t<div class=\"sow-accordion-title sow-accordion-title-icon-left\">\n\t\t\t\t\t\t\t\t\t\t\t\t\t\t2024 - 2\u00ba semestre\t\t\t\t\t\t\t\t\t\t\t\t\t<\/div>\n\t\t\t\t\t\t<div class=\"sow-accordion-open-close-button\">\n\t\t\t\t\t\t\t<div class=\"sow-accordion-open-button\">\n\t\t\t\t\t\t\t\t<span class=\"sow-icon-ionicons\" data-sow-icon=\"&#xf218;\"\n\t\t \n\t\taria-hidden=\"true\"><\/span>\t\t\t\t\t\t\t<\/div>\n\t\t\t\t\t\t\t<div class=\"sow-accordion-close-button\">\n\t\t\t\t\t\t\t\t<span class=\"sow-icon-ionicons\" data-sow-icon=\"&#xf209;\"\n\t\t \n\t\taria-hidden=\"true\"><\/span>\t\t\t\t\t\t\t<\/div>\n\t\t\t\t\t\t<\/div>\n\t\t\t\t\t<\/div>\n\t\t\t\t<\/div>\n\n\t\t\t<div\n\t\t\t\tclass=\"sow-accordion-panel-content\"\n\t\t\t\trole=\"region\"\n\t\t\t\taria-labelledby=\"accordion-label-2024-2%c2%ba-semestre\"\n\t\t\t\tid=\"accordion-content-2024-2%c2%ba-semestre\"\n\t\t\t\tstyle=\"display: none;\"\t\t\t>\n\t\t\t\t<div class=\"sow-accordion-panel-border\" tabindex=\"0\">\n\t\t\t\t\t<p><a href=\"https:\/\/www.fauepg.org.br\/wp-content\/uploads\/\/sites\/133\/2024\/09\/EDITAL-FAUEPG-No-79-2024-CHAMADA-PARA-INSCRICOES-EM-PROVA-DE-PROFICIENCIA-EM-LEITURA-EM-LINGUAS-ESTRANGEIRAS-2a-EDICAO-2024.pdf\"><strong>EDITAL FAUEPG N\u00ba 79 2024 -\u00a0 CHAMADA PARA INSCRI\u00c7\u00d5ES EM PROVA DE PROFICI\u00caNCIA EM LEITURA EM L\u00cdNGUAS ESTRANGEIRAS 2\u00aa EDI\u00c7\u00c3O 2024<\/strong><\/a><\/p>\n<p><a href=\"https:\/\/www.fauepg.org.br\/wp-content\/uploads\/\/sites\/133\/2024\/10\/EDITAL-FAUEPG-No-92-2024-HOMOLOGACAO-DAS-INSCRICOES-NA-PROVA-DE-PROFICIENCIA-EM-LEITURA-EM-LINGUAS-ESTRANGEIRAS-2a-EDICAO-2024.pdf\"><strong>EDITAL FAUEPG 93 2024 - HOMOLOGA\u00c7\u00c3O DAS INSCRI\u00c7\u00d5ES NA PROVA DE PROFICI\u00caNCIA EM LEITURA EM L\u00cdNGUAS ESTRANGEIRAS 2\u00aa EDIC\u0327AO - 2024<\/strong><\/a><\/p>\n<p><a href=\"https:\/\/www.fauepg.org.br\/wp-content\/uploads\/\/sites\/133\/2024\/10\/EDITAL-FAUEPG-No-97-2024-HOMOLOGACAO-DAS-INSCRICOES-APOS-RECURSOS-DA-PROVA-DE-PROFICIENCIA-EM-LEITURA-EM-LINGUAS-ESTRANGEIRAS-2a-EDICAO-2024.pdf\"><strong>EDITAL FAUEPG 97 2024 - HOMOLOGA\u00c7\u00c3O AP\u00d3S RECURSOS DAS INSCRI\u00c7\u00d5ES NA PROVA DE PROFICI\u00caNCIA EM LEITURA EM L\u00cdNGUAS ESTRANGEIRAS 2\u00aa EDIC\u0327AO - 2024<\/strong><\/a><\/p>\n\t\t\t\t<\/div>\n\t\t\t<\/div>\n\t\t<\/div>\n\t\t\t<div class=\"sow-accordion-panel\"\n\t\t\t data-anchor=\"2024-1%c2%ba-semestre\">\n\t\t\t\t<div class=\"sow-accordion-panel-header-container\" role=\"heading\" aria-level=\"2\">\n\t\t\t\t\t<div class=\"sow-accordion-panel-header\" tabindex=\"0\" role=\"button\" id=\"accordion-label-2024-1%c2%ba-semestre\" aria-controls=\"accordion-content-2024-1%c2%ba-semestre\" aria-expanded=\"false\">\n\t\t\t\t\t\t<div class=\"sow-accordion-title sow-accordion-title-icon-left\">\n\t\t\t\t\t\t\t\t\t\t\t\t\t\t2024 - 1\u00ba semestre\t\t\t\t\t\t\t\t\t\t\t\t\t<\/div>\n\t\t\t\t\t\t<div class=\"sow-accordion-open-close-button\">\n\t\t\t\t\t\t\t<div class=\"sow-accordion-open-button\">\n\t\t\t\t\t\t\t\t<span class=\"sow-icon-ionicons\" data-sow-icon=\"&#xf218;\"\n\t\t \n\t\taria-hidden=\"true\"><\/span>\t\t\t\t\t\t\t<\/div>\n\t\t\t\t\t\t\t<div class=\"sow-accordion-close-button\">\n\t\t\t\t\t\t\t\t<span class=\"sow-icon-ionicons\" data-sow-icon=\"&#xf209;\"\n\t\t \n\t\taria-hidden=\"true\"><\/span>\t\t\t\t\t\t\t<\/div>\n\t\t\t\t\t\t<\/div>\n\t\t\t\t\t<\/div>\n\t\t\t\t<\/div>\n\n\t\t\t<div\n\t\t\t\tclass=\"sow-accordion-panel-content\"\n\t\t\t\trole=\"region\"\n\t\t\t\taria-labelledby=\"accordion-label-2024-1%c2%ba-semestre\"\n\t\t\t\tid=\"accordion-content-2024-1%c2%ba-semestre\"\n\t\t\t\tstyle=\"display: none;\"\t\t\t>\n\t\t\t\t<div class=\"sow-accordion-panel-border\" tabindex=\"0\">\n\t\t\t\t\t<p><strong><a href=\"https:\/\/www.fauepg.org.br\/wp-content\/uploads\/\/sites\/133\/2024\/06\/EDITAL-FAUEPG-No-49-2024-RESULTADO-DA-PROVA-DE-PROFICIENCIA-EM-LEITURA-EM-LINGUAS-ESTRANGEIRAS-1a-EDICAO-2024-CF-EDITAL-FAUEPG-No-32-2024.pdf\">EDITAL FAUEPG N\u00ba 49 2024 - RESULTADO DA PROVA DE PROFICI\u00caNCIA EM LEITURA EM LINGUAS ESTRANGEIRAS 1\u00aa EDI\u00c7AO - 2024, CF EDITAL FAUEPG N\u00ba 32-2024<\/a><\/strong><\/p>\n<p><strong><a href=\"https:\/\/www.fauepg.org.br\/wp-content\/uploads\/\/sites\/133\/2024\/05\/EDITAL-FAUEPG-No-44-2024-HOMOLOGACAO-DAS-INSCRICOES-APOS-RECURSO-DA-PROVA-DE-PROFICIENCIA-EM-LEITURA-EM-LINGUAS-ESTRANGEIRAS-1a-EDICAO-2024.pdf\">EDITAL FAUEPG N\u00ba 44 2024 -\u00a0 HOMOLOGA\u00c7\u00c3O DAS INSCRI\u00c7\u00d5ES AP\u00d3S RECURSO DA PROVA DE PROFICI\u00caNCIA EM LEITURA EM L\u00cdNGUAS ESTRANGEIRAS 1\u00aa EDI\u00c7\u00c3O 2024<\/a><\/strong><\/p>\n<p><a href=\"https:\/\/www.fauepg.org.br\/wp-content\/uploads\/\/sites\/133\/2024\/05\/EDITAL-FAUEPG-No-42-2024-HOMOLOGACAO-DAS-INSCRICOES-DA-PROVA-DE-PROFICIENCIA-EM-LEITURA-EM-LINGUAS-ESTRANGEIRAS-1a-EDICAO-2024.pdf\"><strong>Edital FAUEPG 42 2024 - HOMOLOGA\u00c7\u00c3O DAS INSCRI\u00c7\u00d5ES NA PROVA DE PROFICI\u00caNCIA EM LEITURA EM L\u00cdNGUAS ESTRANGEIRAS 1\u00aa EDIC\u0327AO - 2024<\/strong><\/a><\/p>\n<p><a href=\"https:\/\/www.fauepg.org.br\/wp-content\/uploads\/\/sites\/133\/2024\/05\/EDITAL-FAUEPG-40-2024-RESULTADO-ISENCOES-PROVA-DE-PROFICIENCIA-EM-LEITURA-EM-LINGUAS-ESTRANGEIRAS-1a-EDICAO-2024.pdf\"><strong>EDITAL FAUEPG N\u00ba 40 2024 -\u00a0 RESULTADO INSEN\u00c7\u00d5ES DA PROVA DE PROFICI\u00caNCIA EM LEITURA EM L\u00cdNGUAS ESTRANGEIRAS 1\u00aa EDI\u00c7\u00c3O 2024<\/strong><\/a><\/p>\n<p><strong><a href=\"https:\/\/www.fauepg.org.br\/wp-content\/uploads\/\/sites\/133\/2024\/04\/EDITAL-FAUEPG-No-32-2024-CHAMADA-PARA-INSCRICOES-EM-PROVA-DE-PROFICIENCIA-EM-LEITURA-EM-LINGUAS-ESTRANGEIRAS-1a-EDICAO-2024.pdf\">EDITAL FAUEPG N\u00ba 32 2024 -\u00a0 CHAMADA PARA INSCRI\u00c7\u00d5ES EM PROVA DE PROFICI\u00caNCIA EM LEITURA EM L\u00cdNGUAS ESTRANGEIRAS 1\u00aa EDI\u00c7\u00c3O 2024<\/a><\/strong><\/p>\n\t\t\t\t<\/div>\n\t\t\t<\/div>\n\t\t<\/div>\n\t\t\t<div class=\"sow-accordion-panel\"\n\t\t\t data-anchor=\"2023\">\n\t\t\t\t<div class=\"sow-accordion-panel-header-container\" role=\"heading\" aria-level=\"2\">\n\t\t\t\t\t<div class=\"sow-accordion-panel-header\" tabindex=\"0\" role=\"button\" id=\"accordion-label-2023\" aria-controls=\"accordion-content-2023\" aria-expanded=\"false\">\n\t\t\t\t\t\t<div class=\"sow-accordion-title sow-accordion-title-icon-left\">\n\t\t\t\t\t\t\t\t\t\t\t\t\t\t2023\t\t\t\t\t\t\t\t\t\t\t\t\t<\/div>\n\t\t\t\t\t\t<div class=\"sow-accordion-open-close-button\">\n\t\t\t\t\t\t\t<div class=\"sow-accordion-open-button\">\n\t\t\t\t\t\t\t\t<span class=\"sow-icon-ionicons\" data-sow-icon=\"&#xf218;\"\n\t\t \n\t\taria-hidden=\"true\"><\/span>\t\t\t\t\t\t\t<\/div>\n\t\t\t\t\t\t\t<div class=\"sow-accordion-close-button\">\n\t\t\t\t\t\t\t\t<span class=\"sow-icon-ionicons\" data-sow-icon=\"&#xf209;\"\n\t\t \n\t\taria-hidden=\"true\"><\/span>\t\t\t\t\t\t\t<\/div>\n\t\t\t\t\t\t<\/div>\n\t\t\t\t\t<\/div>\n\t\t\t\t<\/div>\n\n\t\t\t<div\n\t\t\t\tclass=\"sow-accordion-panel-content\"\n\t\t\t\trole=\"region\"\n\t\t\t\taria-labelledby=\"accordion-label-2023\"\n\t\t\t\tid=\"accordion-content-2023\"\n\t\t\t\tstyle=\"display: none;\"\t\t\t>\n\t\t\t\t<div class=\"sow-accordion-panel-border\" tabindex=\"0\">\n\t\t\t\t\t<p><strong><a href=\"https:\/\/www2.uepg.br\/prova-proficiencia\/wp-content\/uploads\/sites\/266\/2023\/05\/EDITAL-FAUEPG-No-61-2023-CHAMADA-PARA-INSCRICOES-EM-PROVA-DE-PROFICIENCIA-EM-LEITURA-EM-LINGUAS-ESTRANGEIRAS-1aEDICAO.pdf\" target=\"_blank\" rel=\"noopener\">EDITAL FAUEPG N\u00ba 61\/2023 - CHAMADA PARA INSCRI\u00c7\u00d5ES EM PROVA DE PROFICI\u00caNCIA EM LEITURA EM L\u00cdNGUAS ESTRANGEIRAS\u00a0 1\u00aa EDI\u00c7\u00c3O<\/a><\/strong><\/p>\n<p><strong><a href=\"https:\/\/www.fauepg.org.br\/wp-content\/uploads\/\/sites\/133\/2023\/05\/EDITAL-FAUEPG-No-66-2023-RESULTADO-DOS-PEDIDOS-DE-ISENCOES-DE-TAXA-DAS-INSCRICOES-EM-PROVA-DE-PROFICIENCIA-EM-LEITURA-EM-LINGUAS-ESTRANGEIRAS-1aEDICAO.pdf\">EDITAL FAUEPG\u00a0 N\u00ba 66\/2023 - RESULTADO ISEN\u00c7\u00d5ES PROVA DE PROFICI\u00caNCIA EM LEITURA EM L\u00cdNGUAS ESTRANGEIRAS 1\u00aa EDI\u00c7\u00c3O<\/a><\/strong><\/p>\n<p><strong><a href=\"https:\/\/www.fauepg.org.br\/wp-content\/uploads\/\/sites\/133\/2023\/06\/EDITAL-FAUEPG-No-68-2023-RESULTADO-DOS-PEDIDOS-DE-ISENCOES-DE-TAXA-DAS-INSCRICOES-APOS-RECURSOS-PROVA-DE-PROFICIENCIA-EM-LEITURA-EM-LINGUAS-ESTRANGEIRAS-1aEDICAO.pdf\">EDITAL FAUEPG N\u00ba 68 2023 -\u00a0 RESULTADO DAS ISEN\u00c7\u00d5ES DAS TAXAS DE INSCRI\u00c7\u00d5ES AP\u00d3S RECURSO PARA A PROVA DE PROFICI\u00caNCIA EM LEITURA EM L\u00cdNGUAS ESTRANGEIRAS 1\u00aa EDI\u00c7\u00c3O 2023, CONFORME DITAL FAUEPG N\u00ba 61 2023<\/a><\/strong><\/p>\n<p><strong><a href=\"https:\/\/www.fauepg.org.br\/wp-content\/uploads\/\/sites\/133\/2023\/06\/EDITAL-FAUEPG-No-74-2023-ENSALAMENTO-DA-PROVA-DE-PROFICIENCIA-EM-LEITURA-EM-LINGUAS-ESTRANGEIRAS-1aEDICAO-2023.pdf\">EDITAL FAUEPG N\u00ba 74 2023 -\u00a0 ENSALAMENTO PARA A PROVA DE PROFICI\u00caNCIA EM LEITURA EM L\u00cdNGUAS ESTRANGEIRAS 1\u00aa EDI\u00c7\u00c3O 2023, CONFORME DITAL FAUEPG N\u00ba 61 2023<\/a><\/strong><\/p>\n<p><strong><a href=\"https:\/\/www.fauepg.org.br\/wp-content\/uploads\/\/sites\/133\/2023\/07\/EDITAL-FAUEPG-No-75-2023-RESULTADO-PRELIMINAR-DA-PROVA-DE-PROFICIENCIA-EM-LEITURA-EM-LINGUAS-ESTRANGEIRAS-1aEDICAO-2023.pdf\">EDITAL FAUEPG N\u00ba 75 2023 -\u00a0 RESULTADO PRELIMINAR DA PROVA DE PROFICI\u00caNCIA EM LEITURA EM L\u00cdNGUAS ESTRANGEIRAS 1\u00aa EDI\u00c7\u00c3O 2023, CONFORME DITAL FAUEPG N\u00ba 61 2023<\/a><\/strong><\/p>\n<p><strong><a href=\"https:\/\/www.fauepg.org.br\/wp-content\/uploads\/\/sites\/133\/2023\/07\/EDITAL-FAUEPG-No-79-2023-RESULTADO-DE-INTERPOSICAO-DA-PROVA-DE-PROFICIENCIA-EM-LEITURA-EM-LINGUAS-ESTRANGEIRAS-1aEDICAO-2023.pdf\">EDITAL FAUEPG N\u00ba 79 2023 -\u00a0 RESULTADO DA INTERPOSI\u00c7\u00c3O DE RECURSOS DA PROVA DE PROFICI\u00caNCIA EM LEITURA EM L\u00cdNGUAS ESTRANGEIRAS 1\u00aa EDI\u00c7\u00c3O 2023, CONFORME DITAL FAUEPG N\u00ba 61 2023.<\/a><\/strong><\/p>\n<p><strong><a href=\"https:\/\/www.fauepg.org.br\/wp-content\/uploads\/\/sites\/133\/2023\/07\/EDITAL-FAUEPG-No-80-2023-RESULTADO-FINAL-DA-PROVA-DE-PROFICIENCIA-EM-LEITURA-EM-LINGUAS-ESTRANGEIRAS-1aEDICAO-2023.pdf\">EDITAL FAUEPG N\u00ba 80 2023 -\u00a0 RESULTADO FINAL DA PROVA DE PROFICI\u00caNCIA EM LEITURA EM L\u00cdNGUAS ESTRANGEIRAS 1\u00aa EDI\u00c7\u00c3O 2023, CONFORME DITAL FAUEPG N\u00ba 61 2023.<\/a><\/strong><\/p>\n\t\t\t\t<\/div>\n\t\t\t<\/div>\n\t\t<\/div>\n\t\t\t<div class=\"sow-accordion-panel\"\n\t\t\t data-anchor=\"2022\">\n\t\t\t\t<div class=\"sow-accordion-panel-header-container\" role=\"heading\" aria-level=\"2\">\n\t\t\t\t\t<div class=\"sow-accordion-panel-header\" tabindex=\"0\" role=\"button\" id=\"accordion-label-2022\" aria-controls=\"accordion-content-2022\" aria-expanded=\"false\">\n\t\t\t\t\t\t<div class=\"sow-accordion-title sow-accordion-title-icon-left\">\n\t\t\t\t\t\t\t\t\t\t\t\t\t\t2022\t\t\t\t\t\t\t\t\t\t\t\t\t<\/div>\n\t\t\t\t\t\t<div class=\"sow-accordion-open-close-button\">\n\t\t\t\t\t\t\t<div class=\"sow-accordion-open-button\">\n\t\t\t\t\t\t\t\t<span class=\"sow-icon-ionicons\" data-sow-icon=\"&#xf218;\"\n\t\t \n\t\taria-hidden=\"true\"><\/span>\t\t\t\t\t\t\t<\/div>\n\t\t\t\t\t\t\t<div class=\"sow-accordion-close-button\">\n\t\t\t\t\t\t\t\t<span class=\"sow-icon-ionicons\" data-sow-icon=\"&#xf209;\"\n\t\t \n\t\taria-hidden=\"true\"><\/span>\t\t\t\t\t\t\t<\/div>\n\t\t\t\t\t\t<\/div>\n\t\t\t\t\t<\/div>\n\t\t\t\t<\/div>\n\n\t\t\t<div\n\t\t\t\tclass=\"sow-accordion-panel-content\"\n\t\t\t\trole=\"region\"\n\t\t\t\taria-labelledby=\"accordion-label-2022\"\n\t\t\t\tid=\"accordion-content-2022\"\n\t\t\t\tstyle=\"display: none;\"\t\t\t>\n\t\t\t\t<div class=\"sow-accordion-panel-border\" tabindex=\"0\">\n\t\t\t\t\t\t\t\t\t<\/div>\n\t\t\t<\/div>\n\t\t<\/div>\n\t\t\t<div class=\"sow-accordion-panel\"\n\t\t\t data-anchor=\"2022-7-69e7b8ab024c4\">\n\t\t\t\t<div class=\"sow-accordion-panel-header-container\" role=\"heading\" aria-level=\"2\">\n\t\t\t\t\t<div class=\"sow-accordion-panel-header\" tabindex=\"0\" role=\"button\" id=\"accordion-label-2022-7-69e7b8ab024c4\" aria-controls=\"accordion-content-2022-7-69e7b8ab024c4\" aria-expanded=\"false\">\n\t\t\t\t\t\t<div class=\"sow-accordion-title sow-accordion-title-icon-left\">\n\t\t\t\t\t\t\t\t\t\t\t\t\t\t2022\t\t\t\t\t\t\t\t\t\t\t\t\t<\/div>\n\t\t\t\t\t\t<div class=\"sow-accordion-open-close-button\">\n\t\t\t\t\t\t\t<div class=\"sow-accordion-open-button\">\n\t\t\t\t\t\t\t\t<span class=\"sow-icon-ionicons\" data-sow-icon=\"&#xf218;\"\n\t\t \n\t\taria-hidden=\"true\"><\/span>\t\t\t\t\t\t\t<\/div>\n\t\t\t\t\t\t\t<div class=\"sow-accordion-close-button\">\n\t\t\t\t\t\t\t\t<span class=\"sow-icon-ionicons\" data-sow-icon=\"&#xf209;\"\n\t\t \n\t\taria-hidden=\"true\"><\/span>\t\t\t\t\t\t\t<\/div>\n\t\t\t\t\t\t<\/div>\n\t\t\t\t\t<\/div>\n\t\t\t\t<\/div>\n\n\t\t\t<div\n\t\t\t\tclass=\"sow-accordion-panel-content\"\n\t\t\t\trole=\"region\"\n\t\t\t\taria-labelledby=\"accordion-label-2022-7-69e7b8ab024c4\"\n\t\t\t\tid=\"accordion-content-2022-7-69e7b8ab024c4\"\n\t\t\t\tstyle=\"display: none;\"\t\t\t>\n\t\t\t\t<div class=\"sow-accordion-panel-border\" tabindex=\"0\">\n\t\t\t\t\t\t\t\t\t<\/div>\n\t\t\t<\/div>\n\t\t<\/div>\n\t\t<\/div>\n<\/div>\n<\/div><\/div><\/div><\/div><\/div><\/div><\/div>","protected":false},"excerpt":{"rendered":"<p>Editais<\/p>\n","protected":false},"author":24,"featured_media":0,"parent":0,"menu_order":0,"comment_status":"closed","ping_status":"closed","template":"","meta":[],"_links":{"self":[{"href":"https:\/\/www2.uepg.br\/prova-proficiencia\/wp-json\/wp\/v2\/pages\/11"}],"collection":[{"href":"https:\/\/www2.uepg.br\/prova-proficiencia\/wp-json\/wp\/v2\/pages"}],"about":[{"href":"https:\/\/www2.uepg.br\/prova-proficiencia\/wp-json\/wp\/v2\/types\/page"}],"author":[{"embeddable":true,"href":"https:\/\/www2.uepg.br\/prova-proficiencia\/wp-json\/wp\/v2\/users\/24"}],"replies":[{"embeddable":true,"href":"https:\/\/www2.uepg.br\/prova-proficiencia\/wp-json\/wp\/v2\/comments?post=11"}],"version-history":[{"count":52,"href":"https:\/\/www2.uepg.br\/prova-proficiencia\/wp-json\/wp\/v2\/pages\/11\/revisions"}],"predecessor-version":[{"id":385,"href":"https:\/\/www2.uepg.br\/prova-proficiencia\/wp-json\/wp\/v2\/pages\/11\/revisions\/385"}],"wp:attachment":[{"href":"https:\/\/www2.uepg.br\/prova-proficiencia\/wp-json\/wp\/v2\/media?parent=11"}],"curies":[{"name":"wp","href":"https:\/\/api.w.org\/{rel}","templated":true}]}}