{"id":137,"date":"2023-03-20T14:31:32","date_gmt":"2023-03-20T17:31:32","guid":{"rendered":"https:\/\/www2.uepg.br\/prova-proficiencia\/?page_id=137"},"modified":"2026-03-26T15:04:47","modified_gmt":"2026-03-26T18:04:47","slug":"sobre-a-prova","status":"publish","type":"page","link":"https:\/\/www2.uepg.br\/prova-proficiencia\/sobre-a-prova\/","title":{"rendered":"Sobre a Prova"},"content":{"rendered":"<div id=\"pl-137\"  class=\"panel-layout\" ><div id=\"pg-137-0\"  class=\"panel-grid panel-no-style\" ><div id=\"pgc-137-0-0\"  class=\"panel-grid-cell\" ><div id=\"panel-137-0-0-0\" class=\"so-panel widget widget_sow-editor panel-first-child\" data-index=\"0\" ><div class=\"panel-widget-style panel-widget-style-for-137-0-0-0\" ><div\n\t\t\t\n\t\t\tclass=\"so-widget-sow-editor so-widget-sow-editor-base\"\n\t\t\t\n\t\t><h3 class=\"widget-title\">Sobre a prova de Profici\u00eancia em L\u00ednguas, algumas informa\u00e7\u00f5es importantes:<\/h3>\n<div class=\"siteorigin-widget-tinymce textwidget\">\n\t<p>&nbsp;<\/p>\n<p>- As inscri\u00e7\u00f5es podem ser feitas por meio do site do siseve UEPG &gt; <a href=\"https:\/\/siseve.apps.uepg.br\/pt_BR\">inscri\u00e7\u00f5es<\/a>;<\/p>\n<p>- O valor de participa\u00e7\u00e3o \u00e9 de R$150,00 (cento e cinquenta reais), conforme edital vigente;<\/p>\n<p>- Ap\u00f3s as inscri\u00e7\u00f5es, o candidato deve encaminhar o comprovante de pagamento e o documento original com foto por meio do site da profici\u00eancia &gt; inscri\u00e7\u00f5es &gt; Login &gt; Contato.<\/p>\n<p>&nbsp;<\/p>\n<\/div>\n<\/div><\/div><\/div><div id=\"panel-137-0-0-1\" class=\"so-panel widget widget_sow-editor\" data-index=\"1\" ><div class=\"panel-widget-style panel-widget-style-for-137-0-0-1\" ><div\n\t\t\t\n\t\t\tclass=\"so-widget-sow-editor so-widget-sow-editor-base\"\n\t\t\t\n\t\t><h3 class=\"widget-title\">PROVAS:<\/h3>\n<div class=\"siteorigin-widget-tinymce textwidget\">\n\t<p>&nbsp;<\/p>\n<p style=\"text-align: justify\">Testam a habilidade de profici\u00eancia em leitura na l\u00edngua estrangeira escolhida pelo participante.<\/p>\n<p style=\"text-align: justify\">S\u00e3o realizadas na modalidade remota na plataforma AVA (Ambiente Virtual de Aprendizagem) do NUTEAD\/UEPG, associada ao Google Meet (G-meet).<\/p>\n<p style=\"text-align: justify\">A plataforma do NUTEAD\/UEPG organiza as quest\u00f5es e respectivas alternativas autom\u00e1tica e individualmente para cada participante. Assim, os participantes realizam provas com o mesmo n\u00edvel de dificuldade, mas n\u00e3o provas id\u00eanticas.<\/p>\n<p style=\"text-align: justify\">A coordena\u00e7\u00e3o da PPLLE n\u00e3o divulga o gabarito devido \u00e0 natureza da organiza\u00e7\u00e3o autom\u00e1tica das quest\u00f5es da prova.<\/p>\n<p>&nbsp;<\/p>\n<\/div>\n<\/div><\/div><\/div><div id=\"panel-137-0-0-2\" class=\"so-panel widget widget_sow-editor\" data-index=\"2\" ><div class=\"panel-widget-style panel-widget-style-for-137-0-0-2\" ><div\n\t\t\t\n\t\t\tclass=\"so-widget-sow-editor so-widget-sow-editor-base\"\n\t\t\t\n\t\t><h3 class=\"widget-title\">MATERIAL NO DIA DA PROVA<\/h3>\n<div class=\"siteorigin-widget-tinymce textwidget\">\n\t<p><strong>Material obrigat\u00f3rio<br \/>\n<\/strong>Documento de identifica\u00e7\u00e3o<br \/>\nComputador com c\u00e2mera. N\u00e3o ser\u00e1 permitida a realiza\u00e7\u00e3o da prova via telefone celular.<\/p>\n<p><strong>Importante:<\/strong> O uso de celulares ou de quaisquer outros meios eletr\u00f4nicos al\u00e9m dos disponibilizados\/permitidos no AVA\/NUTEAD durante a realiza\u00e7\u00e3o da prova \u00e9 estritamente proibido.<\/p>\n<p><strong>Material permitido<br \/>\n<\/strong>Dicion\u00e1rio f\u00edsico bil\u00edngue ou monol\u00edngue.<\/p>\n<p><strong>Material n\u00e3o permitido<br \/>\n<\/strong>Devido a natureza da prova, n\u00e3o ser\u00e1 permitido aos participantes fazer anota\u00e7\u00f5es em papel ou em qualquer outro meio durante a realiza\u00e7\u00e3o da prova.<\/p>\n<p>&nbsp;<\/p>\n<\/div>\n<\/div><\/div><\/div><div id=\"panel-137-0-0-3\" class=\"so-panel widget widget_sow-editor panel-last-child\" data-index=\"3\" ><div class=\"panel-widget-style panel-widget-style-for-137-0-0-3\" ><div\n\t\t\t\n\t\t\tclass=\"so-widget-sow-editor so-widget-sow-editor-base\"\n\t\t\t\n\t\t><h3 class=\"widget-title\">MONITORA\u00c7\u00c3O DA PRESEN\u00c7A NO DIA DA PROVA<\/h3>\n<div class=\"siteorigin-widget-tinymce textwidget\">\n\t<p>A prova ser\u00e1 gravada.<\/p>\n<p style=\"text-align: justify\">A presen\u00e7a dos participantes ser\u00e1 monitorada via plataforma G-meet durante todo o tempo de realiza\u00e7\u00e3o da prova.<\/p>\n<p style=\"text-align: justify\">O participante n\u00e3o poder\u00e1 ausentar-se do evento em momento algum, desde a confer\u00eancia da documenta\u00e7\u00e3o at\u00e9 a conclus\u00e3o de sua prova.<\/p>\n<p style=\"text-align: justify\">Tanto a c\u00e2mera quanto o microfone de seu computador dever\u00e3o ser mantidos abertos durante todo o tempo de realiza\u00e7\u00e3o da prova; a c\u00e2mera do computador dever\u00e1 ser posicionada frontalmente, de maneira que o participante possa ser visualizado pelo coordenador de sala durante todo o tempo de realiza\u00e7\u00e3o da prova.<\/p>\n<p style=\"text-align: justify\">O participante dever\u00e1 estar sozinho no local de realiza\u00e7\u00e3o da prova.<\/p>\n<p>&nbsp;<\/p>\n<\/div>\n<\/div><\/div><\/div><\/div><\/div><div id=\"pg-137-1\"  class=\"panel-grid panel-no-style\" ><div id=\"pgc-137-1-0\"  class=\"panel-grid-cell panel-grid-cell-empty\" ><\/div><\/div><\/div>","protected":false},"excerpt":{"rendered":"<p>&nbsp; &#8211; As inscri\u00e7\u00f5es podem ser feitas por meio do site do siseve UEPG &gt; inscri\u00e7\u00f5es; &#8211; O valor de participa\u00e7\u00e3o \u00e9 de R$150,00 (cento e cinquenta reais), conforme edital vigente; &#8211; Ap\u00f3s as inscri\u00e7\u00f5es, o candidato deve encaminhar o comprovante de pagamento e o documento original com foto por meio do site da profici\u00eancia&nbsp;&hellip;<\/p>\n","protected":false},"author":582,"featured_media":0,"parent":0,"menu_order":0,"comment_status":"closed","ping_status":"closed","template":"","meta":[],"_links":{"self":[{"href":"https:\/\/www2.uepg.br\/prova-proficiencia\/wp-json\/wp\/v2\/pages\/137"}],"collection":[{"href":"https:\/\/www2.uepg.br\/prova-proficiencia\/wp-json\/wp\/v2\/pages"}],"about":[{"href":"https:\/\/www2.uepg.br\/prova-proficiencia\/wp-json\/wp\/v2\/types\/page"}],"author":[{"embeddable":true,"href":"https:\/\/www2.uepg.br\/prova-proficiencia\/wp-json\/wp\/v2\/users\/582"}],"replies":[{"embeddable":true,"href":"https:\/\/www2.uepg.br\/prova-proficiencia\/wp-json\/wp\/v2\/comments?post=137"}],"version-history":[{"count":21,"href":"https:\/\/www2.uepg.br\/prova-proficiencia\/wp-json\/wp\/v2\/pages\/137\/revisions"}],"predecessor-version":[{"id":397,"href":"https:\/\/www2.uepg.br\/prova-proficiencia\/wp-json\/wp\/v2\/pages\/137\/revisions\/397"}],"wp:attachment":[{"href":"https:\/\/www2.uepg.br\/prova-proficiencia\/wp-json\/wp\/v2\/media?parent=137"}],"curies":[{"name":"wp","href":"https:\/\/api.w.org\/{rel}","templated":true}]}}