{"id":139,"date":"2023-03-20T14:31:32","date_gmt":"2023-03-20T17:31:32","guid":{"rendered":"https:\/\/www2.uepg.br\/prova-proficiencia\/?page_id=139"},"modified":"2024-09-20T08:49:33","modified_gmt":"2024-09-20T11:49:33","slug":"faq","status":"publish","type":"page","link":"https:\/\/www2.uepg.br\/prova-proficiencia\/faq\/","title":{"rendered":"FAQ"},"content":{"rendered":"<div id=\"pl-139\"  class=\"panel-layout\" ><div id=\"pg-139-0\"  class=\"panel-grid panel-has-style\" ><div class=\"siteorigin-panels-stretch panel-row-style panel-row-style-for-139-0\" data-stretch-type=\"full\" ><div id=\"pgc-139-0-0\"  class=\"panel-grid-cell\" ><div id=\"panel-139-0-0-0\" class=\"so-panel widget widget_sow-editor panel-first-child panel-last-child\" data-index=\"0\" ><div\n\t\t\t\n\t\t\tclass=\"so-widget-sow-editor so-widget-sow-editor-base\"\n\t\t\t\n\t\t>\n<div class=\"siteorigin-widget-tinymce textwidget\">\n\t<h2><span style=\"color: #ffffff;\">Perguntas <\/span><\/h2>\n<h2><strong><span style=\"color: #ffffff;\">frequentes<\/span><\/strong><\/h2>\n<\/div>\n<\/div><\/div><\/div><div id=\"pgc-139-0-1\"  class=\"panel-grid-cell\" ><div id=\"panel-139-0-1-0\" class=\"so-panel widget widget_sow-editor panel-first-child panel-last-child\" data-index=\"1\" ><div\n\t\t\t\n\t\t\tclass=\"so-widget-sow-editor so-widget-sow-editor-base\"\n\t\t\t\n\t\t>\n<div class=\"siteorigin-widget-tinymce textwidget\">\n\t<p><strong><span style=\"color: #ffffff\"><img loading=\"lazy\" class=\"alignnone size-full wp-image-174\" src=\"https:\/\/www2.uepg.br\/prova-proficiencia\/wp-content\/uploads\/sites\/266\/2023\/03\/quadrado-branco.png\" alt=\"\" width=\"15\" height=\"18\" \/>\u00a0 \u00a0Como me inscrevo na prova?<\/span><\/strong><\/p>\n<p><span style=\"color: #ffffff\">As inscri\u00e7\u00f5es acontecem exclusivamente atrav\u00e9s do website <a href=\"https:\/\/www2.uepg.br\/prova-proficiencia\/\">https:\/\/www2.uepg.br\/prova-proficiencia\/<\/a> &gt; Inscri\u00e7\u00f5es.<\/span><\/p>\n<p>&nbsp;<\/p>\n<p><strong><span style=\"color: #ffffff\"><img loading=\"lazy\" class=\"alignnone size-full wp-image-173\" src=\"https:\/\/www2.uepg.br\/prova-proficiencia\/wp-content\/uploads\/sites\/266\/2023\/03\/quadrado-vermelho.png\" alt=\"\" width=\"15\" height=\"18\" \/>\u00a0 \u00a0Como solicitar isen\u00e7\u00e3o da taxa de inscri\u00e7\u00e3o da PPLLE?<\/span><\/strong><\/p>\n<p><span style=\"color: #ffffff\">Participante da aluno da UEPG que se encontra em situa\u00e7\u00e3o de vulnerabilidade social - poder\u00e1 solicitar isen\u00e7\u00e3o do pagamento da taxa de inscri\u00e7\u00e3o por meio do requerimento da PRAE, enviado via protocolo formul\u00e1rio pr\u00f3prio, dispon\u00edvel no link: <a href=\"https:\/\/forms.gle\/k1ZB2MCKmvjZMEGC7\">https:\/\/forms.gle\/k1ZB2MCKmvjZMEGC7<\/a>. Dever\u00e1 ainda, anexar obrigatoriamente as declara\u00e7\u00f5es dispon\u00edveis no formul\u00e1rio. Ap\u00f3s an\u00e1lise realizada pela equipe t\u00e9cnica de Servi\u00e7o Social da PRAE, o resultado da solicita\u00e7\u00e3o de isen\u00e7\u00e3o ser\u00e1 divulgado na data conforme o cronograma.<\/span><\/p>\n<p><span style=\"color: #ffffff\">Participante externo - participantes que n\u00e3o forem alunos regularmente matriculados em cursos da UEPG e que estiverem regularmente inscritos\/cadastrados no CAD\u00daNICO dever\u00e3o enviar o comprovante do cadastro via e-mail para provadeproficiencia@uepg.br. Ap\u00f3s an\u00e1lise pela coordena\u00e7\u00e3o da PPLLE, o resultado da solicita\u00e7\u00e3o de isen\u00e7\u00e3o ser\u00e1 divulgado na data conforme o cronograma.<\/span><\/p>\n<p>&nbsp;<\/p>\n<p><strong><span style=\"color: #ffffff\"><img loading=\"lazy\" class=\"alignnone size-full wp-image-172\" src=\"https:\/\/www2.uepg.br\/prova-proficiencia\/wp-content\/uploads\/sites\/266\/2023\/03\/quadrado-azul.png\" alt=\"\" width=\"15\" height=\"18\" \/>\u00a0 \u00a0A PPLLE certifica para mestrado e doutorado?<\/span><\/strong><\/p>\n<p><span style=\"color: #ffffff\">Sim!<\/span><\/p>\n<p>&nbsp;<\/p>\n<p><strong><span style=\"color: #ffffff\"><img loading=\"lazy\" class=\"alignnone size-full wp-image-174\" src=\"https:\/\/www2.uepg.br\/prova-proficiencia\/wp-content\/uploads\/sites\/266\/2023\/03\/quadrado-branco.png\" alt=\"\" width=\"15\" height=\"18\" \/>\u00a0 \u00a0Posso realizar duas provas no mesmo dia?<\/span><\/strong><\/p>\n<p><span style=\"color: #ffffff\">N\u00e3o \u00e9 poss\u00edvel a realiza\u00e7\u00e3o de mais de uma prova no mesmo dia.<\/span><\/p>\n<p>&nbsp;<\/p>\n<p><span style=\"color: #ffffff\"><img loading=\"lazy\" class=\"alignnone size-full wp-image-171\" src=\"https:\/\/www2.uepg.br\/prova-proficiencia\/wp-content\/uploads\/sites\/266\/2023\/03\/quadrado-amarelo.png\" alt=\"\" width=\"15\" height=\"18\" \/>\u00a0 <strong>\u00a0Como ver o resultado da Prova?<\/strong><\/span><\/p>\n<p><span style=\"color: #ffffff\">O Resultado Final ficar\u00e1 dispon\u00edvel no link<a href=\"https:\/\/www2.uepg.br\/prova-proficiencia\/editais\/\"> https:\/\/www2.uepg.br\/prova-proficiencia\/editais\/<\/a>, conforme cronograma da sua prova.<\/span><\/p>\n<p><strong><span style=\"color: #ffffff\"><img loading=\"lazy\" class=\"alignnone size-full wp-image-174\" src=\"https:\/\/www2.uepg.br\/prova-proficiencia\/wp-content\/uploads\/sites\/266\/2023\/03\/quadrado-branco.png\" alt=\"\" width=\"15\" height=\"18\" \/>\u00a0 \u00a0Qual a nota m\u00ednima para aprova\u00e7\u00e3o?<\/span><\/strong><\/p>\n<p><span style=\"color: #ffffff\">O participante ser\u00e1 avaliado como proficiente (nota igual ou superior a 7,0)<\/span><\/p>\n<p>&nbsp;<\/p>\n<p><strong><span style=\"color: #ffffff\"><img loading=\"lazy\" class=\"alignnone size-full wp-image-173\" src=\"https:\/\/www2.uepg.br\/prova-proficiencia\/wp-content\/uploads\/sites\/266\/2023\/03\/quadrado-vermelho.png\" alt=\"\" width=\"15\" height=\"18\" \/>\u00a0 \u00a0Qual a validade do Certificado da PPLLE?<\/span><\/strong><\/p>\n<p><span style=\"color: #ffffff\">Ter\u00e1 validade de dois anos.<\/span><\/p>\n<p>&nbsp;<\/p>\n<p><span style=\"color: #ffffff\"><strong><img loading=\"lazy\" class=\"alignnone size-full wp-image-174\" src=\"https:\/\/www2.uepg.br\/prova-proficiencia\/wp-content\/uploads\/sites\/266\/2023\/03\/quadrado-branco.png\" alt=\"\" width=\"15\" height=\"18\" \/>\u00a0 \u00a0Estudantes de outras institui\u00e7\u00f5es podem fazer a PPLL<\/strong>E da UEPG?<\/span><\/p>\n<p><span style=\"color: #ffffff\">Claro! Podem fazer como candidatos externos.<\/span><\/p>\n<p>&nbsp;<\/p>\n<p><span style=\"color: #ffffff\"><img loading=\"lazy\" class=\"alignnone size-full wp-image-171\" src=\"https:\/\/www2.uepg.br\/prova-proficiencia\/wp-content\/uploads\/sites\/266\/2023\/03\/quadrado-amarelo.png\" alt=\"\" width=\"15\" height=\"18\" \/>\u00a0<strong> \u00a0Que l\u00ednguas estrangeiras s\u00e3o oferecidas?<\/strong><\/span><\/p>\n<p><span style=\"color: #ffffff\">Leitura em l\u00edngua Inglesa e Espanhola. Portugu\u00eas-L\u00edngua estrangeiras e demais s\u00e3o oferecidas quando h\u00e1 demanda.<\/span><\/p>\n<p>&nbsp;<\/p>\n<p><strong><span style=\"color: #ffffff\"><img loading=\"lazy\" class=\"alignnone size-full wp-image-174\" src=\"https:\/\/www2.uepg.br\/prova-proficiencia\/wp-content\/uploads\/sites\/266\/2023\/03\/quadrado-branco.png\" alt=\"\" width=\"15\" height=\"18\" \/>\u00a0 \u00a0Quais os documentos que preciso apresentar no dia da prova?<\/span><\/strong><\/p>\n<p><span style=\"color: #ffffff\">Documento original de identifica\u00e7\u00e3o com foto.<\/span><\/p>\n<p>&nbsp;<\/p>\n<p><span style=\"color: #ffffff\"><img loading=\"lazy\" class=\"alignnone size-full wp-image-172\" src=\"https:\/\/www2.uepg.br\/prova-proficiencia\/wp-content\/uploads\/sites\/266\/2023\/03\/quadrado-azul.png\" alt=\"\" width=\"15\" height=\"18\" \/><strong>\u00a0 \u00a0Qual o tempo de dura\u00e7\u00e3o da prova?<\/strong><\/span><\/p>\n<p><span style=\"color: #ffffff\">A prova ter\u00e1 a dura\u00e7\u00e3o de 2 (duas) horas.<\/span><\/p>\n<p>&nbsp;<\/p>\n<p><strong><span style=\"color: #ffffff\"><img loading=\"lazy\" class=\"alignnone size-full wp-image-174\" src=\"https:\/\/www2.uepg.br\/prova-proficiencia\/wp-content\/uploads\/sites\/266\/2023\/03\/quadrado-branco.png\" alt=\"\" width=\"15\" height=\"18\" \/>\u00a0 \u00a0Que material posso consultar durante a prova?<\/span><\/strong><\/p>\n<p><span style=\"color: #ffffff\">Somente d<span style=\"font-weight: 400\">icion\u00e1rio f\u00edsico bil\u00edngue ou monol\u00edngue.<\/span><\/span><\/p>\n<p>&nbsp;<\/p>\n<p><strong><span style=\"color: #ffffff\"><img loading=\"lazy\" class=\"alignnone size-full wp-image-174\" src=\"https:\/\/www2.uepg.br\/prova-proficiencia\/wp-content\/uploads\/sites\/266\/2023\/03\/quadrado-branco.png\" alt=\"\" width=\"15\" height=\"18\" \/>\u00a0 \u00a0Como acessar o Certificado de aprova\u00e7\u00e3o na PPLLE?<\/span><\/strong><\/p>\n<p><span style=\"color: #ffffff\">O participante ter\u00e1 acesso ao certificado de profici\u00eancia na L\u00edngua Estrangeira para a qual prestou prova via site (https:\/\/siseve.apps.uepg.br\/pt_BR\/certificados\/busca).<\/span><\/p>\n<p>&nbsp;<\/p>\n<p><strong><span style=\"color: #ffffff\"><img loading=\"lazy\" class=\"alignnone size-full wp-image-173\" src=\"https:\/\/www2.uepg.br\/prova-proficiencia\/wp-content\/uploads\/sites\/266\/2023\/03\/quadrado-vermelho.png\" alt=\"\" width=\"15\" height=\"18\" \/>\u00a0 \u00a0Como \u00e9 a estrutura da prova?<\/span><\/strong><\/p>\n<p><span style=\"color: #ffffff\">A prova \u00e9 composta de quest\u00f5es de m\u00faltipla escolha.<\/span><\/p>\n<p>&nbsp;<\/p>\n<p><strong><span style=\"color: #ffffff\"><img loading=\"lazy\" class=\"alignnone size-full wp-image-174\" src=\"https:\/\/www2.uepg.br\/prova-proficiencia\/wp-content\/uploads\/sites\/266\/2023\/03\/quadrado-branco.png\" alt=\"\" width=\"15\" height=\"18\" \/>\u00a0 \u00a0Como fa\u00e7o para pagar a taxa de inscri\u00e7\u00e3o?<\/span><\/strong><\/p>\n<p><span style=\"color: #ffffff\">A taxa de inscri\u00e7\u00e3o pode ser paga por transfer\u00eancia banc\u00e1ria ou pix, conforme o edital da sua prova.<\/span><\/p>\n<\/div>\n<\/div><\/div><\/div><\/div><\/div><\/div>","protected":false},"excerpt":{"rendered":"<p>Perguntas frequentes \u00a0 \u00a0Como me inscrevo na prova? As inscri\u00e7\u00f5es acontecem exclusivamente atrav\u00e9s do website https:\/\/www2.uepg.br\/prova-proficiencia\/ &gt; Inscri\u00e7\u00f5es. &nbsp; \u00a0 \u00a0Como solicitar isen\u00e7\u00e3o da taxa de inscri\u00e7\u00e3o da PPLLE? Participante da aluno da UEPG que se encontra em situa\u00e7\u00e3o de vulnerabilidade social &#8211; poder\u00e1 solicitar isen\u00e7\u00e3o do pagamento da taxa de inscri\u00e7\u00e3o por meio do&nbsp;&hellip;<\/p>\n","protected":false},"author":582,"featured_media":0,"parent":0,"menu_order":0,"comment_status":"closed","ping_status":"closed","template":"","meta":[],"_links":{"self":[{"href":"https:\/\/www2.uepg.br\/prova-proficiencia\/wp-json\/wp\/v2\/pages\/139"}],"collection":[{"href":"https:\/\/www2.uepg.br\/prova-proficiencia\/wp-json\/wp\/v2\/pages"}],"about":[{"href":"https:\/\/www2.uepg.br\/prova-proficiencia\/wp-json\/wp\/v2\/types\/page"}],"author":[{"embeddable":true,"href":"https:\/\/www2.uepg.br\/prova-proficiencia\/wp-json\/wp\/v2\/users\/582"}],"replies":[{"embeddable":true,"href":"https:\/\/www2.uepg.br\/prova-proficiencia\/wp-json\/wp\/v2\/comments?post=139"}],"version-history":[{"count":9,"href":"https:\/\/www2.uepg.br\/prova-proficiencia\/wp-json\/wp\/v2\/pages\/139\/revisions"}],"predecessor-version":[{"id":338,"href":"https:\/\/www2.uepg.br\/prova-proficiencia\/wp-json\/wp\/v2\/pages\/139\/revisions\/338"}],"wp:attachment":[{"href":"https:\/\/www2.uepg.br\/prova-proficiencia\/wp-json\/wp\/v2\/media?parent=139"}],"curies":[{"name":"wp","href":"https:\/\/api.w.org\/{rel}","templated":true}]}}