{"id":386,"date":"2021-02-11T15:54:59","date_gmt":"2021-02-11T18:54:59","guid":{"rendered":"http:\/\/www2.uepg.br\/qaas\/?page_id=386"},"modified":"2022-08-11T11:29:50","modified_gmt":"2022-08-11T14:29:50","slug":"parcerias","status":"publish","type":"page","link":"https:\/\/www2.uepg.br\/qaas\/parcerias\/","title":{"rendered":"Parcerias"},"content":{"rendered":"<div id=\"pl-386\"  class=\"panel-layout\"><div id=\"pg-386-0\"  class=\"panel-grid panel-no-style\"><div id=\"pgc-386-0-0\"  class=\"panel-grid-cell\"><div id=\"panel-386-0-0-0\" class=\"so-panel widget widget_sow-accordion panel-first-child\" data-index=\"0\"><div\n\t\t\t\n\t\t\tclass=\"so-widget-sow-accordion so-widget-sow-accordion-default-80af30e26ac8-386\"><h3 class=\"widget-title\">Oak Cervejaria<\/h3><div>\n\t<div class=\"sow-accordion\">\n\t\t\t<div class=\"sow-accordion-panel\"\n\t\t\t data-anchor=\"projeto\">\n\t\t\t\t<div class=\"sow-accordion-panel-header-container\" role=\"heading\" aria-level=\"2\">\n\t\t\t\t\t<div class=\"sow-accordion-panel-header\" tabindex=\"0\" role=\"button\" id=\"accordion-label-projeto\" aria-controls=\"accordion-content-projeto\" aria-expanded=\"false\">\n\t\t\t\t\t\t<div class=\"sow-accordion-title sow-accordion-title-icon-left\">\n\t\t\t\t\t\t\t\t\t\t\t\t\t\tProjeto\t\t\t\t\t\t\t\t\t\t\t\t\t<\/div>\n\t\t\t\t\t\t<div class=\"sow-accordion-open-close-button\">\n\t\t\t\t\t\t\t<div class=\"sow-accordion-open-button\">\n\t\t\t\t\t\t\t\t<span class=\"sow-icon-ionicons\" data-sow-icon=\"&#xf218;\"\n\t\t \n\t\taria-hidden=\"true\"><\/span>\t\t\t\t\t\t\t<\/div>\n\t\t\t\t\t\t\t<div class=\"sow-accordion-close-button\">\n\t\t\t\t\t\t\t\t<span class=\"sow-icon-ionicons\" data-sow-icon=\"&#xf209;\"\n\t\t \n\t\taria-hidden=\"true\"><\/span>\t\t\t\t\t\t\t<\/div>\n\t\t\t\t\t\t<\/div>\n\t\t\t\t\t<\/div>\n\t\t\t\t<\/div>\n\n\t\t\t<div\n\t\t\t\tclass=\"sow-accordion-panel-content\"\n\t\t\t\trole=\"region\"\n\t\t\t\taria-labelledby=\"accordion-label-projeto\"\n\t\t\t\tid=\"accordion-content-projeto\"\n\t\t\t\tstyle=\"display: none;\">\n\t\t\t\t<div class=\"sow-accordion-panel-border\" tabindex=\"0\">\n\t\t\t\t\t<p>&nbsp;<\/p>\n<p>&nbsp;<\/p>\n<p>Projetos envolvidos<\/p>\n<p><strong>MESTRADO<\/strong><\/p>\n<p>TRATAMENTO DE EFLUENTES DE CERVEJARIA UTILIZANDO DUPLA E TRIPLA FILTRA\u00c7\u00c3O<\/p>\n<p>Amanda Vedam Pupin<\/p>\n<p>&nbsp;<\/p>\n<p>&nbsp;<\/p>\n<p>&nbsp;<\/p>\n\t\t\t\t<\/div>\n\t\t\t<\/div>\n\t\t<\/div>\n\t\t\t<div class=\"sow-accordion-panel\"\n\t\t\t data-anchor=\"coordenador\">\n\t\t\t\t<div class=\"sow-accordion-panel-header-container\" role=\"heading\" aria-level=\"2\">\n\t\t\t\t\t<div class=\"sow-accordion-panel-header\" tabindex=\"0\" role=\"button\" id=\"accordion-label-coordenador\" aria-controls=\"accordion-content-coordenador\" aria-expanded=\"false\">\n\t\t\t\t\t\t<div class=\"sow-accordion-title sow-accordion-title-icon-left\">\n\t\t\t\t\t\t\t\t\t\t\t\t\t\tCoordenador\t\t\t\t\t\t\t\t\t\t\t\t\t<\/div>\n\t\t\t\t\t\t<div class=\"sow-accordion-open-close-button\">\n\t\t\t\t\t\t\t<div class=\"sow-accordion-open-button\">\n\t\t\t\t\t\t\t\t<span class=\"sow-icon-ionicons\" data-sow-icon=\"&#xf218;\"\n\t\t \n\t\taria-hidden=\"true\"><\/span>\t\t\t\t\t\t\t<\/div>\n\t\t\t\t\t\t\t<div class=\"sow-accordion-close-button\">\n\t\t\t\t\t\t\t\t<span class=\"sow-icon-ionicons\" data-sow-icon=\"&#xf209;\"\n\t\t \n\t\taria-hidden=\"true\"><\/span>\t\t\t\t\t\t\t<\/div>\n\t\t\t\t\t\t<\/div>\n\t\t\t\t\t<\/div>\n\t\t\t\t<\/div>\n\n\t\t\t<div\n\t\t\t\tclass=\"sow-accordion-panel-content\"\n\t\t\t\trole=\"region\"\n\t\t\t\taria-labelledby=\"accordion-label-coordenador\"\n\t\t\t\tid=\"accordion-content-coordenador\"\n\t\t\t\tstyle=\"display: none;\">\n\t\t\t\t<div class=\"sow-accordion-panel-border\" tabindex=\"0\">\n\t\t\t\t\t<p><img class=\"size-full wp-image-48 alignleft\" src=\"http:\/\/www2.uepg.br\/qaas\/wp-content\/uploads\/sites\/64\/2020\/04\/prof.png\" alt=\"\" width=\"168\" height=\"200\" \/><\/p>\n<p><strong>Prof. Dr. Sandro Xavier de Campos<\/strong><\/p>\n<p>&nbsp;<\/p>\n<p>Possui gradua\u00e7\u00e3o em Qu\u00edmica Licenciatura pela Universidade Federal de S\u00e3o Carlos (2002), gradua\u00e7\u00e3o em Qu\u00edmica Bacharelado com atribui\u00e7\u00f5es Tecnol\u00f3gicas pela Universidade Federal de S\u00e3o Carlos (1997), especialista em Educa\u00e7\u00e3o Ambiental pela Universidade de S\u00e3o Paulo (2004), Mestrado em Ci\u00eancias (Qu\u00edmica Anal\u00edtica) pela Universidade de S\u00e3o Paulo (2000) e Doutorado em Engenharia Civil (Hidr\u00e1ulica e Saneamento) pela Universidade de S\u00e3o Paulo (2004). Atualmente \u00e9 professor Adjunto da Universidade Estadual de Ponta Grossa. Tem experi\u00eancia na \u00e1rea de Qu\u00edmica com \u00eanfase em Qu\u00edmica Ambiental, Educa\u00e7\u00e3o Ambiental e Ensino de Qu\u00edmica, atuando principalmente nos seguintes temas: Qu\u00edmica Anal\u00edtica Ambiental, Saneamento Ambiental, Ensino de Qu\u00edmica e Educa\u00e7\u00e3o Ambiental. Membro da Rede de An\u00e1lises para Qualidade Ambiental na Am\u00e9rica Latina \u2013 RACAL<\/p>\n<p><\/p><\/div><\/div><\/div><\/div><\/div><\/div><\/div><\/div><\/div><\/div><p> <a href=\"https:\/\/www2.uepg.br\/qaas\/parcerias\/#more-386\" class=\"more-link\">Leia mais<\/a><\/p>","protected":false},"excerpt":{"rendered":"<p>Oak Cervejaria Projeto &nbsp; &nbsp; Projetos envolvidos MESTRADO TRATAMENTO DE EFLUENTES DE CERVEJARIA UTILIZANDO DUPLA E TRIPLA FILTRA\u00c7\u00c3O Amanda Vedam Pupin &nbsp; &nbsp; &nbsp; Coordenador Prof. Dr. Sandro Xavier de Campos &nbsp; Possui gradua\u00e7\u00e3o em Qu\u00edmica Licenciatura pela Universidade Federal de S\u00e3o Carlos (2002), gradua\u00e7\u00e3o em Qu\u00edmica Bacharelado com atribui\u00e7\u00f5es Tecnol\u00f3gicas pela Universidade Federal de&nbsp;&hellip;<\/p>\n","protected":false},"author":204,"featured_media":0,"parent":0,"menu_order":0,"comment_status":"closed","ping_status":"closed","template":"","meta":[],"_links":{"self":[{"href":"https:\/\/www2.uepg.br\/qaas\/wp-json\/wp\/v2\/pages\/386"}],"collection":[{"href":"https:\/\/www2.uepg.br\/qaas\/wp-json\/wp\/v2\/pages"}],"about":[{"href":"https:\/\/www2.uepg.br\/qaas\/wp-json\/wp\/v2\/types\/page"}],"author":[{"embeddable":true,"href":"https:\/\/www2.uepg.br\/qaas\/wp-json\/wp\/v2\/users\/204"}],"replies":[{"embeddable":true,"href":"https:\/\/www2.uepg.br\/qaas\/wp-json\/wp\/v2\/comments?post=386"}],"version-history":[{"count":22,"href":"https:\/\/www2.uepg.br\/qaas\/wp-json\/wp\/v2\/pages\/386\/revisions"}],"predecessor-version":[{"id":418,"href":"https:\/\/www2.uepg.br\/qaas\/wp-json\/wp\/v2\/pages\/386\/revisions\/418"}],"wp:attachment":[{"href":"https:\/\/www2.uepg.br\/qaas\/wp-json\/wp\/v2\/media?parent=386"}],"curies":[{"name":"wp","href":"https:\/\/api.w.org\/{rel}","templated":true}]}}