{"id":82,"date":"2020-04-28T11:42:45","date_gmt":"2020-04-28T14:42:45","guid":{"rendered":"http:\/\/www2.uepg.br\/qaas\/?page_id=82"},"modified":"2025-06-05T21:19:45","modified_gmt":"2025-06-06T00:19:45","slug":"teses-e-dissertacoes","status":"publish","type":"page","link":"https:\/\/www2.uepg.br\/qaas\/teses-e-dissertacoes\/","title":{"rendered":"Teses e Disserta\u00e7\u00f5es"},"content":{"rendered":"<div id=\"pl-82\"  class=\"panel-layout\" ><div id=\"pg-82-0\"  class=\"panel-grid panel-no-style\" ><div id=\"pgc-82-0-0\"  class=\"panel-grid-cell\" ><div id=\"panel-82-0-0-0\" class=\"so-panel widget widget_sow-accordion panel-first-child panel-last-child\" data-index=\"0\" ><div id=\"integrantes-formados\" class=\"panel-widget-style panel-widget-style-for-82-0-0-0\" ><div\n\t\t\t\n\t\t\tclass=\"so-widget-sow-accordion so-widget-sow-accordion-default-7f158b849c7f-82\"\n\t\t\t\n\t\t><div>\n\t<div class=\"sow-accordion\">\n\t\t\t<div class=\"sow-accordion-panel\"\n\t\t\t data-anchor=\"teses\">\n\t\t\t\t<div class=\"sow-accordion-panel-header-container\" role=\"heading\" aria-level=\"2\">\n\t\t\t\t\t<div class=\"sow-accordion-panel-header\" tabindex=\"0\" role=\"button\" id=\"accordion-label-teses\" aria-controls=\"accordion-content-teses\" aria-expanded=\"false\">\n\t\t\t\t\t\t<div class=\"sow-accordion-title sow-accordion-title-icon-left\">\n\t\t\t\t\t\t\t\t\t\t\t\t\t\tTeses\t\t\t\t\t\t\t\t\t\t\t\t\t<\/div>\n\t\t\t\t\t\t<div class=\"sow-accordion-open-close-button\">\n\t\t\t\t\t\t\t<div class=\"sow-accordion-open-button\">\n\t\t\t\t\t\t\t\t<span class=\"sow-icon-ionicons\" data-sow-icon=\"&#xf218;\"\n\t\t \n\t\taria-hidden=\"true\"><\/span>\t\t\t\t\t\t\t<\/div>\n\t\t\t\t\t\t\t<div class=\"sow-accordion-close-button\">\n\t\t\t\t\t\t\t\t<span class=\"sow-icon-ionicons\" data-sow-icon=\"&#xf209;\"\n\t\t \n\t\taria-hidden=\"true\"><\/span>\t\t\t\t\t\t\t<\/div>\n\t\t\t\t\t\t<\/div>\n\t\t\t\t\t<\/div>\n\t\t\t\t<\/div>\n\n\t\t\t<div\n\t\t\t\tclass=\"sow-accordion-panel-content\"\n\t\t\t\trole=\"region\"\n\t\t\t\taria-labelledby=\"accordion-label-teses\"\n\t\t\t\tid=\"accordion-content-teses\"\n\t\t\t\tstyle=\"display: none;\"\t\t\t>\n\t\t\t\t<div class=\"sow-accordion-panel-border\" tabindex=\"0\">\n\t\t\t\t\t<p>Dra. \u00a0Carmen L\u00facia Voigt<br \/>\nTese<br \/>\n<a href=\"http:\/\/tede2.uepg.br\/jspui\/handle\/prefix\/6\" target=\"_blank\" rel=\"noopener\">QUANTIFICA\u00c7\u00c3O DE METAIS EM PEIXES (GEOPHAGUS BRASILIENSIS, CYPRINUS CARPIO), \u00c1GUA E SEDIMENTO DO RESERVAT\u00d3RIO DE ALAGADOS EM PONTA GROSSA\/PR E AVALIA\u00c7\u00c3O DA BIOCONCENTRA\u00c7\u00c3O E BIOACUMULA\u00c7\u00c3O<\/a><\/p>\n<hr \/>\n<p>Dr. Cl\u00e9ber Pinto da Silva<br \/>\nTese<br \/>\n<a href=\"https:\/\/tede2.uepg.br\/jspui\/handle\/prefix\/3239\" target=\"_blank\" rel=\"noopener\">P\u00f3s-tratamento de efluente dom\u00e9stico de reator anaer\u00f3bio utilizando filtra\u00e7\u00e3o r\u00e1pida para fins de re\u00faso: estudo f\u00edsico qu\u00edmico e toxicol\u00f3gico<\/a><\/p>\n<hr \/>\n<p>Dra. Daniele Cristina Hass Seremeta<br \/>\nTese<br \/>\n<a href=\"https:\/\/tede2.uepg.br\/jspui\/handle\/prefix\/2964\" target=\"_blank\" rel=\"noopener\">REMO\u00c7\u00c3O DE METAIS UTILIZANDO COMPOSTO H\u00daMICO PROVENIENTE DO TRATAMENTO DE LODO DE ESGOTO INDUSTRIAL E TABACO DE CIGARRO CONTRABANDEADO EM REATOR<\/a><\/p>\n<hr \/>\n<p>Dra. Grasiele Soares Cavallini<br \/>\nTese<br \/>\n<a href=\"http:\/\/tede2.uepg.br\/jspui\/handle\/prefix\/7\" target=\"_blank\" rel=\"noopener\">P\u00d3S-TRATAMENTO DE EFLUENTE DE REATOR ANAER\u00d3BIO UTILIZANDO DUPLA FILTRA\u00c7\u00c3O PARA FINS DE RE\u00daSO<\/a><\/p>\n<hr \/>\n<p>Dra. Karine Marcondes da Cunha<\/p>\n<p><a href=\"https:\/\/tede2.uepg.br\/jspui\/handle\/prefix\/4500\" target=\"_blank\" rel=\"noopener\">ESTUDO DOS PROCESSOS ENVOLVIDOS NA COMPOSTAGEM DE TABACO DE CIGARRO CONTRABANDEADO EM REATOR FACULTATIVO POR MEIO DE T\u00c9CNICAS CONVENCIONAIS, CROMATOGR\u00c1FICAS, ESPECTROSC\u00d3PICAS E DE MICROSCOPIA<\/a><\/p>\n<hr \/>\n<p>Dr. Rolan Roney Ressetti<\/p>\n<p><a href=\"https:\/\/tede2.uepg.br\/jspui\/handle\/prefix\/4582\" target=\"_blank\" rel=\"noopener\">ESTUDO COMPARATIVO SOBRE A A\u00c7\u00c3O DE COMPOSTO, BIOCARV\u00c3O E CELULASE NO PROCESSO DE COMPOSTAGEM DE TABACO EM REATOR FACULTATIVO<\/a><\/p>\n<hr \/>\n<p>Dra. Rosimara Zittel<br \/>\nTese<br \/>\n<a href=\"https:\/\/tede2.uepg.br\/jspui\/handle\/prefix\/2851\" target=\"_blank\" rel=\"noopener\">COMPOSTAGEM EM REATORES DE TABACO DE CIGARROS CONTRABANDEADOS E LODO DE ETE INDUSTRIAL: ESTUDO DA ESTABILIDADE E MATURIDADE POR MEIO DE PAR\u00c2METROS F\u00cdSICO-QU\u00cdMICOS, BIOL\u00d3GICOS E ESPECTROSC\u00d3PICOS\u00a0<\/a><\/p>\n<hr \/>\n<p>Dra. Tatiana Roselena de Oliveira Stremel<br \/>\nTese<br \/>\n<a href=\"http:\/\/tede2.uepg.br\/jspui\/handle\/prefix\/2579\" target=\"_blank\" rel=\"noopener\">DESENVOLVIMENTO, VALIDA\u00c7\u00c3O E APLICA\u00c7\u00c3O DE UM M\u00c9TODO QuEChERS PARA A DETERMINA\u00c7\u00c3O DE PESTICIDAS ORGANOCLORADOS<\/a><\/p>\n<hr \/>\n<p>&nbsp;<\/p>\n\t\t\t\t<\/div>\n\t\t\t<\/div>\n\t\t<\/div>\n\t\t\t<div class=\"sow-accordion-panel\"\n\t\t\t data-anchor=\"disserta%c3%a7%c3%b5es\">\n\t\t\t\t<div class=\"sow-accordion-panel-header-container\" role=\"heading\" aria-level=\"2\">\n\t\t\t\t\t<div class=\"sow-accordion-panel-header\" tabindex=\"0\" role=\"button\" id=\"accordion-label-disserta%c3%a7%c3%b5es\" aria-controls=\"accordion-content-disserta%c3%a7%c3%b5es\" aria-expanded=\"false\">\n\t\t\t\t\t\t<div class=\"sow-accordion-title sow-accordion-title-icon-left\">\n\t\t\t\t\t\t\t\t\t\t\t\t\t\tDisserta\u00e7\u00f5es\t\t\t\t\t\t\t\t\t\t\t\t\t<\/div>\n\t\t\t\t\t\t<div class=\"sow-accordion-open-close-button\">\n\t\t\t\t\t\t\t<div class=\"sow-accordion-open-button\">\n\t\t\t\t\t\t\t\t<span class=\"sow-icon-ionicons\" data-sow-icon=\"&#xf218;\"\n\t\t \n\t\taria-hidden=\"true\"><\/span>\t\t\t\t\t\t\t<\/div>\n\t\t\t\t\t\t\t<div class=\"sow-accordion-close-button\">\n\t\t\t\t\t\t\t\t<span class=\"sow-icon-ionicons\" data-sow-icon=\"&#xf209;\"\n\t\t \n\t\taria-hidden=\"true\"><\/span>\t\t\t\t\t\t\t<\/div>\n\t\t\t\t\t\t<\/div>\n\t\t\t\t\t<\/div>\n\t\t\t\t<\/div>\n\n\t\t\t<div\n\t\t\t\tclass=\"sow-accordion-panel-content\"\n\t\t\t\trole=\"region\"\n\t\t\t\taria-labelledby=\"accordion-label-disserta%c3%a7%c3%b5es\"\n\t\t\t\tid=\"accordion-content-disserta%c3%a7%c3%b5es\"\n\t\t\t\tstyle=\"display: none;\"\t\t\t>\n\t\t\t\t<div class=\"sow-accordion-panel-border\" tabindex=\"0\">\n\t\t\t\t\t<p>M.a. Amanda Vedam Pupin<\/p>\n<p><a href=\"https:\/\/tede2.uepg.br\/jspui\/handle\/prefix\/4496\" target=\"_blank\" rel=\"noopener\">TRATAMENTO DE EFLUENTE DE MICROCERVEJARIA POR COAGULA\u00c7\u00c3O E FILTRA\u00c7\u00c3O R\u00c1PIDA<\/a><\/p>\n<hr \/>\n<p>M.a. Bruna Pompermayer Meotti<br \/>\nDisserta\u00e7\u00e3o<br \/>\n<a href=\"https:\/\/tede2.uepg.br\/jspui\/handle\/prefix\/2117\" target=\"_blank\" rel=\"noopener\">ESPECTROSCOPIA APLICADA AO MONITORAMENTO DAS MUDAN\u00c7AS ESTRUTURAIS DE COMPOSTOS ORG\u00c2NICOS OBTIDOS NA COMPOSTAGEM DE LODO DE ETE<\/a><\/p>\n<hr \/>\n<p>M.a. Cinthia Eloise Domingues<br \/>\nDisserta\u00e7\u00e3o<br \/>\n<a href=\"http:\/\/tede2.uepg.br\/jspui\/handle\/prefix\/2039\" target=\"_blank\" rel=\"noopener\">DETERMINA\u00c7\u00c3O DE METAIS EM TIL\u00c1PIA (Oreochromis niloticus), \u00c1GUA E SEDIMENTO DE UM RESERVAT\u00d3RIO NA CIDADE DE PONTA GROSSA- PR E AVALIA\u00c7\u00c3O TOXICOL\u00d3GICA POR ESTUDO DE ESTRESSE OXIDATIVO<\/a><\/p>\n<hr \/>\n<p>M.e. Cleber Pinto da Silva<br \/>\nDisserta\u00e7\u00e3o<br \/>\n<a href=\"http:\/\/tede2.uepg.br\/jspui\/handle\/prefix\/2031\" target=\"_blank\" rel=\"noopener\">CARACTERIZA\u00c7\u00c3O E AVALIA\u00c7\u00c3O DA QUALIDADE DOS CIGARROS CONTRABANDEADOS NO BRASIL<\/a><\/p>\n<hr \/>\n<p>M.e. Danilo Gabriel dos Santos Matos<br \/>\nDisserta\u00e7\u00e3o<br \/>\n<a href=\"https:\/\/tede2.uepg.br\/jspui\/handle\/prefix\/3090\" target=\"_blank\" rel=\"noopener\">AVALIA\u00c7\u00c3O DE M\u00c9TODO QuEChERS MODIFICADO COM PARTI\u00c7\u00c3O A BAIXA TEMPERATURA PARA EXTRA\u00c7\u00c3O DE ORGANOCLORADOS EM PEIXES E DETERMINA\u00c7\u00c3O POR GC-ECD<\/a><\/p>\n<hr \/>\n<p>M.a. Karine Marcondes da Cunha<br \/>\nDisserta\u00e7\u00e3o<br \/>\n<a href=\"https:\/\/tede2.uepg.br\/jspui\/handle\/prefix\/2521\" target=\"_blank\" rel=\"noopener\"><span style=\"color: #333399\">COMPOSTAGEM DE TABACO DE CIGARRO CONTRABANDEADO E RES\u00cdDUOS S\u00d3LIDOS ORG\u00c2NICOS EM REATOR FACULTATIVO COM CAPACIDADE DE 2000L<\/span><\/a><\/p>\n<hr \/>\n<p>M.e. Milene Fernanda Bornat Machado<\/p>\n<p>P\u00d3S-TRATAMENTO DE EFLUENTE DE REATOR ANAER\u00d3BIO POR MEIO DE WETLANDS CONSTRU\u00cdDOS E FILTRA\u00c7\u00c3O LENTA\u00a0VISANDO\u00a0REUSO<\/p>\n<hr \/>\n<p>M.e. Rolan Roney Ressetti<br \/>\nDisserta\u00e7\u00e3o<br \/>\n<a href=\"http:\/\/tede2.uepg.br\/jspui\/handle\/prefix\/2097\" target=\"_blank\" rel=\"noopener\">BIODECOMPOSI\u00c7\u00c3O DE RES\u00cdDUOS ORG\u00c2NICOS DOM\u00c9STICOS EM REATOR FECHADO E CARACTERIZA\u00c7\u00c3O DO COMPOSTO OBTIDO POR T\u00c9CNICAS CONVENCIONAIS E ESPECTROSC\u00d3PICAS<\/a><\/p>\n<hr \/>\n<p>M.a. Rosimara Zittel<br \/>\nDisserta\u00e7\u00e3o<br \/>\n<a href=\"http:\/\/tede2.uepg.br\/jspui\/handle\/prefix\/2129\" target=\"_blank\" rel=\"noopener\">TRATAMENTO DE RES\u00cdDUOS ORG\u00c2NICOS DOM\u00c9STICOS, TABACO DE CIGARROS CONTRABANDEADOS E RES\u00cdDUOS DE MADEIRA EM BIOREATOR<\/a><\/p>\n<hr \/>\n<p>&nbsp;<\/p>\n<p>M.e. Thiago Eduardo de Almeida<br \/>\nDisserta\u00e7\u00e3o<br \/>\n<a href=\"http:\/\/tede2.uepg.br\/jspui\/handle\/prefix\/2035\" target=\"_blank\" rel=\"noopener\">ESTUDO DA COMPOSTAGEM DE TABACO DE CIGARROS CONTRABANDEADOS MISTURADO A LODO DE ETE POR MEIO DE AN\u00c1LISES CONVENCIONAIS E ESPECTROSC\u00d3PICAS<\/a><\/p>\n<hr \/>\n<p>&nbsp;<\/p>\n\t\t\t\t<\/div>\n\t\t\t<\/div>\n\t\t<\/div>\n\t\t<\/div>\n<\/div>\n<\/div><\/div><\/div><\/div><\/div><\/div>","protected":false},"excerpt":{"rendered":"<p>Teses Dra. \u00a0Carmen L\u00facia Voigt Tese QUANTIFICA\u00c7\u00c3O DE METAIS EM PEIXES (GEOPHAGUS BRASILIENSIS, CYPRINUS CARPIO), \u00c1GUA E SEDIMENTO DO RESERVAT\u00d3RIO DE ALAGADOS EM PONTA GROSSA\/PR E AVALIA\u00c7\u00c3O DA BIOCONCENTRA\u00c7\u00c3O E BIOACUMULA\u00c7\u00c3O Dr. Cl\u00e9ber Pinto da Silva Tese P\u00f3s-tratamento de efluente dom\u00e9stico de reator anaer\u00f3bio utilizando filtra\u00e7\u00e3o r\u00e1pida para fins de re\u00faso: estudo f\u00edsico qu\u00edmico e&nbsp;&hellip;<\/p>\n","protected":false},"author":24,"featured_media":0,"parent":0,"menu_order":0,"comment_status":"closed","ping_status":"closed","template":"","meta":[],"_links":{"self":[{"href":"https:\/\/www2.uepg.br\/qaas\/wp-json\/wp\/v2\/pages\/82"}],"collection":[{"href":"https:\/\/www2.uepg.br\/qaas\/wp-json\/wp\/v2\/pages"}],"about":[{"href":"https:\/\/www2.uepg.br\/qaas\/wp-json\/wp\/v2\/types\/page"}],"author":[{"embeddable":true,"href":"https:\/\/www2.uepg.br\/qaas\/wp-json\/wp\/v2\/users\/24"}],"replies":[{"embeddable":true,"href":"https:\/\/www2.uepg.br\/qaas\/wp-json\/wp\/v2\/comments?post=82"}],"version-history":[{"count":19,"href":"https:\/\/www2.uepg.br\/qaas\/wp-json\/wp\/v2\/pages\/82\/revisions"}],"predecessor-version":[{"id":605,"href":"https:\/\/www2.uepg.br\/qaas\/wp-json\/wp\/v2\/pages\/82\/revisions\/605"}],"wp:attachment":[{"href":"https:\/\/www2.uepg.br\/qaas\/wp-json\/wp\/v2\/media?parent=82"}],"curies":[{"name":"wp","href":"https:\/\/api.w.org\/{rel}","templated":true}]}}