{"id":6,"date":"2020-03-24T10:04:21","date_gmt":"2020-03-24T13:04:21","guid":{"rendered":"http:\/\/www2.uepg.br\/covid19\/?page_id=6"},"modified":"2022-03-04T15:20:07","modified_gmt":"2022-03-04T18:20:07","slug":"pagina-inicial","status":"publish","type":"page","link":"https:\/\/www2.uepg.br\/retornopresencial\/","title":{"rendered":"P\u00e1gina Inicial"},"content":{"rendered":"<div id=\"pl-6\"  class=\"panel-layout\" ><div id=\"pg-6-0\"  class=\"panel-grid panel-no-style\" ><div id=\"pgc-6-0-0\"  class=\"panel-grid-cell\" ><div id=\"panel-6-0-0-0\" class=\"so-panel widget widget_sow-editor panel-first-child panel-last-child\" data-index=\"0\" ><div class=\"panel-widget-style panel-widget-style-for-6-0-0-0\" ><div\n\t\t\t\n\t\t\tclass=\"so-widget-sow-editor so-widget-sow-editor-base\"\n\t\t\t\n\t\t>\n<div class=\"siteorigin-widget-tinymce textwidget\">\n\t<h4 style=\"text-align: center;\"><strong>\u00daltimas Not\u00edcias<\/strong><\/h4>\n<p style=\"text-align: center;\">\t\t<div class=\"wppsac-slick-carousel-wrp wppsac-clearfix \">\r\n\t\t\t<div id=\"wppsac-post-carousel-1\" class=\"wppsac-post-slider-init wppsac-post-carousel design-1\">\r\n\t\t\t\t\r\n<div class=\"wppsac-carousel-slides\">\r\n\t\t<div class=\"wppsac-post-content-position\">\r\n\t\t\t  \t<h2 class=\"wppsac-post-title\">\r\n\t\t\t<a href=\"https:\/\/www.uepg.br\/reforco-comissao-de-biosseguranca\/\">Comiss\u00e3o de Biosseguran\u00e7a refor\u00e7a necessidade de cuidados contra Covid-19 na UEPG<\/a>\r\n\t\t<\/h2>\r\n\t\t\t\t\t<div class=\"wppsac-post-date\">\r\n\t\t\t\t27 de maio de 2022\t\t\t<\/div>\r\n\t\t\t\t\t<\/div>\r\n<\/div>\r\n<div class=\"wppsac-carousel-slides\">\r\n\t\t<div class=\"wppsac-post-content-position\">\r\n\t\t\t  \t<h2 class=\"wppsac-post-title\">\r\n\t\t\t<a href=\"https:\/\/www.uepg.br\/liberacao-mascara\/\">Comiss\u00e3o de Biosseguran\u00e7a desobriga uso de m\u00e1scara na UEPG<\/a>\r\n\t\t<\/h2>\r\n\t\t\t\t\t<div class=\"wppsac-post-date\">\r\n\t\t\t\t4 de maio de 2022\t\t\t<\/div>\r\n\t\t\t\t\t<\/div>\r\n<\/div>\r\n<div class=\"wppsac-carousel-slides\">\r\n\t\t<div class=\"wppsac-post-content-position\">\r\n\t\t\t  \t<h2 class=\"wppsac-post-title\">\r\n\t\t\t<a href=\"https:\/\/www.uepg.br\/comunidade-universitaria-pode-utilizar-app-saude-online-pr-a-partir-de-sexta-22\/\">Comunidade universit\u00e1ria pode utilizar app Sa\u00fade Online PR a partir de sexta (22)<\/a>\r\n\t\t<\/h2>\r\n\t\t\t\t\t<div class=\"wppsac-post-date\">\r\n\t\t\t\t19 de abril de 2022\t\t\t<\/div>\r\n\t\t\t\t\t<\/div>\r\n<\/div>\r\n<div class=\"wppsac-carousel-slides\">\r\n\t\t<div class=\"wppsac-post-content-position\">\r\n\t\t\t  \t<h2 class=\"wppsac-post-title\">\r\n\t\t\t<a href=\"https:\/\/www.uepg.br\/uso-mascara\/\">UEPG refor\u00e7a obrigatoriedade do uso de m\u00e1scara<\/a>\r\n\t\t<\/h2>\r\n\t\t\t\t\t<div class=\"wppsac-post-date\">\r\n\t\t\t\t25 de mar\u00e7o de 2022\t\t\t<\/div>\r\n\t\t\t\t\t<\/div>\r\n<\/div>\r\n<div class=\"wppsac-carousel-slides\">\r\n\t\t<div class=\"wppsac-post-content-position\">\r\n\t\t\t  \t<h2 class=\"wppsac-post-title\">\r\n\t\t\t<a href=\"https:\/\/www.uepg.br\/ambulatorio-triagem-covid19\/\">UEPG cria ambulat\u00f3rio para monitoramento de casos de Covid-19<\/a>\r\n\t\t<\/h2>\r\n\t\t\t\t\t<div class=\"wppsac-post-date\">\r\n\t\t\t\t22 de fevereiro de 2022\t\t\t<\/div>\r\n\t\t\t\t\t<\/div>\r\n<\/div>\r\n<div class=\"wppsac-carousel-slides\">\r\n\t\t<div class=\"wppsac-post-content-position\">\r\n\t\t\t  \t<h2 class=\"wppsac-post-title\">\r\n\t\t\t<a href=\"https:\/\/www.uepg.br\/retorno-presencial-07fev\/\">Saudades e expectativa: UEPG retoma aulas pr\u00e1ticas nesta segunda (07)<\/a>\r\n\t\t<\/h2>\r\n\t\t\t\t\t<div class=\"wppsac-post-date\">\r\n\t\t\t\t8 de fevereiro de 2022\t\t\t<\/div>\r\n\t\t\t\t\t<\/div>\r\n<\/div>\r\n<div class=\"wppsac-carousel-slides\">\r\n\t\t\t<div class=\"wppsac-post-image-bg\">\r\n\t\t\t<a href=\"https:\/\/www.uepg.br\/retorno-academico-presencial\/\">\r\n\t\t\t\t<img class=\"wppsac-post-image-bg\"  src=\"https:\/\/www2.uepg.br\/retornopresencial\/wp-content\/uploads\/sites\/55\/2022\/02\/MG_7204-1232x821-1-300x200.jpg\" alt=\"UEPG retorna \u00e0s aulas pr\u00e1ticas presenciais nesta segunda-feira (07) para 2 mil alunos\" \/>\r\n\t\t\t<\/a>\r\n\t\t<\/div>\r\n\t\t<div class=\"wppsac-post-content-position\">\r\n\t\t\t  \t<h2 class=\"wppsac-post-title\">\r\n\t\t\t<a href=\"https:\/\/www.uepg.br\/retorno-academico-presencial\/\">UEPG retorna \u00e0s aulas pr\u00e1ticas presenciais nesta segunda-feira (07) para 2 mil alunos<\/a>\r\n\t\t<\/h2>\r\n\t\t\t\t\t<div class=\"wppsac-post-date\">\r\n\t\t\t\t4 de fevereiro de 2022\t\t\t<\/div>\r\n\t\t\t\t\t<\/div>\r\n<\/div>\r\n<div class=\"wppsac-carousel-slides\">\r\n\t\t\t<div class=\"wppsac-post-image-bg\">\r\n\t\t\t<a href=\"https:\/\/www.uepg.br\/restaurante-universitario-presencial\/\">\r\n\t\t\t\t<img class=\"wppsac-post-image-bg\"  src=\"https:\/\/www2.uepg.br\/retornopresencial\/wp-content\/uploads\/sites\/55\/2022\/02\/ru-uepg-1232x821-1-300x200.jpg\" alt=\"Restaurante Universit\u00e1rio da UEPG adota medidas de biosseguran\u00e7a para refei\u00e7\u00f5es seguras\" \/>\r\n\t\t\t<\/a>\r\n\t\t<\/div>\r\n\t\t<div class=\"wppsac-post-content-position\">\r\n\t\t\t  \t<h2 class=\"wppsac-post-title\">\r\n\t\t\t<a href=\"https:\/\/www.uepg.br\/restaurante-universitario-presencial\/\">Restaurante Universit\u00e1rio da UEPG adota medidas de biosseguran\u00e7a para refei\u00e7\u00f5es seguras<\/a>\r\n\t\t<\/h2>\r\n\t\t\t\t\t<div class=\"wppsac-post-date\">\r\n\t\t\t\t3 de fevereiro de 2022\t\t\t<\/div>\r\n\t\t\t\t\t<\/div>\r\n<\/div>\r\n<div class=\"wppsac-carousel-slides\">\r\n\t\t\t<div class=\"wppsac-post-image-bg\">\r\n\t\t\t<a href=\"https:\/\/www.uepg.br\/comprovante-vacinacao\/\">\r\n\t\t\t\t<img class=\"wppsac-post-image-bg\"  src=\"https:\/\/www2.uepg.br\/retornopresencial\/wp-content\/uploads\/sites\/55\/2022\/02\/terceira-dose-vacina-covid_12-1232x821-1-300x200.jpg\" alt=\"Estudantes da UEPG t\u00eam at\u00e9 sexta-feira (04) para envio do comprovante da vacina contra Covid-19\" \/>\r\n\t\t\t<\/a>\r\n\t\t<\/div>\r\n\t\t<div class=\"wppsac-post-content-position\">\r\n\t\t\t  \t<h2 class=\"wppsac-post-title\">\r\n\t\t\t<a href=\"https:\/\/www.uepg.br\/comprovante-vacinacao\/\">Estudantes da UEPG t\u00eam at\u00e9 sexta-feira (04) para envio do comprovante da vacina contra Covid-19<\/a>\r\n\t\t<\/h2>\r\n\t\t\t\t\t<div class=\"wppsac-post-date\">\r\n\t\t\t\t3 de fevereiro de 2022\t\t\t<\/div>\r\n\t\t\t\t\t<\/div>\r\n<\/div>\r\n<div class=\"wppsac-carousel-slides\">\r\n\t\t\t<div class=\"wppsac-post-image-bg\">\r\n\t\t\t<a href=\"https:\/\/www.uepg.br\/prae-acolhida-retorno\/\">\r\n\t\t\t\t<img class=\"wppsac-post-image-bg\"  src=\"https:\/\/www2.uepg.br\/retornopresencial\/wp-content\/uploads\/sites\/55\/2022\/02\/drive-thru-acolhida-1232x821-1-300x200.jpg\" alt=\"Prae-UEPG prepara atividades para acolhida de alunos no retorno presencial\" \/>\r\n\t\t\t<\/a>\r\n\t\t<\/div>\r\n\t\t<div class=\"wppsac-post-content-position\">\r\n\t\t\t  \t<h2 class=\"wppsac-post-title\">\r\n\t\t\t<a href=\"https:\/\/www.uepg.br\/prae-acolhida-retorno\/\">Prae-UEPG prepara atividades para acolhida de alunos no retorno presencial<\/a>\r\n\t\t<\/h2>\r\n\t\t\t\t\t<div class=\"wppsac-post-date\">\r\n\t\t\t\t3 de fevereiro de 2022\t\t\t<\/div>\r\n\t\t\t\t\t<\/div>\r\n<\/div>\r\n<div class=\"wppsac-carousel-slides\">\r\n\t\t\t<div class=\"wppsac-post-image-bg\">\r\n\t\t\t<a href=\"https:\/\/www.uepg.br\/inicio-7-fev\/\">\r\n\t\t\t\t<img class=\"wppsac-post-image-bg\"  src=\"https:\/\/www2.uepg.br\/retornopresencial\/wp-content\/uploads\/sites\/55\/2022\/02\/Laboratorio-de-Alimentos-Retorno-Aulas-1232x821-1-300x200.jpeg\" alt=\"UEPG inicia aulas pr\u00e1ticas presenciais em 7 de fevereiro\" \/>\r\n\t\t\t<\/a>\r\n\t\t<\/div>\r\n\t\t<div class=\"wppsac-post-content-position\">\r\n\t\t\t  \t<h2 class=\"wppsac-post-title\">\r\n\t\t\t<a href=\"https:\/\/www.uepg.br\/inicio-7-fev\/\">UEPG inicia aulas pr\u00e1ticas presenciais em 7 de fevereiro<\/a>\r\n\t\t<\/h2>\r\n\t\t\t\t\t<div class=\"wppsac-post-date\">\r\n\t\t\t\t25 de janeiro de 2022\t\t\t<\/div>\r\n\t\t\t\t\t<\/div>\r\n<\/div>\r\n<div class=\"wppsac-carousel-slides\">\r\n\t\t\t<div class=\"wppsac-post-image-bg\">\r\n\t\t\t<a href=\"https:\/\/www.uepg.br\/vacina-covid-22jan2022\/\">\r\n\t\t\t\t<img class=\"wppsac-post-image-bg\"  src=\"https:\/\/www2.uepg.br\/retornopresencial\/wp-content\/uploads\/sites\/55\/2022\/02\/terceira-dose-vacina-covid-retrat_4-300x200.jpg\" alt=\"Centro de Conviv\u00eancia da UEPG \u00e9 ponto de vacina\u00e7\u00e3o contra a Covid-19\" \/>\r\n\t\t\t<\/a>\r\n\t\t<\/div>\r\n\t\t<div class=\"wppsac-post-content-position\">\r\n\t\t\t  \t<h2 class=\"wppsac-post-title\">\r\n\t\t\t<a href=\"https:\/\/www.uepg.br\/vacina-covid-22jan2022\/\">Centro de Conviv\u00eancia da UEPG \u00e9 ponto de vacina\u00e7\u00e3o contra a Covid-19<\/a>\r\n\t\t<\/h2>\r\n\t\t\t\t\t<div class=\"wppsac-post-date\">\r\n\t\t\t\t25 de janeiro de 2022\t\t\t<\/div>\r\n\t\t\t\t\t<\/div>\r\n<\/div>\r\n<div class=\"wppsac-carousel-slides\">\r\n\t\t<div class=\"wppsac-post-content-position\">\r\n\t\t\t  \t<h2 class=\"wppsac-post-title\">\r\n\t\t\t<a href=\"https:\/\/www.uepg.br\/suspensao-temporaria-de-atividades-presenciais-no-museu-campos-gerais\/\">Suspens\u00e3o tempor\u00e1ria de atividades presenciais no Museu Campos Gerais<\/a>\r\n\t\t<\/h2>\r\n\t\t\t\t\t<div class=\"wppsac-post-date\">\r\n\t\t\t\t19 de janeiro de 2022\t\t\t<\/div>\r\n\t\t\t\t\t<\/div>\r\n<\/div>\r\n<div class=\"wppsac-carousel-slides\">\r\n\t\t<div class=\"wppsac-post-content-position\">\r\n\t\t\t  \t<h2 class=\"wppsac-post-title\">\r\n\t\t\t<a href=\"https:\/\/www.uepg.br\/luac-omicron\/\">Laborat\u00f3rio da UEPG identifica presen\u00e7a da variante \u00d4micron desde dezembro em Ponta Grossa<\/a>\r\n\t\t<\/h2>\r\n\t\t\t\t\t<div class=\"wppsac-post-date\">\r\n\t\t\t\t19 de janeiro de 2022\t\t\t<\/div>\r\n\t\t\t\t\t<\/div>\r\n<\/div>\r\n<div class=\"wppsac-carousel-slides\">\r\n\t\t<div class=\"wppsac-post-content-position\">\r\n\t\t\t  \t<h2 class=\"wppsac-post-title\">\r\n\t\t\t<a href=\"https:\/\/www.uepg.br\/chamada-09\/\">UEPG lan\u00e7a webdocument\u00e1rio sobre a\u00e7\u00f5es de combate \u00e0 pandemia no Paran\u00e1<\/a>\r\n\t\t<\/h2>\r\n\t\t\t\t\t<div class=\"wppsac-post-date\">\r\n\t\t\t\t23 de novembro de 2021\t\t\t<\/div>\r\n\t\t\t\t\t<\/div>\r\n<\/div>\t\t\t<\/div>\r\n\t\t\t<div class=\"wppsac-carousel-conf wppsac-hide\" data-conf=\"{&quot;slides_to_show&quot;:&quot;4&quot;,&quot;slides_to_scroll&quot;:1,&quot;dots&quot;:&quot;false&quot;,&quot;arrows&quot;:&quot;true&quot;,&quot;autoplay&quot;:&quot;true&quot;,&quot;autoplay_interval&quot;:&quot;19500&quot;,&quot;speed&quot;:500,&quot;rtl&quot;:&quot;false&quot;,&quot;lazyload&quot;:&quot;&quot;}\"><\/div>\r\n\t\t<\/div>\r\n\t<\/p>\n<\/div>\n<\/div><\/div><\/div><\/div><\/div><div id=\"pg-6-1\"  class=\"panel-grid panel-no-style\" ><div id=\"pgc-6-1-0\"  class=\"panel-grid-cell\" ><div id=\"panel-6-1-0-0\" class=\"so-panel widget widget_sow-button panel-first-child panel-last-child\" data-index=\"1\" ><div class=\"panel-widget-style panel-widget-style-for-6-1-0-0\" ><div\n\t\t\t\n\t\t\tclass=\"so-widget-sow-button so-widget-sow-button-atom-f28947f507e4-649\"\n\t\t\t\n\t\t><div class=\"ow-button-base ow-button-align-center\">\n\t<a href=\"https:\/\/www2.uepg.br\/covid19\/noticias\/\" class=\"ow-icon-placement-left ow-button-hover\" \t\t>\n\t\t<span>\n\t\t\t\n\t\t\tveja todas as not\u00edcias\t\t<\/span>\n\t<\/a>\n<\/div>\n<\/div><\/div><\/div><\/div><\/div><div id=\"pg-6-2\"  class=\"panel-grid panel-no-style\" ><div id=\"pgc-6-2-0\"  class=\"panel-grid-cell\" ><div id=\"panel-6-2-0-0\" class=\"so-panel widget widget_siteorigin-panels-builder panel-first-child panel-last-child\" data-index=\"2\" ><div id=\"pl-w622258577052e\"  class=\"panel-layout\" ><div id=\"pg-w622258577052e-0\"  class=\"panel-grid panel-no-style\" ><div id=\"pgc-w622258577052e-0-0\"  class=\"panel-grid-cell\" ><div id=\"panel-w622258577052e-0-0-0\" class=\"so-panel widget widget_sow-image panel-first-child panel-last-child\" data-index=\"0\" ><div\n\t\t\t\n\t\t\tclass=\"so-widget-sow-image so-widget-sow-image-default-bf951e405aa5\"\n\t\t\t\n\t\t>\n\n<div class=\"sow-image-container\">\n\t\t\t<a href=\"https:\/\/forms.gle\/J6NM4fEPpnMKZ14n9\"\n\t\t\ttarget=\"_blank\" rel=\"noopener noreferrer\" \t\t>\n\t\t\t<img src=\"https:\/\/www2.uepg.br\/retornopresencial\/wp-content\/uploads\/sites\/55\/2022\/02\/ficha-de-autonotificacao.png\" width=\"220\" height=\"77\" srcset=\"https:\/\/www2.uepg.br\/retornopresencial\/wp-content\/uploads\/sites\/55\/2022\/02\/ficha-de-autonotificacao.png 568w, https:\/\/www2.uepg.br\/retornopresencial\/wp-content\/uploads\/sites\/55\/2022\/02\/ficha-de-autonotificacao-300x105.png 300w\" sizes=\"(max-width: 220px) 100vw, 220px\" title=\"Ficha de Autonotifica\u00e7\u00e3o\" alt=\"\" loading=\"lazy\" \t\tclass=\"so-widget-image\"\/>\n\t<\/a><\/div>\n\n<\/div><\/div><\/div><div id=\"pgc-w622258577052e-0-1\"  class=\"panel-grid-cell\" ><div id=\"panel-w622258577052e-0-1-0\" class=\"so-panel widget widget_sow-image panel-first-child panel-last-child\" data-index=\"1\" ><div\n\t\t\t\n\t\t\tclass=\"so-widget-sow-image so-widget-sow-image-default-17bc2272b535\"\n\t\t\t\n\t\t>\n\n<div class=\"sow-image-container\">\n\t\t\t<a href=\"http:\/\/www2.uepg.br\/covid19\/wp-content\/uploads\/sites\/55\/2022\/02\/BANDEIRAS-SANITARIAS-UEPG-2022.pdf\"\n\t\t\ttarget=\"_blank\" rel=\"noopener noreferrer\" \t\t>\n\t\t\t<img src=\"https:\/\/www2.uepg.br\/retornopresencial\/wp-content\/uploads\/sites\/55\/2022\/02\/bandeiras.png\" width=\"200\" height=\"99\" srcset=\"https:\/\/www2.uepg.br\/retornopresencial\/wp-content\/uploads\/sites\/55\/2022\/02\/bandeiras.png 447w, https:\/\/www2.uepg.br\/retornopresencial\/wp-content\/uploads\/sites\/55\/2022\/02\/bandeiras-300x148.png 300w\" sizes=\"(max-width: 200px) 100vw, 200px\" title=\"Bandeiras Sanit\u00e1rias\" alt=\"\" loading=\"lazy\" \t\tclass=\"so-widget-image\"\/>\n\t<\/a><\/div>\n\n<\/div><\/div><\/div><div id=\"pgc-w622258577052e-0-2\"  class=\"panel-grid-cell\" ><div id=\"panel-w622258577052e-0-2-0\" class=\"so-panel widget widget_sow-image panel-first-child panel-last-child\" data-index=\"2\" ><div\n\t\t\t\n\t\t\tclass=\"so-widget-sow-image so-widget-sow-image-default-fb8141de146a\"\n\t\t\t\n\t\t>\n\n<div class=\"sow-image-container\">\n\t\t\t<a href=\"http:\/\/www2.uepg.br\/retornopresencial\/wp-content\/uploads\/sites\/55\/2022\/03\/20220303_Protocolo_V2_1_2022.pdf\"\n\t\t\ttarget=\"_blank\" rel=\"noopener noreferrer\" \t\t>\n\t\t\t<img src=\"https:\/\/www2.uepg.br\/retornopresencial\/wp-content\/uploads\/sites\/55\/2022\/02\/protocolo-de-biosseguranca.png\" width=\"200\" height=\"82\" srcset=\"https:\/\/www2.uepg.br\/retornopresencial\/wp-content\/uploads\/sites\/55\/2022\/02\/protocolo-de-biosseguranca.png 518w, https:\/\/www2.uepg.br\/retornopresencial\/wp-content\/uploads\/sites\/55\/2022\/02\/protocolo-de-biosseguranca-300x123.png 300w\" sizes=\"(max-width: 200px) 100vw, 200px\" title=\"Protocolo de Biosseguran\u00e7a\" alt=\"\" loading=\"lazy\" \t\tclass=\"so-widget-image\"\/>\n\t<\/a><\/div>\n\n<\/div><\/div><\/div><\/div><\/div><\/div><\/div><\/div><div id=\"pg-6-3\"  class=\"panel-grid panel-no-style\" ><div id=\"pgc-6-3-0\"  class=\"panel-grid-cell\" ><div id=\"panel-6-3-0-0\" class=\"so-panel widget widget_sow-image panel-first-child panel-last-child\" data-index=\"3\" ><div\n\t\t\t\n\t\t\tclass=\"so-widget-sow-image so-widget-sow-image-default-cac9d8e48d2b-649\"\n\t\t\t\n\t\t>\n\n<div class=\"sow-image-container\">\n\t\t<img src=\"https:\/\/www2.uepg.br\/retornopresencial\/wp-content\/uploads\/sites\/55\/2022\/02\/fluxograma-site-do-retorno.png\" width=\"1499\" height=\"721\" srcset=\"https:\/\/www2.uepg.br\/retornopresencial\/wp-content\/uploads\/sites\/55\/2022\/02\/fluxograma-site-do-retorno.png 1499w, https:\/\/www2.uepg.br\/retornopresencial\/wp-content\/uploads\/sites\/55\/2022\/02\/fluxograma-site-do-retorno-300x144.png 300w, https:\/\/www2.uepg.br\/retornopresencial\/wp-content\/uploads\/sites\/55\/2022\/02\/fluxograma-site-do-retorno-1024x493.png 1024w, https:\/\/www2.uepg.br\/retornopresencial\/wp-content\/uploads\/sites\/55\/2022\/02\/fluxograma-site-do-retorno-768x369.png 768w, https:\/\/www2.uepg.br\/retornopresencial\/wp-content\/uploads\/sites\/55\/2022\/02\/fluxograma-site-do-retorno-1232x593.png 1232w\" sizes=\"(max-width: 1499px) 100vw, 1499px\" title=\"fluxograma site do retorno\" alt=\"\" loading=\"lazy\" \t\tclass=\"so-widget-image\"\/>\n\t<\/div>\n\n<\/div><\/div><\/div><\/div><\/div>","protected":false},"excerpt":{"rendered":"<p>\u00daltimas Not\u00edcias<\/p>\n","protected":false},"author":24,"featured_media":0,"parent":0,"menu_order":0,"comment_status":"closed","ping_status":"closed","template":"","meta":[],"_links":{"self":[{"href":"https:\/\/www2.uepg.br\/retornopresencial\/wp-json\/wp\/v2\/pages\/6"}],"collection":[{"href":"https:\/\/www2.uepg.br\/retornopresencial\/wp-json\/wp\/v2\/pages"}],"about":[{"href":"https:\/\/www2.uepg.br\/retornopresencial\/wp-json\/wp\/v2\/types\/page"}],"author":[{"embeddable":true,"href":"https:\/\/www2.uepg.br\/retornopresencial\/wp-json\/wp\/v2\/users\/24"}],"replies":[{"embeddable":true,"href":"https:\/\/www2.uepg.br\/retornopresencial\/wp-json\/wp\/v2\/comments?post=6"}],"version-history":[{"count":110,"href":"https:\/\/www2.uepg.br\/retornopresencial\/wp-json\/wp\/v2\/pages\/6\/revisions"}],"predecessor-version":[{"id":803,"href":"https:\/\/www2.uepg.br\/retornopresencial\/wp-json\/wp\/v2\/pages\/6\/revisions\/803"}],"wp:attachment":[{"href":"https:\/\/www2.uepg.br\/retornopresencial\/wp-json\/wp\/v2\/media?parent=6"}],"curies":[{"name":"wp","href":"https:\/\/api.w.org\/{rel}","templated":true}]}}