{"id":112,"date":"2019-02-27T12:15:19","date_gmt":"2019-02-27T15:15:19","guid":{"rendered":"http:\/\/www2.uepg.br\/rondon\/?page_id=112"},"modified":"2024-07-31T14:59:17","modified_gmt":"2024-07-31T17:59:17","slug":"operacao-rondon-2","status":"publish","type":"page","link":"https:\/\/www2.uepg.br\/rondon\/operacao-rondon-2\/","title":{"rendered":"OPERA\u00c7\u00c3O RONDON PARAN\u00c1"},"content":{"rendered":"<p><img loading=\"lazy\" class=\" wp-image-531 aligncenter\" src=\"http:\/\/www2.uepg.br\/rondon\/wp-content\/uploads\/sites\/10\/2024\/07\/logoProjetoRondonPR.png\" alt=\"\" width=\"349\" height=\"94\" \/><\/p>\n<p>&nbsp;<\/p>\n<p><span class=\"color_12\">A<\/span><span class=\"color_42\"> miss\u00e3o do projeto \u00e9 promover a integra\u00e7\u00e3o de acad\u00eamicos com as demandas de comunidades paranaenses contribuindo positivamente para a interven\u00e7\u00e3o no contexto social atrav\u00e9s das muitas \u00e1reas de conhecimento presentes nos cursos de gradua\u00e7\u00e3o e p\u00f3s-gradua\u00e7\u00e3o da institui\u00e7\u00e3o. <span class=\"color_12\">Com o apoio da Superintend\u00eancia de Ci\u00eancia, Tecnologia e Ensino Superior SETI\/PR,<\/span> o objetivo \u00e9 integrar a universidade com a sociedade de forma geral, buscando uma maior intera\u00e7\u00e3o entre acad\u00eamicos, docentes e comunidade, gerando assim a troca de saberes sistematizados que produzem o conhecimento.<\/span><\/p>\n<p>&nbsp;<\/p>\n\n\t\t<style type=\"text\/css\">\n\t\t\t#gallery-1 {\n\t\t\t\tmargin: auto;\n\t\t\t}\n\t\t\t#gallery-1 .gallery-item {\n\t\t\t\tfloat: left;\n\t\t\t\tmargin-top: 10px;\n\t\t\t\ttext-align: center;\n\t\t\t\twidth: 33%;\n\t\t\t}\n\t\t\t#gallery-1 img {\n\t\t\t\tborder: 2px solid #cfcfcf;\n\t\t\t}\n\t\t\t#gallery-1 .gallery-caption {\n\t\t\t\tmargin-left: 0;\n\t\t\t}\n\t\t\t\/* see gallery_shortcode() in wp-includes\/media.php *\/\n\t\t<\/style>\n\t\t<div id='gallery-1' class='gallery galleryid-112 gallery-columns-3 gallery-size-medium'><dl class='gallery-item'>\n\t\t\t<dt class='gallery-icon landscape'>\n\t\t\t\t<a href='https:\/\/www2.uepg.br\/rondon\/operacao-rondon-2\/gabrielbrigola_santamariadooeste_2024-10\/'><img width=\"300\" height=\"225\" src=\"https:\/\/www2.uepg.br\/rondon\/wp-content\/uploads\/sites\/10\/2024\/07\/GabrielBrigola_Santamariadooeste_2024-10.jpg\" class=\"attachment-medium size-medium\" alt=\"\" loading=\"lazy\" \/><\/a>\n\t\t\t<\/dt><\/dl><dl class='gallery-item'>\n\t\t\t<dt class='gallery-icon landscape'>\n\t\t\t\t<a href='https:\/\/www2.uepg.br\/rondon\/operacao-rondon-2\/goioxim_2024-17\/'><img width=\"300\" height=\"200\" src=\"https:\/\/www2.uepg.br\/rondon\/wp-content\/uploads\/sites\/10\/2024\/07\/Goioxim_2024-17.jpg\" class=\"attachment-medium size-medium\" alt=\"\" loading=\"lazy\" \/><\/a>\n\t\t\t<\/dt><\/dl><dl class='gallery-item'>\n\t\t\t<dt class='gallery-icon landscape'>\n\t\t\t\t<a href='https:\/\/www2.uepg.br\/rondon\/operacao-rondon-2\/goioxim_2024-9\/'><img width=\"300\" height=\"200\" src=\"https:\/\/www2.uepg.br\/rondon\/wp-content\/uploads\/sites\/10\/2024\/07\/Goioxim_2024-9.jpg\" class=\"attachment-medium size-medium\" alt=\"\" loading=\"lazy\" \/><\/a>\n\t\t\t<\/dt><\/dl><br style=\"clear: both\" \/><dl class='gallery-item'>\n\t\t\t<dt class='gallery-icon landscape'>\n\t\t\t\t<a href='https:\/\/www2.uepg.br\/rondon\/operacao-rondon-2\/gabrielbrigola_santamariadooeste_2024-6\/'><img width=\"300\" height=\"225\" src=\"https:\/\/www2.uepg.br\/rondon\/wp-content\/uploads\/sites\/10\/2024\/07\/GabrielBrigola_Santamariadooeste_2024-6.jpg\" class=\"attachment-medium size-medium\" alt=\"\" loading=\"lazy\" \/><\/a>\n\t\t\t<\/dt><\/dl><dl class='gallery-item'>\n\t\t\t<dt class='gallery-icon landscape'>\n\t\t\t\t<a href='https:\/\/www2.uepg.br\/rondon\/operacao-rondon-2\/gabrielbrigola_santamariadooeste_2024-7\/'><img width=\"300\" height=\"225\" src=\"https:\/\/www2.uepg.br\/rondon\/wp-content\/uploads\/sites\/10\/2024\/07\/GabrielBrigola_Santamariadooeste_2024-7.jpg\" class=\"attachment-medium size-medium\" alt=\"\" loading=\"lazy\" \/><\/a>\n\t\t\t<\/dt><\/dl><dl class='gallery-item'>\n\t\t\t<dt class='gallery-icon landscape'>\n\t\t\t\t<a href='https:\/\/www2.uepg.br\/rondon\/operacao-rondon-2\/gabrielbrigola_santamariadooeste_2024-15\/'><img width=\"300\" height=\"225\" src=\"https:\/\/www2.uepg.br\/rondon\/wp-content\/uploads\/sites\/10\/2024\/07\/GabrielBrigola_Santamariadooeste_2024-15.jpg\" class=\"attachment-medium size-medium\" alt=\"\" loading=\"lazy\" \/><\/a>\n\t\t\t<\/dt><\/dl><br style=\"clear: both\" \/><dl class='gallery-item'>\n\t\t\t<dt class='gallery-icon landscape'>\n\t\t\t\t<a href='https:\/\/www2.uepg.br\/rondon\/operacao-rondon-2\/goioxim_2024-2\/'><img width=\"300\" height=\"200\" src=\"https:\/\/www2.uepg.br\/rondon\/wp-content\/uploads\/sites\/10\/2024\/07\/Goioxim_2024-2.jpg\" class=\"attachment-medium size-medium\" alt=\"\" loading=\"lazy\" \/><\/a>\n\t\t\t<\/dt><\/dl><dl class='gallery-item'>\n\t\t\t<dt class='gallery-icon landscape'>\n\t\t\t\t<a href='https:\/\/www2.uepg.br\/rondon\/operacao-rondon-2\/johnsanchez_reservadoiguacu_2024-4\/'><img width=\"300\" height=\"200\" src=\"https:\/\/www2.uepg.br\/rondon\/wp-content\/uploads\/sites\/10\/2024\/07\/JohnSanchez_Reservadoiguacu_2024-4.jpg\" class=\"attachment-medium size-medium\" alt=\"\" loading=\"lazy\" \/><\/a>\n\t\t\t<\/dt><\/dl><dl class='gallery-item'>\n\t\t\t<dt class='gallery-icon landscape'>\n\t\t\t\t<a href='https:\/\/www2.uepg.br\/rondon\/operacao-rondon-2\/johnsanchez_goioxim_2024-5\/'><img width=\"300\" height=\"200\" src=\"https:\/\/www2.uepg.br\/rondon\/wp-content\/uploads\/sites\/10\/2024\/07\/JohnSanchez_Goioxim_2024-5.jpg\" class=\"attachment-medium size-medium\" alt=\"\" loading=\"lazy\" \/><\/a>\n\t\t\t<\/dt><\/dl><br style=\"clear: both\" \/><dl class='gallery-item'>\n\t\t\t<dt class='gallery-icon landscape'>\n\t\t\t\t<a href='https:\/\/www2.uepg.br\/rondon\/operacao-rondon-2\/mariatramontim_reservadoiguacu_2024-1\/'><img width=\"300\" height=\"200\" src=\"https:\/\/www2.uepg.br\/rondon\/wp-content\/uploads\/sites\/10\/2024\/07\/MariaTramontim_Reservadoiguacu_2024-1.jpg\" class=\"attachment-medium size-medium\" alt=\"\" loading=\"lazy\" \/><\/a>\n\t\t\t<\/dt><\/dl><dl class='gallery-item'>\n\t\t\t<dt class='gallery-icon landscape'>\n\t\t\t\t<a href='https:\/\/www2.uepg.br\/rondon\/operacao-rondon-2\/gabrielbrigola_santamariadooeste_2024-2\/'><img width=\"300\" height=\"225\" src=\"https:\/\/www2.uepg.br\/rondon\/wp-content\/uploads\/sites\/10\/2024\/07\/GabrielBrigola_Santamariadooeste_2024-2.jpg\" class=\"attachment-medium size-medium\" alt=\"\" loading=\"lazy\" \/><\/a>\n\t\t\t<\/dt><\/dl><dl class='gallery-item'>\n\t\t\t<dt class='gallery-icon landscape'>\n\t\t\t\t<a href='https:\/\/www2.uepg.br\/rondon\/operacao-rondon-2\/veridianeparize_santamariadooeste_2024-2\/'><img width=\"300\" height=\"200\" src=\"https:\/\/www2.uepg.br\/rondon\/wp-content\/uploads\/sites\/10\/2024\/07\/VeridianeParize_Santamariadooeste_2024-2.jpg\" class=\"attachment-medium size-medium\" alt=\"\" loading=\"lazy\" \/><\/a>\n\t\t\t<\/dt><\/dl><br style=\"clear: both\" \/>\n\t\t<\/div>\n\n<p>&nbsp;<\/p>\n<p style=\"text-align: center\"><strong>OPERA\u00c7\u00c3O RONDON UEPG<\/strong><\/p>\n<p>&nbsp;<\/p>\n<p class=\"font_8\">De 2015 at\u00e9 2019 a Opera\u00e7\u00e3o Rondon era promovida pela UEPG, durante as cinco edi\u00e7\u00f5es, realizadas em 34 munic\u00edpios, participaram 832 rondonistas, entre alunos de gradua\u00e7\u00e3o, p\u00f3s-gradua\u00e7\u00e3o, professores e agentes administrativos. Foram desenvolvidas 4.129 oficinas totalizando 116.875 atendimentos. A partir de 2023 a SETI\/PR assumiu a organiza\u00e7\u00e3o do projeto.<\/p>\n<p>&nbsp;<\/p>\n<ul>\n<li><strong>Opera\u00e7\u00e3o Rondon UEPG 2015<\/strong><\/li>\n<\/ul>\n<p>A OR-UEPG 2015 foi desenvolvida nos seguintes munic\u00edpios do Estado do Paran\u00e1: Arapoti, Ibaiti, Pira\u00ed do Sul, S\u00e3o Jos\u00e9 da Boa Vista, Tibagi e Ventania. Al\u00e9m da UEPG participaram as seguintes IES: Universidade Tecnol\u00f3gica Federal do Paran\u00e1 \u2013 Campus Ponta Grossa (UTFPR-PG), Universidade Estadual do Oeste do Paran\u00e1 (UNIOESTE), Universidade do Estado de Santa Catarina (UDESC), Centro Universit\u00e1rio dos Campos Gerais (CESCAGE), Faculdade Sagrada Fam\u00edlia (FSASF) e Faculdade Santa Am\u00e9lia (SECAL). Foram desenvolvidas 599 (quinhentas e noventa e nove) oficinas com um total de 16.987 (dezesseis mil, novecentos e oitenta e sete) atendimentos.<\/p>\n<p>&nbsp;<\/p>\n<ul>\n<li><strong>Opera\u00e7\u00e3o Rondon UEPG 2016<\/strong><\/li>\n<\/ul>\n<p>A OR-UEPG 2016 as a\u00e7\u00f5es foram desenvolvidas nos seguintes munic\u00edpios: Ipiranga, Palmeira, Reserva e Teixeira Soares, das quais participaram as seguintes IES: Universidade Tecnol\u00f3gica Federal do Paran\u00e1 \u2013 Campus Ponta Grossa (UTFPR-PG), Universidade Estadual do Oeste do Paran\u00e1 (UNIOESTE), Centro Universit\u00e1rio dos Campos Gerais (CESCAGE), Faculdade Sagrada Fam\u00edlia (FSASF) e Faculdades Paranaense (FAPAR), Universidade Positivo e Uni\u00e3o dos Escoteiros do Brasil \u2013 Se\u00e7\u00e3o Paran\u00e1 (UEB-PR). Durante a Opera\u00e7\u00e3o Rondon UEPG 2016 o p\u00fablico total atingido foi de 16.563 (dezesseis mil quinhentas e sessenta e tr\u00eas) pessoas.<\/p>\n<p><a href=\"#_ftnref1\" name=\"_ftn1\">[1]<\/a> <a href=\"https:\/\/youtu.be\/RS8DctsFq0c\">https:\/\/youtu.be\/RS8DctsFq0c<\/a><\/p>\n<p>&nbsp;<\/p>\n<ul>\n<li><strong>Opera\u00e7\u00e3o Rondon UEPG 2017<\/strong><\/li>\n<\/ul>\n<p>A OR-UEPG 2017 foi desenvolvida nos seguintes munic\u00edpios do Estado do Paran\u00e1: Barra do Jacar\u00e9, Cambar\u00e1, Carl\u00f3polis, Conselheiro Mairinck, Jacarezinho, Joaquim T\u00e1vora, Ribeir\u00e3o Claro, Santo Ant\u00f4nio da Platina, Siqueira Campos, e Wenceslau Braz, com a participa\u00e7\u00e3o das seguintes IES: Universidade Estadual do Norte Pioneiro (UENP), Universidade Estadual do Oeste do Paran\u00e1 (UNIOESTE), Universidade Estadual de Maring\u00e1 (UEM), Universidade Estadual do Paran\u00e1 (UNESPAR), Universidade Tecnol\u00f3gica Federal do Paran\u00e1 \u2013 Campus Ponta Grossa (UTFPR-PG), Campus Corn\u00e9lio Proc\u00f3pio (UTFPR-CP), Campus Londrina (UTFPR-LD) e Campus Campo Mour\u00e3o (UTFPR-CM), Centro Universit\u00e1rio dos Campos Gerais (CESCAGE), Faculdades Paranaense (FAPAR), Universidade Positivo e Uni\u00e3o dos Escoteiros do Brasil \u2013 Se\u00e7\u00e3o Paran\u00e1 (UEB-PR). O n\u00famero de oficinas desenvolvidas foi de 1.217 (um mil duzentos e dezessete) com 36.810 (trinta e seis mil oitocentos e dez) atendimentos.<\/p>\n<p><a href=\"#_ftnref1\" name=\"_ftn1\">[1]<\/a> <a href=\"https:\/\/youtu.be\/hx5IrX9TvTM\">https:\/\/youtu.be\/hx5IrX9TvTM<\/a><\/p>\n<p>&nbsp;<\/p>\n<ul>\n<li><strong>Opera\u00e7\u00e3o Rondon UEPG 2018<\/strong><\/li>\n<\/ul>\n<p>A OR-UEPG 2018 ocorreu no per\u00edodo de 22 de julho 04 de agosto de 2018 nos munic\u00edpios de Bituruna, Cruz Machado, General Carneiro, Paulo Frontin, Porto Amazonas, Porto Vit\u00f3ria, Rio Azul, S\u00e3o Jo\u00e3o do Triunfo, Uni\u00e3o da Vit\u00f3ria e Porto Uni\u00e3o (SC). Participaram a Universidade Tecnol\u00f3gica Federal do Paran\u00e1 (UTFPR, campus Curitiba e Ponta Grossa); Centro de Ensino Superior dos Campos Gerais (CESCAGE); Centro Universit\u00e1rio de Maring\u00e1 (UNICESUMAR); Universidade Federal do Paran\u00e1 (UFPR), Universidade Positivo (UP), Universidade de S\u00e3o Paulo (USP), Centro Universit\u00e1rio Santa Cruz (UNESC-ES), Faculdade de Ensino Superior do Paran\u00e1 (FESP), Instituto Federal do Paran\u00e1 (IFPR Palmas) Faculdade Fid\u00e9lis, al\u00e9m da Uni\u00e3o dos Escoteiros do Brasil (UEB). Na Opera\u00e7\u00e3o Rondon UEPG 2018 foram desenvolvidas 1.368 (um mil trezentos e sessenta e oito) oficinas totalizando 35.716 (trinta e cinco mil, setecentos e dezesseis) atendimentos.<\/p>\n<p><a href=\"#_ftnref1\" name=\"_ftn1\">[1]<\/a> <a href=\"https:\/\/youtu.be\/P7huNFZa2bA\">https:\/\/youtu.be\/P7huNFZa2bA<\/a><\/p>\n<p>&nbsp;<\/p>\n<ul>\n<li><strong>Opera\u00e7\u00e3o Rondon UEPG 2019<\/strong><\/li>\n<\/ul>\n<p>A OR-UEPG 2019 ocorreu no per\u00edodo de 21 de julho e 3 de agosto de 2019 nos munic\u00edpios de Irati, Prudent\u00f3polis, Fernandes Pinheiro e Imba\u00fa, com a participa\u00e7\u00e3o das seguintes IES: Pontif\u00edcia Universidade Cat\u00f3lica do Paran\u00e1 (PUC-PR), Universidade Estadual do Centro-Oeste (UNICENTRO), Universidade Federal do Paran\u00e1 (UFPR), Universidade Tecnol\u00f3gica Federal do Paran\u00e1 (UTFPR Campus Ponta Grossa) e Uni\u00e3o dos Escoteiros do Brasil \u2013 Se\u00e7\u00e3o Paran\u00e1 (UEB-PR). Na Opera\u00e7\u00e3o Rondon UEPG 2019 foram desenvolvidas 419 (quatrocentos e dezenove) oficinas totalizando 10.799 (dez mil setecentos e noventa e nove) atendimentos.<\/p>\n<p><a href=\"#_ftnref1\" name=\"_ftn1\">[1]<\/a> <a href=\"https:\/\/youtu.be\/eE3XIqSKfRY\">https:\/\/youtu.be\/eE3XIqSKfRY<\/a><\/p>\n<p>&nbsp;<\/p>\n<p>&nbsp;<\/p>\n<p><strong>AGRADECIMENTOS<\/strong><\/p>\n<p>Agradecemos a Reitoria da UEPG, a PROEX\u2013UEPG, as Prefeituras Municipais, as IES e Institui\u00e7\u00f5es parceiras.<\/p>\n<p>O N\u00facleo Extensionista Rondon UEPG e a Opera\u00e7\u00e3o Rondon UEPG s\u00e3o apoiados com recursos financeiros da Superintend\u00eancia de Ci\u00eancia, Tecnologia e Ensino Superior (SETI-PR e Fundo Paran\u00e1).<\/p>\n<p>&nbsp;<\/p>\n","protected":false},"excerpt":{"rendered":"<p>&nbsp; A miss\u00e3o do projeto \u00e9 promover a integra\u00e7\u00e3o de acad\u00eamicos com as demandas de comunidades paranaenses contribuindo positivamente para a interven\u00e7\u00e3o no contexto social atrav\u00e9s das muitas \u00e1reas de conhecimento presentes nos cursos de gradua\u00e7\u00e3o e p\u00f3s-gradua\u00e7\u00e3o da institui\u00e7\u00e3o. Com o apoio da Superintend\u00eancia de Ci\u00eancia, Tecnologia e Ensino Superior SETI\/PR, o objetivo \u00e9&nbsp;&hellip;<\/p>\n","protected":false},"author":22,"featured_media":624,"parent":0,"menu_order":0,"comment_status":"closed","ping_status":"closed","template":"","meta":[],"_links":{"self":[{"href":"https:\/\/www2.uepg.br\/rondon\/wp-json\/wp\/v2\/pages\/112"}],"collection":[{"href":"https:\/\/www2.uepg.br\/rondon\/wp-json\/wp\/v2\/pages"}],"about":[{"href":"https:\/\/www2.uepg.br\/rondon\/wp-json\/wp\/v2\/types\/page"}],"author":[{"embeddable":true,"href":"https:\/\/www2.uepg.br\/rondon\/wp-json\/wp\/v2\/users\/22"}],"replies":[{"embeddable":true,"href":"https:\/\/www2.uepg.br\/rondon\/wp-json\/wp\/v2\/comments?post=112"}],"version-history":[{"count":11,"href":"https:\/\/www2.uepg.br\/rondon\/wp-json\/wp\/v2\/pages\/112\/revisions"}],"predecessor-version":[{"id":638,"href":"https:\/\/www2.uepg.br\/rondon\/wp-json\/wp\/v2\/pages\/112\/revisions\/638"}],"wp:featuredmedia":[{"embeddable":true,"href":"https:\/\/www2.uepg.br\/rondon\/wp-json\/wp\/v2\/media\/624"}],"wp:attachment":[{"href":"https:\/\/www2.uepg.br\/rondon\/wp-json\/wp\/v2\/media?parent=112"}],"curies":[{"name":"wp","href":"https:\/\/api.w.org\/{rel}","templated":true}]}}