{"id":118,"date":"2019-03-01T12:15:40","date_gmt":"2019-03-01T15:15:40","guid":{"rendered":"http:\/\/www2.uepg.br\/rondon\/?page_id=118"},"modified":"2024-09-23T10:29:51","modified_gmt":"2024-09-23T13:29:51","slug":"editais","status":"publish","type":"page","link":"https:\/\/www2.uepg.br\/rondon\/editais\/","title":{"rendered":"EDITAIS"},"content":{"rendered":"<h3><strong>EDITAL N\u00b0 03\/2024 &#8211; Minist\u00e9rio da Defesa &#8211; &#8220;Opera\u00e7\u00f5es Sul de Minas I e Sul de Minas II&#8221;<\/strong><\/h3>\n<p><strong>EDITAL DE CONVOCA\u00c7\u00c3O DAS INSTITUI\u00c7\u00d5ES DE ENSINO SUPERIOR PARA PARTICIPAR DO PROJETO RONDON NACIONAL<\/strong><\/p>\n<p>&nbsp;<\/p>\n<p>O Minist\u00e9rio da Defesa, por meio do Departamento de Projetos Sociais, est\u00e1 recebendo inscri\u00e7\u00f5es at\u00e9<strong> 25 de outubro de 2024<\/strong> para o processo seletivo das Opera\u00e7\u00f5es <strong>&#8220;SUL DE MINAS I&#8221; e &#8220;SUL DE MINAS II&#8221;<\/strong>\u00a0que ser\u00e3o realizadas em munic\u00edpios do Estado de Minas Gerais,\u00a0programadas para janeiro\/fevereiro de 2025.<\/p>\n<p><span class=\"fontstyle0\">As Opera\u00e7\u00f5es<\/span>\u00a0&#8220;SUL DE MINAS I&#8221; e &#8220;SUL DE MINAS II&#8221;<span class=\"fontstyle0\">\u00a0ser\u00e3o do tipo <strong>extraordin\u00e1ria<\/strong>, sendo para as\u00a0Institui\u00e7\u00f5es de Ensino Superior (IES)\u00a0com sede no Estado de Minas Gerais e para as IES de\u00a0<\/span><strong>fora\u00a0do Estado de Minas Gerais<\/strong><span class=\"fontstyle0\">,\u00a0<\/span>cujas despesas dever\u00e3o ser custeadas por meio de recursos pr\u00f3prios at\u00e9 o Centro Regional.<\/p>\n<p>Podem participar do processo seletivo IES p\u00fablicas e privadas de todo o pa\u00eds, sendo orientadas pelo edital a elaborar propostas de a\u00e7\u00e3o com car\u00e1ter de extens\u00e3o, visando contribuir para o desenvolvimento sustent\u00e1vel das comunidades.<\/p>\n<p>As a\u00e7\u00f5es sugeridas nas propostas devem ser direcionadas, prioritariamente, a um p\u00fablico capaz de reproduzi-las e multiplic\u00e1-las, tornando-as permanentes.<\/p>\n<p><a class=\"external-link\" title=\"\" href=\"https:\/\/www.gov.br\/defesa\/pt-br\/assuntos\/projeto-rondon\/downloads\/operacoes-sul-de-minas-i-e-sul-de-minas-ii\" target=\"_blank\" rel=\"noopener\" data-tippreview-enabled=\"false\" data-tippreview-image=\"\" data-tippreview-title=\"\">Para mais detalhes, confira\u00a0 aqui o edital\u00a0e anexos\u00a0das Opera\u00e7\u00f5es\u00a0<strong>&#8220;SUL DE MINAS I&#8221; e &#8220;SUL DE MINAS II&#8221;<\/strong><\/a><\/p>\n<p>&nbsp;<\/p>\n<h3><\/h3>\n<h3><strong>EDITAL N\u00b0 07\/2024 \u2013 PROEX-DEU<\/strong><\/h3>\n<p><strong>CONVOCA\u00c7\u00c3O DOS CANDIDATOS DO PROCESSO DE SELE\u00c7\u00c3O DE DISCENTES PARA PARTICIPA\u00c7\u00c3O NA OPERA\u00c7\u00c3O RONDON PARAN\u00c1 2024<\/strong><\/p>\n<p>A Pr\u00f3-Reitoria de Extens\u00e3o e Assuntos Culturais da Universidade Estadual de Ponta Grossa \u2013 UEPG, no exerc\u00edcio de suas atribui\u00e7\u00f5es regimentais e estatut\u00e1rias, torna p\u00fablica a convoca\u00e7\u00e3o dos candidatos inscritos para a fase de Entrevistas.<\/p>\n<p><a href=\"http:\/\/www2.uepg.br\/rondon\/wp-content\/uploads\/sites\/10\/2024\/05\/Edital-de-Convocac\u0327a\u0303o-de-discentes-para-entrevista-Operac\u0327a\u0303o-Rondon-Parana\u0301-2024.pdf\">Edital de Convocac\u0327a\u0303o de discentes para entrevista Operac\u0327a\u0303o Rondon Parana\u0301 2024<\/a><\/p>\n<p>&nbsp;<\/p>\n<h3><strong>EDITAL N\u00b0 06\/2024 \u2013 PROEX-DEU<\/strong><\/h3>\n<p><strong>EDITAL DE CONVOCA\u00c7\u00c3O DOS CANDIDATOS PARA A 2\u00aa ETAPA DA SELE\u00c7\u00c3O DE BOLSISTAS PARA A OPERA\u00c7\u00c3O RONDON PARAN\u00c1 2024<\/strong><br \/>\nA Pr\u00f3-Reitoria de Extens\u00e3o e Assuntos Culturais da Universidade Estadual de Ponta Grossa \u2013 UEPG, no exerc\u00edcio de suas atribui\u00e7\u00f5es regimentais e estatut\u00e1rias, torna p\u00fablico o edital de convoca\u00e7\u00e3o para a 2\u00aa etapa do processo de sele\u00e7\u00e3o de Bolsistas Profissionais Graduados, para participarem da Equipe de Organiza\u00e7\u00e3o da Opera\u00e7\u00e3o Rondon Paran\u00e1 2024.<\/p>\n<p><a href=\"http:\/\/www2.uepg.br\/rondon\/wp-content\/uploads\/sites\/10\/2024\/05\/Edital_Convocacao-entrevista_Rondon-2024.pdf\">Edital_Convocacao entrevista_Rondon 2024<\/a><\/p>\n<p>&nbsp;<\/p>\n<h3><strong>EDITAL PROEX-DEU n.\u00ba 02\/2024<\/strong><\/h3>\n<p>Tendo em vista a participa\u00e7\u00e3o da UEPG na <strong>OPERA\u00c7\u00c3O RONDON PARAN\u00c1<\/strong> a Pr\u00f3-Reitoria de Extens\u00e3o e Assuntos Culturais da\u00a0 UEPG comunica aos acad\u00eamicos interessados que se encontram abertas as inscri\u00e7\u00f5es para sele\u00e7\u00e3o discente para alunos de Gradua\u00e7\u00e3o e P\u00f3s-Gradua\u00e7\u00e3o regularmente matriculados no corrente ano letivo de 2024 para atuar de <strong>04 a 19 de julho de 2024, <\/strong>nas equipes da UEPG<strong> (Conjunto A e Conjunto B)<\/strong><\/p>\n<h4><a href=\"http:\/\/www2.uepg.br\/rondon\/wp-content\/uploads\/sites\/10\/2024\/04\/Edital-Discentes-Rondon-2024.pdf\">Edital Discentes Rondon 2024<\/a><\/h4>\n<p>&nbsp;<\/p>\n<h3><strong>EDITAL NER-UEPG n.\u00ba 06\/2023<\/strong><\/h3>\n<p>Tendo em vista a participa\u00e7\u00e3o da UEPG na OPERA\u00c7\u00c3O RONDON PARAN\u00c1 o N\u00facleo Extensionista Rondon \u2013 NER-UEPG comunica aos acad\u00eamicos inscritos para sele\u00e7\u00e3o discente para alunos de Gradua\u00e7\u00e3o e P\u00f3s-Gradua\u00e7\u00e3o regularmente matriculados no corrente ano letivo de 2023 para atuar nos munic\u00edpios de Guaratuba &#8211; PR (Conjunto A) e de Rio Branco do Sul &#8211; PR (Conjunto B) de 10 a 22 de outubro de 2023, o resultado dos selecionados.<\/p>\n<p><a href=\"http:\/\/www2.uepg.br\/rondon\/wp-content\/uploads\/sites\/10\/2023\/07\/EDITAL_06-2023_ResultadoSelecionados_ORPr.pdf\">EDITAL_06-2023_ResultadoSelecionados_ORPr<\/a><\/p>\n<p>&nbsp;<\/p>\n<h3><strong>EDITAL NER-UEPG n.\u00ba 05\/2023 <\/strong><\/h3>\n<p><strong>OPERA\u00c7\u00c3O RONDON PARAN\u00c1<\/strong><\/p>\n<p>Tendo em vista a participa\u00e7\u00e3o da UEPG na OPERA\u00c7\u00c3O RONDON PARAN\u00c1 o N\u00facleo Extensionista Rondon \u2013 NER-UEPG comunica aos acad\u00eamicos inscritos para sele\u00e7\u00e3o discente para alunos de Gradua\u00e7\u00e3o e P\u00f3s-Gradua\u00e7\u00e3o regularmente matriculados no corrente ano letivo de 2023 para atuar nos munic\u00edpios de Guaratuba &#8211; PR (Conjunto A) e de Rio Banco do Sul &#8211; PR (Conjunto B) de 10 a 22 de outubro de 2023, o resultado dos classificados para a 2\u00aa Fase: Defesa de Justificativa.<\/p>\n<p><a href=\"http:\/\/www2.uepg.br\/rondon\/wp-content\/uploads\/sites\/10\/2023\/06\/EDITAL_05-2023_ResultadoPrimeiraEtapa.pdf\">EDITAL_05-2023_ResultadoPrimeiraEtapa<\/a><\/p>\n<p>&nbsp;<\/p>\n<h3><strong>EDITAL NER-UEPG n.\u00ba 04\/2023 <\/strong><\/h3>\n<p>Tendo em vista a participa\u00e7\u00e3o da UEPG na OPERA\u00c7\u00c3O RONDON PARAN\u00c1 o N\u00facleo Extensionista Rondon \u2013 NER-UEPG comunica aos acad\u00eamicos interessados que se encontram abertas as inscri\u00e7\u00f5es para sele\u00e7\u00e3o discente para alunos de Gradua\u00e7\u00e3o e P\u00f3s-Gradua\u00e7\u00e3o regularmente matriculados no corrente ano letivo de 2023 para atuar nos munic\u00edpios de <strong>Guaratuba &#8211; PR<\/strong> (Conjunto A) e de <strong>Rio Banco do Sul &#8211; PR<\/strong> (Conjunto B) de <strong>10 a 22 de outubro de 2023<\/strong>.<\/p>\n<p><a href=\"http:\/\/www2.uepg.br\/rondon\/wp-content\/uploads\/sites\/10\/2023\/05\/EDITAL_04-2023_-_Inscricao_Projeto_Rondon_Parana.pdf\">EDITAL_04-2023_-_Inscricao_Projeto_Rondon_Parana<\/a><\/p>\n<p>&nbsp;<\/p>\n<h3><strong>RETIFICA\u00c7\u00c3O EDITAL NER-UEPG n.\u00ba 04\/2023<\/strong><\/h3>\n<p><strong><a href=\"http:\/\/www2.uepg.br\/rondon\/wp-content\/uploads\/sites\/10\/2023\/06\/RETIFICACAO_EDITAL_NER_04-2023.pdf\">RETIFICACAO_EDITAL_NER_04-2023<\/a> &#8211; <\/strong><strong>RETIFICA\u00c7\u00c3O<\/strong>: Acr\u00e9scimo dos cursos de P\u00f3s-Gradua\u00e7\u00e3o Lato Sensu e <strong>RETIFICA\u00c7\u00c3O<\/strong>: Prorroga\u00e7\u00e3o data de inscri\u00e7\u00f5es<\/p>\n<p>&nbsp;<\/p>\n<h3><strong>EDITAL NER-UEPG n.\u00ba 03\/2023 <\/strong><\/h3>\n<p>O N\u00facleo Extensionista Rondon (NER-UEPG) torna p\u00fablico a lista de selecionado(a)s para integrar a equipe de Rondonistas da UEPG que ir\u00e1 participar da Opera\u00e7\u00e3o Sentinelas Avan\u00e7adas do Projeto Rondon, organizada pelo Minist\u00e9rio da Defesa, a acorrer no Munic\u00edpio de S\u00e3o Felipe d\u2019Oeste \u2013 RO, de 06 a 23 de julho de 2023.<\/p>\n<p><a href=\"http:\/\/www2.uepg.br\/rondon\/wp-content\/uploads\/sites\/10\/2023\/04\/EDITAL_NER-UEPG_N-03-2023-.pdf\">EDITAL_NER-UEPG_N-03-2023<\/a><\/p>\n<p>&nbsp;<\/p>\n<h3><strong>EDITAL NER-UEPG n.\u00ba 02\/2023 &#8211; Convocados para a 2\u00aa Fase &#8211; Defesa da Justificativa.<br \/>\n<\/strong><\/h3>\n<p>O N\u00facleo Extensionista Rondon \u2013 NER-UEPG convoca para a 2\u00aa Fase &#8211; Defesa da Justificativa o(a)s acad\u00eamico(a)s inscritos para a sele\u00e7\u00e3o discente ao Projeto Rondon \u2013 Opera\u00e7\u00e3o Sentinelas Avan\u00e7adas no Munic\u00edpio de S\u00e3o Felipe d\u2019Oeste \u2013 RO, de 06 a 23 de julho de 2023.<\/p>\n<p><a href=\"http:\/\/www2.uepg.br\/rondon\/wp-content\/uploads\/sites\/10\/2023\/04\/EDITAL_NER-UEPG_N-02-2023-.pdf\">EDITAL_NER-UEPG_N-02-2023<\/a><\/p>\n<p>&nbsp;<\/p>\n<h3><strong>EDITAL NER-UEPG n.\u00ba 01\/2023<\/strong><\/h3>\n<p>Tendo em vista a aprova\u00e7\u00e3o de proposta do Conjunto \u201cB\u201d\u00a0 na Opera\u00e7\u00e3o Sentinela Avan\u00e7adas, o N\u00daCLEO EXTENSIONISTA RONDON &#8211; UEPG comunica aos acad\u00eamicos dos cursos de gradua\u00e7\u00e3o:\u00a0<strong>Licenciatura em Geografia, Bacharelado em Geografia, Licenciatura em Ci\u00eancias Biol\u00f3gicas, Bacharelado em Ci\u00eancias Biol\u00f3gicas, Licenciatura em Qu\u00edmica, Bacharelado em Qu\u00edmica Tecnol\u00f3gica, Servi\u00e7o Social, Turismo, Jornalismo, Engenharia Civil, Engenharia da Computa\u00e7\u00e3o, Engenharia de Software, Engenharia de Alimentos, Agronomia, Zootecnia, Ci\u00eancias Econ\u00f4micas, Ci\u00eancias Cont\u00e1beis, Administra\u00e7\u00e3o, Administra\u00e7\u00e3o Com\u00e9rcio Exterior, Gest\u00e3o P\u00fablica, Licenciatura em Artes, Licenciatura em Letras e Direito<\/strong> da Universidade Estadual de Ponta Grossa que estejam regularmente matriculados e cursando a gradua\u00e7\u00e3o da metade para o final do curso, que se encontram abertas as inscri\u00e7\u00f5es para sele\u00e7\u00e3o discente ao <strong>Projeto Rondon \u2013 Opera\u00e7\u00e3o Sentinelas Avan\u00e7adas<\/strong> no <strong>Munic\u00edpio d<\/strong>e S\u00e3o Felipe d\u2019Oeste \u2013 RO, de <strong>06 a 23 de julho de 2023<\/strong>.<\/p>\n<p><a href=\"http:\/\/www2.uepg.br\/rondon\/wp-content\/uploads\/sites\/10\/2023\/03\/EDITAL_01-2023_-_Inscricao_Projeto_Rondon_Sentilenas_Avancadas.pdf\">EDITAL_01-2023_-_Inscri\u00e7\u00e3o_Projeto_Rondon_Sentilenas_Avan\u00e7adas<\/a><\/p>\n<p>&nbsp;<\/p>\n<h3><strong>RETIFICA\u00c7\u00c3O EDITAL NER-UEPG n.\u00ba 01\/2023<\/strong><\/h3>\n<p><strong>RETIFICA\u00c7\u00c3O<\/strong>: Inclus\u00e3o de Zootecnia na lista de cursos. <a href=\"http:\/\/www2.uepg.br\/rondon\/wp-content\/uploads\/sites\/10\/2023\/03\/RETIFICACAO_EDITAL_NER-UEPG_01_2023.pdf\">RETIFICACAO_EDITAL_NER-UEPG_01_2023<\/a><\/p>\n<p>&nbsp;<\/p>\n<h3><strong>RETIFICA\u00c7\u00c3O EDITAL NER-UEPG n.\u00ba 01\/2023<\/strong><\/h3>\n<p><strong>RETIFICA\u00c7\u00c3O<\/strong>: Prorroga\u00e7\u00e3o data de inscri\u00e7\u00f5es. <a href=\"http:\/\/www2.uepg.br\/rondon\/wp-content\/uploads\/sites\/10\/2023\/04\/RETIFICACAO_2_-EDITAL_NER-UEPG_N01-2023.pdf\">RETIFICACAO_2_ EDITAL_NER-UEPG_N01-2023<\/a><\/p>\n<p>&nbsp;<\/p>\n<h3 style=\"text-align: left\"><strong>EDITAL NER-UEPG n.\u00ba 01\/2021<\/strong><\/h3>\n<p style=\"text-align: left\">Tendo em vista a aprova\u00e7\u00e3o de proposta do Conjunto \u201cB\u201d\u00a0 na Opera\u00e7\u00e3o Amap\u00e1 Mais Forte, o N\u00daCLEO EXTENSIONISTA RONDON &#8211; UEPG comunica aos acad\u00eamicos dos cursos de gradua\u00e7\u00e3o: <strong>Licenciatura em Geografia, Bacharelado em Geografia, Licenciatura em Ci\u00eancias Biol\u00f3gicas, Bacharelado em Ci\u00eancias Biol\u00f3gicas, Servi\u00e7o Social, Turismo, Jornalismo, Engenharia Civil, Engenharia da Computa\u00e7\u00e3o, Engenharia de Software, Engenharia de Alimentos, Agronomia, Ci\u00eancias Econ\u00f4micas, Ci\u00eancias Cont\u00e1beis, Administra\u00e7\u00e3o, Administra\u00e7\u00e3o Com\u00e9rcio Exterior, Gest\u00e3o P\u00fablica, Licenciatura em Artes, Licenciatura em Letras e Direito<\/strong> da Universidade Estadual de Ponta Grossa que estejam regularmente matriculados e cursando a gradua\u00e7\u00e3o da metade para o final do curso, que se encontram abertas as inscri\u00e7\u00f5es para sele\u00e7\u00e3o discente ao <strong>Projeto Rondon \u2013 Opera\u00e7\u00e3o Amap\u00e1 Mais Forte<\/strong> no <strong>Munic\u00edpio de Cal\u00e7oene \u2013 AP<\/strong>, de <strong>03 a 20 de fevereiro de 2022<\/strong>.<\/p>\n<p><a href=\"http:\/\/www2.uepg.br\/rondon\/wp-content\/uploads\/sites\/10\/2021\/09\/EDITAL_01-2021_NER-UEPG_OperacaoAmapa_Final.pdf\">EDITAL_01-2021_NER-UEPG_OperacaoAmapa_Final<\/a><\/p>\n<p>&nbsp;<\/p>\n<h3 style=\"text-align: left\">INSCRI\u00c7\u00d5ES<\/h3>\n<p>A inscri\u00e7\u00f5es estar\u00e3o abertas de <strong>1 de outubro de 2021<\/strong> at\u00e9 <strong>20 de outubro de 2021<\/strong>.<br \/>\nOs documentos da inscri\u00e7\u00e3o devem ser encaminhados para o e-mail: <a href=\"mailto:rondonuepg@gmail.com\">rondonuepg@gmail.com<\/a><br \/>\nPoder\u00e3o participar apenas acad\u00eamicos regularmente matriculados em um dos cursos de gradua\u00e7\u00e3o da UEPG indicados neste edital<\/p>\n<p>EDITAL NER-UEPG N\u00ba 02\/2021<br \/>\n<strong>PROJETO RONDON \u2013 OPERA\u00c7\u00c3O AMAP\u00c1 MAIS FORTE<\/strong><br \/>\nO N\u00facleo Extensionista Rondon \u2013 NER-UEPG comunica aos acad\u00eamicos inscritos para a sele\u00e7\u00e3o discente ao Projeto Rondon \u2013 Opera\u00e7\u00e3o Amap\u00e1 Mais Forte no Munic\u00edpio de Cal\u00e7oene \u2013 AP, de 03 a 20 de fevereiro de 2022 o resultado da 1\u00aa Fase \u2013 An\u00e1lise Documental.<\/p>\n<p><a href=\"http:\/\/www2.uepg.br\/rondon\/wp-content\/uploads\/sites\/10\/2021\/10\/EDITAL_02-2021_NER-UEPG_OperacaoAmapa_Final.pdf\">EDITAL_02-2021_NER-UEPG_OperacaoAmapa_Final<\/a><\/p>\n<p><strong>EDITAL NER-UEPG N\u00ba 03\/2021<\/strong><br \/>\n<strong>PROJETO RONDON \u2013 OPERA\u00c7\u00c3O AMAP\u00c1 MAIS FORTE<\/strong><br \/>\nO N\u00facleo Extensionista Rondon \u2013 NER-UEPG comunica aos acad\u00eamicos inscritos para a sele\u00e7\u00e3o discente ao Projeto Rondon \u2013 Opera\u00e7\u00e3o Amap\u00e1 Mais Forte no Munic\u00edpio de Cal\u00e7oene \u2013 AP, de 03 a 20 de fevereiro de 2022 o resultado da 1\u00aa Fase \u2013 An\u00e1lise Documental, ap\u00f3s o per\u00edodo de an\u00e1lise de recurso .<br \/>\n<a href=\"http:\/\/www2.uepg.br\/rondon\/wp-content\/uploads\/sites\/10\/2021\/10\/EDITAL_03-2021_NER-UEPG_OperacaoAmapa_Final.pdf\">EDITAL_03-2021_NER-UEPG_OperacaoAmapa_Final<\/a><\/p>\n<p><strong>EDITAL NER-UEPG N\u00ba 04\/2021<\/strong><br \/>\n<strong>PROJETO RONDON \u2013 OPERA\u00c7\u00c3O AMAP\u00c1 MAIS FORTE<\/strong><br \/>\nO N\u00facleo Extensionista Rondon \u2013 NER-UEPG convoca para a 2\u00aa Fase Defesa da Justificativa os acad\u00eamicos inscritos para a sele\u00e7\u00e3o discente ao Projeto Rondon \u2013 Opera\u00e7\u00e3o Amap\u00e1 Mais Forte no Munic\u00edpio de Cal\u00e7oene \u2013 AP, de 03 a 20 de fevereiro de 2022.<br \/>\nEm raz\u00e3o da amplia\u00e7\u00e3o do prazo para cadastro dos discentes no sistema do Minist\u00e9rio da Defesa a Comiss\u00e3o de Sele\u00e7\u00e3o deliberou por ampliar a lista de convocados para a 2\u00aa Fase &#8211; Defesa da Justificativa de vinte para o total de candidatos inscritos e classificados na 1\u00aa Fase &#8211; An\u00e1lise Documental.<br \/>\n<a href=\"http:\/\/www2.uepg.br\/rondon\/wp-content\/uploads\/sites\/10\/2021\/10\/EDITAL_04-2021_NER-UEPG_OperacaoAmapa_VersaoSite.pdf\">EDITAL_04-2021_NER-UEPG_OperacaoAmapa_VersaoSite<\/a><\/p>\n<p><strong>EDITAL NER-UEPG N\u00ba 04\/2021<\/strong><br \/>\n<strong>PROJETO RONDON \u2013 OPERA\u00c7\u00c3O AMAP\u00c1 MAIS FORTE<\/strong><br \/>\n<strong>\u00a0<\/strong>O N\u00facleo Extensionista Rondon \u2013 NER-UEPG torna p\u00fablico a lista de acad\u00eamicos selecionados para participa\u00e7\u00e3o no Projeto Rondon \u2013 Opera\u00e7\u00e3o Amap\u00e1 Mais Forte no Munic\u00edpio de Cal\u00e7oene \u2013 AP, de 02 a 20 de fevereiro de 2022.<br \/>\n<a href=\"http:\/\/www2.uepg.br\/rondon\/wp-content\/uploads\/sites\/10\/2021\/11\/EDITAL_05-2021_NER-UEPG_OperacaoAmapa-1.pdf\">EDITAL_05-2021_NER-UEPG_OperacaoAmapa<\/a><\/p>\n","protected":false},"excerpt":{"rendered":"<p>EDITAL N\u00b0 03\/2024 &#8211; Minist\u00e9rio da Defesa &#8211; &#8220;Opera\u00e7\u00f5es Sul de Minas I e Sul de Minas II&#8221; EDITAL DE CONVOCA\u00c7\u00c3O DAS INSTITUI\u00c7\u00d5ES DE ENSINO SUPERIOR PARA PARTICIPAR DO PROJETO RONDON NACIONAL &nbsp; O Minist\u00e9rio da Defesa, por meio do Departamento de Projetos Sociais, est\u00e1 recebendo inscri\u00e7\u00f5es at\u00e9 25 de outubro de 2024 para o&nbsp;&hellip;<\/p>\n","protected":false},"author":22,"featured_media":640,"parent":0,"menu_order":0,"comment_status":"closed","ping_status":"closed","template":"","meta":[],"_links":{"self":[{"href":"https:\/\/www2.uepg.br\/rondon\/wp-json\/wp\/v2\/pages\/118"}],"collection":[{"href":"https:\/\/www2.uepg.br\/rondon\/wp-json\/wp\/v2\/pages"}],"about":[{"href":"https:\/\/www2.uepg.br\/rondon\/wp-json\/wp\/v2\/types\/page"}],"author":[{"embeddable":true,"href":"https:\/\/www2.uepg.br\/rondon\/wp-json\/wp\/v2\/users\/22"}],"replies":[{"embeddable":true,"href":"https:\/\/www2.uepg.br\/rondon\/wp-json\/wp\/v2\/comments?post=118"}],"version-history":[{"count":35,"href":"https:\/\/www2.uepg.br\/rondon\/wp-json\/wp\/v2\/pages\/118\/revisions"}],"predecessor-version":[{"id":697,"href":"https:\/\/www2.uepg.br\/rondon\/wp-json\/wp\/v2\/pages\/118\/revisions\/697"}],"wp:featuredmedia":[{"embeddable":true,"href":"https:\/\/www2.uepg.br\/rondon\/wp-json\/wp\/v2\/media\/640"}],"wp:attachment":[{"href":"https:\/\/www2.uepg.br\/rondon\/wp-json\/wp\/v2\/media?parent=118"}],"curies":[{"name":"wp","href":"https:\/\/api.w.org\/{rel}","templated":true}]}}