{"id":2,"date":"2018-11-22T11:02:05","date_gmt":"2018-11-22T13:02:05","guid":{"rendered":"http:\/\/www2.uepg.br\/rondon\/?page_id=2"},"modified":"2024-11-08T10:51:34","modified_gmt":"2024-11-08T13:51:34","slug":"ner_uepg","status":"publish","type":"page","link":"https:\/\/www2.uepg.br\/rondon\/ner_uepg\/","title":{"rendered":"NER UEPG"},"content":{"rendered":"<h2 style=\"text-align: center\"><strong>O N\u00daCLEO EXTENSIONISTA RONDON UEPG (NER-UEPG)<\/strong><\/h2>\n<p>&nbsp;<\/p>\n<p class=\"font_8\" style=\"text-align: left\"><span class=\"color_12\">\u00c9 um programa de extens\u00e3o vinculado \u00e0 Pr\u00f3-Reitoria de Extens\u00e3o e Assuntos Culturais (PROEX). <\/span><span class=\"color_12\">Coordenado pela professora Marilisa do Rocio Oliveira, o n\u00facleo \u00e9 formado por bolsistas graduados. O NER est\u00e1 localizado na sala 15,\u00a0bloco A da UEPG Central.<\/span><\/p>\n<p style=\"text-align: left\">Com a miss\u00e3o de promover a integra\u00e7\u00e3o com as demandas da sociedade contribuindo positivamente para a interven\u00e7\u00e3o no contexto social atrav\u00e9s das muitas \u00e1reas de conhecimento presentes nos cursos de gradua\u00e7\u00e3o e p\u00f3s-gradua\u00e7\u00e3o da institui\u00e7\u00e3o e ainda, integrar a universidade com a sociedade de forma geral, buscando uma maior intera\u00e7\u00e3o entre acad\u00eamicos, docentes e comunidade, gerando assim a troca de saberes sistematizados que produzem o conhecimento.<\/p>\n<p style=\"text-align: left\">O NER-UEPG tem por objetivo possibilitar o interc\u00e2mbio dos acad\u00eamicos e a inser\u00e7\u00e3o da universidade em diferentes \u00e1reas de conhecimento e em diversos cen\u00e1rios do Estado do Paran\u00e1 e do Brasil, na busca do desenvolvimento local, regional e nacional, tendo por base a interdisciplinaridade, a intera\u00e7\u00e3o entre a universidade e a sociedade por meio de a\u00e7\u00f5es de extens\u00e3o no \u00e2mbito da UEPG, refor\u00e7ando a miss\u00e3o da universidade diante a realidade social.<\/p>\n<p>&nbsp;<\/p>\n<h6><span class=\"selectable-text copyable-text\">rondonuepg@gmail.com<\/span><\/h6>\n<p>&nbsp;<\/p>\n","protected":false},"excerpt":{"rendered":"<p>O N\u00daCLEO EXTENSIONISTA RONDON UEPG (NER-UEPG) &nbsp; \u00c9 um programa de extens\u00e3o vinculado \u00e0 Pr\u00f3-Reitoria de Extens\u00e3o e Assuntos Culturais (PROEX). Coordenado pela professora Marilisa do Rocio Oliveira, o n\u00facleo \u00e9 formado por bolsistas graduados. O NER est\u00e1 localizado na sala 15,\u00a0bloco A da UEPG Central. Com a miss\u00e3o de promover a integra\u00e7\u00e3o com as&nbsp;&hellip;<\/p>\n","protected":false},"author":10,"featured_media":645,"parent":0,"menu_order":0,"comment_status":"closed","ping_status":"open","template":"","meta":[],"_links":{"self":[{"href":"https:\/\/www2.uepg.br\/rondon\/wp-json\/wp\/v2\/pages\/2"}],"collection":[{"href":"https:\/\/www2.uepg.br\/rondon\/wp-json\/wp\/v2\/pages"}],"about":[{"href":"https:\/\/www2.uepg.br\/rondon\/wp-json\/wp\/v2\/types\/page"}],"author":[{"embeddable":true,"href":"https:\/\/www2.uepg.br\/rondon\/wp-json\/wp\/v2\/users\/10"}],"replies":[{"embeddable":true,"href":"https:\/\/www2.uepg.br\/rondon\/wp-json\/wp\/v2\/comments?post=2"}],"version-history":[{"count":16,"href":"https:\/\/www2.uepg.br\/rondon\/wp-json\/wp\/v2\/pages\/2\/revisions"}],"predecessor-version":[{"id":700,"href":"https:\/\/www2.uepg.br\/rondon\/wp-json\/wp\/v2\/pages\/2\/revisions\/700"}],"wp:featuredmedia":[{"embeddable":true,"href":"https:\/\/www2.uepg.br\/rondon\/wp-json\/wp\/v2\/media\/645"}],"wp:attachment":[{"href":"https:\/\/www2.uepg.br\/rondon\/wp-json\/wp\/v2\/media?parent=2"}],"curies":[{"name":"wp","href":"https:\/\/api.w.org\/{rel}","templated":true}]}}