{"id":304,"date":"2019-09-05T14:02:38","date_gmt":"2019-09-05T17:02:38","guid":{"rendered":"http:\/\/www2.uepg.br\/rondon\/?page_id=304"},"modified":"2024-09-19T11:31:02","modified_gmt":"2024-09-19T14:31:02","slug":"depoimentos-de-rondonistas","status":"publish","type":"page","link":"https:\/\/www2.uepg.br\/rondon\/depoimentos-de-rondonistas\/","title":{"rendered":"DEPOIMENTOS"},"content":{"rendered":"<div style=\"text-align: center\"><strong>DEPOIMENTOS DOS RONDONISTAS<\/strong><\/div>\n<div><\/div>\n<div><\/div>\n<div>___________________________________<\/div>\n<blockquote>\n<div>\n<p><img loading=\"lazy\" class=\"alignnone wp-image-691\" src=\"http:\/\/www2.uepg.br\/rondon\/wp-content\/uploads\/sites\/10\/2024\/09\/IMG_5568-Gabriel-Brigola.jpeg\" alt=\"\" width=\"349\" height=\"411\" \/><\/p>\n<p class=\"cvGsUA direction-ltr align-center para-style-body\"><span class=\"OYPEnA font-feature-liga-off font-feature-clig-off font-feature-calt-off text-decoration-none text-strikethrough-none\">O projeto contribuiu muito para o meu <\/span><span class=\"OYPEnA font-feature-liga-off font-feature-clig-off font-feature-calt-off text-decoration-none text-strikethrough-none\">amadurecimento pessoal<\/span><span class=\"OYPEnA font-feature-liga-off font-feature-clig-off font-feature-calt-off text-decoration-none text-strikethrough-none\">, por ter participado de duas opera\u00e7\u00f5es em dois Estados t\u00e3o opostos (PR e RO), me fez ter um <\/span><span class=\"OYPEnA font-feature-liga-off font-feature-clig-off font-feature-calt-off text-strikethrough-none text-decoration-underline\">contato direto<\/span><span class=\"OYPEnA font-feature-liga-off font-feature-clig-off font-feature-calt-off text-strikethrough-none text-decoration-none\"> com culturas, e principalmente, com pessoas t\u00e3o diferentes.<\/span><\/p>\n<p class=\"cvGsUA direction-ltr align-center para-style-body\"><span class=\"OYPEnA font-feature-liga-off font-feature-clig-off font-feature-calt-off text-decoration-none text-strikethrough-none\">\u00c9 com a extens\u00e3o universit\u00e1ria que conseguimos <\/span><span class=\"OYPEnA font-feature-liga-off font-feature-clig-off font-feature-calt-off text-decoration-none text-strikethrough-none\">colocar em pr\u00e1tica<\/span><span class=\"OYPEnA font-feature-liga-off font-feature-clig-off font-feature-calt-off text-decoration-none text-strikethrough-none\"> o que aprendemos em sala de aula, tendo uma vis\u00e3o mais <\/span><span class=\"OYPEnA font-feature-liga-off font-feature-clig-off font-feature-calt-off text-strikethrough-none text-decoration-underline\">humanizada<\/span><span class=\"OYPEnA font-feature-liga-off font-feature-clig-off font-feature-calt-off text-strikethrough-none text-decoration-none\"> do que est\u00e1 do lado de fora da universidade. <em><strong><span class=\"OYPEnA font-feature-liga-off font-feature-clig-off font-feature-calt-off text-decoration-none text-strikethrough-none\">Gabriel Brigola<\/span>, rondonista em 2023 e 2024 &#8211; Opera\u00e7\u00e3o Sentinelas Avan\u00e7adas (Rond\u00f4nia) e Opera\u00e7\u00e3o Paran\u00e1.<\/strong><\/em><\/span><\/p>\n<\/div>\n<\/blockquote>\n<div><\/div>\n<div><\/div>\n<div><\/div>\n<div>___________________________________<\/div>\n<div><\/div>\n<div>\n<blockquote><p><img loading=\"lazy\" class=\"alignnone size-full wp-image-686\" src=\"http:\/\/www2.uepg.br\/rondon\/wp-content\/uploads\/sites\/10\/2024\/09\/krol.png\" alt=\"\" width=\"453\" height=\"559\" \/>&#8220;No ano que atuei no projeto estava cursando meu \u00faltimo ano no curso de Ci\u00eancias Biol\u00f3gicas. O projeto contribuiu muito com minha forma\u00e7\u00e3o de uma forma bem significativa, reafirmou minha certeza na profiss\u00e3o e provocou com que me desafiasse a buscar mais conhecimento. <span class=\"OYPEnA font-feature-liga-off font-feature-clig-off font-feature-calt-off text-decoration-none text-strikethrough-none\">O projeto Rondon \u00e9 uma baita<\/span><span class=\"OYPEnA font-feature-liga-off font-feature-clig-off font-feature-calt-off text-decoration-none text-strikethrough-none\"> li\u00e7\u00e3o de vida<\/span><span class=\"OYPEnA font-feature-liga-off font-feature-clig-off font-feature-calt-off text-decoration-none text-strikethrough-none\"> e cidadania e o que mais me marcou foram as rela\u00e7\u00f5es e <\/span><span class=\"OYPEnA font-feature-liga-off font-feature-clig-off font-feature-calt-off text-strikethrough-none text-decoration-underline\">la\u00e7os <\/span><span class=\"OYPEnA font-feature-liga-off font-feature-clig-off font-feature-calt-off text-strikethrough-none text-decoration-none\">que se criaram durante e depois do projeto. Atrav\u00e9s do contato com outras culturas, lugares e pessoas de fora do rotineiro ciclo social se pode conhecer outras realidades, outros modos de viver a vida que <\/span><span class=\"OYPEnA font-feature-liga-off font-feature-clig-off font-feature-calt-off text-strikethrough-none text-decoration-underline\">me fizeram reformular escolhas, valores,<\/span><span class=\"OYPEnA font-feature-liga-off font-feature-clig-off font-feature-calt-off text-strikethrough-none text-decoration-none\"> conceitos e ideias de si mesmo e do mundo. Cada hist\u00f3ria, mem\u00f3ria e experi\u00eancia \u00e9 inesquec\u00edvel e emocionante. Rondon \u00e9 <\/span><span class=\"OYPEnA font-feature-liga-off font-feature-clig-off font-feature-calt-off text-strikethrough-none text-decoration-none\">afeto<\/span><span class=\"OYPEnA font-feature-liga-off font-feature-clig-off font-feature-calt-off text-strikethrough-none text-decoration-none\">! <span class=\"OYPEnA font-feature-liga-off font-feature-clig-off font-feature-calt-off text-decoration-none text-strikethrough-none\">A extens\u00e3o \u00e9 a forma mais pr\u00f3xima de colocar na pr\u00e1tica o que se aprende na sala de aula. Atrav\u00e9s da extens\u00e3o que se consegue <\/span><span class=\"OYPEnA font-feature-liga-off font-feature-clig-off font-feature-calt-off text-strikethrough-none text-decoration-underline\">medir o seu conhecimento <\/span>e onde se cria a ponte entre universidade e a comunidade. Possibilita mostrar ao mundo o que a universidade pode oferecer. Aos acad\u00eamicos: aconselho que<span class=\"OYPEnA font-feature-liga-off font-feature-clig-off font-feature-calt-off text-strikethrough-none text-decoration-underline\"> explore a extens\u00e3o universit\u00e1ria<\/span>, se desafie, pois a extens\u00e3o \u00e9 uma baita oportunidade de descobrir o seu melhor.<\/span>&#8221; <em><strong><span class=\"OYPEnA font-feature-liga-off font-feature-clig-off font-feature-calt-off text-decoration-none text-strikethrough-none\">Karolaine Pontarolo<\/span>, rondonista em 2023 &#8211; Opera\u00e7\u00e3o Sentinelas Avan\u00e7adas (Rond\u00f4nia).<\/strong><\/em><\/p><\/blockquote>\n<\/div>\n<div><\/div>\n<div><\/div>\n<div>___________________________________<\/div>\n<div><\/div>\n<blockquote>\n<div><img loading=\"lazy\" class=\"alignnone wp-image-679\" src=\"http:\/\/www2.uepg.br\/rondon\/wp-content\/uploads\/sites\/10\/2024\/08\/pri.png\" alt=\"\" width=\"283\" height=\"382\" \/>&#8220;O Projeto Rondon teve um enorme impacto na minha forma\u00e7\u00e3o, como cidad\u00e3 e profissional. No projeto eu desenvolvi um senso critico de responsabilidade social que me faz at\u00e9 hoje ter amor pelo voluntariado, assim como o desenvolvimento pessoal de empatia, trabalho em grupo, comunica\u00e7\u00e3o.<\/div>\n<div>A extens\u00e3o universit\u00e1ria \u00e9 fundamental para a forma\u00e7\u00e3o do estudante, pois leva o aluno a um contato \u00edntimo com a comunidade que induz o aluno a refletir sobre a sociedade e as desigualdades que nela existem e assim repensar sobre sua atua\u00e7\u00e3o como profissional. A comunidade por sua vez recebe uma aten\u00e7\u00e3o rica em conhecimento de v\u00e1rias \u00e1reas, amor e carinho dos estudantes.<\/div>\n<div>O que mais me marcou sem d\u00favidas \u00e9 o amor que as pessoas tem para dar e receber!&#8221; <em><strong>Priscila Campiolo, rondonista em 2019 e 2020 &#8211; Opera\u00e7\u00e3o Paran\u00e1 e Yaguaru (AP).<\/strong><\/em><\/div>\n<div>__________________________________________________________________________________<\/div>\n<div><\/div>\n<div><img loading=\"lazy\" class=\" wp-image-677 alignleft\" src=\"http:\/\/www2.uepg.br\/rondon\/wp-content\/uploads\/sites\/10\/2024\/08\/IMG_1129-Arieta-Almeida-1.jpg\" alt=\"\" width=\"400\" height=\"267\" \/>&#8220;Profissionalmente me desafiou como uma profissional da comunica\u00e7\u00e3o. Me tirando da minha zona de conforto e me mostrando como a comunica\u00e7\u00e3o pode cruzar barreiras.<\/div>\n<div>Para o estudante, acredito que a import\u00e2ncia da extens\u00e3o seja mais esse contato humano. Aplicar na pr\u00e1tica tudo o que \u00e9 visto na teoria. J\u00e1 para a comunidade, \u00e9 a forma de desmistificar que a Universidade \u00e9 um lugar para poucos e todos podem ter acesso ao que \u00e9 produzido na academia.<\/div>\n<div>O que mais me marcou foi a troca humana! De todas as experi\u00eancias, com certeza a de conversar e conhecer novas pessoas foi a que mais me marcou e me marca at\u00e9 hoje.&#8221; <em><strong>Arieta Valherri de Almeida, rondonista em 2019 &#8211; Opera\u00e7\u00e3o Paran\u00e1.<\/strong><\/em><\/div>\n<div><\/div>\n<div>__________________________________________________________________________________<\/div>\n<\/blockquote>\n<div><\/div>\n<blockquote>\n<div><img loading=\"lazy\" class=\" wp-image-675 alignleft\" src=\"http:\/\/www2.uepg.br\/rondon\/wp-content\/uploads\/sites\/10\/2024\/08\/MG_0777-.jpg\" alt=\"\" width=\"232\" height=\"356\" \/><\/div>\n<div>&#8220;A opera\u00e7\u00e3o Yaguaru me oportunizou a viv\u00eancia com grupos de pessoas diferentes, n\u00e3o s\u00f3 a popula\u00e7\u00e3o do munic\u00edpio, mas tamb\u00e9m, meus colegas rondonistas. Junto com essa viv\u00eancia de 15 dias, vieram importantes aprendizados que mudaram minha vis\u00e3o e agregam at\u00e9 hoje em minha forma\u00e7\u00e3o quando aplico uma aula. Sou muito grata \u00e0 Opera\u00e7\u00e3o Rondon, foi um marco em minha vida.<\/div>\n<div>O que mais me marcou foi a viv\u00eancia com grupo de terceira idade, eram pessoas comprometidas e alegres, sempre com um agradecimento diferente no final das oficinas.&#8221; <em><strong>Elisete Ap. Novais Mayer, rondonista em 2020 &#8211; Opera\u00e7\u00e3o Yaguaru (AP).<\/strong><\/em><\/div>\n<\/blockquote>\n<div><\/div>\n<div><\/div>\n<div><\/div>\n<div><\/div>\n<div><\/div>\n<div><\/div>\n<div><\/div>\n<div><\/div>\n<div><\/div>\n<div>__________________________________________________________________________________<\/div>\n<div><\/div>\n<blockquote>\n<div><img loading=\"lazy\" class=\"alignnone wp-image-674\" src=\"http:\/\/www2.uepg.br\/rondon\/wp-content\/uploads\/sites\/10\/2024\/08\/IMG_5652.jpg\" alt=\"\" width=\"406\" height=\"270\" \/>&#8220;O Rondon \u00e9 algo que agrega n\u00e3o s\u00f3 na forma\u00e7\u00e3o acad\u00eamica mas sim na vida. \u00c9 onde conhecemos realidades muito diferentes, culturas diferentes e recebemos uma li\u00e7\u00e3o pr\u00e1tica sobre cidadania.<\/div>\n<div>J\u00e1 participava de projeto de extens\u00e3o dentro do curso de Turismo e depois fui para o Rondon. Penso que a extens\u00e3o \u00e9 uma forma de voc\u00ea sair fora da caixa e furar sua bolha social, abrindo a mente para outras realidades.<\/div>\n<div>O que mais me marcou foi perceber o poder que as pessoas t\u00eam, mas n\u00e3o tem no\u00e7\u00e3o que possuem.&#8221; <em><strong>Mariana Lacerda Marques, rondonista em 2022 &#8211; Opera\u00e7\u00e3o Amap\u00e1.<\/strong><\/em><\/div>\n<div><\/div>\n<\/blockquote>\n<div><\/div>\n<div>__________________________________________________________________________________<\/div>\n<blockquote>\n<div><\/div>\n<div style=\"text-align: left\"><img loading=\"lazy\" class=\" wp-image-664 alignleft\" src=\"http:\/\/www2.uepg.br\/rondon\/wp-content\/uploads\/sites\/10\/2024\/08\/IMG-20190727-WA0060_Original-Cezar-Augusto-Gebeluca-De-Aguiar.jpeg\" alt=\"\" width=\"212\" height=\"388\" \/>&#8220;A Opera\u00e7\u00e3o Rondon contribuiu, principalmente, para compreender melhor sobre a sociedade que estamos inseridos, me fez um profissional mais humano e mais respons\u00e1vel em gerar a mudan\u00e7a no mundo por meio do exerc\u00edcio da minha profiss\u00e3o, e tamb\u00e9m, para apoiar a educa\u00e7\u00e3o como forma de transforma\u00e7\u00e3o.<\/div>\n<div style=\"text-align: left\">\u00c9 uma rela\u00e7\u00e3o de ganha-ganha, apesar do foco ser na comunidade, o estudante ganha muito mais, porque ele tem a possibilidade de se desenvolver, de conhecer pessoas, de conhecer o mundo &#8211; sair fora da nossa bolha \u00e9 importante, aprender com pessoas que tem h\u00e1bitos e costumes diferentes. E para a comunidade, fazemos a diferen\u00e7a com a a\u00e7\u00e3o, mas em especial, a gente multiplica o poder de fazer o bem, deixamos v\u00e1rias ideias e propostas para que a comunidade possa prosseguir e crescer coletivamente.<\/div>\n<div style=\"text-align: left\">Em Imba\u00fa (PR), tivemos muitas oficinas, muitas conversas e momentos de troca com a comunidade da cidade. Mas em especial, fizemos a revitaliza\u00e7\u00e3o da Biblioteca da cidade, desde a pintura, a jardinagem, trouxemos novos livros e reorganizamos a biblioteca, essa foi a atividade que durou quase todos os dias da nossa opera\u00e7\u00e3o e que foi o nosso maior presente para a comunidade.&#8221; <em><strong>Cezar Augusto Gebeluca de Aguiar, rondonista em 2019 &#8211; Opera\u00e7\u00e3o Paran\u00e1.<\/strong><\/em><\/div>\n<\/blockquote>\n<div style=\"text-align: left\"><\/div>\n<div><\/div>\n<div><\/div>\n<div><\/div>\n<div>\n<p>__________________________________________________________________________________<\/p>\n<p>&nbsp;<\/p>\n<\/div>\n<blockquote>\n<div style=\"text-align: left\"><img loading=\"lazy\" class=\"wp-image-662 alignleft\" src=\"http:\/\/www2.uepg.br\/rondon\/wp-content\/uploads\/sites\/10\/2024\/08\/IMG_5639.jpg\" alt=\"\" width=\"414\" height=\"276\" \/>&#8220;O Projeto Rondon contribuiu significativamente para o meu amadurecimento profissional, desafiando a minha capacidade de por em pr\u00e1tica os conhecimentos adquiridos na universidade em uma realidade social e cultural muito distante da minha.<\/div>\n<div style=\"text-align: left\">Acredito que a extens\u00e3o universit\u00e1ria para os estudante enriquece o processo formativo e nos aproxima da realidade e seus desafios; para a comunidade acredito que \u00e9 uma forma de retornar todo o dinheiro p\u00fablico investido, na qual \u00e9 colocando a educa\u00e7\u00e3o, a ci\u00eancia e a t\u00e9cnica a servi\u00e7o da popula\u00e7\u00e3o; uma forma de aproxima\u00e7\u00e3o entre sociedade e universidade.<\/div>\n<div style=\"text-align: left\">Um dos momentos mais marcantes foi quando chegamos em Cal\u00e7oene (AP) e fomos muito bem acolhidos pela popula\u00e7\u00e3o local, que confiou em n\u00f3s e em nosso trabalho; a conviv\u00eancia com a outra equipe que proporcionou trocas de conhecimentos e afetos. Assim como, a beleza\/riqueza natural e cultural do Estado do Amap\u00e1 e da cidade em que realizamos a opera\u00e7\u00e3o.&#8221; <em><strong>Ana Paula Gon\u00e7alves de Meira, rondonista em 2022 &#8211; Opera\u00e7\u00e3o Yaguaru (AP).<\/strong><\/em><\/div>\n<div><\/div>\n<div>__________________________________________________________________________________<\/div>\n<div><\/div>\n<\/blockquote>\n<blockquote>\n<div class=\"gE iv gt\" style=\"text-align: left\"><img loading=\"lazy\" class=\"wp-image-660 alignleft\" src=\"http:\/\/www2.uepg.br\/rondon\/wp-content\/uploads\/sites\/10\/2024\/08\/IMG_20200118_175459_462_Original-Vanessa-Lacerda.jpeg\" alt=\"\" width=\"410\" height=\"273\" \/>&#8220;Digo e repito: a melhor forma de mostrar o profissinal que voc\u00ea quer ser \u00e9 fazendo extens\u00e3o universit\u00e1ria e o Rondon \u00e9 a minha indica\u00e7\u00e3o a todos.<\/div>\n<div class=\"gE iv gt\" style=\"text-align: left\">Me inspirou a ser um humano melhor, mais emp\u00e1tico. Me tornou uma professora com olhar mais am\u00e1vel, fiz amigos e conheci pessoas inspiradoras. O Rondon me mostrou que n\u00e3o preciso ir t\u00e3o longe para estar perto de quem mais precisa de assist\u00eancia. Nos tira da zona de conforto e nos coloca \u00e0 prova de muitas realidades. Me mostrou o que quero ser pra esse mundo. Uma pessoa prestativa, consciente, que ajuda o pr\u00f3ximo. A minha melhor parte eu conheci vivenciando o Rondon. Hoje sou a Vanessa amiga, emp\u00e1tica, feliz, que sonha e realiza. Sou grata a familia que formei na minha jornada, grata aos professores que conheci, e a todas as comunidades que passei e que levo no meu cora\u00e7\u00e3o cada hist\u00f3ria.<\/div>\n<div style=\"text-align: left\">O que mais me marcou foi vivenciar o dia a dia das tribos ind\u00edgenas por onde passei. A riqueza em cultura, amor e respeito. Foi uma experi\u00eancia incr\u00edvel!&#8221; <em><strong>Vanessa Lacerda, rondonista em 2017, 2018, 2019 e 2020 &#8211; Opera\u00e7\u00f5es Paran\u00e1 e Yaguaru (AP).<\/strong><\/em><\/div>\n<\/blockquote>\n<div>__________________________________________________________________________________<\/div>\n<div><\/div>\n<p><img loading=\"lazy\" class=\"wp-image-654 alignleft\" src=\"http:\/\/www2.uepg.br\/rondon\/wp-content\/uploads\/sites\/10\/2024\/07\/MG_2202.jpg\" alt=\"\" width=\"263\" height=\"379\" \/><\/p>\n<blockquote>\n<div dir=\"auto\">&#8220;A melhor experi\u00eancia da minha vida (at\u00e9 o momento)! Sim, ganhou at\u00e9 mesmo da minha primeira viagem internacional!<\/div>\n<div dir=\"auto\">A melhor pelo fato de eu ter vivido momentos \u00fanicos, inesquec\u00edveis e inexplic\u00e1veis!<\/div>\n<div dir=\"auto\">A Opera\u00e7\u00e3o Rondon 2019 feita em Prudent\u00f3polis (PR) deixou marcas e mudan\u00e7as profundas na minha vida. Tocou a minha alma (raras s\u00e3o as experi\u00eancias capazes de tocar a alma das pessoas) e me fez pensar de formas que antes nunca havia imaginado serem poss\u00edveis.<\/div>\n<div dir=\"auto\">O Rondon me transformou como pessoa, como acad\u00eamico, como profissional e como humano (creio que me transformou em todas as esferas da minha vida)!<\/div>\n<div dir=\"auto\">Eu ri, chorei horrores, comi muito e me descobri. Fiz amizades que fora do Rondon n\u00e3o seriam formadas jamais! Conheci lugares e pessoas incr\u00edveis de diversas \u00e1reas do conhecimento, com suas diversas formas de pensar e enxergar o mundo que as cerca. Pessoas essas que me fizeram ver que independente da \u00e1rea de atua\u00e7\u00e3o e das diferen\u00e7as que existem entre n\u00f3s humanos, \u00e9 sim poss\u00edvel conviver &#8220;numa boa&#8221; uns com os outros (prova disso \u00e9 que sobrevivi por 15 dias ininterruptos com outras 25 pessoas debaixo do mesmo teto, dividindo comida, banheiro, quarto (muito ronco, kkkk) e experi\u00eancias)!<\/div>\n<div dir=\"auto\">Sinceramente eu ainda n\u00e3o sei explicar o que \u00e9 o Rondon. Talvez nunca saiba! Segundo Plat\u00e3o, temos o lado irracional do c\u00e9rebro e esse lado n\u00e3o tem como colocar em palavras, apenas sentir, viver! E o Rondon \u00e9 isso: uma mistura de sentimentos, viv\u00eancias e descobertas pessoais incr\u00edveis e \u00fanicas inexplic\u00e1veis! S\u00f3 quem viveu sabe!<\/div>\n<div dir=\"auto\">Se existe uma pessoa incr\u00edvel demais que precisa ser citada neste relato, essa pessoa \u00e9 o professor M\u00e1rio! Gente, que cara maravilhoso! Conseguiu mudar a minha vida com seus aprendizados, conselhos e vasta experi\u00eancia de vida (&#8220;s\u00f3&#8221; 18 Rondons)! Assim como a abelha que transforma o n\u00e9ctar das flores em mel, esse homem transforma a vida das pessoas, extraindo o melhor de si mesmas e fazendo pensar nas mudan\u00e7as que podem ser feitas!<\/div>\n<div dir=\"auto\">Como eu disse, n\u00e3o sei explicar o que \u00e9 o Rondon e talvez nunca saiba. Essas poucas palavras s\u00e3o um pedacinho do que vivi nos 15 dias mais intensos da minha vida! Obrigado a todos que fizeram parte dessa pequena passagem da minha vida!&#8221; <em><strong>Ernani Barbosa, rondonista em 2019 &#8211; Opera\u00e7\u00e3o Paran\u00e1.<\/strong><\/em><\/div>\n<\/blockquote>\n<div dir=\"auto\">\n<div>\n<p>&nbsp;<\/p>\n<p class=\"iw\" style=\"text-align: left\">__________________________________________________________________________________<\/p>\n<\/div>\n<\/div>\n<div dir=\"auto\"><\/div>\n<div dir=\"auto\"><\/div>\n<div dir=\"auto\"><img loading=\"lazy\" class=\"wp-image-653 alignleft\" src=\"http:\/\/www2.uepg.br\/rondon\/wp-content\/uploads\/sites\/10\/2024\/07\/WhatsApp-Image-2019-07-27-at-13.50.54-1.jpeg\" alt=\"\" width=\"271\" height=\"323\" \/><\/div>\n<blockquote>\n<div dir=\"auto\" style=\"text-align: left\">&#8220;Fiz parte da Equipe de Comunica\u00e7\u00e3o que cobriu a Opera\u00e7\u00e3o Rondon Paran\u00e1 UEPG em 2019. Foram nove dias cobrindo as atividades das equipes de rondonistas nas cidades de Irati, Fernandes Pinheiro, Prudent\u00f3polis e Imba\u00fa (PR). Nove dias, \u00e0s vezes, sem dormir direito, faltaram algumas coisas para podermos trabalhar com qualidade, foi cansativo; por\u00e9m mesmo com algumas dificuldades conseguimos entregar um trabalho excelente. Todo dia cobrindo as oficinas e \u00e0 noite postando nossos materiais. Eu achei que seria apenas mais uma pauta, com um olhar de fora como sempre fazemos no curso de Jornalismo, tirar fotos, fazer alguns v\u00eddeos e textos, mas foi muito mais que isso, eu me senti t\u00e3o bem acolhida, senti que fiz parte de cada equipe de rondonistas, me senti parte desta FAM\u00cdLIA, me senti extremamente amada. O Rondon mudou a minha vida, a minha vis\u00e3o sobre as coisas, me fez crescer como pessoa e como profissional. Depois desta experi\u00eancia, voltei para o curso de Jornalismo da UEPG com um olhar muito mais humanizado e o cora\u00e7\u00e3o quentinho. N\u00e3o foi f\u00e1cil conviver com pessoas t\u00e3o diferentes, foi corrido, foi exaustivo editar o v\u00eddeo final em dois dias inteiros, mas valeu MUITO a pena. Eu s\u00f3 tenho a agradecer a cada equipe, cada amigo que fiz e que espero levar para vida toda, agradecer pelo carinho, pelo amor, pelos ensinamentos e principalmente a essa equipe maravilhosa de comunica\u00e7\u00e3o (composta apenas por mulheres) que arrasaram demais!&#8221; <em><strong>Veridiane Parize, Conjunto C, rondonista em 2019 &#8211; Opera\u00e7\u00e3o Paran\u00e1.<\/strong><\/em><\/div>\n<\/blockquote>\n","protected":false},"excerpt":{"rendered":"<p>DEPOIMENTOS DOS RONDONISTAS ___________________________________ O projeto contribuiu muito para o meu amadurecimento pessoal, por ter participado de duas opera\u00e7\u00f5es em dois Estados t\u00e3o opostos (PR e RO), me fez ter um contato direto com culturas, e principalmente, com pessoas t\u00e3o diferentes. \u00c9 com a extens\u00e3o universit\u00e1ria que conseguimos colocar em pr\u00e1tica o que aprendemos em&nbsp;&hellip;<\/p>\n","protected":false},"author":22,"featured_media":585,"parent":0,"menu_order":0,"comment_status":"closed","ping_status":"closed","template":"","meta":[],"_links":{"self":[{"href":"https:\/\/www2.uepg.br\/rondon\/wp-json\/wp\/v2\/pages\/304"}],"collection":[{"href":"https:\/\/www2.uepg.br\/rondon\/wp-json\/wp\/v2\/pages"}],"about":[{"href":"https:\/\/www2.uepg.br\/rondon\/wp-json\/wp\/v2\/types\/page"}],"author":[{"embeddable":true,"href":"https:\/\/www2.uepg.br\/rondon\/wp-json\/wp\/v2\/users\/22"}],"replies":[{"embeddable":true,"href":"https:\/\/www2.uepg.br\/rondon\/wp-json\/wp\/v2\/comments?post=304"}],"version-history":[{"count":40,"href":"https:\/\/www2.uepg.br\/rondon\/wp-json\/wp\/v2\/pages\/304\/revisions"}],"predecessor-version":[{"id":693,"href":"https:\/\/www2.uepg.br\/rondon\/wp-json\/wp\/v2\/pages\/304\/revisions\/693"}],"wp:featuredmedia":[{"embeddable":true,"href":"https:\/\/www2.uepg.br\/rondon\/wp-json\/wp\/v2\/media\/585"}],"wp:attachment":[{"href":"https:\/\/www2.uepg.br\/rondon\/wp-json\/wp\/v2\/media?parent=304"}],"curies":[{"name":"wp","href":"https:\/\/api.w.org\/{rel}","templated":true}]}}