{"id":39,"date":"2019-01-27T23:23:06","date_gmt":"2019-01-28T01:23:06","guid":{"rendered":"http:\/\/www2.uepg.br\/rondon\/?page_id=39"},"modified":"2024-08-20T11:36:26","modified_gmt":"2024-08-20T14:36:26","slug":"operacao-rondon","status":"publish","type":"page","link":"https:\/\/www2.uepg.br\/rondon\/operacao-rondon\/","title":{"rendered":"ENTENDA A OPERA\u00c7\u00c3O"},"content":{"rendered":"<h3>O QUE \u00c9 A OPERA\u00c7\u00c3O RONDON?<\/h3>\n<p>A Opera\u00e7\u00e3o Rondon \u00e9 uma a\u00e7\u00e3o PROEX-UEPG, coordenada pelo NER-UEPG (N\u00facleo Extensionista Rondon da UEPG), com a participa\u00e7\u00e3o de IES parceiras e outras Institui\u00e7\u00f5es p\u00fablicas e privadas.<\/p>\n<p>A Opera\u00e7\u00e3o Rondon viabiliza o trabalho volunt\u00e1rio de professores, agentes e estudantes universit\u00e1rios no munic\u00edpio, contribuindo para o seu desenvolvimento. Ao mesmo tempo, possibilita aos universit\u00e1rios conhecerem de perto a realidade brasileira e sentirem os anseios da popula\u00e7\u00e3o.<\/p>\n<p>&nbsp;<\/p>\n<h3>QUE A\u00c7\u00d5ES A OPERA\u00c7\u00c3O PODE REALIZAR NO MUNIC\u00cdPIO?<\/h3>\n<p>O modelo da Opera\u00e7\u00e3o Rondon prioriza a\u00e7\u00f5es que tragam benef\u00edcios duradouros para as comunidades, relacionadas, principalmente, \u00e0 cultura, aos direitos humanos e \u00e0 justi\u00e7a, \u00e0 educa\u00e7\u00e3o, \u00e0 sa\u00fade, \u00e0 comunica\u00e7\u00e3o, \u00e0 tecnologia e \u00e0 produ\u00e7\u00e3o, ao meio ambiente e ao trabalho.<\/p>\n<p>S\u00e3o exemplos de a\u00e7\u00f5es frequentemente realizadas pelos rondonistas:<\/p>\n<p>Capacitar educadores dos ensinos fundamental e m\u00e9dio sobre t\u00e9cnicas de ensino e aprendizagem; Incentivar o cooperativismo e o associativismo; Disseminar solu\u00e7\u00f5es autossustent\u00e1veis.<\/p>\n<p>&nbsp;<\/p>\n<h3>COMO SE REALIZA UMA OPERA\u00c7\u00c3O DO OPERA\u00c7\u00c3O RONDON?<\/h3>\n<p>A realiza\u00e7\u00e3o de uma Opera\u00e7\u00e3o Rondon segue as seguintes etapas:<\/p>\n<ol>\n<li><strong>Reconhecimento da \u00e1rea<\/strong>\n<ul>\n<li>\u00c9 a primeira etapa, quando os munic\u00edpios s\u00e3o visitados por um representante Comiss\u00e3o Organizadora, que informa \u00e0 prefeitura sobre as condi\u00e7\u00f5es de participa\u00e7\u00e3o na opera\u00e7\u00e3o.<\/li>\n<\/ul>\n<\/li>\n<li><strong>Sele\u00e7\u00e3o das Institui\u00e7\u00f5es de Ensino Superior (IES) e outras Institui\u00e7\u00f5es p\u00fablicas e privadas<\/strong>\n<ul>\n<li>\u00c9 o momento em que a Coordena\u00e7\u00e3o Geral da Opera\u00e7\u00e3o Rondon seleciona as IES que participar\u00e3o da opera\u00e7\u00e3o. A participa\u00e7\u00e3o das IES e outras Institui\u00e7\u00f5es p\u00fablicas e privadas se dar\u00e1 como co-promotora ou como participante<\/li>\n<\/ul>\n<\/li>\n<li><strong>Viagem precursora aos munic\u00edpios<\/strong>\n<ul>\n<li>Nesta fase, os professores da Coordena\u00e7\u00e3o Geral da Opera\u00e7\u00e3o Rondon visitam os munic\u00edpios e ajustam com as prefeituras e as lideran\u00e7as municipais as a\u00e7\u00f5es que ser\u00e3o realizadas por cada IES durante a opera\u00e7\u00e3o, de forma a atender \u00e0s necessidades de cada munic\u00edpio. Neste momento tamb\u00e9m \u00e9 de fi ni do o apo io lo g\u00edst ic o que ser\u00e1 prestado aos rondonistas pela prefeitura \u2013 alojamento, alimenta\u00e7\u00e3o e transporte no interior do munic\u00edpio.<\/li>\n<\/ul>\n<\/li>\n<li><strong>A prepara\u00e7\u00e3o das equipes de rondonistas<\/strong>\n<ul>\n<li>Ap\u00f3s realizar a viagem precursora e definir as a\u00e7\u00f5es que ser\u00e3o realizadas durante a opera\u00e7\u00e3o, a Coordena\u00e7\u00e3o Geral da Opera\u00e7\u00e3o Rondon repassa \u00e1s IES as demandas de modo que estas procedam a prepara\u00e7\u00e3o das equipes para o trabalho que ir\u00e3o desenvolver no munic\u00edpio.<\/li>\n<\/ul>\n<\/li>\n<li><strong>Trabalho nos munic\u00edpios<\/strong>\n<ul>\n<li>Os rondonistas chegam ao munic\u00edpio e, junto com a prefeitura e as lideran\u00e7as locais, desenvolvem os trabalhos e as a\u00e7\u00f5es acordadas pela Coordena\u00e7\u00e3o Geral da Opera\u00e7\u00e3o Rondon quando da viagem precursora.<\/li>\n<\/ul>\n<\/li>\n<li><strong>Elabora\u00e7\u00e3o dos relat\u00f3rios<\/strong>\n<ul>\n<li>\u00c9 a etapa final, quando as IES enviam \u00e0 Coordena\u00e7\u00e3o Geral da Opera\u00e7\u00e3o Rondon suas observa\u00e7\u00f5es sobre a opera\u00e7\u00e3o e o trabalho realizado.<\/li>\n<\/ul>\n<\/li>\n<\/ol>\n<p>&nbsp;<\/p>\n<h3>COMO SE D\u00c1 A PARTICIPA\u00c7\u00c3O DA PREFEITURA?<\/h3>\n<p>A prefeitura e as IES s\u00e3o os atores mais importantes na realiza\u00e7\u00e3o da Opera\u00e7\u00e3o Rondon. O interesse, a participa\u00e7\u00e3o e o engajamento do prefeito e de seus representantes constituem fatores decisivos para o sucesso das a\u00e7\u00f5es e do trabalho dos rondonistas.<\/p>\n<p>&nbsp;<\/p>\n<h3>QUAL \u00c9 A CONTRAPARTIDA DA PREFEITURA?<\/h3>\n<p>A contrapartida solicitada \u00e0 prefeitura consiste em:<\/p>\n<ul>\n<li>Designar um \u201crepresentante\u201d, respons\u00e1vel por realizar a liga\u00e7\u00e3o da prefeitura com as IES e com a Coordena\u00e7\u00e3o Geral da Opera\u00e7\u00e3o Rondon;<\/li>\n<li>Alojar e alimentar adequadamente os rondonistas durante a perman\u00eancia no munic\u00edpio, fornecendo desjejum, almo\u00e7o e jantar e provendo condi\u00e7\u00f5es satisfat\u00f3rias de higiene e conforto;<\/li>\n<li>Disponibilizar o transporte necess\u00e1rio para a realiza\u00e7\u00e3o dos trabalhos no munic\u00edpio;<\/li>\n<li>Colaborar com os rondonistas na execu\u00e7\u00e3o dos trabalhos.<\/li>\n<\/ul>\n<p>\u00c9 importante ressaltar que os rondonistas realizam um trabalho volunt\u00e1rio e n\u00e3o recebem qualquer remunera\u00e7\u00e3o por essas atividades.<\/p>\n<p>Por isso, a prefeitura deve verificar com especial cuidado os locais e as condi\u00e7\u00f5es de hospedagem e alimenta\u00e7\u00e3o das equipes no munic\u00edpio.<\/p>\n<p>&nbsp;<\/p>\n<h3>QUAIS AS TAREFAS DO REPRESENTANTE DA PREFEITURA?<\/h3>\n<p>O representante da prefeitura possui tr\u00eas atribui\u00e7\u00f5es muito importantes para o sucesso da Opera\u00e7\u00e3o Rondon:<\/p>\n<ul>\n<li>Durante a realiza\u00e7\u00e3o da viagem precursora, ele deve contribuir com o professor coordenador no ajuste das a\u00e7\u00f5es que ser\u00e3o desenvolvidas no munic\u00edpio, na defini\u00e7\u00e3o do cronograma de atividades, na sele\u00e7\u00e3o do local de realiza\u00e7\u00e3o das atividades, na forma de divulga\u00e7\u00e3o, na defini\u00e7\u00e3o do p\u00fablico-alvo e nas metas a atingir, de modo a aproveitar ao m\u00e1ximo o tempo dispon\u00edvel e tornar mais produtivo o trabalho dos rondonistas;<\/li>\n<li>Ajustar em conjunto com o professor coordenador, ainda durante a viagem precursora, o apoio log\u00edstico aos rondonistas e ao desenvolvimento dos trabalhos, definindo onde e como ser\u00e3o realizadas a hospedagem e as refei\u00e7\u00f5es dos rondonistas, a lavagem de roupa, o transporte das equipes para os locais de trabalho, o material de apoio etc;<\/li>\n<li>Durante a opera\u00e7\u00e3o, proporcionar as condi\u00e7\u00f5es necess\u00e1rias para a realiza\u00e7\u00e3o dos trabalhos previstos, atuando como facilitador na liga\u00e7\u00e3o com as secretarias e os \u00f3rg\u00e3os p\u00fablicos municipais, as lideran\u00e7as da comunidade e as equipes de rondonistas.<\/li>\n<\/ul>\n<p>&nbsp;<\/p>\n<h3>QUAIS AS TAREFAS DO COORDENADOR DA IES PARA O MUNIC\u00cdPIO?<\/h3>\n<p>O representante da IES (Coordenador IES para o munic\u00edpio) possui tr\u00eas atribui\u00e7\u00f5es muito importantes para o sucesso da Opera\u00e7\u00e3o Rondon:<\/p>\n<ul>\n<li>Ele deve contribuir com a Coordena\u00e7\u00e3o Geral da Opera\u00e7\u00e3o Rondon no ajuste das a\u00e7\u00f5es que ser\u00e3o desenvolvidas no munic\u00edpio, na defini\u00e7\u00e3o do cronograma de atividades, na sele\u00e7\u00e3o do local de realiza\u00e7\u00e3o das atividades, na forma de divulga\u00e7\u00e3o, na defini\u00e7\u00e3o do p\u00fablico-alvo e nas metas a atingir, de modo a aproveitar ao m\u00e1ximo o tempo dispon\u00edvel e, tornar mais produtivo o trabalho dos rondonistas;<\/li>\n<li>Ajustar em conjunto com os professores-coordenadores das equipes, o apoio log\u00edstico aos rondonistas e ao desenvolvimento dos trabalhos, definindo onde e como ser\u00e3o realizadas as atividades durante a Opera\u00e7\u00e3o;<\/li>\n<li>Durante a opera\u00e7\u00e3o, proporcionar as condi\u00e7\u00f5es necess\u00e1rias para a realiza\u00e7\u00e3o dos trabalhos previstos, atuando como facilitador na liga\u00e7\u00e3o Coordena\u00e7\u00e3o Geral da Opera\u00e7\u00e3o Rondon e as equipes de rondonistas.<\/li>\n<\/ul>\n<p>&nbsp;<\/p>\n<p><em><strong>As atribui\u00e7\u00f5es e as responsabilidades da Prefeitura Municipal, IES e outras Institui\u00e7\u00f5es P\u00fablicas e Privadas e da Coordena\u00e7\u00e3o Geral da Opera\u00e7\u00e3o Rondon na prepara\u00e7\u00e3o e na realiza\u00e7\u00e3o da opera\u00e7\u00e3o ser\u00e3o reguladas por meio de Acordo de Coopera\u00e7\u00e3o, a ser firmado entre a Prefeitura Municipal e a Universidade Estadual de Ponta Grossa, representada pela Pr\u00f3- Reitoria de Extens\u00e3o e Assuntos Comunit\u00e1rios (PROEX-UEPG)<\/strong><\/em><strong>.<\/strong><\/p>\n","protected":false},"excerpt":{"rendered":"<p>O QUE \u00c9 A OPERA\u00c7\u00c3O RONDON? A Opera\u00e7\u00e3o Rondon \u00e9 uma a\u00e7\u00e3o PROEX-UEPG, coordenada pelo NER-UEPG (N\u00facleo Extensionista Rondon da UEPG), com a participa\u00e7\u00e3o de IES parceiras e outras Institui\u00e7\u00f5es p\u00fablicas e privadas. A Opera\u00e7\u00e3o Rondon viabiliza o trabalho volunt\u00e1rio de professores, agentes e estudantes universit\u00e1rios no munic\u00edpio, contribuindo para o seu desenvolvimento. Ao mesmo&nbsp;&hellip;<\/p>\n","protected":false},"author":22,"featured_media":611,"parent":0,"menu_order":0,"comment_status":"closed","ping_status":"closed","template":"","meta":[],"_links":{"self":[{"href":"https:\/\/www2.uepg.br\/rondon\/wp-json\/wp\/v2\/pages\/39"}],"collection":[{"href":"https:\/\/www2.uepg.br\/rondon\/wp-json\/wp\/v2\/pages"}],"about":[{"href":"https:\/\/www2.uepg.br\/rondon\/wp-json\/wp\/v2\/types\/page"}],"author":[{"embeddable":true,"href":"https:\/\/www2.uepg.br\/rondon\/wp-json\/wp\/v2\/users\/22"}],"replies":[{"embeddable":true,"href":"https:\/\/www2.uepg.br\/rondon\/wp-json\/wp\/v2\/comments?post=39"}],"version-history":[{"count":9,"href":"https:\/\/www2.uepg.br\/rondon\/wp-json\/wp\/v2\/pages\/39\/revisions"}],"predecessor-version":[{"id":685,"href":"https:\/\/www2.uepg.br\/rondon\/wp-json\/wp\/v2\/pages\/39\/revisions\/685"}],"wp:featuredmedia":[{"embeddable":true,"href":"https:\/\/www2.uepg.br\/rondon\/wp-json\/wp\/v2\/media\/611"}],"wp:attachment":[{"href":"https:\/\/www2.uepg.br\/rondon\/wp-json\/wp\/v2\/media?parent=39"}],"curies":[{"name":"wp","href":"https:\/\/api.w.org\/{rel}","templated":true}]}}