{"id":146,"date":"2022-06-03T15:02:41","date_gmt":"2022-06-03T18:02:41","guid":{"rendered":"https:\/\/www2.uepg.br\/ru\/?page_id=146"},"modified":"2023-11-30T08:26:00","modified_gmt":"2023-11-30T11:26:00","slug":"valores","status":"publish","type":"page","link":"https:\/\/www2.uepg.br\/ru\/valores\/","title":{"rendered":"Valores"},"content":{"rendered":"<p>&nbsp;<\/p>\n<table style=\"font-family: verdana, geneva, sans-serif;font-size: 16px;height: 384px\" border=\"1\" width=\"1085\" cellspacing=\"1\" cellpadding=\"4\" align=\"center\">\n<tbody>\n<tr>\n<td align=\"left\">I &#8211; Acad\u00eamicos<\/td>\n<td align=\"center\">R$ 3,80<\/td>\n<\/tr>\n<tr>\n<td align=\"left\">II &#8211; Servidor com remunera\u00e7\u00e3o bruta (sal\u00e1rio e vantagens) de at\u00e9 R$ 5.000,00 (cinco mil reais)<\/td>\n<td align=\"center\">Isento<\/td>\n<\/tr>\n<tr>\n<td align=\"left\">III &#8211; Servidor com remunera\u00e7\u00e3o bruta (sal\u00e1rio e vantagens) entre R$ 5.000,01 (cinco mil reais e um<br \/>\ncentavo) at\u00e9 R$ 10.000,00 (dez mil reais)<\/td>\n<td align=\"center\">R$ 10,00<\/td>\n<\/tr>\n<tr>\n<td align=\"left\">IV &#8211; Servidor com remunera\u00e7\u00e3o bruta (sal\u00e1rio e vantagens) superior a R$ 10.000,00 (dez mil reais)<\/td>\n<td align=\"center\">R$ 12,00<\/td>\n<\/tr>\n<tr>\n<td align=\"left\">V &#8211; P\u00fablico Externo<\/td>\n<td align=\"center\">R$ 14,00<\/td>\n<\/tr>\n<\/tbody>\n<\/table>\n","protected":false},"excerpt":{"rendered":"<p>&nbsp; I &#8211; Acad\u00eamicos R$ 3,80 II &#8211; Servidor com remunera\u00e7\u00e3o bruta (sal\u00e1rio e vantagens) de at\u00e9 R$ 5.000,00 (cinco mil reais) Isento III &#8211; Servidor com remunera\u00e7\u00e3o bruta (sal\u00e1rio e vantagens) entre R$ 5.000,01 (cinco mil reais e um centavo) at\u00e9 R$ 10.000,00 (dez mil reais) R$ 10,00 IV &#8211; Servidor com remunera\u00e7\u00e3o bruta&nbsp;&hellip;<\/p>\n","protected":false},"author":378,"featured_media":0,"parent":0,"menu_order":0,"comment_status":"closed","ping_status":"closed","template":"","meta":[],"_links":{"self":[{"href":"https:\/\/www2.uepg.br\/ru\/wp-json\/wp\/v2\/pages\/146"}],"collection":[{"href":"https:\/\/www2.uepg.br\/ru\/wp-json\/wp\/v2\/pages"}],"about":[{"href":"https:\/\/www2.uepg.br\/ru\/wp-json\/wp\/v2\/types\/page"}],"author":[{"embeddable":true,"href":"https:\/\/www2.uepg.br\/ru\/wp-json\/wp\/v2\/users\/378"}],"replies":[{"embeddable":true,"href":"https:\/\/www2.uepg.br\/ru\/wp-json\/wp\/v2\/comments?post=146"}],"version-history":[{"count":10,"href":"https:\/\/www2.uepg.br\/ru\/wp-json\/wp\/v2\/pages\/146\/revisions"}],"predecessor-version":[{"id":222,"href":"https:\/\/www2.uepg.br\/ru\/wp-json\/wp\/v2\/pages\/146\/revisions\/222"}],"wp:attachment":[{"href":"https:\/\/www2.uepg.br\/ru\/wp-json\/wp\/v2\/media?parent=146"}],"curies":[{"name":"wp","href":"https:\/\/api.w.org\/{rel}","templated":true}]}}