{"id":147,"date":"2022-06-03T15:02:41","date_gmt":"2022-06-03T18:02:41","guid":{"rendered":"https:\/\/www2.uepg.br\/ru\/?page_id=147"},"modified":"2023-04-17T14:52:39","modified_gmt":"2023-04-17T17:52:39","slug":"cardapio-da-semana","status":"publish","type":"page","link":"https:\/\/www2.uepg.br\/ru\/cardapio-da-semana\/","title":{"rendered":"Card\u00e1pio da Semana"},"content":{"rendered":"<div id=\"pl-147\"  class=\"panel-layout\" ><div id=\"pg-147-0\"  class=\"panel-grid panel-no-style\" ><div id=\"pgc-147-0-0\"  class=\"panel-grid-cell\" ><div id=\"panel-147-0-0-0\" class=\"so-panel widget widget_sow-button panel-first-child\" data-index=\"0\" ><div\n\t\t\t\n\t\t\tclass=\"so-widget-sow-button so-widget-sow-button-atom-a430cb7132eb-147\"\n\t\t\t\n\t\t><div class=\"ow-button-base ow-button-align-center\">\n\t<a href=\"https:\/\/ru.uepg.br\/cardapios\/consulta\" class=\"ow-icon-placement-left ow-button-hover\" target=\"_blank\" rel=\"noopener noreferrer\" \t\t>\n\t\t<span>\n\t\t\t\n\t\t\tAcesse o Card\u00e1pio AQUI\t\t<\/span>\n\t<\/a>\n<\/div>\n<\/div><\/div><div id=\"panel-147-0-0-1\" class=\"so-panel widget widget_sow-editor panel-last-child\" data-index=\"1\" ><div\n\t\t\t\n\t\t\tclass=\"so-widget-sow-editor so-widget-sow-editor-base\"\n\t\t\t\n\t\t>\n<div class=\"siteorigin-widget-tinymce textwidget\">\n\t<p style=\"text-align: center;\" align=\"left\">O consumo de\u00a0arroz, feij\u00e3o, saladas e sucos ficam\u00a0<u>a crit\u00e9rio do usu\u00e1rio<\/u>, entretanto, a\u00a0carne, guarni\u00e7\u00e3o e sobremesa\u00a0\u00a0ficam\u00a0<u>restritas a\u00a0uma (01) por\u00e7\u00e3o por pessoa<\/u><\/p>\n<p style=\"text-align: center;\" align=\"left\">Diariamente s\u00e3o servidos pratos quentes, salada, uma guarni\u00e7\u00e3o, carne e sobremesa.<\/p>\n<p style=\"text-align: center;\" align=\"left\">A horticultura servida \u00e9 tamb\u00e9m proveniente da horta universit\u00e1ria, produzida pelos alunos e professores do Col\u00e9gio Estadual Agr\u00edcola Augusto Ribas.<\/p>\n<p style=\"text-align: center;\" align=\"left\"><b>PODER\u00c1 HAVER ALTERA\u00c7\u00d5ES DO CARD\u00c1PIO SEM AVISO PR\u00c9VIO<\/b><\/p>\n<p style=\"text-align: center;\" align=\"left\"><b>O card\u00e1pio pode sofrer altera\u00e7\u00f5es quando:<\/b><\/p>\n<p style=\"text-align: center;\" align=\"left\">- N\u00e3o h\u00e1 entrega dos produtos pela empresa fornecedora;<\/p>\n<p style=\"text-align: center;\" align=\"left\">- O fornecedor, por dificuldades log\u00edsticas, n\u00e3o consegue entregar o insumo no prazo h\u00e1bil para a prepara\u00e7\u00e3o;<\/p>\n<p style=\"text-align: center;\" align=\"left\">- Por varia\u00e7\u00f5es clim\u00e1ticas as horticulturas ficam em estado de desaproveitamento.<\/p>\n<\/div>\n<\/div><\/div><\/div><\/div><\/div>","protected":false},"excerpt":{"rendered":"<p>O consumo de\u00a0arroz, feij\u00e3o, saladas e sucos ficam\u00a0a crit\u00e9rio do usu\u00e1rio, entretanto, a\u00a0carne, guarni\u00e7\u00e3o e sobremesa\u00a0\u00a0ficam\u00a0restritas a\u00a0uma (01) por\u00e7\u00e3o por pessoa Diariamente s\u00e3o servidos pratos quentes, salada, uma guarni\u00e7\u00e3o, carne e sobremesa. A horticultura servida \u00e9 tamb\u00e9m proveniente da horta universit\u00e1ria, produzida pelos alunos e professores do Col\u00e9gio Estadual Agr\u00edcola Augusto Ribas. PODER\u00c1 HAVER ALTERA\u00c7\u00d5ES&nbsp;&hellip;<\/p>\n","protected":false},"author":378,"featured_media":0,"parent":0,"menu_order":0,"comment_status":"closed","ping_status":"closed","template":"","meta":[],"_links":{"self":[{"href":"https:\/\/www2.uepg.br\/ru\/wp-json\/wp\/v2\/pages\/147"}],"collection":[{"href":"https:\/\/www2.uepg.br\/ru\/wp-json\/wp\/v2\/pages"}],"about":[{"href":"https:\/\/www2.uepg.br\/ru\/wp-json\/wp\/v2\/types\/page"}],"author":[{"embeddable":true,"href":"https:\/\/www2.uepg.br\/ru\/wp-json\/wp\/v2\/users\/378"}],"replies":[{"embeddable":true,"href":"https:\/\/www2.uepg.br\/ru\/wp-json\/wp\/v2\/comments?post=147"}],"version-history":[{"count":9,"href":"https:\/\/www2.uepg.br\/ru\/wp-json\/wp\/v2\/pages\/147\/revisions"}],"predecessor-version":[{"id":231,"href":"https:\/\/www2.uepg.br\/ru\/wp-json\/wp\/v2\/pages\/147\/revisions\/231"}],"wp:attachment":[{"href":"https:\/\/www2.uepg.br\/ru\/wp-json\/wp\/v2\/media?parent=147"}],"curies":[{"name":"wp","href":"https:\/\/api.w.org\/{rel}","templated":true}]}}