{"id":148,"date":"2022-06-03T15:02:41","date_gmt":"2022-06-03T18:02:41","guid":{"rendered":"https:\/\/www2.uepg.br\/ru\/?page_id=148"},"modified":"2025-03-10T09:43:31","modified_gmt":"2025-03-10T12:43:31","slug":"horarios-de-funcionamento","status":"publish","type":"page","link":"https:\/\/www2.uepg.br\/ru\/horarios-de-funcionamento\/","title":{"rendered":"Hor\u00e1rios de Funcionamento"},"content":{"rendered":"<table style=\"font-family: verdana, geneva, sans-serif; font-size: 20px;\" border=\"1\" cellspacing=\"1\" cellpadding=\"4\" align=\"center\">\n<tbody>\n<tr>\n<td align=\"center\">Campus Central<\/td>\n<td align=\"center\">Campus Uvaranas<\/td>\n<\/tr>\n<tr>\n<td align=\"left\">ALMO\u00c7O: 11:00 \u00e0s 12h30<br \/>\nJANTA: 17:30 \u00e0s 19:00<\/td>\n<td align=\"left\">ALMO\u00c7O: 11:00 \u00e0s 13:00<br \/>\nJANTA: 17:45 \u00e0s 18:30S\u00e1bado somente almo\u00e7o das 11:30 \u00e0s 12:00h<\/td>\n<\/tr>\n<\/tbody>\n<\/table>\n","protected":false},"excerpt":{"rendered":"<p>Campus Central Campus Uvaranas ALMO\u00c7O: 11:00 \u00e0s 12h30 JANTA: 17:30 \u00e0s 19:00 ALMO\u00c7O: 11:00 \u00e0s 13:00 JANTA: 17:45 \u00e0s 18:30S\u00e1bado somente almo\u00e7o das 11:30 \u00e0s 12:00h<\/p>\n","protected":false},"author":378,"featured_media":0,"parent":0,"menu_order":0,"comment_status":"closed","ping_status":"closed","template":"","meta":[],"_links":{"self":[{"href":"https:\/\/www2.uepg.br\/ru\/wp-json\/wp\/v2\/pages\/148"}],"collection":[{"href":"https:\/\/www2.uepg.br\/ru\/wp-json\/wp\/v2\/pages"}],"about":[{"href":"https:\/\/www2.uepg.br\/ru\/wp-json\/wp\/v2\/types\/page"}],"author":[{"embeddable":true,"href":"https:\/\/www2.uepg.br\/ru\/wp-json\/wp\/v2\/users\/378"}],"replies":[{"embeddable":true,"href":"https:\/\/www2.uepg.br\/ru\/wp-json\/wp\/v2\/comments?post=148"}],"version-history":[{"count":5,"href":"https:\/\/www2.uepg.br\/ru\/wp-json\/wp\/v2\/pages\/148\/revisions"}],"predecessor-version":[{"id":248,"href":"https:\/\/www2.uepg.br\/ru\/wp-json\/wp\/v2\/pages\/148\/revisions\/248"}],"wp:attachment":[{"href":"https:\/\/www2.uepg.br\/ru\/wp-json\/wp\/v2\/media?parent=148"}],"curies":[{"name":"wp","href":"https:\/\/api.w.org\/{rel}","templated":true}]}}