{"id":149,"date":"2022-06-03T15:02:41","date_gmt":"2022-06-03T18:02:41","guid":{"rendered":"https:\/\/www2.uepg.br\/ru\/?page_id=149"},"modified":"2022-06-03T15:42:41","modified_gmt":"2022-06-03T18:42:41","slug":"informacoes-gerais","status":"publish","type":"page","link":"https:\/\/www2.uepg.br\/ru\/informacoes-gerais\/","title":{"rendered":"Informa\u00e7\u00f5es Gerais"},"content":{"rendered":"<p align=\"left\">&#8211; O sistema de atendimento \u00e9 self-service<\/p>\n<p align=\"center\"><span style=\"color: #ff0000;\"><b>EVITE O DESPERD\u00cdCIO<br \/>\ncoloque em seu prato, somente a quantidade que ir\u00e1 consumir<\/b><\/span><\/p>\n<p align=\"left\">&#8211; Quando oferecido sucos, os usu\u00e1rios devem trazer seu pr\u00f3prio copo\/caneca. Por quest\u00e3o de higiene n\u00e3o \u00e9 permitido o uso de garrafas para suco.<\/p>\n<p align=\"center\"><span style=\"color: #ff0000;\"><b>COPOS PL\u00c1STICOS DEGRADAM O MEIO AMBIENTE<br \/>\ntente utilizar sua pr\u00f3pria\u00a0caneca pl\u00e1stica retorn\u00e1vel.<\/b><\/span><\/p>\n<p align=\"left\">&#8211; Ap\u00f3s as refei\u00e7\u00f5es, os pratos e os talheres dever\u00e3o ser devolvidos \u00a0<u><b>SEPARADAMENTE<\/b><\/u>\u00a0em seus respectivos locais, sem res\u00edduos de alimentos e descart\u00e1veis, que devem ser acondicionados nos locais destinados.<\/p>\n<p align=\"left\">&#8211; N\u00e3o ser\u00e1 permitida a entrada de usu\u00e1rio portando jaleco, sem cal\u00e7ados ou sem camisa.<\/p>\n<p align=\"left\">&#8211; Evitar o uso de celulares no interior do Restaurante. N\u00e3o esque\u00e7a que outros usu\u00e1rios esperam na fila.<\/p>\n<p align=\"left\">&#8211; Tenha sempre \u00e0 m\u00e3o a carteirinha ou documento que comprove o v\u00ednculo com a Institui\u00e7\u00e3o para agilizar o atendimento.<\/p>\n<p align=\"left\">&#8211; Calouros de Gradua\u00e7\u00e3o e novos Alunos dos Cursos de P\u00f3s-Gradua\u00e7\u00e3o que n\u00e3o dispuserem da carteira de Identifica\u00e7\u00e3o em virtude de matr\u00edcula recente, poder\u00e3o apresentar comprovante de matr\u00edcula juntamente com documento de identifica\u00e7\u00e3o com foto para procederem \u00e0 compra de refei\u00e7\u00f5es.<br \/>\n<b>Obs: ap\u00f3s a emiss\u00e3o da carteira de identifica\u00e7\u00e3o estudantil, este comprovante n\u00e3o ser\u00e1 mais aceito.<\/b><\/p>\n","protected":false},"excerpt":{"rendered":"<p>&#8211; O sistema de atendimento \u00e9 self-service EVITE O DESPERD\u00cdCIO coloque em seu prato, somente a quantidade que ir\u00e1 consumir &#8211; Quando oferecido sucos, os usu\u00e1rios devem trazer seu pr\u00f3prio copo\/caneca. Por quest\u00e3o de higiene n\u00e3o \u00e9 permitido o uso de garrafas para suco. COPOS PL\u00c1STICOS DEGRADAM O MEIO AMBIENTE tente utilizar sua pr\u00f3pria\u00a0caneca pl\u00e1stica&nbsp;&hellip;<\/p>\n","protected":false},"author":378,"featured_media":0,"parent":0,"menu_order":0,"comment_status":"closed","ping_status":"closed","template":"","meta":[],"_links":{"self":[{"href":"https:\/\/www2.uepg.br\/ru\/wp-json\/wp\/v2\/pages\/149"}],"collection":[{"href":"https:\/\/www2.uepg.br\/ru\/wp-json\/wp\/v2\/pages"}],"about":[{"href":"https:\/\/www2.uepg.br\/ru\/wp-json\/wp\/v2\/types\/page"}],"author":[{"embeddable":true,"href":"https:\/\/www2.uepg.br\/ru\/wp-json\/wp\/v2\/users\/378"}],"replies":[{"embeddable":true,"href":"https:\/\/www2.uepg.br\/ru\/wp-json\/wp\/v2\/comments?post=149"}],"version-history":[{"count":3,"href":"https:\/\/www2.uepg.br\/ru\/wp-json\/wp\/v2\/pages\/149\/revisions"}],"predecessor-version":[{"id":195,"href":"https:\/\/www2.uepg.br\/ru\/wp-json\/wp\/v2\/pages\/149\/revisions\/195"}],"wp:attachment":[{"href":"https:\/\/www2.uepg.br\/ru\/wp-json\/wp\/v2\/media?parent=149"}],"curies":[{"name":"wp","href":"https:\/\/api.w.org\/{rel}","templated":true}]}}