{"id":150,"date":"2022-06-03T15:02:41","date_gmt":"2022-06-03T18:02:41","guid":{"rendered":"https:\/\/www2.uepg.br\/ru\/?page_id=150"},"modified":"2022-06-03T15:55:08","modified_gmt":"2022-06-03T18:55:08","slug":"achados-e-perdidos","status":"publish","type":"page","link":"https:\/\/www2.uepg.br\/ru\/achados-e-perdidos\/","title":{"rendered":"Achados e Perdidos"},"content":{"rendered":"<p style=\"text-align: center;\">Todos os pertences encontrados no interior dos restaurantes ser\u00e3o encaminhados para a Se\u00e7\u00e3o de Vigil\u00e2ncia local.<\/p>\n","protected":false},"excerpt":{"rendered":"<p>Todos os pertences encontrados no interior dos restaurantes ser\u00e3o encaminhados para a Se\u00e7\u00e3o de Vigil\u00e2ncia local.<\/p>\n","protected":false},"author":378,"featured_media":0,"parent":0,"menu_order":0,"comment_status":"closed","ping_status":"closed","template":"","meta":[],"_links":{"self":[{"href":"https:\/\/www2.uepg.br\/ru\/wp-json\/wp\/v2\/pages\/150"}],"collection":[{"href":"https:\/\/www2.uepg.br\/ru\/wp-json\/wp\/v2\/pages"}],"about":[{"href":"https:\/\/www2.uepg.br\/ru\/wp-json\/wp\/v2\/types\/page"}],"author":[{"embeddable":true,"href":"https:\/\/www2.uepg.br\/ru\/wp-json\/wp\/v2\/users\/378"}],"replies":[{"embeddable":true,"href":"https:\/\/www2.uepg.br\/ru\/wp-json\/wp\/v2\/comments?post=150"}],"version-history":[{"count":2,"href":"https:\/\/www2.uepg.br\/ru\/wp-json\/wp\/v2\/pages\/150\/revisions"}],"predecessor-version":[{"id":196,"href":"https:\/\/www2.uepg.br\/ru\/wp-json\/wp\/v2\/pages\/150\/revisions\/196"}],"wp:attachment":[{"href":"https:\/\/www2.uepg.br\/ru\/wp-json\/wp\/v2\/media?parent=150"}],"curies":[{"name":"wp","href":"https:\/\/api.w.org\/{rel}","templated":true}]}}