{"id":6,"date":"2020-04-20T14:56:52","date_gmt":"2020-04-20T17:56:52","guid":{"rendered":"http:\/\/www2.uepg.br\/ru\/?page_id=6"},"modified":"2024-03-14T12:14:47","modified_gmt":"2024-03-14T15:14:47","slug":"home","status":"publish","type":"page","link":"https:\/\/www2.uepg.br\/ru\/","title":{"rendered":"Home"},"content":{"rendered":"<div id=\"pl-6\"  class=\"panel-layout\" ><div id=\"pg-6-0\"  class=\"panel-grid panel-no-style\" ><div id=\"pgc-6-0-0\"  class=\"panel-grid-cell\" ><div id=\"panel-6-0-0-0\" class=\"so-panel widget widget_sow-editor panel-first-child panel-last-child\" data-index=\"0\" ><div class=\"panel-widget-style panel-widget-style-for-6-0-0-0\" ><div\n\t\t\t\n\t\t\tclass=\"so-widget-sow-editor so-widget-sow-editor-base\"\n\t\t\t\n\t\t>\n<div class=\"siteorigin-widget-tinymce textwidget\">\n\t<p align=\"left\">Os Restaurantes Universit\u00e1rios da Universidade Estadual de Ponta Grossa est\u00e3o localizados no Campus Central e Campus Universit\u00e1rio em Uvaranas \u2013 CAAR.<\/p>\n<p align=\"left\">Visando uma alimenta\u00e7\u00e3o balanceada, de qualidade e baixo custo, os Restaurantes s\u00e3o auxiliados por uma nutricionista.<\/p>\n<p align=\"left\">Com capacidade de atendimento para 124 pessoas no Campus Central e 398 pessoas no Campus Universit\u00e1rio em Uvaranas. Nossos Restaurantes Universit\u00e1rios trabalham em sistema de rod\u00edzio, onde atendem diariamente, aproximadamente, 2000 usu\u00e1rios.<\/p>\n<p align=\"left\">A comunidade universit\u00e1ria sempre ser\u00e1 bem vinda aos Restaurantes Universit\u00e1rios e nossos funcion\u00e1rios estar\u00e3o sempre a disposi\u00e7\u00e3o para o atendimento adequado e eficiente a fim de proporcionar conforto e agilidade. Para que isso seja poss\u00edvel \u00e9 necess\u00e1rio contar com o apoio e comprometimento de seus usu\u00e1rios, respeitando os lugares de fila e utilizando-se do tempo necess\u00e1rio para a sua alimenta\u00e7\u00e3o no interior dos restaurantes.<\/p>\n<p align=\"center\"><strong>O respeito a si mesmo baseia-se no respeito que se professa ao outro como pessoa.<\/strong><\/p>\n<p align=\"center\"><strong>Ser educado com funcion\u00e1rios e colegas \u00e9 primordial para a conserva\u00e7\u00e3o de um ambiente agrad\u00e1vel<\/strong><\/p>\n<p align=\"center\"><span style=\"color: #ff0000;\">\u00c9 OBRIGAT\u00d3RIA PARA ACESSO AOS RESTAURANTES A APRESENTA\u00c7\u00c3O DA CARTEIRA DE IDENTIFICA\u00c7\u00c3O<\/span><\/p>\n<\/div>\n<\/div><\/div><\/div><\/div><\/div><div id=\"pg-6-1\"  class=\"panel-grid panel-no-style\" ><div id=\"pgc-6-1-0\"  class=\"panel-grid-cell\" ><div id=\"panel-6-1-0-0\" class=\"so-panel widget widget_sow-features panel-first-child panel-last-child\" data-index=\"1\" ><div class=\"panel-widget-style panel-widget-style-for-6-1-0-0\" ><div\n\t\t\t\n\t\t\tclass=\"so-widget-sow-features so-widget-sow-features-default-2ea7ff336684-6\"\n\t\t\t\n\t\t>\n<div class=\"sow-features-list sow-features-responsive\">\n\n\t\t\t\t\t\t<div\n\t\t\t\tclass=\"sow-features-feature sow-icon-container-position-top sow-features-feature-last-row\"\n\t\t\t\tstyle=\"display: flex; flex-direction: column; float: left; width: 33.333%;\"\n\t\t\t>\n\n\t\t\t\t\t\t\t\t\t<a\n\t\t\t\t\t\thref=\"https:\/\/www.uepg.br\/\"\n\t\t\t\t\t\t\t\t\t\t\t>\n\t\t\t\t\t\t\t\t<div\n\t\t\t\t\tclass=\"sow-icon-container sow-container-rounded-square\"\n                    style=\"color: #03336c; \"\n\t\t\t\t\ttitle=\"Portal UEPG\">\n\t\t\t\t\t<span class=\"sow-icon-fontawesome sow-fas\" data-sow-icon=\"&#xf19c;\"\n\t\tstyle=\"font-size: 50px; color: #FFFFFF\" \n\t\taria-hidden=\"true\"><\/span>\t\t\t\t<\/div>\n\t\t\t\t\t\t\t\t\t<\/a>\n\t\t\t\t\n\t\t\t\t<div class=\"textwidget\">\n\t\t\t\t\t\t\t\t\t\t\t<h5>\n\t\t\t\t\t\t\t\t\t\t\t\t\t\t\t<a\n\t\t\t\t\t\t\t\t\thref=\"https:\/\/www.uepg.br\/\"\n\t\t\t\t\t\t\t\t\t\t\t\t\t\t\t\t\t>\n\t\t\t\t\t\t\t\n\t\t\t\t\t\t\tPortal UEPG\t\t\t\t\t\t\t\t\t\t\t\t\t\t\t<\/a>\n\t\t\t\t\t\t\t\t\t\t\t\t\t<\/h5>\n\t\t\t\t\t\n\t\t\t\t\t\n\t\t\t\t\t\t\t\t\t<\/div>\n\t\t\t\t\t\t\t<\/div>\n\n\t\t\t\t\t<div\n\t\t\t\tclass=\"sow-features-feature sow-icon-container-position-top sow-features-feature-last-row\"\n\t\t\t\tstyle=\"display: flex; flex-direction: column; float: left; width: 33.333%;\"\n\t\t\t>\n\n\t\t\t\t\t\t\t\t\t<a\n\t\t\t\t\t\thref=\"https:\/\/ru.uepg.br\"\n\t\t\t\t\t\t\t\t\t\t\t>\n\t\t\t\t\t\t\t\t<div\n\t\t\t\t\tclass=\"sow-icon-container sow-container-rounded-square\"\n                    style=\"color: #404040; \"\n\t\t\t\t\ttitle=\"Sistema RU\">\n\t\t\t\t\t<div class=\"sow-icon-image\" style=\"background-image: url(https:\/\/www2.uepg.br\/ru\/wp-content\/uploads\/sites\/248\/2024\/03\/ru2.png); font-size: 50px\"><\/div>\t\t\t\t<\/div>\n\t\t\t\t\t\t\t\t\t<\/a>\n\t\t\t\t\n\t\t\t\t<div class=\"textwidget\">\n\t\t\t\t\t\t\t\t\t\t\t<h5>\n\t\t\t\t\t\t\t\t\t\t\t\t\t\t\t<a\n\t\t\t\t\t\t\t\t\thref=\"https:\/\/ru.uepg.br\"\n\t\t\t\t\t\t\t\t\t\t\t\t\t\t\t\t\t>\n\t\t\t\t\t\t\t\n\t\t\t\t\t\t\tSistema RU\t\t\t\t\t\t\t\t\t\t\t\t\t\t\t<\/a>\n\t\t\t\t\t\t\t\t\t\t\t\t\t<\/h5>\n\t\t\t\t\t\n\t\t\t\t\t\n\t\t\t\t\t\t\t\t\t<\/div>\n\t\t\t\t\t\t\t<\/div>\n\n\t\t\t\t\t<div\n\t\t\t\tclass=\"sow-features-feature sow-icon-container-position-top sow-features-feature-last-row\"\n\t\t\t\tstyle=\"display: flex; flex-direction: column; float: left; width: 33.333%;\"\n\t\t\t>\n\n\t\t\t\t\t\t\t\t\t<a\n\t\t\t\t\t\thref=\"https:\/\/sei.uepg.br\/\"\n\t\t\t\t\t\t\t\t\t\t\t>\n\t\t\t\t\t\t\t\t<div\n\t\t\t\t\tclass=\"sow-icon-container sow-container-rounded-square\"\n                    style=\"color: #ffffff; \"\n\t\t\t\t\ttitle=\"Protocolo Digital\">\n\t\t\t\t\t<div class=\"sow-icon-image\" style=\"background-image: url(https:\/\/www2.uepg.br\/ru\/wp-content\/uploads\/sites\/248\/2020\/04\/sei.jpg); font-size: 50px\"><\/div>\t\t\t\t<\/div>\n\t\t\t\t\t\t\t\t\t<\/a>\n\t\t\t\t\n\t\t\t\t<div class=\"textwidget\">\n\t\t\t\t\t\t\t\t\t\t\t<h5>\n\t\t\t\t\t\t\t\t\t\t\t\t\t\t\t<a\n\t\t\t\t\t\t\t\t\thref=\"https:\/\/sei.uepg.br\/\"\n\t\t\t\t\t\t\t\t\t\t\t\t\t\t\t\t\t>\n\t\t\t\t\t\t\t\n\t\t\t\t\t\t\tProtocolo Digital\t\t\t\t\t\t\t\t\t\t\t\t\t\t\t<\/a>\n\t\t\t\t\t\t\t\t\t\t\t\t\t<\/h5>\n\t\t\t\t\t\n\t\t\t\t\t\n\t\t\t\t\t\t\t\t\t<\/div>\n\t\t\t\t\t\t\t<\/div>\n\n\t\t\t\n<\/div>\n<\/div><\/div><\/div><\/div><\/div><\/div>","protected":false},"excerpt":{"rendered":"<p>Os Restaurantes Universit\u00e1rios da Universidade Estadual de Ponta Grossa est\u00e3o localizados no Campus Central e Campus Universit\u00e1rio em Uvaranas \u2013 CAAR. Visando uma alimenta\u00e7\u00e3o balanceada, de qualidade e baixo custo, os Restaurantes s\u00e3o auxiliados por uma nutricionista. Com capacidade de atendimento para 124 pessoas no Campus Central e 398 pessoas no Campus Universit\u00e1rio em Uvaranas.&nbsp;&hellip;<\/p>\n","protected":false},"author":24,"featured_media":0,"parent":0,"menu_order":0,"comment_status":"closed","ping_status":"closed","template":"","meta":[],"_links":{"self":[{"href":"https:\/\/www2.uepg.br\/ru\/wp-json\/wp\/v2\/pages\/6"}],"collection":[{"href":"https:\/\/www2.uepg.br\/ru\/wp-json\/wp\/v2\/pages"}],"about":[{"href":"https:\/\/www2.uepg.br\/ru\/wp-json\/wp\/v2\/types\/page"}],"author":[{"embeddable":true,"href":"https:\/\/www2.uepg.br\/ru\/wp-json\/wp\/v2\/users\/24"}],"replies":[{"embeddable":true,"href":"https:\/\/www2.uepg.br\/ru\/wp-json\/wp\/v2\/comments?post=6"}],"version-history":[{"count":12,"href":"https:\/\/www2.uepg.br\/ru\/wp-json\/wp\/v2\/pages\/6\/revisions"}],"predecessor-version":[{"id":240,"href":"https:\/\/www2.uepg.br\/ru\/wp-json\/wp\/v2\/pages\/6\/revisions\/240"}],"wp:attachment":[{"href":"https:\/\/www2.uepg.br\/ru\/wp-json\/wp\/v2\/media?parent=6"}],"curies":[{"name":"wp","href":"https:\/\/api.w.org\/{rel}","templated":true}]}}