{"id":127,"date":"2021-04-13T11:31:32","date_gmt":"2021-04-13T14:31:32","guid":{"rendered":"https:\/\/www2.uepg.br\/sebisa\/?page_id=127"},"modified":"2024-06-05T16:46:09","modified_gmt":"2024-06-05T19:46:09","slug":"departamentos","status":"publish","type":"page","link":"https:\/\/www2.uepg.br\/sebisa\/departamentos\/","title":{"rendered":"Departamentos"},"content":{"rendered":"<h1 class=\"entry-title\">Departamentos<\/h1>\n<div class=\"entry-content\">\n<div class=\"at-above-post-page addthis_tool\" data-url=\"https:\/\/www3.uepg.br\/sebisa\/departamentos\/\"><\/div>\n<hr \/>\n<ul>\n<li><a href=\"https:\/\/www2.uepg.br\/sebisa\/declin\/\">Departamento de An\u00e1lises Cl\u00ednicas e Toxicol\u00f3gicas (DECLIN)<\/a><\/li>\n<li><a href=\"https:\/\/www2.uepg.br\/sebisa\/debiogem\/\">Departamento de Biologia Estrutural, Molecular e Gen\u00e9tica (DEBIOGEM)<\/a><\/li>\n<li><a href=\"https:\/\/www2.uepg.br\/sebisa\/debio\/\">Departamento de Biologia Geral (DEBIO)<\/a><\/li>\n<li><a href=\"https:\/\/www2.uepg.br\/sebisa\/defar\/\">Departamento de\u00a0Ci\u00eancias Farmac\u00eauticas (DEFAR)<\/a><\/li>\n<li><a href=\"https:\/\/www2.uepg.br\/sebisa\/dedufis\/\">Departamento de Educa\u00e7\u00e3o F\u00edsica (DEDUFIS)<\/a><\/li>\n<li><a href=\"https:\/\/www2.uepg.br\/sebisa\/denf\/\">Departamento de Enfermagem (DENF)<\/a><\/li>\n<li><a href=\"https:\/\/www2.uepg.br\/sebisa\/desp\/\">Departamento de Sa\u00fade P\u00fablica (DESP)<\/a><\/li>\n<li><a href=\"https:\/\/www2.uepg.br\/sebisa\/demed\/\">Departamento de Medicina (DEMED)<\/a><\/li>\n<li><a href=\"https:\/\/www2.uepg.br\/sebisa\/deodon\/\">Departamento de Odontologia (DEODON)<\/a><\/li>\n<\/ul>\n<\/div>\n","protected":false},"excerpt":{"rendered":"<p>Departamentos Departamento de An\u00e1lises Cl\u00ednicas e Toxicol\u00f3gicas (DECLIN) Departamento de Biologia Estrutural, Molecular e Gen\u00e9tica (DEBIOGEM) Departamento de Biologia Geral (DEBIO) Departamento de\u00a0Ci\u00eancias Farmac\u00eauticas (DEFAR) Departamento de Educa\u00e7\u00e3o F\u00edsica (DEDUFIS) Departamento de Enfermagem (DENF) Departamento de Sa\u00fade P\u00fablica (DESP) Departamento de Medicina (DEMED) Departamento de Odontologia (DEODON)<\/p>\n","protected":false},"author":305,"featured_media":0,"parent":0,"menu_order":0,"comment_status":"closed","ping_status":"closed","template":"","meta":[],"_links":{"self":[{"href":"https:\/\/www2.uepg.br\/sebisa\/wp-json\/wp\/v2\/pages\/127"}],"collection":[{"href":"https:\/\/www2.uepg.br\/sebisa\/wp-json\/wp\/v2\/pages"}],"about":[{"href":"https:\/\/www2.uepg.br\/sebisa\/wp-json\/wp\/v2\/types\/page"}],"author":[{"embeddable":true,"href":"https:\/\/www2.uepg.br\/sebisa\/wp-json\/wp\/v2\/users\/305"}],"replies":[{"embeddable":true,"href":"https:\/\/www2.uepg.br\/sebisa\/wp-json\/wp\/v2\/comments?post=127"}],"version-history":[{"count":14,"href":"https:\/\/www2.uepg.br\/sebisa\/wp-json\/wp\/v2\/pages\/127\/revisions"}],"predecessor-version":[{"id":1313,"href":"https:\/\/www2.uepg.br\/sebisa\/wp-json\/wp\/v2\/pages\/127\/revisions\/1313"}],"wp:attachment":[{"href":"https:\/\/www2.uepg.br\/sebisa\/wp-json\/wp\/v2\/media?parent=127"}],"curies":[{"name":"wp","href":"https:\/\/api.w.org\/{rel}","templated":true}]}}