{"id":1294,"date":"2024-06-05T16:15:15","date_gmt":"2024-06-05T19:15:15","guid":{"rendered":"https:\/\/www2.uepg.br\/sebisa\/?page_id=1294"},"modified":"2024-06-06T11:17:08","modified_gmt":"2024-06-06T14:17:08","slug":"desp","status":"publish","type":"page","link":"https:\/\/www2.uepg.br\/sebisa\/desp\/","title":{"rendered":"DESP"},"content":{"rendered":"<h1 class=\"entry-title\">DESP<\/h1>\n<div class=\"entry-content\">\n<h2>Departamento de Sa\u00fade P\u00fablica<\/h2>\n<p><a href=\"http:\/\/pitangui.uepg.br\/departamentos\/desp\/\" target=\"_blank\" rel=\"noopener\">P\u00e1gina Oficial<\/a><\/p>\n<h3 id=\"estrutura\">Estrutura do Departamento<\/h3>\n<p><strong>Chefe do Departamento<\/strong><br \/>\nErildo Vicente M\u00fcller<\/p>\n<p><strong>Chefe Adjunto<\/strong><br \/>\nCarlos Eduardo Coradassi<\/p>\n<p><strong>Secret\u00e1ria<\/strong><br \/>\nSusana Maria Csecalski de Albuquerque \u00a0\u2013 desp@uepg.br<\/p>\n<p><em>Per\u00edodo: 2023 \u2013 2025<\/em><\/p>\n<hr \/>\n<h3 id=\"professores\">Professores<\/h3>\n<table width=\"1003\">\n<tbody>\n<tr>\n<td colspan=\"4\" width=\"1003\"><strong>EFETIVOS<\/strong><\/td>\n<\/tr>\n<tr>\n<td width=\"276\"><strong>Nome<\/strong><\/td>\n<td width=\"132\"><strong>Titula\u00e7\u00e3o<\/strong><\/td>\n<td width=\"274\"><strong>E-mail<\/strong><\/td>\n<td width=\"321\"><strong>Curr\u00edculo Lattes<\/strong><\/td>\n<\/tr>\n<tr>\n<td width=\"276\">Carlos Eduardo Coradassi<\/td>\n<td style=\"text-align: center\" width=\"132\">Doutorado<\/td>\n<td width=\"274\"><\/td>\n<td width=\"321\">http:\/\/lattes.cnpq.br\/3478187864216384<\/td>\n<\/tr>\n<tr>\n<td width=\"276\">Erildo Vicente M\u00fcller<\/td>\n<td style=\"text-align: center\" width=\"132\">Doutorado<\/td>\n<td width=\"274\"><\/td>\n<td width=\"321\">http:\/\/lattes.cnpq.br\/8252210775702673<\/td>\n<\/tr>\n<tr>\n<td width=\"276\">Mariele Katherine Jungles<\/td>\n<td style=\"text-align: center\" width=\"132\">Doutorado<\/td>\n<td width=\"274\"><\/td>\n<td width=\"321\">http:\/\/lattes.cnpq.br\/5147528194257932<\/td>\n<\/tr>\n<tr>\n<td width=\"276\">Milene Zanoni da Silva<\/td>\n<td style=\"text-align: center\" width=\"132\">Doutorado<\/td>\n<td width=\"274\"><\/td>\n<td width=\"321\">http:\/\/lattes.cnpq.br\/3830962653190399<\/td>\n<\/tr>\n<tr>\n<td width=\"276\">Pollyanna K\u00e1ssia de Oliveira Borges<\/td>\n<td style=\"text-align: center\" width=\"132\">Doutorado<\/td>\n<td width=\"274\"><\/td>\n<td width=\"321\">http:\/\/lattes.cnpq.br\/4443754010685656<\/td>\n<\/tr>\n<\/tbody>\n<\/table>\n<table style=\"height: 141px\" width=\"1003\">\n<tbody>\n<tr>\n<td colspan=\"4\" width=\"1003\"><strong>COLABORADORES<\/strong><\/td>\n<\/tr>\n<tr>\n<td width=\"276\">Emilia Ferro de Melo<\/td>\n<td style=\"text-align: center\" width=\"132\">Mestrado<\/td>\n<td width=\"265\"><\/td>\n<td width=\"331\">http:\/\/lattes.cnpq.br\/2615441583479348<\/td>\n<\/tr>\n<tr>\n<td width=\"276\">Graziela Argenti<\/td>\n<td style=\"text-align: center\" width=\"132\">Mestrado<\/td>\n<td width=\"265\"><\/td>\n<td width=\"331\">http:\/\/lattes.cnpq.br\/1843797814520698<\/td>\n<\/tr>\n<\/tbody>\n<\/table>\n<hr \/>\n<h3 id=\"laboratorios\">Laborat\u00f3rios<\/h3>\n<p><strong><b>Laborat\u00f3rio de Sa\u00fade ambiental M<\/b><\/strong><strong><b>&#8211;<\/b><\/strong><strong><b>74<\/b><\/strong><strong><b>\u00a0<\/b><\/strong><strong><b>A e M<\/b><\/strong><strong><b>&#8211;<\/b><\/strong><strong><b>74<\/b><\/strong><strong><b>\u00a0<\/b><\/strong><strong><b>B<\/b><\/strong><\/p>\n<p>T\u00e9cnico respons\u00e1vel: Sandra Mara Wolff Campello<\/p>\n<p><strong><b>LPRH &#8211; Laborat\u00f3rio de Pesquisas em Recursos H\u00eddricos<\/b><\/strong><\/p>\n<p>Respons\u00e1vel T\u00e9cnico: Professora Mariele Katherine Jungles<\/p>\n<p>T\u00e9cnicos respons\u00e1veis:<\/p>\n<p>Aur\u00e9lio Rodrigues<\/p>\n<p>Edelor Inglez da Luz<\/p>\n<p>Wilson Alves de Moraes<\/p>\n<p><strong><b>Call Center &#8211; <\/b><\/strong><strong><b>Sala M72<\/b><\/strong><\/p>\n<h3 id=\"disciplinas\">Disciplinas Ofertadas<\/h3>\n<table>\n<tbody>\n<tr>\n<td width=\"83\"><strong><b>C\u00d3DIGO<\/b><\/strong><\/td>\n<td width=\"314\"><strong><b>DISCIPLINA<\/b><\/strong><\/td>\n<td width=\"216\"><strong><b>Curso<\/b><\/strong><\/td>\n<\/tr>\n<tr>\n<td width=\"83\">306051<\/td>\n<td width=\"314\">Sa\u00fade Coletiva<\/td>\n<td width=\"216\">Bacharelado em Medicina<\/td>\n<\/tr>\n<tr>\n<td width=\"83\">306026<\/td>\n<td width=\"314\">Sa\u00fade Coletiva e Atividade F\u00edsica<\/td>\n<td width=\"216\">Bacharelado em Educa\u00e7\u00e3o F\u00edsica<\/td>\n<\/tr>\n<tr>\n<td width=\"83\">306050<\/td>\n<td width=\"314\">Gest\u00e3o de Servi\u00e7os de Sa\u00fade<\/td>\n<td width=\"216\">Bacharelado em Medicina<\/td>\n<\/tr>\n<tr>\n<td width=\"83\">306528<\/td>\n<td width=\"314\">Planejamento e Avalia\u00e7\u00e3o em Sa\u00fade<\/td>\n<td width=\"216\">Bacharelado em Enfermagem<\/td>\n<\/tr>\n<tr>\n<td width=\"83\">306540<\/td>\n<td width=\"314\">Tecnologias Emergentes para Educa\u00e7\u00e3o em Sa\u00fade<\/td>\n<td width=\"216\">Bacharelado em Enfermagem<\/td>\n<\/tr>\n<tr>\n<td width=\"83\">306022<\/td>\n<td width=\"314\">Epidemiologia<\/td>\n<td width=\"216\">Bacharelado em Farm\u00e1cia<\/td>\n<\/tr>\n<tr>\n<td width=\"83\">306049<\/td>\n<td width=\"314\">Epidemiologia<\/td>\n<td width=\"216\">Bacharelado em Medicina<\/td>\n<\/tr>\n<tr>\n<td width=\"83\">306025<\/td>\n<td width=\"314\">Planejamento, Gerenciamento e Financiamento em Servi\u00e7os de Sa\u00fade<\/td>\n<td width=\"216\">Bacharelado em Farm\u00e1cia<\/td>\n<\/tr>\n<tr>\n<td width=\"83\">303541<\/td>\n<td width=\"314\">Orienta\u00e7\u00e3o de Trabalho de Conclus\u00e3o de Curso I<\/td>\n<td width=\"216\">Bacharelado em Ci\u00eancias Biol\u00f3gicas<\/td>\n<\/tr>\n<tr>\n<td width=\"83\">306023<\/td>\n<td width=\"314\">Sa\u00fade Ambiental<\/td>\n<td width=\"216\">Bacharelado em Farm\u00e1cia<\/td>\n<\/tr>\n<tr>\n<td width=\"83\">303542<\/td>\n<td width=\"314\">Orienta\u00e7\u00e3o de Trabalho de Conclus\u00e3o de Curso II<\/td>\n<td width=\"216\">Bacharelado em Ci\u00eancias Biol\u00f3gicas<\/td>\n<\/tr>\n<tr>\n<td width=\"83\">306527<\/td>\n<td width=\"314\">Sa\u00fade e Meio Ambiente<\/td>\n<td width=\"216\">Bacharelado em Enfermagem<\/td>\n<\/tr>\n<tr>\n<td width=\"83\">306024<\/td>\n<td width=\"314\">Educa\u00e7\u00e3o em Sa\u00fade<\/td>\n<td width=\"216\">Bacharelado em Farm\u00e1cia<\/td>\n<\/tr>\n<tr>\n<td width=\"83\">306021<\/td>\n<td width=\"314\">Hist\u00f3ria e Paradigmas em Sa\u00fade<\/td>\n<td width=\"216\">Bacharelado em Farm\u00e1cia<\/td>\n<\/tr>\n<tr>\n<td width=\"83\">306503<\/td>\n<td width=\"314\">Sa\u00fade Coletiva I<\/td>\n<td width=\"216\">Bacharelado em Enfermagem<\/td>\n<\/tr>\n<tr>\n<td width=\"83\">306531<\/td>\n<td width=\"314\">Orienta\u00e7\u00e3o De\u00a0TCC\u00a0I<\/td>\n<td width=\"216\">Bacharelado em Enfermagem<\/td>\n<\/tr>\n<tr>\n<td width=\"83\">310009<\/td>\n<td width=\"314\">Educa\u00e7\u00e3o Ambiental<\/td>\n<td width=\"216\">Bacharelado em Odontologia<\/td>\n<\/tr>\n<tr>\n<td width=\"83\">310007<\/td>\n<td width=\"314\">Pr\u00e1ticas Integrativas e Complementares em Sa\u00fade<\/td>\n<td width=\"216\">Bacharelado em Farm\u00e1cia<\/td>\n<\/tr>\n<tr>\n<td width=\"83\">306556<\/td>\n<td width=\"314\">Sa\u00fade Coletiva e Epidemiologia<\/td>\n<td width=\"216\">Bacharelado em Farm\u00e1cia<\/td>\n<\/tr>\n<tr>\n<td width=\"83\">306512<\/td>\n<td width=\"314\">Bioestat\u00edstica<\/td>\n<td width=\"216\">Bacharelado em Enfermagem<\/td>\n<\/tr>\n<tr>\n<td width=\"83\">306510<\/td>\n<td width=\"314\">Educa\u00e7\u00e3o em Sa\u00fade<\/td>\n<td width=\"216\">Bacharelado em Enfermagem<\/td>\n<\/tr>\n<\/tbody>\n<\/table>\n<hr \/>\n<h3 id=\"cursos-atendidos\">Cursos de Gradua\u00e7\u00e3o e P\u00f3s-Gradua\u00e7\u00e3o Atendidos<\/h3>\n<ul>\n<li>Bacharelado do curso de Medicina<\/li>\n<li>Bacharelado em Enfermagem<\/li>\n<li>Bacharelado em Farm\u00e1cia<\/li>\n<li>Programa de P\u00f3s-Gradua\u00e7\u00e3o em Ci\u00eancias da Sa\u00fade<\/li>\n<\/ul>\n<hr \/>\n<h3 id=\"contato\">Contato<\/h3>\n<p><strong>Endere\u00e7o:<\/strong> Campus Uvaranas \u2013 Av. General Carlos Cavalcanti, 4748 \u2013 Bloco M &#8211; CEP 84030-900 \u2013 Ponta Grossa \u2013 Paran\u00e1.<br \/>\n<strong>Telefone:<\/strong> (42) 3220-3350<br \/>\n<strong>E-mail:<\/strong> desp@uepg.br<\/p>\n<\/div>\n","protected":false},"excerpt":{"rendered":"<p>DESP Departamento de Sa\u00fade P\u00fablica P\u00e1gina Oficial Estrutura do Departamento Chefe do Departamento Erildo Vicente M\u00fcller Chefe Adjunto Carlos Eduardo Coradassi Secret\u00e1ria Susana Maria Csecalski de Albuquerque \u00a0\u2013 desp@uepg.br Per\u00edodo: 2023 \u2013 2025 Professores EFETIVOS Nome Titula\u00e7\u00e3o E-mail Curr\u00edculo Lattes Carlos Eduardo Coradassi Doutorado http:\/\/lattes.cnpq.br\/3478187864216384 Erildo Vicente M\u00fcller Doutorado http:\/\/lattes.cnpq.br\/8252210775702673 Mariele Katherine Jungles Doutorado http:\/\/lattes.cnpq.br\/5147528194257932&nbsp;&hellip;<\/p>\n","protected":false},"author":612,"featured_media":0,"parent":0,"menu_order":0,"comment_status":"closed","ping_status":"closed","template":"","meta":[],"_links":{"self":[{"href":"https:\/\/www2.uepg.br\/sebisa\/wp-json\/wp\/v2\/pages\/1294"}],"collection":[{"href":"https:\/\/www2.uepg.br\/sebisa\/wp-json\/wp\/v2\/pages"}],"about":[{"href":"https:\/\/www2.uepg.br\/sebisa\/wp-json\/wp\/v2\/types\/page"}],"author":[{"embeddable":true,"href":"https:\/\/www2.uepg.br\/sebisa\/wp-json\/wp\/v2\/users\/612"}],"replies":[{"embeddable":true,"href":"https:\/\/www2.uepg.br\/sebisa\/wp-json\/wp\/v2\/comments?post=1294"}],"version-history":[{"count":7,"href":"https:\/\/www2.uepg.br\/sebisa\/wp-json\/wp\/v2\/pages\/1294\/revisions"}],"predecessor-version":[{"id":1320,"href":"https:\/\/www2.uepg.br\/sebisa\/wp-json\/wp\/v2\/pages\/1294\/revisions\/1320"}],"wp:attachment":[{"href":"https:\/\/www2.uepg.br\/sebisa\/wp-json\/wp\/v2\/media?parent=1294"}],"curies":[{"name":"wp","href":"https:\/\/api.w.org\/{rel}","templated":true}]}}