{"id":131,"date":"2021-04-13T11:31:56","date_gmt":"2021-04-13T14:31:56","guid":{"rendered":"https:\/\/www2.uepg.br\/sebisa\/?page_id=131"},"modified":"2025-09-10T09:11:24","modified_gmt":"2025-09-10T12:11:24","slug":"debiogem","status":"publish","type":"page","link":"https:\/\/www2.uepg.br\/sebisa\/debiogem\/","title":{"rendered":"DEBIOGEM"},"content":{"rendered":"<h1 class=\"entry-title\">DEBIOGEM<\/h1>\n<div class=\"entry-content\">\n<h2>Departamento de Biologia Estrutural, Molecular e Gen\u00e9tica<\/h2>\n<p><a href=\"https:\/\/www2.uepg.br\/debiogem\/\" target=\"_blank\" rel=\"noopener\">P\u00e1gina Oficial<\/a><a href=\"http:\/\/www2.uepg.br\/sebisa\/wp-content\/uploads\/sites\/183\/2021\/04\/LOGOTIPO-DEBIOGEM-217x300-1.png\"><img loading=\"lazy\" class=\"size-full wp-image-300 alignright\" src=\"http:\/\/www2.uepg.br\/sebisa\/wp-content\/uploads\/sites\/183\/2021\/04\/LOGOTIPO-DEBIOGEM-217x300-1.png\" alt=\"\" width=\"217\" height=\"300\" \/><\/a><\/p>\n<h3 id=\"estrutura\">Estrutura do Departamento<\/h3>\n<p><strong>Profa. Dra. Marcia Helena Appel<\/strong><br \/>\nChefe de Departamento<\/p>\n<p><strong>Profa. Dra. Katia Sabrina Paludo<\/strong><br \/>\nChefe Adjunto<\/p>\n<p><strong>Jo\u00e3o Souza Ribas<\/strong><br \/>\nSecret\u00e1rio<\/p>\n<p><em>Per\u00edodo: 2025 &#8211; 2027<\/em><\/p>\n<hr \/>\n<h3 id=\"professores\">Professores<\/h3>\n<\/div>\n<div class=\"table-scroll\">\n<table width=\"844\">\n<tbody>\n<tr>\n<td colspan=\"4\" width=\"844\">Professores Efetivos<\/td>\n<\/tr>\n<tr>\n<td width=\"274\">Professor<\/td>\n<td width=\"103\">Titula\u00e7\u00e3o<\/td>\n<td width=\"212\">Email<\/td>\n<td width=\"255\">Curr\u00edculo lattes<\/td>\n<\/tr>\n<tr>\n<td width=\"274\">Ana Carolina Martins Wille<\/td>\n<td width=\"103\">Doutorado<\/td>\n<td width=\"212\">anacarolina.wille@bol.com.br<\/td>\n<td width=\"255\">http:\/\/lattes.cnpq.br\/2542827777567476<\/td>\n<\/tr>\n<tr>\n<td width=\"274\">Carolina Weigert Galv\u00e3o<\/td>\n<td width=\"103\">Doutorado<\/td>\n<td width=\"212\">carolinawgalvao@hotmail.com<\/td>\n<td width=\"255\">http:\/\/lattes.cnpq.br\/9377247028344552<\/td>\n<\/tr>\n<tr>\n<td width=\"274\">Cristina L. Sant\u2019Ana C. Ayub<\/td>\n<td width=\"103\">Doutorado<\/td>\n<td width=\"212\">clscayub@uepg.br<\/td>\n<td width=\"255\">http:\/\/lattes.cnpq.br\/7300097584601217<\/td>\n<\/tr>\n<tr>\n<td width=\"274\">Jesiane Stefania da S. Batista<\/td>\n<td width=\"103\">Doutorado<\/td>\n<td width=\"212\">jesiane.batista@gmail.com<\/td>\n<td width=\"255\">http:\/\/lattes.cnpq.br\/3580230138760350<\/td>\n<\/tr>\n<tr>\n<td width=\"274\">Jos\u00e9 Rosa Gomes<\/td>\n<td width=\"103\">Doutorado<\/td>\n<td width=\"212\">1967jrgomes@gmail.com<\/td>\n<td width=\"255\">http:\/\/lattes.cnpq.br\/4984488464657526<\/td>\n<\/tr>\n<tr>\n<td width=\"274\">K\u00e1tia Sabrina Paludo<\/td>\n<td width=\"103\">Doutorado<\/td>\n<td width=\"212\">katiapaludo@gmail.com<\/td>\n<td width=\"255\">http:\/\/lattes.cnpq.br\/1719317353304371<\/td>\n<\/tr>\n<tr>\n<td width=\"274\">Mara Cristina de A. Matiello<\/td>\n<td width=\"103\">Doutorado<\/td>\n<td width=\"212\">almeidamara@uol.com.br<\/td>\n<td width=\"255\">http:\/\/lattes.cnpq.br\/8595585057634471<\/td>\n<\/tr>\n<tr>\n<td width=\"274\">Marcelo Ricardo Vicari<\/td>\n<td width=\"103\">Doutorado<\/td>\n<td width=\"212\">vicarimr@yahoo.com.br<\/td>\n<td width=\"255\">http:\/\/lattes.cnpq.br\/9824170107078686<\/td>\n<\/tr>\n<tr>\n<td width=\"274\">Marcia Helena Appel<\/td>\n<td width=\"103\">Doutorado<\/td>\n<td width=\"212\">marciaappel@yahoo.com.br<\/td>\n<td width=\"255\">http:\/\/lattes.cnpq.br\/8868251792850782<\/td>\n<\/tr>\n<tr>\n<td width=\"274\">Marcia Regina P. de Oliveira<\/td>\n<td width=\"103\">Doutorado<\/td>\n<td width=\"212\">marciarpaeso@ibest.com.br<\/td>\n<td width=\"255\">http:\/\/lattes.cnpq.br\/6362885343174859<\/td>\n<\/tr>\n<tr>\n<td width=\"274\">Marcos Pileggi<\/td>\n<td width=\"103\">Doutorado<\/td>\n<td width=\"212\">pileggimarcos@gmail.com<\/td>\n<td width=\"255\">http:\/\/lattes.cnpq.br\/4424834389341362<\/td>\n<\/tr>\n<tr>\n<td width=\"274\">Maria Albertina de M. Soares<\/td>\n<td width=\"103\">Doutorado<\/td>\n<td width=\"212\">tina@uepg.br<\/td>\n<td width=\"255\">http:\/\/lattes.cnpq.br\/6936218459657364<\/td>\n<\/tr>\n<tr>\n<td width=\"274\">Mateus Henrique Santos<\/td>\n<td width=\"103\">Doutorado<\/td>\n<td width=\"212\">marangonsantos@gmail.com<\/td>\n<td width=\"255\">http:\/\/lattes.cnpq.br\/8384040259506088<\/td>\n<\/tr>\n<tr>\n<td width=\"274\">Michele Dietrich Moura Costa<\/td>\n<td width=\"103\">Doutorado<\/td>\n<td width=\"212\">mi_dietrich@hotmail.com<\/td>\n<td width=\"255\">http:\/\/lattes.cnpq.br\/0408282742783023<\/td>\n<\/tr>\n<tr>\n<td width=\"274\">Rafael Bertoni da Silveira<\/td>\n<td width=\"103\">Doutorado<\/td>\n<td width=\"212\">rafaelbertoni@yahoo.com.br<\/td>\n<td width=\"255\">http:\/\/lattes.cnpq.br\/8312539911166690<\/td>\n<\/tr>\n<tr>\n<td width=\"274\">Roberto Ferreira Artoni<\/td>\n<td width=\"103\">Doutorado<\/td>\n<td width=\"212\">rfartoni@gmail.com<\/td>\n<td width=\"255\">http:\/\/lattes.cnpq.br\/8875928930712027<\/td>\n<\/tr>\n<tr>\n<td width=\"274\">Rodrigo de C\u00e1ssio da Silva<\/td>\n<td width=\"103\">Doutorado<\/td>\n<td width=\"212\">rodrigosilva2005@yahoo.com.br<\/td>\n<td width=\"255\">http:\/\/lattes.cnpq.br\/0172045142697974<\/td>\n<\/tr>\n<tr>\n<td width=\"274\">S\u00f4nia Alvim Veiga Pileggi<\/td>\n<td width=\"103\">Doutorado<\/td>\n<td width=\"212\">savpileggi@onda.com.br<\/td>\n<td width=\"255\">http:\/\/lattes.cnpq.br\/2134140554683394<\/td>\n<\/tr>\n<tr>\n<td width=\"274\">Viviane Nogaroto Vicari<\/td>\n<td width=\"103\">Doutorado<\/td>\n<td width=\"212\">vivianenogaroto@hotmail.com<\/td>\n<td width=\"255\">http:\/\/lattes.cnpq.br\/8691663299749290<\/td>\n<\/tr>\n<tr>\n<td colspan=\"4\" width=\"844\">Professores Colaboradores<\/td>\n<\/tr>\n<tr>\n<td>Caroline Regina Dias Machado<\/td>\n<td width=\"103\">Doutorado<\/td>\n<td width=\"212\"><\/td>\n<td>http:\/\/lattes.cnpq.br\/8680265468697520<\/td>\n<\/tr>\n<tr>\n<td>N\u00e1dia Fayez Omar<\/td>\n<td width=\"103\">Doutorado<\/td>\n<td width=\"212\">odonto_nadia@yahoo.com.br<\/td>\n<td>http:\/\/lattes.cnpq.br\/2033980423867591<\/td>\n<\/tr>\n<tr>\n<td width=\"274\"><\/td>\n<td width=\"103\"><\/td>\n<td width=\"212\"><\/td>\n<td width=\"255\"><\/td>\n<\/tr>\n<tr>\n<td width=\"274\"><\/td>\n<td width=\"103\"><\/td>\n<td width=\"212\"><\/td>\n<td width=\"255\"><\/td>\n<\/tr>\n<\/tbody>\n<\/table>\n<p>&nbsp;<\/p>\n<\/div>\n<div class=\"entry-content\">\n<hr \/>\n<h3 id=\"cursos-atendidos\">Cursos Atendidos<\/h3>\n<h4>Gradua\u00e7\u00e3o<\/h4>\n<ul>\n<li>Bacharelado em Ci\u00eancias Biol\u00f3gicas<\/li>\n<li>Bacharelado em Educa\u00e7\u00e3o F\u00edsica<\/li>\n<li>Bacharelado em Enfermagem<\/li>\n<li>Bacharelado em Qu\u00edmica Tecnol\u00f3gica<\/li>\n<li>Engenharia de Alimentos<\/li>\n<li>Farm\u00e1cia<\/li>\n<li>Licenciatura em Ci\u00eancias Biol\u00f3gicas<\/li>\n<li>Licenciatura em Educa\u00e7\u00e3o F\u00edsica<\/li>\n<li>Medicina<\/li>\n<li>Odontologia<\/li>\n<li>Zootecnia<\/li>\n<\/ul>\n<h4>P\u00f3s-gradua\u00e7\u00e3o<\/h4>\n<ul>\n<li>P\u00f3s Gradua\u00e7\u00e3o em Ci\u00eancias Biom\u00e9dicas<\/li>\n<li>P\u00f3s Gradua\u00e7\u00e3o em Biologia Evolutiva<\/li>\n<\/ul>\n<hr \/>\n<h3 id=\"contato\">Contato<\/h3>\n<p><strong>Endere\u00e7o:<\/strong>\u00a0Av. Carlos Cavalcanti, 4748 \u2013 Uvaranas \u2013 Ponta Grossa \u2013 PR \u2013 CEP: 84.030-900, Bloco M, sala: 96.<br \/>\n<strong>Telefone:<\/strong>\u00a0(42) 3220-3734<br \/>\n<strong>E-mail:<\/strong>\u00a0debiogem@uepg.br<\/p>\n<\/div>\n","protected":false},"excerpt":{"rendered":"<p>DEBIOGEM Departamento de Biologia Estrutural, Molecular e Gen\u00e9tica P\u00e1gina Oficial Estrutura do Departamento Profa. Dra. Marcia Helena Appel Chefe de Departamento Profa. Dra. Katia Sabrina Paludo Chefe Adjunto Jo\u00e3o Souza Ribas Secret\u00e1rio Per\u00edodo: 2025 &#8211; 2027 Professores Professores Efetivos Professor Titula\u00e7\u00e3o Email Curr\u00edculo lattes Ana Carolina Martins Wille Doutorado anacarolina.wille@bol.com.br http:\/\/lattes.cnpq.br\/2542827777567476 Carolina Weigert Galv\u00e3o Doutorado&nbsp;&hellip;<\/p>\n","protected":false},"author":305,"featured_media":0,"parent":0,"menu_order":0,"comment_status":"closed","ping_status":"closed","template":"","meta":[],"_links":{"self":[{"href":"https:\/\/www2.uepg.br\/sebisa\/wp-json\/wp\/v2\/pages\/131"}],"collection":[{"href":"https:\/\/www2.uepg.br\/sebisa\/wp-json\/wp\/v2\/pages"}],"about":[{"href":"https:\/\/www2.uepg.br\/sebisa\/wp-json\/wp\/v2\/types\/page"}],"author":[{"embeddable":true,"href":"https:\/\/www2.uepg.br\/sebisa\/wp-json\/wp\/v2\/users\/305"}],"replies":[{"embeddable":true,"href":"https:\/\/www2.uepg.br\/sebisa\/wp-json\/wp\/v2\/comments?post=131"}],"version-history":[{"count":16,"href":"https:\/\/www2.uepg.br\/sebisa\/wp-json\/wp\/v2\/pages\/131\/revisions"}],"predecessor-version":[{"id":1380,"href":"https:\/\/www2.uepg.br\/sebisa\/wp-json\/wp\/v2\/pages\/131\/revisions\/1380"}],"wp:attachment":[{"href":"https:\/\/www2.uepg.br\/sebisa\/wp-json\/wp\/v2\/media?parent=131"}],"curies":[{"name":"wp","href":"https:\/\/api.w.org\/{rel}","templated":true}]}}