{"id":135,"date":"2021-04-13T11:32:21","date_gmt":"2021-04-13T14:32:21","guid":{"rendered":"https:\/\/www2.uepg.br\/sebisa\/?page_id=135"},"modified":"2025-02-05T16:24:31","modified_gmt":"2025-02-05T19:24:31","slug":"dedufis","status":"publish","type":"page","link":"https:\/\/www2.uepg.br\/sebisa\/dedufis\/","title":{"rendered":"DEDUFIS"},"content":{"rendered":"<h1 class=\"entry-title\">DEDUFIS<\/h1>\n<div class=\"entry-content\">\n<h2>Departamento de Educa\u00e7\u00e3o F\u00edsica<a href=\"http:\/\/www2.uepg.br\/sebisa\/wp-content\/uploads\/sites\/183\/2021\/04\/logo-ed.-Fisica-300x230-1.jpg\"><img loading=\"lazy\" class=\"size-full wp-image-322 alignright\" src=\"http:\/\/www2.uepg.br\/sebisa\/wp-content\/uploads\/sites\/183\/2021\/04\/logo-ed.-Fisica-300x230-1.jpg\" alt=\"\" width=\"300\" height=\"230\" \/><\/a><\/h2>\n<p>&nbsp;<\/p>\n<p><a href=\"https:\/\/www2.uepg.br\/dedufis\/\" target=\"_blank\" rel=\"noopener\">P\u00e1gina Oficial<\/a><\/p>\n<p>&nbsp;<\/p>\n<h3 id=\"estrutura\">Estrutura do Departamento<\/h3>\n<h5><strong>Chefia do Departamento de Educa\u00e7\u00e3o F\u00edsica<\/strong><\/h5>\n<p>Chefe: Prof. Dr. Leandro Martinez Vargas<br \/>\n<a href=\"mailto:lmvargas@uepg.br\">lmvargas@uepg.br<\/a><\/p>\n<p>Chefe adjunto: Prof. Dr. Erivelton Fontana de Laat<br \/>\n<a href=\"mailto:eriveltonlaat@hotmail.com\">eriveltonlaat@hotmail.com<\/a><\/p>\n<p>Per\u00edodo: 2023 &#8211; 2025<\/p>\n<p>Secret\u00e1rio<br \/>\nDirceu Gon\u00e7alves da Silva &#8211;\u00a0 Fone: (42) 3220-3140<\/p>\n<hr \/>\n<h5><strong>Colegiado do Curso de Bacharelado em Educa\u00e7\u00e3o F\u00edsica<\/strong><\/h5>\n<p>Fone: (42) 3220-3730<\/p>\n<p>Coordenador: Natasha Santos Lise<\/p>\n<p>Vice-Coordenador: Nilo Massaru Okuno<br \/>\n<a href=\"mailto:nmokuno@uepg.br\">nmokuno@uepg.br<\/a><\/p>\n<p>Per\u00edodo: 2024- 2026<\/p>\n<hr \/>\n<h5><strong>Colegiado do Curso de Licenciatura em Educa\u00e7\u00e3o F\u00edsica<\/strong><\/h5>\n<p>Fone: (42) 3220-3347<\/p>\n<p>Coordenador: Prof. Dr. Moacir \u00c1vila de Matos Junior<br \/>\n<a href=\"mailto:moacirmatosjr@uepg.br\">moacirmatosjr@uepg.br<\/a><\/p>\n<p>Vice-Coordenador: Prof. Dr. Nei Alberto Salles Filho<br \/>\n<a href=\"mailto:nsalles@uepg.br\">nsalles@uepg.br<\/a><\/p>\n<p>Per\u00edodo: 2023 &#8211; 2025<\/p>\n<h5><strong>Coordena\u00e7\u00e3o do Curso de Licenciatura em Educa\u00e7\u00e3o F\u00edsica EaD<\/strong><\/h5>\n<p>Coordenador: Prof. Dr. Paulo S\u00e9rgio Ribeiro<br \/>\n<a href=\"mailto:psribeiro@uepg.br\">psribeiro@uepg.br<\/a><\/p>\n<hr \/>\n<h3 id=\"professores\">Professores Vinculados ao Departamento<\/h3>\n<div class=\"table-scroll\">\n<table width=\"950\">\n<tbody>\n<tr>\n<td colspan=\"4\" width=\"950\">Professores Efetivos<\/td>\n<\/tr>\n<tr>\n<td width=\"246\">Nome<\/td>\n<td width=\"287\">Titula\u00e7\u00e3o<\/td>\n<td width=\"159\">Email<\/td>\n<td width=\"258\">Lattes<\/td>\n<\/tr>\n<tr>\n<td width=\"246\">Alfredo Cesar Antunes<\/td>\n<td width=\"287\">Doutorado<\/td>\n<td>alcantunes@uepg.br<\/td>\n<td>http:\/\/lattes.cnpq.br\/0960979160330230<\/td>\n<\/tr>\n<tr>\n<td width=\"246\">Bruno Pedroso<\/td>\n<td width=\"287\">Livre-doc\u00eancia<\/td>\n<td>brunopedroso@uepg.br<\/td>\n<td>http:\/\/lattes.cnpq.br\/3180182724063175<\/td>\n<\/tr>\n<tr>\n<td width=\"246\">Carlos Alberto de Oliveira<\/td>\n<td width=\"287\">Mestrado<\/td>\n<td>carlosuepg@gmail.com<\/td>\n<td>ttp:\/\/lattes.cnpq.br\/8554466310992329<\/td>\n<\/tr>\n<tr>\n<td width=\"246\">Carlos Mauricio Zaremba<\/td>\n<td width=\"287\">Mestrado<\/td>\n<td>zaremba@uepg.br<\/td>\n<td>http:\/\/lattes.cnpq.br\/3173665110535574<\/td>\n<\/tr>\n<tr>\n<td width=\"246\">Carolina Paioli Tavares<\/td>\n<td width=\"287\">Doutorado<\/td>\n<td>cpaioli@uepg.br<\/td>\n<td>http:\/\/lattes.cnpq.br\/4964437265391876<\/td>\n<\/tr>\n<tr>\n<td width=\"246\">Claudio Jorge Guimar\u00e3es<\/td>\n<td width=\"287\">Doutorado<\/td>\n<td>cjguima@hotmail.com<\/td>\n<td>http:\/\/lattes.cnpq.br\/7019519818071197<\/td>\n<\/tr>\n<tr>\n<td width=\"246\">Constantino Ribeiro de Oliveira Jr.<\/td>\n<td width=\"287\">Doutorado<\/td>\n<td>constantino@uepg.br<\/td>\n<td>http:\/\/lattes.cnpq.br\/7934725111247478<\/td>\n<\/tr>\n<tr>\n<td width=\"246\">Danilla Icassatti Corazza<\/td>\n<td width=\"287\">Doutorado<\/td>\n<td>danillacorazza@gmail.com<\/td>\n<td>http:\/\/lattes.cnpq.br\/2715561825830344<\/td>\n<\/tr>\n<tr>\n<td width=\"246\">Erivelton Fontana de Laat<\/td>\n<td width=\"287\">Doutorado<\/td>\n<td>eriveltonlaat@hotmail.com<\/td>\n<td>\u00a0http:\/\/lattes.cnpq.br\/2648813906616187<\/td>\n<\/tr>\n<tr>\n<td width=\"246\">Gon\u00e7alo Cassins Moreira do Carmo<\/td>\n<td width=\"287\">Doutorado<\/td>\n<td>goncalocassins@gmail.com<\/td>\n<td>http:\/\/lattes.cnpq.br\/1068217292077677<\/td>\n<\/tr>\n<tr>\n<td width=\"246\">Heleise Faria dos Reis de Oliveira<\/td>\n<td width=\"287\">Doutorado<\/td>\n<td>heleise@oliveiras.com.br<\/td>\n<td>http:\/\/lattes.cnpq.br\/3031969048722071<\/td>\n<\/tr>\n<tr>\n<td width=\"246\">Itamar Adriano Tagliari<\/td>\n<td width=\"287\">Doutorado<\/td>\n<td>tagliari@uepg.br<\/td>\n<td>http:\/\/lattes.cnpq.br\/8036701108566733<\/td>\n<\/tr>\n<tr>\n<td width=\"246\">Leandro Martinez Vargas<\/td>\n<td width=\"287\">Doutorado<\/td>\n<td>Leandro.vargas@uol.com.br<\/td>\n<td>http:\/\/lattes.cnpq.br\/5268629732637642<\/td>\n<\/tr>\n<tr>\n<td width=\"246\">Luiza Herminia Gallo<\/td>\n<td width=\"287\">Doutorado<\/td>\n<td width=\"159\"><\/td>\n<td>http:\/\/lattes.cnpq.br\/9415515184196292<\/td>\n<\/tr>\n<tr>\n<td width=\"246\">Marco Antonio Salles Rosa<\/td>\n<td width=\"287\">Mestrado<\/td>\n<td>Sallespg7@gmail.com<\/td>\n<td>http:\/\/lattes.cnpq.br\/4825460395740148<\/td>\n<\/tr>\n<tr>\n<td width=\"246\">Marcus William Hauser<\/td>\n<td width=\"287\">Doutorado<\/td>\n<td>mwhauser@uol.com.br<\/td>\n<td>http:\/\/lattes.cnpq.br\/0896280697911387<\/td>\n<\/tr>\n<tr>\n<td width=\"246\">Miguel Archanjo de Freitas Jr.<\/td>\n<td width=\"287\">Doutorado<\/td>\n<td>mfreitasjr@uepg.br<\/td>\n<td>http:\/\/lattes.cnpq.br\/3535289084806834<\/td>\n<\/tr>\n<tr>\n<td>Moacir \u00c1vila de Matos Junior<\/td>\n<td width=\"287\">Doutorado<\/td>\n<td>\u00a0moacirmatosjr@uepg.br<\/td>\n<td>http:\/\/lattes.cnpq.br\/1884069554933838<\/td>\n<\/tr>\n<tr>\n<td>Natasha Santos Lise<\/td>\n<td width=\"287\">Doutorado<\/td>\n<td><\/td>\n<td>http:\/\/lattes.cnpq.br\/8359114607372473<\/td>\n<\/tr>\n<tr>\n<td>Nei Alberto Salles Filho<\/td>\n<td width=\"287\">Doutorado<\/td>\n<td>nsalles@uepg.br<\/td>\n<td>http:\/\/lattes.cnpq.br\/6408053975339811<\/td>\n<\/tr>\n<tr>\n<td>Nilo Massaru Okuno<\/td>\n<td width=\"287\">Doutorado<\/td>\n<td>nilookuno@yahoo.com.br<\/td>\n<td>http:\/\/lattes.cnpq.br\/4921169330181659<\/td>\n<\/tr>\n<tr>\n<td>Paulo S\u00e9rgio Ribeiro<\/td>\n<td width=\"287\">Doutorado<\/td>\n<td>pauloredkva@hotmail.com<\/td>\n<td>http:\/\/lattes.cnpq.br\/5921069151300130<\/td>\n<\/tr>\n<tr>\n<td>Rodolfo Andre Dellagrana<\/td>\n<td width=\"287\">Doutorado<\/td>\n<td><\/td>\n<td>http:\/\/lattes.cnpq.br\/2407982131029873<\/td>\n<\/tr>\n<tr>\n<td>Rosimeide Francisco dos Santos<\/td>\n<td width=\"287\">Doutorado<\/td>\n<td>legnanirosi@hotmail.com<\/td>\n<td>http:\/\/lattes.cnpq.br\/4699907120290396<\/td>\n<\/tr>\n<tr>\n<td>Silvia Regina Ribeiro<\/td>\n<td width=\"287\">Doutorado<\/td>\n<td>Sribeiro2908@gmail.com<\/td>\n<td>http:\/\/lattes.cnpq.br\/1661883215031180<\/td>\n<\/tr>\n<tr>\n<td colspan=\"4\" width=\"950\">Professores Colaboradores<\/td>\n<\/tr>\n<tr>\n<td width=\"246\">Claudia Moraes e Silva Pereira<\/td>\n<td width=\"287\">Doutorado<\/td>\n<td>Claudiamoraesuepg@gmail.com<\/td>\n<td>http:\/\/lattes.cnpq.br\/9723210081442218<\/td>\n<\/tr>\n<tr>\n<td width=\"246\">Diego Petyk de Sousa<\/td>\n<td width=\"287\">Doutorado<\/td>\n<td>diegopetyk@uol.com.br<\/td>\n<td>http:\/\/lattes.cnpq.br\/8588601508401116<\/td>\n<\/tr>\n<tr>\n<td width=\"246\">Edilson de Oliveira<\/td>\n<td width=\"287\">Doutorado<\/td>\n<td width=\"159\"><\/td>\n<td width=\"258\">\u00a0http:\/\/lattes.cnpq.br\/0206847160121617<\/td>\n<\/tr>\n<tr>\n<td width=\"246\">Erica Fernanda de Paula<\/td>\n<td width=\"287\">Mestrado<\/td>\n<td width=\"159\"><\/td>\n<td>http:\/\/lattes.cnpq.br\/1106989231097952<\/td>\n<\/tr>\n<tr>\n<td width=\"246\">Fabiane Distefano<\/td>\n<td width=\"287\">Mestrado<\/td>\n<td width=\"159\"><\/td>\n<td>http:\/\/lattes.cnpq.br\/5599775565979149<\/td>\n<\/tr>\n<tr>\n<td>Gabriel Ribeiro Cordeiro<\/td>\n<td width=\"287\">Mestrado<\/td>\n<td width=\"159\"><\/td>\n<td>http:\/\/lattes.cnpq.br\/0530069494574929<\/td>\n<\/tr>\n<tr>\n<td width=\"246\">Guilherme Moreira Caetano Pinto<\/td>\n<td width=\"287\">Doutorado<\/td>\n<td>Guilherme-coxa@uol.com.br<\/td>\n<td>http:\/\/lattes.cnpq.br\/8576459778160661<\/td>\n<\/tr>\n<tr>\n<td>Luiz Marcelo de Lara<\/td>\n<td width=\"287\">Doutorado<\/td>\n<td><\/td>\n<td>http:\/\/lattes.cnpq.br\/0014508221849963<\/td>\n<\/tr>\n<tr>\n<td>Maria Thereza Oliveira Souza<\/td>\n<td width=\"287\">Doutorado<\/td>\n<td><\/td>\n<td>\u00a0http:\/\/lattes.cnpq.br\/0874686965894983<\/td>\n<\/tr>\n<tr>\n<td>Riqueldi Straub Lise<\/td>\n<td width=\"287\">Doutorado<\/td>\n<td><\/td>\n<td>http:\/\/lattes.cnpq.br\/0053136255694939<\/td>\n<\/tr>\n<tr>\n<td>Thaiane Moleta Vargas<\/td>\n<td width=\"287\">Doutorado<\/td>\n<td><\/td>\n<td>http:\/\/lattes.cnpq.br\/9472169604217217<\/td>\n<\/tr>\n<\/tbody>\n<\/table>\n<\/div>\n<p>&nbsp;<\/p>\n<hr \/>\n<h3 id=\"ondeatua\">Onde Atua<\/h3>\n<p>O Departamento de Educa\u00e7\u00e3o F\u00edsica atua com seus docentes junto aos Cursos de:<\/p>\n<h5><strong>Gradua\u00e7\u00e3o<\/strong><\/h5>\n<ul>\n<li>Curso de Bacharelado em Educa\u00e7\u00e3o F\u00edsica<\/li>\n<li>Curso de Licenciatura em Educa\u00e7\u00e3o F\u00edsica<\/li>\n<li>Curso de Licenciatura em Educa\u00e7\u00e3o F\u00edsica \u2013 EaD<\/li>\n<\/ul>\n<h5><strong>P\u00f3s-Gradua\u00e7\u00e3o<\/strong><\/h5>\n<ul>\n<li>Mestrado e Doutorado acad\u00eamico<\/li>\n<li>Ci\u00eancias Biom\u00e9dicas<\/li>\n<li>Ci\u00eancias da Sa\u00fade<\/li>\n<li>Ci\u00eancias Sociais e Aplicadas<\/li>\n<li>Educa\u00e7\u00e3o<\/li>\n<\/ul>\n<hr \/>\n<h3 id=\"disciplinas\">Disciplinas Ofertadas (ementas)<\/h3>\n<ul>\n<li><a href=\"http:\/\/www.uepg.br\/catalogo\/cursos\/bacharelado_edfisica.html\">CURSO DE BACHARELADO EM EDUCA\u00c7\u00c3O F\u00cdSICA \u2013 \u00a0Turno: INTEGRAL<\/a><\/li>\n<li><a href=\"http:\/\/www.uepg.br\/catalogo\/cursos\/licenciatura_edfisica.html\">CURSO DE LICENCIATURA EM EDUCA\u00c7\u00c3O F\u00cdSICA \u00a0\u2013 Turno: NOTURNO<\/a><\/li>\n<li><a href=\"http:\/\/www.uepg.br\/catalogo\/cursos\/licenciatura_edfisicaUAB.html\">CURSO DE LICENCIATURA EM EDUCA\u00c7\u00c3O F\u00cdSICA \u00a0(UAB) \u2013 EAD<\/a><\/li>\n<\/ul>\n<hr \/>\n<h3 id=\"contato\">Contato do Departamento<\/h3>\n<p><strong>Departamento de Educa\u00e7\u00e3o F\u00edsica\u00a0da Universidade Estadual de Ponta Grossa<\/strong><br \/>\nO hor\u00e1rio de atendimento \u00e9 das 08:00 \u00e0s 12:00 e das 13:00 \u00e0s 17:00 horas.<br \/>\n<strong>Endere\u00e7o:<\/strong>\u00a0Campus Uvaranas \u2013 Bloco G, Avenida General Carlos Cavalcanti, 4748, Ponta Grossa \u2013 PR<br \/>\n<strong>Fone:\u00a0<\/strong>(42) 3220-3140 \/ (42) 3220-3141<br \/>\n<strong>E-mail:<\/strong>\u00a0dedufis@uepg.br<\/p>\n<\/div>\n","protected":false},"excerpt":{"rendered":"<p>DEDUFIS Departamento de Educa\u00e7\u00e3o F\u00edsica &nbsp; P\u00e1gina Oficial &nbsp; Estrutura do Departamento Chefia do Departamento de Educa\u00e7\u00e3o F\u00edsica Chefe: Prof. Dr. Leandro Martinez Vargas lmvargas@uepg.br Chefe adjunto: Prof. Dr. Erivelton Fontana de Laat eriveltonlaat@hotmail.com Per\u00edodo: 2023 &#8211; 2025 Secret\u00e1rio Dirceu Gon\u00e7alves da Silva &#8211;\u00a0 Fone: (42) 3220-3140 Colegiado do Curso de Bacharelado em Educa\u00e7\u00e3o F\u00edsica&nbsp;&hellip;<\/p>\n","protected":false},"author":305,"featured_media":0,"parent":0,"menu_order":0,"comment_status":"closed","ping_status":"closed","template":"","meta":[],"_links":{"self":[{"href":"https:\/\/www2.uepg.br\/sebisa\/wp-json\/wp\/v2\/pages\/135"}],"collection":[{"href":"https:\/\/www2.uepg.br\/sebisa\/wp-json\/wp\/v2\/pages"}],"about":[{"href":"https:\/\/www2.uepg.br\/sebisa\/wp-json\/wp\/v2\/types\/page"}],"author":[{"embeddable":true,"href":"https:\/\/www2.uepg.br\/sebisa\/wp-json\/wp\/v2\/users\/305"}],"replies":[{"embeddable":true,"href":"https:\/\/www2.uepg.br\/sebisa\/wp-json\/wp\/v2\/comments?post=135"}],"version-history":[{"count":11,"href":"https:\/\/www2.uepg.br\/sebisa\/wp-json\/wp\/v2\/pages\/135\/revisions"}],"predecessor-version":[{"id":1374,"href":"https:\/\/www2.uepg.br\/sebisa\/wp-json\/wp\/v2\/pages\/135\/revisions\/1374"}],"wp:attachment":[{"href":"https:\/\/www2.uepg.br\/sebisa\/wp-json\/wp\/v2\/media?parent=135"}],"curies":[{"name":"wp","href":"https:\/\/api.w.org\/{rel}","templated":true}]}}