{"id":137,"date":"2021-04-13T11:32:31","date_gmt":"2021-04-13T14:32:31","guid":{"rendered":"https:\/\/www2.uepg.br\/sebisa\/?page_id=137"},"modified":"2024-08-21T10:01:17","modified_gmt":"2024-08-21T13:01:17","slug":"denf","status":"publish","type":"page","link":"https:\/\/www2.uepg.br\/sebisa\/denf\/","title":{"rendered":"DENF"},"content":{"rendered":"<h1 class=\"entry-title\">DENF<\/h1>\n<div class=\"entry-content\">\n<h2>Departamento de Enfermagem<\/h2>\n<p><a href=\"http:\/\/pitangui.uepg.br\/departamentos\/deenfer\/\" target=\"_blank\" rel=\"noopener\">P\u00e1gina Oficial<\/a><\/p>\n<h3 id=\"atividades\">Atividades do Departamento<\/h3>\n<p>O DENF realiza atividades na gradua\u00e7\u00e3o, p\u00f3s gradua\u00e7\u00e3o e nas resid\u00eancias multiprofissionais. Os docentes do departamento realizam atividades de extens\u00e3o e pesquisa. As a\u00e7\u00f5es de extens\u00e3o e pesquisa no DENF foram ampliadas nos \u00faltimos anos com 5 novos projetos de extens\u00e3o com participa\u00e7\u00e3o de 16 docentes; 8 novos projetos de pesquisa e 14 projetos em andamento com 37 docentes envolvidos; participa\u00e7\u00e3o em diversos eventos de extens\u00e3o promovidos pelo departamento como a Semana de Enfermagem; participa\u00e7\u00e3o em eventos que atendem as demandas da sociedade como a Expo e Flor, Dia do Idoso, F\u00f3rum Multidisciplinar em Sa\u00fade do Idoso, dentre outros.<\/p>\n<p>Destaca-se o aumento expressivo de alunos bolsistas PIBIC, PROVIC e BIC. Dessa forma, no tocante ao crescimento do envolvimento dos docentes com trabalhos de pesquisa e extens\u00e3o, o DENF incentiva e apoia a qualifica\u00e7\u00e3o do corpo docente, houve aumento significativo de docentes que ingressaram em programas de doutorado, atualmente 3 com afastamento total e 3 docentes realizam o doutorado sem afastamento.<\/p>\n<p>Al\u00e9m da forma\u00e7\u00e3o dos docentes todos os anos \u00e9 realizada a semana de enfermagem, com a oferta de palestras com profissionais e pesquisadores de renome da \u00e1rea, e tamb\u00e9m s\u00e3o ofertados minicursos visando o aprofundamento de aprendizagem a profissionais e acad\u00eamicos do curso.<\/p>\n<p>&nbsp;<\/p>\n<h3 id=\"estrutura\">Estrutura do Departamento<\/h3>\n<p><strong>Chefia do DENF<\/strong><br \/>\nChefe \u2013\u00a0Sandra Maria Bastos Pires\u00a0 \u2013 Mandato: 31 de outubro de 2022 a 31 de agosto de 2024.<br \/>\n<strong>Coordena\u00e7\u00e3o do Colegiado de Enfermagem<\/strong><br \/>\nAna Luzia Rodrigues \u2013 Coordenadora<br \/>\nCarla Luiza da Silva \u2013 Vice-Coordenadora<br \/>\n<i>Mandato : 05 de abril de 2024 a 04 de abril de 2026.<\/i><\/p>\n<hr \/>\n<h3 id=\"professores\">Professores do Curso de Enfermagem<\/h3>\n<div class=\"table-scroll\">\n<table class=\"tabela\" width=\"609\" cellspacing=\"0\" cellpadding=\"7\">\n<colgroup>\n<col width=\"169\" \/>\n<col width=\"202\" \/>\n<col width=\"194\" \/><\/colgroup>\n<tbody>\n<tr valign=\"top\">\n<td class=\"nome\" width=\"169\"><strong>NOME<\/strong><\/td>\n<td width=\"202\"><strong>CNPq<\/strong><\/td>\n<td width=\"194\"><strong>E-MAIL<\/strong><\/td>\n<\/tr>\n<tr valign=\"top\">\n<td width=\"169\">Ana Luzia Rodrigues<\/td>\n<td width=\"202\">http:\/\/lattes.cnpq.br\/3654313383897607<\/td>\n<td width=\"194\">analuzia64@hotmail.com<\/td>\n<\/tr>\n<tr valign=\"top\">\n<td width=\"169\">Ana Paula Xavier Ravelli<\/td>\n<td width=\"202\">http:\/\/lattes.cnpq.br\/4523815106983522<\/td>\n<td width=\"194\">anapxr@hotmail.com<\/td>\n<\/tr>\n<tr valign=\"top\">\n<td width=\"169\">Carla Luiza da Silva<\/td>\n<td width=\"202\">http:\/\/lattes.cnpq.br\/2863877138889655<\/td>\n<td width=\"194\">clsilva21@hotmail.com<\/td>\n<\/tr>\n<tr valign=\"top\">\n<td width=\"169\">Caroline Gon\u00e7alves Pustiglione Campos<\/td>\n<td width=\"202\">http:\/\/lattes.cnpq.br\/5674196588611678<\/td>\n<td width=\"194\">carolgonc@hotmail.com<\/td>\n<\/tr>\n<tr valign=\"top\">\n<td width=\"169\">Cl\u00f3ris Regina Blanski Grden<\/td>\n<td width=\"202\">http:\/\/lattes.cnpq.br\/1553605916742408<\/td>\n<td width=\"194\">reginablanski@hotmail.com<\/td>\n<\/tr>\n<tr valign=\"top\">\n<td width=\"169\">Danielle Bordin<\/td>\n<td width=\"202\">http:\/\/lattes.cnpq.br\/6870694365925653<\/td>\n<td width=\"194\">daniellebordin@hotmail.com<\/td>\n<\/tr>\n<tr valign=\"top\">\n<td width=\"169\">Elaine Cristina Antunes Rinaldi<\/td>\n<td width=\"202\">http:\/\/lattes.cnpq.br\/2949539016057738<\/td>\n<td width=\"194\">ecrisrinaldi@yahoo.com.br<\/td>\n<\/tr>\n<tr valign=\"top\">\n<td width=\"169\">Jacy Aur\u00e9lia Vieira de Sousa<\/td>\n<td width=\"202\">http:\/\/lattes.cnpq.br\/0037886915300527<\/td>\n<td width=\"194\">jacy.sousa@gmail.com<\/td>\n<\/tr>\n<tr valign=\"top\">\n<td width=\"169\">Juliana Regina Dias Lemos<\/td>\n<td width=\"202\">http:\/\/lattes.cnpq.br\/9497648199036193<\/td>\n<td width=\"194\">profjulianalemos@gmail.com<\/td>\n<\/tr>\n<tr valign=\"top\">\n<td width=\"169\">Lara Simone Messias Floriano<\/td>\n<td width=\"202\">http:\/\/lattes.cnpq.br\/8103745365093367<\/td>\n<td width=\"194\">laramessias@ig.com.br<\/td>\n<\/tr>\n<tr valign=\"top\">\n<td width=\"169\">L\u00eddia Dalgallo Zarpellon<\/td>\n<td width=\"202\">http:\/\/lattes.cnpq.br\/1890871393697137<\/td>\n<td width=\"194\">ldzarpellon@gmail.com<\/td>\n<\/tr>\n<tr valign=\"top\">\n<td width=\"169\">Maria Dagmar da Rocha Gaspar<\/td>\n<td width=\"202\">http:\/\/lattes.cnpq.br\/3500843295640218<\/td>\n<td width=\"194\">nurse67@live.com<\/td>\n<\/tr>\n<tr valign=\"top\">\n<td width=\"169\">P\u00e9ricles Martim Reche<\/td>\n<td width=\"202\">http:\/\/lattes.cnpq.br\/8210220123479502<\/td>\n<td width=\"194\">\u00a0reche60@yahoo.com.br<\/td>\n<\/tr>\n<tr valign=\"top\">\n<td width=\"169\">Sandra Maria Bastos Pires<\/td>\n<td width=\"202\">http:\/\/lattes.cnpq.br\/0712555408741409<\/td>\n<td width=\"194\">sbastospires@gmail.com<\/td>\n<\/tr>\n<\/tbody>\n<\/table>\n<\/div>\n<hr \/>\n<h3 id=\"laboratorios\">Laborat\u00f3rios<\/h3>\n<p><strong>Laborat\u00f3rio de Semiologia e Semiot\u00e9cnica \u201cDoutora Wanda de Aguiar Horta\u201d<\/strong>\u00a0<em>\u2013\u00a0sala M-74<\/em><\/p>\n<ul>\n<li><\/li>\n<\/ul>\n<p><strong>Miniaudit\u00f3rio<\/strong>\u00a0<em>\u2013 sala M-86<\/em><\/p>\n<div class=\"metaslider metaslider-flex metaslider-279 ml-slider nav-hidden\">\n<div id=\"metaslider_container_279\">\n<div id=\"metaslider_279\" class=\"flexslider\">\n\n\t\t<style type=\"text\/css\">\n\t\t\t#gallery-1 {\n\t\t\t\tmargin: auto;\n\t\t\t}\n\t\t\t#gallery-1 .gallery-item {\n\t\t\t\tfloat: left;\n\t\t\t\tmargin-top: 10px;\n\t\t\t\ttext-align: center;\n\t\t\t\twidth: 25%;\n\t\t\t}\n\t\t\t#gallery-1 img {\n\t\t\t\tborder: 2px solid #cfcfcf;\n\t\t\t}\n\t\t\t#gallery-1 .gallery-caption {\n\t\t\t\tmargin-left: 0;\n\t\t\t}\n\t\t\t\/* see gallery_shortcode() in wp-includes\/media.php *\/\n\t\t<\/style>\n\t\t<div id='gallery-1' class='gallery galleryid-137 gallery-columns-4 gallery-size-thumbnail'><dl class='gallery-item'>\n\t\t\t<dt class='gallery-icon landscape'>\n\t\t\t\t<a href='https:\/\/www2.uepg.br\/sebisa\/wp-content\/uploads\/sites\/183\/2021\/04\/densp4-282x211-1.jpg'><img width=\"150\" height=\"150\" src=\"https:\/\/www2.uepg.br\/sebisa\/wp-content\/uploads\/sites\/183\/2021\/04\/densp4-282x211-1-150x150.jpg\" class=\"attachment-thumbnail size-thumbnail\" alt=\"\" loading=\"lazy\" \/><\/a>\n\t\t\t<\/dt><\/dl><dl class='gallery-item'>\n\t\t\t<dt class='gallery-icon landscape'>\n\t\t\t\t<a href='https:\/\/www2.uepg.br\/sebisa\/wp-content\/uploads\/sites\/183\/2021\/04\/densp3-400x300-1.jpg'><img width=\"150\" height=\"150\" src=\"https:\/\/www2.uepg.br\/sebisa\/wp-content\/uploads\/sites\/183\/2021\/04\/densp3-400x300-1-150x150.jpg\" class=\"attachment-thumbnail size-thumbnail\" alt=\"\" loading=\"lazy\" \/><\/a>\n\t\t\t<\/dt><\/dl><dl class='gallery-item'>\n\t\t\t<dt class='gallery-icon landscape'>\n\t\t\t\t<a href='https:\/\/www2.uepg.br\/sebisa\/wp-content\/uploads\/sites\/183\/2021\/04\/densp2-400x300-1.jpg'><img width=\"150\" height=\"150\" src=\"https:\/\/www2.uepg.br\/sebisa\/wp-content\/uploads\/sites\/183\/2021\/04\/densp2-400x300-1-150x150.jpg\" class=\"attachment-thumbnail size-thumbnail\" alt=\"\" loading=\"lazy\" \/><\/a>\n\t\t\t<\/dt><\/dl><dl class='gallery-item'>\n\t\t\t<dt class='gallery-icon landscape'>\n\t\t\t\t<a href='https:\/\/www2.uepg.br\/sebisa\/wp-content\/uploads\/sites\/183\/2021\/04\/densp1-306x230-1.jpg'><img width=\"150\" height=\"150\" src=\"https:\/\/www2.uepg.br\/sebisa\/wp-content\/uploads\/sites\/183\/2021\/04\/densp1-306x230-1-150x150.jpg\" class=\"attachment-thumbnail size-thumbnail\" alt=\"\" loading=\"lazy\" \/><\/a>\n\t\t\t<\/dt><\/dl><br style=\"clear: both\" \/>\n\t\t<\/div>\n\n<\/div>\n<\/div>\n<\/div>\n<hr \/>\n<h3 id=\"disciplinas\" align=\"justify\">Disciplinas Ofertadas<\/h3>\n<ul>\n<li><a href=\"http:\/\/www.uepg.br\/catalogo\/cursos\/bacharelado_enfermagem.html\">Link para a p\u00e1gina do cat\u00e1logo<\/a><\/li>\n<\/ul>\n<hr \/>\n<h3 id=\"contato\">Contato<\/h3>\n<p><strong>Departamento de Enfermagem\u00a0 \u2013 DENF<\/strong><br \/>\n<strong>E-mail:<\/strong> denf@uepg.br<br \/>\n<strong>Colegiado de Enfermagem<\/strong><br \/>\n<strong>E-mail:<\/strong>\u00a0colenfeuepg@yahoo.com.br<br \/>\n<strong>Endere\u00e7o:<\/strong>\u00a0Av. Carlos Cavalcanti, n\u00ba 4748 \u2013 Uvaranas \u2013 Sala 112 \u2013 Bloco M<br \/>\n<strong>Telefone:<\/strong>\u00a03220-3735<\/p>\n<\/div>\n","protected":false},"excerpt":{"rendered":"<p>DENF Departamento de Enfermagem P\u00e1gina Oficial Atividades do Departamento O DENF realiza atividades na gradua\u00e7\u00e3o, p\u00f3s gradua\u00e7\u00e3o e nas resid\u00eancias multiprofissionais. Os docentes do departamento realizam atividades de extens\u00e3o e pesquisa. As a\u00e7\u00f5es de extens\u00e3o e pesquisa no DENF foram ampliadas nos \u00faltimos anos com 5 novos projetos de extens\u00e3o com participa\u00e7\u00e3o de 16 docentes;&nbsp;&hellip;<\/p>\n","protected":false},"author":305,"featured_media":0,"parent":0,"menu_order":0,"comment_status":"closed","ping_status":"closed","template":"","meta":[],"_links":{"self":[{"href":"https:\/\/www2.uepg.br\/sebisa\/wp-json\/wp\/v2\/pages\/137"}],"collection":[{"href":"https:\/\/www2.uepg.br\/sebisa\/wp-json\/wp\/v2\/pages"}],"about":[{"href":"https:\/\/www2.uepg.br\/sebisa\/wp-json\/wp\/v2\/types\/page"}],"author":[{"embeddable":true,"href":"https:\/\/www2.uepg.br\/sebisa\/wp-json\/wp\/v2\/users\/305"}],"replies":[{"embeddable":true,"href":"https:\/\/www2.uepg.br\/sebisa\/wp-json\/wp\/v2\/comments?post=137"}],"version-history":[{"count":11,"href":"https:\/\/www2.uepg.br\/sebisa\/wp-json\/wp\/v2\/pages\/137\/revisions"}],"predecessor-version":[{"id":1365,"href":"https:\/\/www2.uepg.br\/sebisa\/wp-json\/wp\/v2\/pages\/137\/revisions\/1365"}],"wp:attachment":[{"href":"https:\/\/www2.uepg.br\/sebisa\/wp-json\/wp\/v2\/media?parent=137"}],"curies":[{"name":"wp","href":"https:\/\/api.w.org\/{rel}","templated":true}]}}