{"id":139,"date":"2021-04-13T11:32:44","date_gmt":"2021-04-13T14:32:44","guid":{"rendered":"https:\/\/www2.uepg.br\/sebisa\/?page_id=139"},"modified":"2021-04-14T09:11:18","modified_gmt":"2021-04-14T12:11:18","slug":"defar","status":"publish","type":"page","link":"https:\/\/www2.uepg.br\/sebisa\/defar\/","title":{"rendered":"DEFAR"},"content":{"rendered":"<h1 class=\"entry-title\">DEFAR<\/h1>\n<div class=\"entry-content\">\n<h2><\/h2>\n<h2>Departamento de\u00a0Ci\u00eancias Farmac\u00eauticas<\/h2>\n<p><a href=\"http:\/\/pitangui.uepg.br\/departamentos\/defar\/\" target=\"_blank\" rel=\"noopener\">P\u00e1gina Oficial<\/a><\/p>\n<p><a href=\"http:\/\/www2.uepg.br\/sebisa\/wp-content\/uploads\/sites\/183\/2021\/04\/Logo-DEFAR-UEPG-768x395-1.png\"><img loading=\"lazy\" class=\"alignright wp-image-332 size-medium\" src=\"http:\/\/www2.uepg.br\/sebisa\/wp-content\/uploads\/sites\/183\/2021\/04\/Logo-DEFAR-UEPG-768x395-1-300x154.png\" alt=\"\" width=\"300\" height=\"154\" srcset=\"https:\/\/www2.uepg.br\/sebisa\/wp-content\/uploads\/sites\/183\/2021\/04\/Logo-DEFAR-UEPG-768x395-1-300x154.png 300w, https:\/\/www2.uepg.br\/sebisa\/wp-content\/uploads\/sites\/183\/2021\/04\/Logo-DEFAR-UEPG-768x395-1.png 768w\" sizes=\"(max-width: 300px) 100vw, 300px\" \/><\/a><\/p>\n<h3 id=\"atividades\">Atividades<\/h3>\n<h5><strong>Projetos de Pesquisa<\/strong><\/h5>\n<ul>\n<li>Projeto de Pesquisa: \u201cAvalia\u00e7\u00e3o do papel do cgmp sobre altera\u00e7\u00f5es vasculares na sepse\u201d. (coordenador: Edmar Miyoshi)<\/li>\n<li>Projeto de Pesquisa: \u201cCaracteriza\u00e7\u00e3o fitoqu\u00edmica e atividade biol\u00f3gica de piper amalago\u201d. (coordenadora: Vanessa Lima Gon\u00e7alves Torres)<\/li>\n<li>Projeto de Pesquisa: \u201cCaracteriza\u00e7\u00e3o morfoanat\u00f4mica de partes vegetativas a\u00e9reas de tr\u00eas esp\u00e9cies de Mikania: Mikania micrantha Kunth., M. microptera DC. e M. lanuginosa DC., para o controle da qualidade farmacogn\u00f3stico\u201d. (coordenadora: Jane Manfron Budel)<\/li>\n<li>Projeto de Pesquisa: \u201cDesenvolvimento, caracteriza\u00e7\u00e3o e avalia\u00e7\u00e3o de micropart\u00edculas polim\u00e9ricas contendo citronelol para o\u2026\u201d. (coordenador: Paulo Vitor Farago)<\/li>\n<li>Projeto de Pesquisa: \u201cDesenvolvimento de nanopart\u00edculas polim\u00e9ricas incorporadas com \u00e1cidos graxos e avalia\u00e7\u00e3o in vitro da efic\u00e1cia anti-helm\u00edntica frente \u00e0 Schistosoma mansoni e Strongyloides venezuelensis\u201d. (coordenadora: Priscileila Colerato Ferrari)<\/li>\n<li>Projeto de Pesquisa: \u201cDesenvolvimento e aplica\u00e7\u00e3o de embalagem biodegrad\u00e1vel ativa para alimentos\u201d. (coordenadora: Juliana Bonametti Olivato)<\/li>\n<li>Projeto de Pesquisa: \u201cDesenvolvimento e caracteriza\u00e7\u00e3o de nanopart\u00edculas de prata por s\u00edntese verde\u201d. (coordenadora: Josiane Padilha de Paula)<\/li>\n<li>Projeto de Pesquisa: \u201cDesenvolvimento tecnol\u00f3gico, caracteriza\u00e7\u00e3o e avalia\u00e7\u00e3o biol\u00f3gica de dispers\u00f5es s\u00f3lidas inovadoras contendo \u00e1cido fer\u00falico\u201d. (coordenador: Paulo Vitor Farago)<\/li>\n<li>Projeto de Pesquisa: \u201cEfeito anti-arginase de extratos de euphorbia umbellata (Pax) bruyns e subst\u00e2ncias isoladas: estrat\u00e9gias contra os danos associados a baixa biodisponibilidade do \u00f3xido n\u00edtrico\u201d. (coordenador: Fl\u00e1vio Lu\u00eds Beltrame)<\/li>\n<li>Projeto de Pesquisa: \u201cEmbalagem ativa biodegrad\u00e1vel para alimentos\u201d. (coordenadora: Juliana Bonametti Olivato)<\/li>\n<li>Projeto de Pesquisa: \u201cEstudo fitoqu\u00edmico e farmacol\u00f3gico de Lobelia exaltata Pohl (Campanulaceae)\u201d. (coordenador: Paulo Vitor Farago)<\/li>\n<li>Projeto de Pesquisa: \u201cEstudo morfoanat\u00f4mico, fitoqu\u00edmico e potencial inseticida no combate de pragas em grandes culturas com as folhas de Schinus molle L. (Anacardiaceae)\u201d. (coordenadora: Rosi Zanoni da Silva)<\/li>\n<li>Projeto de Pesquisa: \u201cIdentifica\u00e7\u00e3o de pacientes com aumento de clearance renal em uso de antimicrobianos em UTI de Hospital Universit\u00e1rio\u201d. (coordenador: Edmar Miyoshi)<\/li>\n<li>Projeto de Pesquisa: \u201cIncorpora\u00e7\u00e3o de complexo de inclus\u00e3o nistatina- e clorexidina-\u03b2-ciclodextrina em material condicionador de tecido: desenvolvimento, caracteriza\u00e7\u00e3o, libera\u00e7\u00e3o in vitro e efetividade microbiol\u00f3gica\u201d. (coordenador: Paulo Vitor Farago)<\/li>\n<li>Projeto de Pesquisa: \u201cIsradipino: da caracteriza\u00e7\u00e3o no estado s\u00f3lido \u00e0 obten\u00e7\u00e3o de nanoc\u00e1psulas polim\u00e9ricas destinadas ao t\u2026\u201d. (coordenador: Paulo Vitor Farago)<\/li>\n<li>Pesquisa continuada: \u201cAvalia\u00e7\u00e3o citot\u00f3xica de f\u00e1rmacos, medicamentos, cosm\u00e9ticos e correlatos\u201d. (Patr\u00edcia Mathias D\u00f6ll Boscardin)<\/li>\n<li>Pesquisa continuada: \u201cDesenvolvimento e avalia\u00e7\u00e3o de produtos farmac\u00eauticos, cosm\u00e9ticos e cosmec\u00eauticos\u201d. (Josiane Padilha de Paula)<\/li>\n<li>Pesquisa continuada: \u201cDesenvolvimento e valida\u00e7\u00e3o de m\u00e9todos anal\u00edticos para an\u00e1lise de subst\u00e2ncias biologicamente ativas\u201d. (Airton Vicente Pereira)<\/li>\n<li>Pesquisa continuada: \u201cDesenvolvimento de metodologias de controle de qualidade de plantas medicinais e medicamentos fitoter\u00e1picos, preparo\u2026\u201d (Fl\u00e1vio Lu\u00eds Beltrame)<\/li>\n<li>Pesquisa continuada: \u201cDesenvolvimento farmacot\u00e9cnico\u201d. (Paulo Vitor Farago)<\/li>\n<li>Pesquisa continuada: \u201cFisiologia, fisiopatologia e farmacologia do sistema nervoso central\u201d. (Edmar Miyoshi)<\/li>\n<li>Pesquisa continuada: \u201cMorfoanatomia de plantas medicinais\u201d. (Jane Manfron Budel)<\/li>\n<li>Pesquisa continuada: \u201cPesquisa e desenvolvimento de sistemas de libera\u00e7\u00e3o controlada de f\u00e1rmacos\u201d. (Priscileila Colerato Ferrari)<\/li>\n<\/ul>\n<h5><strong>Projetos de Extens\u00e3o<\/strong><\/h5>\n<ul>\n<li>Projeto de Extens\u00e3o: \u201cAssessoria T\u00e9cnico-Cient\u00edfica em Farm\u00e1cia Cl\u00ednica\u201d. (coordenadora: Carolina Justus Buhrer Ferreira Neto)<\/li>\n<li>Projeto de Extens\u00e3o: \u201cAssessoria T\u00e9cnico-Cient\u00edfica em Farm\u00e1cia Hospitalar.\u201d (coordenadora: Carolina Justus Buhrer Ferreira Neto)<\/li>\n<li>Projeto de Extens\u00e3o: \u201cAssist\u00eancia Farmac\u00eautica e M\u00e9dica no CRUTAC \u2013 Centro Rural de Treinamento e A\u00e7\u00e3o Comunit\u00e1ria\u201d. (coordenador: Sinvaldo Baglie)<\/li>\n<li>Projeto de Extens\u00e3o: \u201cEduca\u00e7\u00e3o em Sa\u00fade\u201d. (coordenadoras: Ana Paula Veber, Gerusa Clazer Halila Possagno)<\/li>\n<li>Projeto de Extens\u00e3o: \u201cHorto Medicinal do Curso de Farm\u00e1cia da UEPG: um espa\u00e7o para o aprendizado farmacogn\u00f3stico\u201d. (coordenadoras: Jane Manfron Budel, Josiane Padilha de Paula)<\/li>\n<li>Projeto de Extens\u00e3o: \u201cUso Racional de Medicamentos\u201d. (coordenador: Sinvaldo Baglie)\n\t\t<style type=\"text\/css\">\n\t\t\t#gallery-1 {\n\t\t\t\tmargin: auto;\n\t\t\t}\n\t\t\t#gallery-1 .gallery-item {\n\t\t\t\tfloat: left;\n\t\t\t\tmargin-top: 10px;\n\t\t\t\ttext-align: center;\n\t\t\t\twidth: 25%;\n\t\t\t}\n\t\t\t#gallery-1 img {\n\t\t\t\tborder: 2px solid #cfcfcf;\n\t\t\t}\n\t\t\t#gallery-1 .gallery-caption {\n\t\t\t\tmargin-left: 0;\n\t\t\t}\n\t\t\t\/* see gallery_shortcode() in wp-includes\/media.php *\/\n\t\t<\/style>\n\t\t<div id='gallery-1' class='gallery galleryid-139 gallery-columns-4 gallery-size-thumbnail'><dl class='gallery-item'>\n\t\t\t<dt class='gallery-icon landscape'>\n\t\t\t\t<a href='https:\/\/www2.uepg.br\/sebisa\/wp-content\/uploads\/sites\/183\/2021\/04\/Campanha-5-de-Maio-Uso-Racional-de-Medicamentos-2017-1-600x400-1.jpg'><img width=\"150\" height=\"150\" src=\"https:\/\/www2.uepg.br\/sebisa\/wp-content\/uploads\/sites\/183\/2021\/04\/Campanha-5-de-Maio-Uso-Racional-de-Medicamentos-2017-1-600x400-1-150x150.jpg\" class=\"attachment-thumbnail size-thumbnail\" alt=\"\" loading=\"lazy\" \/><\/a>\n\t\t\t<\/dt><\/dl><dl class='gallery-item'>\n\t\t\t<dt class='gallery-icon landscape'>\n\t\t\t\t<a href='https:\/\/www2.uepg.br\/sebisa\/wp-content\/uploads\/sites\/183\/2021\/04\/Campanha-5-de-Maio-Uso-Racional-de-Medicamentos-2017-2-499x333-1.jpg'><img width=\"150\" height=\"150\" src=\"https:\/\/www2.uepg.br\/sebisa\/wp-content\/uploads\/sites\/183\/2021\/04\/Campanha-5-de-Maio-Uso-Racional-de-Medicamentos-2017-2-499x333-1-150x150.jpg\" class=\"attachment-thumbnail size-thumbnail\" alt=\"\" loading=\"lazy\" \/><\/a>\n\t\t\t<\/dt><\/dl><dl class='gallery-item'>\n\t\t\t<dt class='gallery-icon landscape'>\n\t\t\t\t<a href='https:\/\/www2.uepg.br\/sebisa\/wp-content\/uploads\/sites\/183\/2021\/04\/Campanha-5-de-Maio-Uso-Racional-de-Medicamentos-2017-3-499x333-1.jpg'><img width=\"150\" height=\"150\" src=\"https:\/\/www2.uepg.br\/sebisa\/wp-content\/uploads\/sites\/183\/2021\/04\/Campanha-5-de-Maio-Uso-Racional-de-Medicamentos-2017-3-499x333-1-150x150.jpg\" class=\"attachment-thumbnail size-thumbnail\" alt=\"\" loading=\"lazy\" \/><\/a>\n\t\t\t<\/dt><\/dl><dl class='gallery-item'>\n\t\t\t<dt class='gallery-icon landscape'>\n\t\t\t\t<a href='https:\/\/www2.uepg.br\/sebisa\/wp-content\/uploads\/sites\/183\/2021\/04\/Campanha-5-de-Maio-Uso-Racional-de-Medicamentos-2017-4-499x333-1.jpg'><img width=\"150\" height=\"150\" src=\"https:\/\/www2.uepg.br\/sebisa\/wp-content\/uploads\/sites\/183\/2021\/04\/Campanha-5-de-Maio-Uso-Racional-de-Medicamentos-2017-4-499x333-1-150x150.jpg\" class=\"attachment-thumbnail size-thumbnail\" alt=\"\" loading=\"lazy\" \/><\/a>\n\t\t\t<\/dt><\/dl><br style=\"clear: both\" \/><dl class='gallery-item'>\n\t\t\t<dt class='gallery-icon landscape'>\n\t\t\t\t<a href='https:\/\/www2.uepg.br\/sebisa\/wp-content\/uploads\/sites\/183\/2021\/04\/DEFAR-no-Projeto-Amigos-do-SEBISA-1-600x400-1.jpg'><img width=\"150\" height=\"150\" src=\"https:\/\/www2.uepg.br\/sebisa\/wp-content\/uploads\/sites\/183\/2021\/04\/DEFAR-no-Projeto-Amigos-do-SEBISA-1-600x400-1-150x150.jpg\" class=\"attachment-thumbnail size-thumbnail\" alt=\"\" loading=\"lazy\" \/><\/a>\n\t\t\t<\/dt><\/dl><dl class='gallery-item'>\n\t\t\t<dt class='gallery-icon landscape'>\n\t\t\t\t<a href='https:\/\/www2.uepg.br\/sebisa\/wp-content\/uploads\/sites\/183\/2021\/04\/DEFAR-no-Projeto-Amigos-do-SEBISA-2-600x400-1.jpg'><img width=\"150\" height=\"150\" src=\"https:\/\/www2.uepg.br\/sebisa\/wp-content\/uploads\/sites\/183\/2021\/04\/DEFAR-no-Projeto-Amigos-do-SEBISA-2-600x400-1-150x150.jpg\" class=\"attachment-thumbnail size-thumbnail\" alt=\"\" loading=\"lazy\" \/><\/a>\n\t\t\t<\/dt><\/dl><dl class='gallery-item'>\n\t\t\t<dt class='gallery-icon landscape'>\n\t\t\t\t<a href='https:\/\/www2.uepg.br\/sebisa\/wp-content\/uploads\/sites\/183\/2021\/04\/Farmacia-no-Parque-Ambiental-600x400-1.jpg'><img width=\"150\" height=\"150\" src=\"https:\/\/www2.uepg.br\/sebisa\/wp-content\/uploads\/sites\/183\/2021\/04\/Farmacia-no-Parque-Ambiental-600x400-1-150x150.jpg\" class=\"attachment-thumbnail size-thumbnail\" alt=\"\" loading=\"lazy\" \/><\/a>\n\t\t\t<\/dt><\/dl><dl class='gallery-item'>\n\t\t\t<dt class='gallery-icon landscape'>\n\t\t\t\t<a href='https:\/\/www2.uepg.br\/sebisa\/wp-content\/uploads\/sites\/183\/2021\/04\/Operacao-Rondon-2017-1-600x400-1.jpg'><img width=\"150\" height=\"150\" src=\"https:\/\/www2.uepg.br\/sebisa\/wp-content\/uploads\/sites\/183\/2021\/04\/Operacao-Rondon-2017-1-600x400-1-150x150.jpg\" class=\"attachment-thumbnail size-thumbnail\" alt=\"\" loading=\"lazy\" \/><\/a>\n\t\t\t<\/dt><\/dl><br style=\"clear: both\" \/><dl class='gallery-item'>\n\t\t\t<dt class='gallery-icon landscape'>\n\t\t\t\t<a href='https:\/\/www2.uepg.br\/sebisa\/wp-content\/uploads\/sites\/183\/2021\/04\/Operacao-Rondon-2017-2-600x400-1.jpg'><img width=\"150\" height=\"150\" src=\"https:\/\/www2.uepg.br\/sebisa\/wp-content\/uploads\/sites\/183\/2021\/04\/Operacao-Rondon-2017-2-600x400-1-150x150.jpg\" class=\"attachment-thumbnail size-thumbnail\" alt=\"\" loading=\"lazy\" \/><\/a>\n\t\t\t<\/dt><\/dl><dl class='gallery-item'>\n\t\t\t<dt class='gallery-icon landscape'>\n\t\t\t\t<a href='https:\/\/www2.uepg.br\/sebisa\/wp-content\/uploads\/sites\/183\/2021\/04\/Operacao-Rondon-2017-3-600x400-1.jpg'><img width=\"150\" height=\"150\" src=\"https:\/\/www2.uepg.br\/sebisa\/wp-content\/uploads\/sites\/183\/2021\/04\/Operacao-Rondon-2017-3-600x400-1-150x150.jpg\" class=\"attachment-thumbnail size-thumbnail\" alt=\"\" loading=\"lazy\" \/><\/a>\n\t\t\t<\/dt><\/dl><dl class='gallery-item'>\n\t\t\t<dt class='gallery-icon landscape'>\n\t\t\t\t<a href='https:\/\/www2.uepg.br\/sebisa\/wp-content\/uploads\/sites\/183\/2021\/04\/XII-Jornada-Farmaceutica-e-Mostra-Cientifica-de-Farmacia-2017-1-600x400-1.jpg'><img width=\"150\" height=\"150\" src=\"https:\/\/www2.uepg.br\/sebisa\/wp-content\/uploads\/sites\/183\/2021\/04\/XII-Jornada-Farmaceutica-e-Mostra-Cientifica-de-Farmacia-2017-1-600x400-1-150x150.jpg\" class=\"attachment-thumbnail size-thumbnail\" alt=\"\" loading=\"lazy\" \/><\/a>\n\t\t\t<\/dt><\/dl><dl class='gallery-item'>\n\t\t\t<dt class='gallery-icon landscape'>\n\t\t\t\t<a href='https:\/\/www2.uepg.br\/sebisa\/wp-content\/uploads\/sites\/183\/2021\/04\/XII-Jornada-Farmaceutica-e-Mostra-Cientifica-de-Farmacia-2017-2-600x400-1.jpg'><img width=\"150\" height=\"150\" src=\"https:\/\/www2.uepg.br\/sebisa\/wp-content\/uploads\/sites\/183\/2021\/04\/XII-Jornada-Farmaceutica-e-Mostra-Cientifica-de-Farmacia-2017-2-600x400-1-150x150.jpg\" class=\"attachment-thumbnail size-thumbnail\" alt=\"\" loading=\"lazy\" \/><\/a>\n\t\t\t<\/dt><\/dl><br style=\"clear: both\" \/>\n\t\t<\/div>\n<\/li>\n<\/ul>\n<div class=\"metaslider metaslider-flex metaslider-227 ml-slider nav-hidden\">\n<div id=\"metaslider_container_227\">\n<div id=\"metaslider_227\" class=\"flexslider\"><\/div>\n<\/div>\n<\/div>\n<hr \/>\n<h3 id=\"estrutura\">Estrutura Departamental<\/h3>\n<p>Chefe do Departamento: Profa. Dra. Priscileila Colerato Ferrari<\/p>\n<p>Chefe adjunto: Profa. Patr\u00edcia Mathias D\u00f6ll Boscardin<\/p>\n<p>Per\u00edodo de gest\u00e3o: 01 de fevereiro de 2019 a 31 de janeiro de 2021.<\/p>\n<hr \/>\n<h3 id=\"professores\">Professores<\/h3>\n<p>Airton Vicente Pereira \u2013\u00a0<a href=\"mailto:airtonvp@uepg.br\">airtonvp@uepg.br<\/a>\u00a0\u2013 http:\/\/lattes.cnpq.br\/0503072952509155<\/p>\n<p>Ana Paula Veber \u2013\u00a0<a href=\"mailto:anapaulaveber@hotmail.com\">anapaulaveber@hotmail.com<\/a>\u00a0\u2013 http:\/\/lattes.cnpq.br\/7717795802135129<\/p>\n<p>Arcelio Benetoli \u2013\u00a0<a href=\"mailto:abenetoli@uepg.br\">abenetoli@uepg.br<\/a>\u00a0\u2013 http:\/\/lattes.cnpq.br\/1678653593056934<\/p>\n<p>Bruno Rodrigo Minozzo \u2013\u00a0<a href=\"mailto:brunominozzo@outlook.com\">brunominozzo@outlook.com<\/a>\u00a0\u2013 http:\/\/lattes.cnpq.br\/2708831146459822<\/p>\n<p>Carolina Justus Buhrer Ferreira Neto \u2013\u00a0<a href=\"mailto:carolbferreira@uol.com.br\">carolbferreira@uol.com.br<\/a>\u00a0\u2013 http:\/\/lattes.cnpq.br\/2966767682424593<\/p>\n<p>Edmar Miyoshi \u2013\u00a0<a href=\"mailto:edmar@uepg.br\">edmar@uepg.br<\/a>\u00a0\u2013 http:\/\/lattes.cnpq.br\/1755129657161039<\/p>\n<p>Fernanda Malaquias Barboza \u2013\u00a0<a href=\"mailto:fer_barboza@hotmail.com\">fer_barboza@hotmail.com<\/a>\u00a0\u2013 http:\/\/lattes.cnpq.br\/6194995629692036<\/p>\n<p>Fl\u00e1vio Luis Beltrame \u2013\u00a0<a href=\"mailto:flaviobeltra@gmail.com\">flaviobeltra@gmail.com<\/a>\u00a0\u2013 http:\/\/lattes.cnpq.br\/3709398863507589<\/p>\n<p>Gerusa Clazer Halila Possagno \u2013\u00a0<a href=\"mailto:gerusach@hotmail.com\">gerusach@hotmail.com<\/a>\u00a0\u2013 http:\/\/lattes.cnpq.br\/7847718094072958<\/p>\n<p>Jane Manfron Budel \u2013\u00a0<a href=\"mailto:janemanfron@hotmail.com\">janemanfron@hotmail.com<\/a>\u00a0\u2013 http:\/\/lattes.cnpq.br\/8072139191011151<\/p>\n<p>J\u00e9ssica Mendes Nadal \u2013\u00a0<a href=\"mailto:jessicabem@hotmail.com\">jessicabem@hotmail.com<\/a>\u00a0\u2013 http:\/\/lattes.cnpq.br\/1480465866413262<\/p>\n<p>Jos\u00e9lia Borba Daher \u2013\u00a0<a href=\"mailto:joselia.daher@gmail.com\">joselia.daher@gmail.com<\/a>\u00a0\u2013 http:\/\/lattes.cnpq.br\/0533713756794743<\/p>\n<p>Josiane de F\u00e1tima Padilha de Paula \u2013\u00a0<a href=\"mailto:jopadilha@terra.com.br\">jopadilha@terra.com.br<\/a>\u00a0\u2013 http:\/\/lattes.cnpq.br\/0615941401328859<\/p>\n<p>Juliana Bonametti Olivato \u2013\u00a0<a href=\"mailto:jubonametti@gmail.com\">jubonametti@gmail.com<\/a>\u00a0\u2013 http:\/\/lattes.cnpq.br\/8398262188143940<\/p>\n<p>Nhara Soraya Paganella Marcondes \u2013\u00a0<a href=\"mailto:nspmarcondes4@yahoo.com.br\">nspmarcondes4@yahoo.com.br<\/a>\u00a0\u2013 http:\/\/lattes.cnpq.br\/6090088015075386<\/p>\n<p>Patr\u00edcia Mathias D\u00f6ll Boscardin \u2013\u00a0<a href=\"mailto:pattydoll@globo.com\">pattydoll@globo.com<\/a>\u00a0\u2013 http:\/\/lattes.cnpq.br\/8194592641569687<\/p>\n<p>Patr\u00edcia Mazureki Campos \u2013\u00a0<a href=\"mailto:patimazureki@hotmail.com\">patimazureki@hotmail.com<\/a>\u00a0\u2013 http:\/\/lattes.cnpq.br\/4933456719850493<\/p>\n<p>Paulo Vitor Farago \u2013\u00a0<a href=\"mailto:pvfarago@gmail.com\">pvfarago@gmail.com<\/a>\u00a0\u2013 http:\/\/lattes.cnpq.br\/0041349149649402<\/p>\n<p>Priscileila Colerato Ferrari \u2013\u00a0<a href=\"mailto:pcferrari@uepg.br\">pcferrari@uepg.br<\/a>\u00a0\u2013 http:\/\/lattes.cnpq.br\/1327549312525180<\/p>\n<p>Regina de Sordi \u2013\u00a0<a href=\"mailto:reginadesordi@gmail.com\">reginadesordi@gmail.com<\/a>\u00a0\u2013 http:\/\/lattes.cnpq.br\/2507748029806310<\/p>\n<p>Rosi Zanoni da Silva \u2013\u00a0<a href=\"mailto:rosizanoni@bol.com.br\">rosizanoni@bol.com.br<\/a>\u00a0\u2013 http:\/\/lattes.cnpq.br\/2210163097389379<\/p>\n<p>Sinvaldo Baglie \u2013\u00a0<a href=\"mailto:sinvaldobaglie@yahoo.com.br\">sinvaldobaglie@yahoo.com.br<\/a>\u00a0\u2013 http:\/\/lattes.cnpq.br\/8679152727123484<\/p>\n<p>Vanessa Lima Gon\u00e7alves Torres \u2013\u00a0<a href=\"mailto:vanessalimatorres@gmail.com\">vanessalimatorres@gmail.com<\/a>\u00a0\u2013 ***<\/p>\n<p>Willian Moreira Machado \u2013\u00a0<a href=\"mailto:willian_mmachado@hotmail.com\">willian_mmachado@hotmail.com<\/a>\u00a0\u2013 http:\/\/lattes.cnpq.br\/8922310765162264<\/p>\n<hr \/>\n<h3 id=\"laboratorios\">Laborat\u00f3rios<\/h3>\n<ul>\n<li>Laborat\u00f3rio de Aten\u00e7\u00e3o Farmac\u00eautica, sala M-89<\/li>\n<li>Laborat\u00f3rio de Bromatologia e Tecnologia Farmac\u00eautica, sala M-44<\/li>\n<li>Laborat\u00f3rio de Cosmetologia, sala M-45<\/li>\n<li>Laborat\u00f3rio de Farmacodin\u00e2mica, sala M-22<\/li>\n<li>Laborat\u00f3rio de Farmacognosia, sala M-54<\/li>\n<li>Laborat\u00f3rio de Farmacot\u00e9cnica, sala M-47<\/li>\n<li>Laborat\u00f3rio de Fitoterapia, Tecnologia de Fitoter\u00e1picos e Qu\u00edmica de Produtos Naturais, sala M-23<\/li>\n<li>Laborat\u00f3rio de M\u00e9todos F\u00edsicos e Controle de Qualidade, sala M-76<\/li>\n<li>Laborat\u00f3rio de Produ\u00e7\u00e3o de Medicamentos \u2013 LAPMED<\/li>\n<li>Farm\u00e1cia Escola Professor Hor\u00e1cio Droppa<\/li>\n<li>Horto de Plantas Medicinais<\/li>\n<\/ul>\n<hr \/>\n<h3 id=\"disciplinas\">Disciplinas Ofertadas<\/h3>\n<ul>\n<li>An\u00e1lises Bromatol\u00f3gicas e Fiscaliza\u00e7\u00e3o de Alimentos<\/li>\n<li>Aten\u00e7\u00e3o Farmac\u00eautica<\/li>\n<li>Controle de Qualidade de Medicamentos e Cosm\u00e9ticos<\/li>\n<li>Cosmetologia I<\/li>\n<li>Cosmetologia II<\/li>\n<li>Deontologia e Legisla\u00e7\u00e3o Farmac\u00eautica<\/li>\n<li>Est\u00e1gio de Inicia\u00e7\u00e3o em Ci\u00eancias Farmac\u00eauticas I<\/li>\n<li>Est\u00e1gio de Inicia\u00e7\u00e3o em Ci\u00eancias Farmac\u00eauticas II<\/li>\n<li>Est\u00e1gio em Ci\u00eancias Farmac\u00eauticas I<\/li>\n<li>Est\u00e1gio em Ci\u00eancias Farmac\u00eauticas II<\/li>\n<li>Est\u00e1gio em Farm\u00e1cia Hospitalar<\/li>\n<li>Est\u00e1gio Supervisionado em Farm\u00e1cia I<\/li>\n<li>Est\u00e1gio Supervisionado em Farm\u00e1cia II<\/li>\n<li>Est\u00e1gio Supervisionado em Ind\u00fastria<\/li>\n<li>Est\u00e1gio Supervisionado em Unidades de Sa\u00fade<\/li>\n<li>Farm\u00e1cia Homeop\u00e1tica<\/li>\n<li>Farm\u00e1cia Hospitalar<\/li>\n<li>Farmacognosia I<\/li>\n<li>Farmacognosia II<\/li>\n<li>Farmacologia I<\/li>\n<li>Farmacologia II<\/li>\n<li>Farmacot\u00e9cnica Alop\u00e1tica<\/li>\n<li>Farmacot\u00e9cnica Homeop\u00e1tica<\/li>\n<li>Fitoqu\u00edmica<\/li>\n<li>Fitoterapia<\/li>\n<li>Manipula\u00e7\u00e3o Dermocosm\u00e9tica<\/li>\n<li>Manipula\u00e7\u00e3o Magistral e Oficinal<\/li>\n<li>M\u00e9todos e T\u00e9cnicas de Pesquisa e Bioestat\u00edstica<\/li>\n<li>M\u00e9todos F\u00edsicos Aplicados a Ci\u00eancias Farmac\u00eauticas<\/li>\n<li>Orienta\u00e7\u00e3o de Trabalho de Conclus\u00e3o de Curso<\/li>\n<li>Qu\u00edmica Farmac\u00eautica<\/li>\n<li>S\u00edntese de F\u00e1rmacos I<\/li>\n<li>S\u00edntese de F\u00e1rmacos II<\/li>\n<li>Tecnologia de Cosm\u00e9ticos e Processos Industriais e Equipamentos<\/li>\n<li>Tecnologia e Legisla\u00e7\u00e3o de Fitoter\u00e1picos<\/li>\n<li>Tecnologia Farmac\u00eautica<\/li>\n<\/ul>\n<hr \/>\n<h3 id=\"cursos-atendidos\">Cursos de Gradua\u00e7\u00e3o e P\u00f3s-Gradua\u00e7\u00e3o Atendidos<\/h3>\n<ul>\n<li>Gradua\u00e7\u00e3o em Farm\u00e1cia<\/li>\n<li>Gradua\u00e7\u00e3o em Enfermagem<\/li>\n<li>Programa de P\u00f3s-Gradua\u00e7\u00e3o em Ci\u00eancias Farmac\u00eauticas<\/li>\n<li>Programa de P\u00f3s-Gradua\u00e7\u00e3o em Ci\u00eancias da Sa\u00fade<\/li>\n<li>Programa de P\u00f3s-Gradua\u00e7\u00e3o em Ci\u00eancias Biom\u00e9dicas<\/li>\n<li>Programa de P\u00f3s-Gradua\u00e7\u00e3o em Ci\u00eancia e Tecnologia de Alimentos<\/li>\n<li>Programa de P\u00f3s-Gradua\u00e7\u00e3o em Odontologia<\/li>\n<\/ul>\n<hr \/>\n<h3 id=\"contato\">Contato<\/h3>\n<p><strong>Endere\u00e7o:<\/strong>\u00a0Campus Uvaranas, Bloco M, Sala 94<br \/>\n<strong>Telefone:<\/strong>\u00a0(42) 3220-3120<br \/>\n<strong>E-mail:<\/strong>\u00a0defar@uepg.br<\/p>\n<\/div>\n","protected":false},"excerpt":{"rendered":"<p>DEFAR Departamento de\u00a0Ci\u00eancias Farmac\u00eauticas P\u00e1gina Oficial Atividades Projetos de Pesquisa Projeto de Pesquisa: \u201cAvalia\u00e7\u00e3o do papel do cgmp sobre altera\u00e7\u00f5es vasculares na sepse\u201d. (coordenador: Edmar Miyoshi) Projeto de Pesquisa: \u201cCaracteriza\u00e7\u00e3o fitoqu\u00edmica e atividade biol\u00f3gica de piper amalago\u201d. (coordenadora: Vanessa Lima Gon\u00e7alves Torres) Projeto de Pesquisa: \u201cCaracteriza\u00e7\u00e3o morfoanat\u00f4mica de partes vegetativas a\u00e9reas de tr\u00eas esp\u00e9cies de&nbsp;&hellip;<\/p>\n","protected":false},"author":305,"featured_media":0,"parent":0,"menu_order":0,"comment_status":"closed","ping_status":"closed","template":"","meta":[],"_links":{"self":[{"href":"https:\/\/www2.uepg.br\/sebisa\/wp-json\/wp\/v2\/pages\/139"}],"collection":[{"href":"https:\/\/www2.uepg.br\/sebisa\/wp-json\/wp\/v2\/pages"}],"about":[{"href":"https:\/\/www2.uepg.br\/sebisa\/wp-json\/wp\/v2\/types\/page"}],"author":[{"embeddable":true,"href":"https:\/\/www2.uepg.br\/sebisa\/wp-json\/wp\/v2\/users\/305"}],"replies":[{"embeddable":true,"href":"https:\/\/www2.uepg.br\/sebisa\/wp-json\/wp\/v2\/comments?post=139"}],"version-history":[{"count":3,"href":"https:\/\/www2.uepg.br\/sebisa\/wp-json\/wp\/v2\/pages\/139\/revisions"}],"predecessor-version":[{"id":346,"href":"https:\/\/www2.uepg.br\/sebisa\/wp-json\/wp\/v2\/pages\/139\/revisions\/346"}],"wp:attachment":[{"href":"https:\/\/www2.uepg.br\/sebisa\/wp-json\/wp\/v2\/media?parent=139"}],"curies":[{"name":"wp","href":"https:\/\/api.w.org\/{rel}","templated":true}]}}