{"id":145,"date":"2021-04-13T11:33:24","date_gmt":"2021-04-13T14:33:24","guid":{"rendered":"https:\/\/www2.uepg.br\/sebisa\/?page_id=145"},"modified":"2024-06-07T11:47:33","modified_gmt":"2024-06-07T14:47:33","slug":"cursos","status":"publish","type":"page","link":"https:\/\/www2.uepg.br\/sebisa\/cursos\/","title":{"rendered":"CURSOS"},"content":{"rendered":"<h1 class=\"entry-title\">Cursos<\/h1>\n<div class=\"entry-content\">\n<div class=\"at-above-post-page addthis_tool\" data-url=\"https:\/\/www3.uepg.br\/sebisa\/cursos\/\"><\/div>\n<hr \/>\n<p>O Setor de Ci\u00eancias Biol\u00f3gicas e da Sa\u00fade oferta os seguintes cursos nas modalidades de Gradua\u00e7\u00e3o e P\u00f3s-Gradua\u00e7\u00e3o:<\/p>\n<ul>\n<li style=\"list-style-type: none\">\n<ul>\n<li><strong>Gradua\u00e7\u00e3o<\/strong>\n<ul>\n<li><a href=\"https:\/\/www2.uepg.br\/sebisa\/farmacia\/\">Farm\u00e1cia<\/a><\/li>\n<li><a href=\"https:\/\/www2.uepg.br\/sebisa\/medicina\/\">Medicina<\/a><\/li>\n<li><a href=\"https:\/\/www2.uepg.br\/sebisa\/odontologia-3\/\">Odontologia<\/a><\/li>\n<li><a href=\"https:\/\/www2.uepg.br\/sebisa\/bacharelado-2\/\">Bacharelado em Ci\u00eancias Biol\u00f3gicas<\/a><\/li>\n<li><a href=\"https:\/\/www2.uepg.br\/sebisa\/licenciatura-2\/\">Licenciatura em Ci\u00eancias Biol\u00f3gicas<\/a><\/li>\n<li><a href=\"https:\/\/www2.uepg.br\/sebisa\/bacharelado\/\">Bacharelado em Educa\u00e7\u00e3o F\u00edsica<\/a><\/li>\n<li><a href=\"https:\/\/www2.uepg.br\/sebisa\/licenciatura\/\">Licenciatura em Educa\u00e7\u00e3o F\u00edsica<\/a><\/li>\n<li><a href=\"https:\/\/www2.uepg.br\/sebisa\/licenciatura-ead-uab\/\">Licenciatura em Educa\u00e7\u00e3o F\u00edsica \u2013 UAB<\/a>\u00a0(curso \u00e0 dist\u00e2ncia)<\/li>\n<li><a href=\"https:\/\/www2.uepg.br\/sebisa\/enfermagem\/\">Bacharelado em Enfermagem<\/a><\/li>\n<\/ul>\n<\/li>\n<\/ul>\n<\/li>\n<li><strong>P\u00f3s-Gradua\u00e7\u00e3o<\/strong>\n<ul>\n<li>Mestrado\n<ul>\n<li><a href=\"http:\/\/sites.uepg.br\/ppgbioevol\/\" target=\"_blank\" rel=\"noopener\">Ci\u00eancia Biol\u00f3gicas<\/a><\/li>\n<li><a href=\"http:\/\/www.pitangui.uepg.br\/propesp\/ppgbiomedicas\/index.php\" target=\"_blank\" rel=\"noopener\">Ci\u00eancias Biom\u00e9dicas<\/a><\/li>\n<li><a href=\"https:\/\/www3.unicentro.br\/ppgcf\" target=\"_blank\" rel=\"noopener\">Ci\u00eancias Farmac\u00eauticas<\/a><\/li>\n<li><a href=\"http:\/\/www.pitangui.uepg.br\/mestrados\/mestreodonto\/\" target=\"_blank\" rel=\"noopener\">Odontologia<\/a><\/li>\n<li><a href=\"http:\/\/sites.uepg.br\/ppgcs\/\" target=\"_blank\" rel=\"noopener\">Ci\u00eancias da Sa\u00fade<\/a><\/li>\n<\/ul>\n<\/li>\n<li>Doutorado\n<ul>\n<li><a href=\"http:\/\/www.pitangui.uepg.br\/mestrados\/mestreodonto\/\" target=\"_blank\" rel=\"noopener\">Odontologia<\/a><\/li>\n<li><a href=\"https:\/\/www3.unicentro.br\/ppgcf\" target=\"_blank\" rel=\"noopener\">Ci\u00eancias Farmac\u00eauticas<\/a><\/li>\n<\/ul>\n<\/li>\n<\/ul>\n<\/li>\n<\/ul>\n<\/div>\n","protected":false},"excerpt":{"rendered":"<p>Cursos O Setor de Ci\u00eancias Biol\u00f3gicas e da Sa\u00fade oferta os seguintes cursos nas modalidades de Gradua\u00e7\u00e3o e P\u00f3s-Gradua\u00e7\u00e3o: Gradua\u00e7\u00e3o Farm\u00e1cia Medicina Odontologia Bacharelado em Ci\u00eancias Biol\u00f3gicas Licenciatura em Ci\u00eancias Biol\u00f3gicas Bacharelado em Educa\u00e7\u00e3o F\u00edsica Licenciatura em Educa\u00e7\u00e3o F\u00edsica Licenciatura em Educa\u00e7\u00e3o F\u00edsica \u2013 UAB\u00a0(curso \u00e0 dist\u00e2ncia) Bacharelado em Enfermagem P\u00f3s-Gradua\u00e7\u00e3o Mestrado Ci\u00eancia Biol\u00f3gicas Ci\u00eancias&nbsp;&hellip;<\/p>\n","protected":false},"author":305,"featured_media":0,"parent":0,"menu_order":0,"comment_status":"closed","ping_status":"closed","template":"","meta":[],"_links":{"self":[{"href":"https:\/\/www2.uepg.br\/sebisa\/wp-json\/wp\/v2\/pages\/145"}],"collection":[{"href":"https:\/\/www2.uepg.br\/sebisa\/wp-json\/wp\/v2\/pages"}],"about":[{"href":"https:\/\/www2.uepg.br\/sebisa\/wp-json\/wp\/v2\/types\/page"}],"author":[{"embeddable":true,"href":"https:\/\/www2.uepg.br\/sebisa\/wp-json\/wp\/v2\/users\/305"}],"replies":[{"embeddable":true,"href":"https:\/\/www2.uepg.br\/sebisa\/wp-json\/wp\/v2\/comments?post=145"}],"version-history":[{"count":12,"href":"https:\/\/www2.uepg.br\/sebisa\/wp-json\/wp\/v2\/pages\/145\/revisions"}],"predecessor-version":[{"id":1364,"href":"https:\/\/www2.uepg.br\/sebisa\/wp-json\/wp\/v2\/pages\/145\/revisions\/1364"}],"wp:attachment":[{"href":"https:\/\/www2.uepg.br\/sebisa\/wp-json\/wp\/v2\/media?parent=145"}],"curies":[{"name":"wp","href":"https:\/\/api.w.org\/{rel}","templated":true}]}}