{"id":153,"date":"2021-04-13T11:34:31","date_gmt":"2021-04-13T14:34:31","guid":{"rendered":"https:\/\/www2.uepg.br\/sebisa\/?page_id=153"},"modified":"2021-04-15T08:56:00","modified_gmt":"2021-04-15T11:56:00","slug":"bacharelado","status":"publish","type":"page","link":"https:\/\/www2.uepg.br\/sebisa\/bacharelado\/","title":{"rendered":"Bacharelado"},"content":{"rendered":"<h1 class=\"entry-title\">Bacharelado em Educa\u00e7\u00e3o F\u00edsica<\/h1>\n<div class=\"entry-content\">\n<div class=\"at-above-post-page addthis_tool\" data-url=\"https:\/\/www3.uepg.br\/sebisa\/cursos\/graduacao\/educacao-fisica\/bacharelado-educacao-fisica\/\"><\/div>\n<p><a href=\"http:\/\/www.uepg.br\/catalogo\/cursos\/bacharelado_edfisica.html\" target=\"_blank\" rel=\"noopener\">Matriz Curricular<\/a><\/p>\n<p>[Em constru\u00e7\u00e3o]<\/p><\/div>\n","protected":false},"excerpt":{"rendered":"<p>Bacharelado em Educa\u00e7\u00e3o F\u00edsica Matriz Curricular [Em constru\u00e7\u00e3o]<\/p>\n","protected":false},"author":305,"featured_media":0,"parent":0,"menu_order":0,"comment_status":"closed","ping_status":"closed","template":"","meta":[],"_links":{"self":[{"href":"https:\/\/www2.uepg.br\/sebisa\/wp-json\/wp\/v2\/pages\/153"}],"collection":[{"href":"https:\/\/www2.uepg.br\/sebisa\/wp-json\/wp\/v2\/pages"}],"about":[{"href":"https:\/\/www2.uepg.br\/sebisa\/wp-json\/wp\/v2\/types\/page"}],"author":[{"embeddable":true,"href":"https:\/\/www2.uepg.br\/sebisa\/wp-json\/wp\/v2\/users\/305"}],"replies":[{"embeddable":true,"href":"https:\/\/www2.uepg.br\/sebisa\/wp-json\/wp\/v2\/comments?post=153"}],"version-history":[{"count":2,"href":"https:\/\/www2.uepg.br\/sebisa\/wp-json\/wp\/v2\/pages\/153\/revisions"}],"predecessor-version":[{"id":364,"href":"https:\/\/www2.uepg.br\/sebisa\/wp-json\/wp\/v2\/pages\/153\/revisions\/364"}],"wp:attachment":[{"href":"https:\/\/www2.uepg.br\/sebisa\/wp-json\/wp\/v2\/media?parent=153"}],"curies":[{"name":"wp","href":"https:\/\/api.w.org\/{rel}","templated":true}]}}